{"id":58,"date":"2025-07-01T16:28:11","date_gmt":"2025-07-01T16:28:11","guid":{"rendered":"https:\/\/servicios.unileon.es\/litem\/?page_id=58"},"modified":"2025-07-01T16:47:52","modified_gmt":"2025-07-01T16:47:52","slug":"creacion-del-litem","status":"publish","type":"page","link":"https:\/\/servicios.unileon.es\/litem\/creacion-del-litem\/","title":{"rendered":"Creaci\u00f3n del LITEM"},"content":{"rendered":"<span style=\"font-weight: 400;\">El Laboratorio de Inspecci\u00f3n T\u00e9cnica de la Escuela de Minas (LITEM) fue constituido el 8 de julio de 2014 como un servicio integrado de la Universidad de Le\u00f3n, con el objetivo de ofrecer a la sociedad leonesa un recurso t\u00e9cnico que hasta ahora no exist\u00eda en la provincia. <\/span>\r\n\r\n<span style=\"font-weight: 400;\">Su creaci\u00f3n responde a la necesidad de evitar los altos costes y la p\u00e9rdida de competitividad derivados de recurrir a laboratorios de otras regiones, y permitir\u00e1 a empresas e instituciones locales acceder a servicios de verificaci\u00f3n, ensayo y certificaci\u00f3n en campos como miner\u00eda, biocombustibles, eficiencia energ\u00e9tica o geotecnia. <\/span>\r\n\r\n<span style=\"font-weight: 400;\">Adem\u00e1s, reforzar\u00e1 la formaci\u00f3n pr\u00e1ctica del alumnado y fomentar\u00e1 la colaboraci\u00f3n universidad-empresa, contribuyendo al desarrollo econ\u00f3mico y tecnol\u00f3gico de la regi\u00f3n.<\/span>\r\n\r\n<a href=\"https:\/\/www.unileon.es\/noticias\/el-laboratorio-de-inspeccion-tecnica-de-la-ule-contribuira-al-desarrollo-de-la-red-empresarial-local\">https:\/\/www.unileon.es\/noticias\/el-laboratorio-de-inspeccion-tecnica-de-la-ule-contribuira-al-desarrollo-de-la-red-empresarial-local<\/a>\r\n\r\n&nbsp;\r\n<h3><b>Motivos de su constituci\u00f3n<\/b><\/h3>\r\n<ul>\r\n \t<li style=\"font-weight: 400;\" aria-level=\"1\"><b>Carencia de servicios similares en la provincia<\/b><span style=\"font-weight: 400;\">: No exist\u00eda en Le\u00f3n un laboratorio con las capacidades del LITEM, lo que obligaba a empresas e instituciones a recurrir a laboratorios externos, en otras comunidades o incluso en el extranjero.<\/span>&nbsp;<\/li>\r\n \t<li style=\"font-weight: 400;\" aria-level=\"1\"><b>Costes adicionales y menor competitividad<\/b><span style=\"font-weight: 400;\">: Esta dependencia externa supon\u00eda un encarecimiento de los servicios de verificaci\u00f3n y ensayo, y una p\u00e9rdida de competitividad para las organizaciones locales.<\/span>&nbsp;<\/li>\r\n \t<li style=\"font-weight: 400;\" aria-level=\"1\"><b>Demanda empresarial y acad\u00e9mica no cubierta<\/b><span style=\"font-weight: 400;\">: Se detect\u00f3 la necesidad de contar con un laboratorio t\u00e9cnico especializado que diera respuesta a las exigencias del entorno productivo y acad\u00e9mico leon\u00e9s.<\/span>&nbsp;<\/li>\r\n<\/ul>\r\n<h3><b>Justificaci\u00f3n del LITEM<\/b><\/h3>\r\n<ul>\r\n \t<li style=\"font-weight: 400;\" aria-level=\"1\"><b>Reducci\u00f3n de costes y aumento de competitividad<\/b><span style=\"font-weight: 400;\">: Al ofrecer servicios de inspecci\u00f3n, verificaci\u00f3n y ensayo en Le\u00f3n, se eliminan desplazamientos y sobrecostes, favoreciendo la eficiencia del ecosistema industrial y cient\u00edfico local.<\/span>&nbsp;<\/li>\r\n \t<li style=\"font-weight: 400;\" aria-level=\"1\"><b>Apoyo al desarrollo empresarial<\/b><span style=\"font-weight: 400;\">: El LITEM refuerza la red de empresas leonesas al dotarlas de recursos t\u00e9cnicos especializados, fomentando as\u00ed su crecimiento y sostenibilidad.<\/span>&nbsp;<\/li>\r\n \t<li style=\"font-weight: 400;\" aria-level=\"1\"><b>Amplio abanico de servicios t\u00e9cnicos<\/b><span style=\"font-weight: 400;\">: El laboratorio abarcar\u00e1 sectores como miner\u00eda, obra p\u00fablica, pirotecnia, biocombustibles, eficiencia energ\u00e9tica, ensayos el\u00e9ctricos, y geotecnia, prestando servicios de auditor\u00eda, certificaci\u00f3n y an\u00e1lisis t\u00e9cnico.<\/span>&nbsp;<\/li>\r\n \t<li style=\"font-weight: 400;\" aria-level=\"1\"><b>Potenciaci\u00f3n de la formaci\u00f3n y la investigaci\u00f3n<\/b><span style=\"font-weight: 400;\">: Servir\u00e1 de plataforma para pr\u00e1cticas, proyectos y cursos dirigidos a estudiantes de distintas titulaciones de la ULE, adem\u00e1s de apoyar la investigaci\u00f3n universitaria con equipamiento avanzado.<\/span>&nbsp;<\/li>\r\n \t<li style=\"font-weight: 400;\" aria-level=\"1\"><b>Colaboraci\u00f3n universidad-empresa<\/b><span style=\"font-weight: 400;\">: Favorecer\u00e1 la transferencia de conocimiento y tecnolog\u00eda, fortaleciendo los lazos entre la ULE y el tejido industrial, con el respaldo del Colegio Oficial de Ingenieros de Minas.<\/span>&nbsp;<\/li>\r\n<\/ul>\r\n&nbsp;\r\n\r\n&nbsp;","protected":false},"excerpt":{"rendered":"<p>El Laboratorio de Inspecci\u00f3n T\u00e9cnica de la Escuela de Minas (LITEM) fue constituido el 8 de julio de 2014 como un servicio integrado de la Universidad de Le\u00f3n, con el objetivo de ofrecer a la sociedad leonesa un recurso t\u00e9cnico que hasta ahora no exist\u00eda en la provincia. Su creaci\u00f3n responde a la necesidad de [&hellip;]<\/p>\n","protected":false},"author":342,"featured_media":0,"parent":0,"menu_order":0,"comment_status":"closed","ping_status":"closed","template":"","meta":{"footnotes":""},"class_list":["post-58","page","type-page","status-publish","hentry"],"_links":{"self":[{"href":"https:\/\/servicios.unileon.es\/litem\/wp-json\/wp\/v2\/pages\/58","targetHints":{"allow":["GET"]}}],"collection":[{"href":"https:\/\/servicios.unileon.es\/litem\/wp-json\/wp\/v2\/pages"}],"about":[{"href":"https:\/\/servicios.unileon.es\/litem\/wp-json\/wp\/v2\/types\/page"}],"author":[{"embeddable":true,"href":"https:\/\/servicios.unileon.es\/litem\/wp-json\/wp\/v2\/users\/342"}],"replies":[{"embeddable":true,"href":"https:\/\/servicios.unileon.es\/litem\/wp-json\/wp\/v2\/comments?post=58"}],"version-history":[{"count":6,"href":"https:\/\/servicios.unileon.es\/litem\/wp-json\/wp\/v2\/pages\/58\/revisions"}],"predecessor-version":[{"id":61,"href":"https:\/\/servicios.unileon.es\/litem\/wp-json\/wp\/v2\/pages\/58\/revisions\/61"}],"wp:attachment":[{"href":"https:\/\/servicios.unileon.es\/litem\/wp-json\/wp\/v2\/media?parent=58"}],"curies":[{"name":"wp","href":"https:\/\/api.w.org\/{rel}","templated":true}]}}