{"id":25,"date":"2016-02-03T09:01:43","date_gmt":"2016-02-03T09:01:43","guid":{"rendered":"http:\/\/servicios.unileon.es\/litem\/?page_id=25"},"modified":"2016-02-03T09:01:43","modified_gmt":"2016-02-03T09:01:43","slug":"areas-de-interes","status":"publish","type":"page","link":"https:\/\/servicios.unileon.es\/litem\/areas-de-interes\/","title":{"rendered":"\u00c1reas de inter\u00e9s"},"content":{"rendered":"<p>Las principales \u00e1reas en las que el LITEM desarrollar\u00e1 sus trabajos son las siguientes:<\/p>\r\n<ul>\r\n\t<li>Industrias extractivas<\/li>\r\n\t<li>Energ\u00eda<\/li>\r\n\t<li>Obra civil<\/li>\r\n\t<li>Energ\u00edas Renovables: solar t\u00e9rmica, fotovoltaica<\/li>\r\n\t<li>Electr\u00f3nica e instrumentaci\u00f3n<\/li>\r\n\t<li>Tecnolog\u00eda de Materiales<\/li>\r\n\t<li>\u00c1ridos<\/li>\r\n\t<li>Geot\u00e9cnia,  Geof\u00edsca e Hidrogeolog\u00eda<\/li>\r\n\t<li>Medioambiente<\/li>\r\n\t<li>Gesti\u00f3n y reciclaje de residuos<\/li>\r\n\t<li>Instalaciones el\u00e9ctricas<\/li>\r\n<\/ul>","protected":false},"excerpt":{"rendered":"<p>Las principales \u00e1reas en las que el LITEM desarrollar\u00e1 sus trabajos son las siguientes: Industrias extractivas Energ\u00eda Obra civil Energ\u00edas Renovables: solar t\u00e9rmica, fotovoltaica Electr\u00f3nica e instrumentaci\u00f3n Tecnolog\u00eda de Materiales \u00c1ridos Geot\u00e9cnia, Geof\u00edsca e Hidrogeolog\u00eda Medioambiente Gesti\u00f3n y reciclaje de residuos Instalaciones el\u00e9ctricas<\/p>\n","protected":false},"author":344,"featured_media":0,"parent":0,"menu_order":0,"comment_status":"closed","ping_status":"closed","template":"","meta":{"footnotes":""},"class_list":["post-25","page","type-page","status-publish","hentry"],"_links":{"self":[{"href":"https:\/\/servicios.unileon.es\/litem\/wp-json\/wp\/v2\/pages\/25","targetHints":{"allow":["GET"]}}],"collection":[{"href":"https:\/\/servicios.unileon.es\/litem\/wp-json\/wp\/v2\/pages"}],"about":[{"href":"https:\/\/servicios.unileon.es\/litem\/wp-json\/wp\/v2\/types\/page"}],"author":[{"embeddable":true,"href":"https:\/\/servicios.unileon.es\/litem\/wp-json\/wp\/v2\/users\/344"}],"replies":[{"embeddable":true,"href":"https:\/\/servicios.unileon.es\/litem\/wp-json\/wp\/v2\/comments?post=25"}],"version-history":[{"count":1,"href":"https:\/\/servicios.unileon.es\/litem\/wp-json\/wp\/v2\/pages\/25\/revisions"}],"predecessor-version":[{"id":26,"href":"https:\/\/servicios.unileon.es\/litem\/wp-json\/wp\/v2\/pages\/25\/revisions\/26"}],"wp:attachment":[{"href":"https:\/\/servicios.unileon.es\/litem\/wp-json\/wp\/v2\/media?parent=25"}],"curies":[{"name":"wp","href":"https:\/\/api.w.org\/{rel}","templated":true}]}}