{"id":23,"date":"2016-02-03T09:00:32","date_gmt":"2016-02-03T09:00:32","guid":{"rendered":"http:\/\/servicios.unileon.es\/litem\/?page_id=23"},"modified":"2025-07-21T22:31:13","modified_gmt":"2025-07-21T22:31:13","slug":"servicios-que-se-prestan","status":"publish","type":"page","link":"https:\/\/servicios.unileon.es\/litem\/servicios-que-se-prestan\/","title":{"rendered":"Servicios que se prestan"},"content":{"rendered":"<h3>1\u00a0\u00a0\u00a0\u00a0\u00a0\u00a0 SERVICIOS DE INSPECCI\u00d3N DE INSTALACIONES FOTOVOLTAICAS<\/h3>\r\n<ul>\r\n \t<li>Trazado de curva I-V<\/li>\r\n \t<li>Electroluminiscencia (EL)<\/li>\r\n \t<li>Termograf\u00eda infrarroja<\/li>\r\n \t<li>Inspecci\u00f3n visual<\/li>\r\n \t<li>Revisi\u00f3n el\u00e9ctrica<\/li>\r\n<\/ul>\r\n<h3>2\u00a0\u00a0\u00a0\u00a0\u00a0\u00a0 SERVICIOS DE OPTIMIZACI\u00d3N DE CONTRATOS ENERG\u00c9TICOS<\/h3>\r\n<h3>3\u00a0\u00a0\u00a0\u00a0\u00a0\u00a0 SERVICIOS DE GENERACI\u00d3N DE AHORRO ENERG\u00c9TICO<\/h3>\r\n<h3>4\u00a0\u00a0\u00a0\u00a0\u00a0\u00a0 SERVICIOS DE ASESORAMIENTO SOBRE REHABILITACI\u00d3N ENERG\u00c9TICA DE EDIFICIOS<\/h3>\r\n<h3>5\u00a0\u00a0\u00a0\u00a0\u00a0\u00a0 SOLUCIONES ENERG\u00c9TICAS PARA PARA EMPRESAS E INDUSTRIA\u00a0\u2013 SINERG\u00c9TICA<\/h3>\r\n<h3>6\u00a0\u00a0\u00a0\u00a0\u00a0\u00a0 ENERG\u00c9TIOT<\/h3>\r\n<h3>7\u00a0\u00a0\u00a0\u00a0\u00a0\u00a0 MOVILIDAD EL\u00c9CTRICA<\/h3>\r\n<h3>8\u00a0\u00a0\u00a0\u00a0\u00a0\u00a0 FORMACI\u00d3N Y SENSIBILIZACI\u00d3N<\/h3>\r\n<h3>9\u00a0\u00a0\u00a0\u00a0\u00a0\u00a0 SERVICIOS TRANSVERSALES<\/h3>\r\n<ul>\r\n \t<li>Estudios de rentabilidad para proyectos de ahorro energ\u00e9tico.<\/li>\r\n \t<li>An\u00e1lisis de costes y beneficios.<\/li>\r\n \t<li>Implementaci\u00f3n en instalaciones y edificios existentes de sistemas de ahorro energ\u00e9tico, siguiendo metodolog\u00edas de transici\u00f3n energ\u00e9tica no traum\u00e1tica.<\/li>\r\n \t<li>Elaboraci\u00f3n de informes t\u00e9cnicos.<\/li>\r\n \t<li>Formaci\u00f3n interna para empresas sobre mantenimiento energ\u00e9tico: en uso, predictivo o preventivo.<\/li>\r\n \t<li>Implantaci\u00f3n de IoT. Sensorizaci\u00f3n.<\/li>\r\n<\/ul>\r\n<h3>10\u00a0 \u00a0 \u00a0 \u00a0OTROS SERVICIOS<\/h3>\r\n<ul>\r\n \t<li>Proyectos y Estudios T\u00e9cnicos<\/li>\r\n \t<li>Proyectos de Ejecuci\u00f3n<\/li>\r\n \t<li>Estudios econ\u00f3micos y de viabilidad<\/li>\r\n \t<li>Planes de seguridad, evaluaciones de riesgos planes de emergencia<\/li>\r\n \t<li>Proyectos de investigaci\u00f3n y desarrollo tecnol\u00f3gico<\/li>\r\n \t<li>Apoyo a las empresas en materia de I+D+i<\/li>\r\n \t<li>Realizaci\u00f3n de ensayos de laboratorio<\/li>\r\n \t<li>Simulaciones<\/li>\r\n \t<li>Legislaci\u00f3n t\u00e9cnica y normalizaci\u00f3n<\/li>\r\n<\/ul>","protected":false},"excerpt":{"rendered":"<p>1\u00a0\u00a0\u00a0\u00a0\u00a0\u00a0 SERVICIOS DE INSPECCI\u00d3N DE INSTALACIONES FOTOVOLTAICAS Trazado de curva I-V Electroluminiscencia (EL) Termograf\u00eda infrarroja Inspecci\u00f3n visual Revisi\u00f3n el\u00e9ctrica 2\u00a0\u00a0\u00a0\u00a0\u00a0\u00a0 SERVICIOS DE OPTIMIZACI\u00d3N DE CONTRATOS ENERG\u00c9TICOS 3\u00a0\u00a0\u00a0\u00a0\u00a0\u00a0 SERVICIOS DE GENERACI\u00d3N DE AHORRO ENERG\u00c9TICO 4\u00a0\u00a0\u00a0\u00a0\u00a0\u00a0 SERVICIOS DE ASESORAMIENTO SOBRE REHABILITACI\u00d3N ENERG\u00c9TICA DE EDIFICIOS 5\u00a0\u00a0\u00a0\u00a0\u00a0\u00a0 SOLUCIONES ENERG\u00c9TICAS PARA PARA EMPRESAS E INDUSTRIA\u00a0\u2013 SINERG\u00c9TICA 6\u00a0\u00a0\u00a0\u00a0\u00a0\u00a0 ENERG\u00c9TIOT 7\u00a0\u00a0\u00a0\u00a0\u00a0\u00a0 MOVILIDAD [&hellip;]<\/p>\n","protected":false},"author":344,"featured_media":0,"parent":0,"menu_order":0,"comment_status":"closed","ping_status":"closed","template":"","meta":{"footnotes":""},"class_list":["post-23","page","type-page","status-publish","hentry"],"_links":{"self":[{"href":"https:\/\/servicios.unileon.es\/litem\/wp-json\/wp\/v2\/pages\/23","targetHints":{"allow":["GET"]}}],"collection":[{"href":"https:\/\/servicios.unileon.es\/litem\/wp-json\/wp\/v2\/pages"}],"about":[{"href":"https:\/\/servicios.unileon.es\/litem\/wp-json\/wp\/v2\/types\/page"}],"author":[{"embeddable":true,"href":"https:\/\/servicios.unileon.es\/litem\/wp-json\/wp\/v2\/users\/344"}],"replies":[{"embeddable":true,"href":"https:\/\/servicios.unileon.es\/litem\/wp-json\/wp\/v2\/comments?post=23"}],"version-history":[{"count":6,"href":"https:\/\/servicios.unileon.es\/litem\/wp-json\/wp\/v2\/pages\/23\/revisions"}],"predecessor-version":[{"id":72,"href":"https:\/\/servicios.unileon.es\/litem\/wp-json\/wp\/v2\/pages\/23\/revisions\/72"}],"wp:attachment":[{"href":"https:\/\/servicios.unileon.es\/litem\/wp-json\/wp\/v2\/media?parent=23"}],"curies":[{"name":"wp","href":"https:\/\/api.w.org\/{rel}","templated":true}]}}