{"id":17,"date":"2016-02-03T08:52:46","date_gmt":"2016-02-03T08:52:46","guid":{"rendered":"http:\/\/servicios.unileon.es\/litem\/?page_id=17"},"modified":"2016-02-03T08:52:46","modified_gmt":"2016-02-03T08:52:46","slug":"cargos-responsables-del-litem","status":"publish","type":"page","link":"https:\/\/servicios.unileon.es\/litem\/cargos-responsables-del-litem\/","title":{"rendered":"Cargos responsables del LITEM"},"content":{"rendered":"<dl>\r\n\t<dt>Director<\/dt>\r\n\t<dd>Jorge Juan Blanes Peir\u00f3 &#8211; <a href=\"mailto:jorge.blanes@unileon.es\">jorge.blanes@unileon.es<\/a><\/dd>\r\n\t<dt>Secretario T\u00e9cnico<\/dt>\r\n\t<dd>Alberto Gonz\u00e1lez Mart\u00ednez &#8211; <a href=\"mailto:alberto.gonzalez@unileon.es\">alberto.gonzalez@unileon.es<\/a><\/dd>\r\n\t<dt>Responsable del \u00e1rea de calidad<\/dt>\r\n\t<dd>Ana M\u00aa Diez Su\u00e1rez &#8211; <a href=\"mailto:ana.diez.suarez@unileon.es\">ana.diez.suarez@unileon.es<\/a><\/dd>\r\n\t<dt>Responsable del \u00e1rea de miner\u00eda y obra civil<\/dt>\r\n\t<dd>Antonio Bernardo S\u00e1nchez &#8211; <a href=\"mailto:antonio.bernardo@unileon.es\">antonio.bernardo@unileon.es<\/a><\/dd>\r\n\t<dt>Responsable del \u00e1rea de eficiencia energ\u00e9tica<\/dt>\r\n\t<dd>David Borge D\u00edez &#8211; <a href=\"mailto:david.borge@unileon.es\">david.borge@unileon.es<\/a><\/dd>\r\n\t<dt>Responsable del \u00e1rea de biocombustibles<\/dt>\r\n\t<dd>Jorge Cara Jim\u00e9nez &#8211; <a href=\"mailto:jorge.cara@unileon.es\">jorge.cara@unileon.es<\/a><\/dd>\r\n\t<dt>Responsable del \u00e1rea de formaci\u00f3n<\/dt>\r\n\t<dd>Norberto Alfageme &#8211; <a href=\"mailto:n.alfageme@unileon.es\">n.alfageme@unileon.es<\/a><\/dd>\r\n\t<dt>Responsable del \u00e1rea de ensayos y certificaci\u00f3n el\u00e9ctrica<\/dt>\r\n\t<dd>Carlos L\u00f3pez &#8211; <a href=\"mailto:carlos.lopez@unileon.es\">carlos.lopez@unileon.es<\/a><\/dd>\r\n\t<dt>Responsable del \u00e1rea de geolog\u00eda<\/dt>\r\n\t<dd>Fernando G\u00f3mez &#8211; <a href=\"mailto:fgomez@unileon.es\">fgomez@unileon.es<\/a><\/dd>\r\n<\/dl>","protected":false},"excerpt":{"rendered":"<p>Director Jorge Juan Blanes Peir\u00f3 &#8211; jorge.blanes@unileon.es Secretario T\u00e9cnico Alberto Gonz\u00e1lez Mart\u00ednez &#8211; alberto.gonzalez@unileon.es Responsable del \u00e1rea de calidad Ana M\u00aa Diez Su\u00e1rez &#8211; ana.diez.suarez@unileon.es Responsable del \u00e1rea de miner\u00eda y obra civil Antonio Bernardo S\u00e1nchez &#8211; antonio.bernardo@unileon.es Responsable del \u00e1rea de eficiencia energ\u00e9tica David Borge D\u00edez &#8211; david.borge@unileon.es Responsable del \u00e1rea de biocombustibles Jorge [&hellip;]<\/p>\n","protected":false},"author":344,"featured_media":0,"parent":0,"menu_order":0,"comment_status":"closed","ping_status":"closed","template":"","meta":{"footnotes":""},"class_list":["post-17","page","type-page","status-publish","hentry"],"_links":{"self":[{"href":"https:\/\/servicios.unileon.es\/litem\/wp-json\/wp\/v2\/pages\/17","targetHints":{"allow":["GET"]}}],"collection":[{"href":"https:\/\/servicios.unileon.es\/litem\/wp-json\/wp\/v2\/pages"}],"about":[{"href":"https:\/\/servicios.unileon.es\/litem\/wp-json\/wp\/v2\/types\/page"}],"author":[{"embeddable":true,"href":"https:\/\/servicios.unileon.es\/litem\/wp-json\/wp\/v2\/users\/344"}],"replies":[{"embeddable":true,"href":"https:\/\/servicios.unileon.es\/litem\/wp-json\/wp\/v2\/comments?post=17"}],"version-history":[{"count":1,"href":"https:\/\/servicios.unileon.es\/litem\/wp-json\/wp\/v2\/pages\/17\/revisions"}],"predecessor-version":[{"id":18,"href":"https:\/\/servicios.unileon.es\/litem\/wp-json\/wp\/v2\/pages\/17\/revisions\/18"}],"wp:attachment":[{"href":"https:\/\/servicios.unileon.es\/litem\/wp-json\/wp\/v2\/media?parent=17"}],"curies":[{"name":"wp","href":"https:\/\/api.w.org\/{rel}","templated":true}]}}