{"id":13,"date":"2016-02-03T08:43:27","date_gmt":"2016-02-03T08:43:27","guid":{"rendered":"http:\/\/servicios.unileon.es\/litem\/?page_id=13"},"modified":"2016-02-03T08:43:27","modified_gmt":"2016-02-03T08:43:27","slug":"introduccion","status":"publish","type":"page","link":"https:\/\/servicios.unileon.es\/litem\/","title":{"rendered":"Introducci\u00f3n"},"content":{"rendered":"<p>El Laboratorio de Inspecci\u00f3n T\u00e9cnica de la Escuela de Minas (LITEM) de la Universidad de Le\u00f3n se constituye, al amparo de lo establecido en el art\u00edculo 37 del Estatuto de la Universidad, a propuesta de la Escuela Superior y T\u00e9cnica de la Escuela de Minas, como un Servicio integrado en la ULE con el objetivo de prestar a la Universidad y a la sociedad en general los servicios que permite el equipamiento del mismo.<\/p>\r\n<p>Los campos de actividad que van a desarrollarse en el LITEM son, fundamentalmente, los siguientes: Miner\u00eda y obra p\u00fablica, pirotecnia, biocombustibles, eficiencia energ\u00e9tica, ensayos y certificaci\u00f3n el\u00e9ctrica, estudios geol\u00f3gicos y geot\u00e9cnicos. En estos \u00e1mbitos se realizar\u00e1n tareas de auditor\u00eda, labores de verificaci\u00f3n, inspecci\u00f3n y ensayo, as\u00ed como actividades formativas y de investigaci\u00f3n<\/p>\r\n<p>Gran parte de los campos de trabajo del LITEM no se abordan en ning\u00fan laboratorio de esta provincia. Esto supone una p\u00e9rdida de competitividad  y aumento de costes para las entidades p\u00fablicas y privadas que est\u00e1n obligadas a recurrir a laboratorios ubicados en otras Comunidades e, incluso, en otros pa\u00edses. De este modo, esperamos que el LITEM contribuya al desarrollo de la red empresarial local y al beneficio de la comunidad, proceso que ser\u00e1 impulsado y estructurado desde la Universidad de Le\u00f3n.<\/p>","protected":false},"excerpt":{"rendered":"<p>El Laboratorio de Inspecci\u00f3n T\u00e9cnica de la Escuela de Minas (LITEM) de la Universidad de Le\u00f3n se constituye, al amparo de lo establecido en el art\u00edculo 37 del Estatuto de la Universidad, a propuesta de la Escuela Superior y T\u00e9cnica de la Escuela de Minas, como un Servicio integrado en la ULE con el objetivo [&hellip;]<\/p>\n","protected":false},"author":344,"featured_media":0,"parent":0,"menu_order":0,"comment_status":"closed","ping_status":"closed","template":"","meta":{"footnotes":""},"class_list":["post-13","page","type-page","status-publish","hentry"],"_links":{"self":[{"href":"https:\/\/servicios.unileon.es\/litem\/wp-json\/wp\/v2\/pages\/13","targetHints":{"allow":["GET"]}}],"collection":[{"href":"https:\/\/servicios.unileon.es\/litem\/wp-json\/wp\/v2\/pages"}],"about":[{"href":"https:\/\/servicios.unileon.es\/litem\/wp-json\/wp\/v2\/types\/page"}],"author":[{"embeddable":true,"href":"https:\/\/servicios.unileon.es\/litem\/wp-json\/wp\/v2\/users\/344"}],"replies":[{"embeddable":true,"href":"https:\/\/servicios.unileon.es\/litem\/wp-json\/wp\/v2\/comments?post=13"}],"version-history":[{"count":1,"href":"https:\/\/servicios.unileon.es\/litem\/wp-json\/wp\/v2\/pages\/13\/revisions"}],"predecessor-version":[{"id":14,"href":"https:\/\/servicios.unileon.es\/litem\/wp-json\/wp\/v2\/pages\/13\/revisions\/14"}],"wp:attachment":[{"href":"https:\/\/servicios.unileon.es\/litem\/wp-json\/wp\/v2\/media?parent=13"}],"curies":[{"name":"wp","href":"https:\/\/api.w.org\/{rel}","templated":true}]}}