{"id":9,"date":"2025-08-25T11:06:48","date_gmt":"2025-08-25T09:06:48","guid":{"rendered":"https:\/\/servicios.unileon.es\/laboratorio-acustica-aplicada\/?page_id=9"},"modified":"2025-09-19T12:54:11","modified_gmt":"2025-09-19T10:54:11","slug":"introduccion","status":"publish","type":"page","link":"https:\/\/servicios.unileon.es\/laboratorio-acustica-aplicada\/","title":{"rendered":"Introducci\u00f3n"},"content":{"rendered":"<p style=\"text-align: justify\">A principios de los 90 el Grupo de Investigaci\u00f3n en Ac\u00fastica Aplicada comenz\u00f3 su actividad orientada tanto a la actividad investigadora como docente, y ofreciendo tambi\u00e9n servicios relacionados con ac\u00fastica y vibraciones a organismos p\u00fablicos y empresas. Situado en el Laboratorio \u201cH5\u201d del Edificio Tecnol\u00f3gico de Ingenier\u00edas de la Universidad de Le\u00f3n, en el Campus de Vegazana (Le\u00f3n), el Laboratorio de Ac\u00fastica Aplicada (LAA) est\u00e1 integrado por personal formado en el campo de la ac\u00fastica y las vibraciones. Desde 2012 el LAA dispone adem\u00e1s de acreditaci\u00f3n ENAC, seg\u00fan norma UNE-EN ISO\/IEC 17025, como laboratorio de ensayos ac\u00fasticos (Acreditaci\u00f3n ENAC N\u00ba 965\/LE1892). En 2019 fue aprobado por el Consejo de Gobierno de la ULE la creaci\u00f3n del Servicio de Apoyo a la Investigaci\u00f3n del Laboratorio de Ac\u00fastica Aplicada.<\/p>","protected":false},"excerpt":{"rendered":"<p>A principios de los 90 el Grupo de Investigaci\u00f3n en Ac\u00fastica Aplicada comenz\u00f3 su actividad orientada tanto a la actividad investigadora como docente, y ofreciendo tambi\u00e9n servicios relacionados con ac\u00fastica y vibraciones a organismos p\u00fablicos y empresas. Situado en el Laboratorio \u201cH5\u201d del Edificio Tecnol\u00f3gico de Ingenier\u00edas de la Universidad de Le\u00f3n, en el Campus [&hellip;]<\/p>\n","protected":false},"author":344,"featured_media":0,"parent":0,"menu_order":0,"comment_status":"closed","ping_status":"closed","template":"","meta":{"footnotes":""},"class_list":["post-9","page","type-page","status-publish","hentry"],"_links":{"self":[{"href":"https:\/\/servicios.unileon.es\/laboratorio-acustica-aplicada\/wp-json\/wp\/v2\/pages\/9","targetHints":{"allow":["GET"]}}],"collection":[{"href":"https:\/\/servicios.unileon.es\/laboratorio-acustica-aplicada\/wp-json\/wp\/v2\/pages"}],"about":[{"href":"https:\/\/servicios.unileon.es\/laboratorio-acustica-aplicada\/wp-json\/wp\/v2\/types\/page"}],"author":[{"embeddable":true,"href":"https:\/\/servicios.unileon.es\/laboratorio-acustica-aplicada\/wp-json\/wp\/v2\/users\/344"}],"replies":[{"embeddable":true,"href":"https:\/\/servicios.unileon.es\/laboratorio-acustica-aplicada\/wp-json\/wp\/v2\/comments?post=9"}],"version-history":[{"count":5,"href":"https:\/\/servicios.unileon.es\/laboratorio-acustica-aplicada\/wp-json\/wp\/v2\/pages\/9\/revisions"}],"predecessor-version":[{"id":54,"href":"https:\/\/servicios.unileon.es\/laboratorio-acustica-aplicada\/wp-json\/wp\/v2\/pages\/9\/revisions\/54"}],"wp:attachment":[{"href":"https:\/\/servicios.unileon.es\/laboratorio-acustica-aplicada\/wp-json\/wp\/v2\/media?parent=9"}],"curies":[{"name":"wp","href":"https:\/\/api.w.org\/{rel}","templated":true}]}}