{"id":30,"date":"2025-08-25T11:24:59","date_gmt":"2025-08-25T09:24:59","guid":{"rendered":"https:\/\/servicios.unileon.es\/laboratorio-acustica-aplicada\/?page_id=30"},"modified":"2025-09-19T12:53:07","modified_gmt":"2025-09-19T10:53:07","slug":"otros-datos","status":"publish","type":"page","link":"https:\/\/servicios.unileon.es\/laboratorio-acustica-aplicada\/otros-datos\/","title":{"rendered":"Otros datos"},"content":{"rendered":"<p>El Laboratorio de Ac\u00fastica Aplicada (LAA) mantiene convenios regulares con Ayuntamientos, otras instituciones p\u00fablicas, empresas privadas y particulares de forma continua. Tambi\u00e9n ofrece y colabora en diferentes cursos de formaci\u00f3n para empresas y administraciones.<\/p>","protected":false},"excerpt":{"rendered":"<p>El Laboratorio de Ac\u00fastica Aplicada (LAA) mantiene convenios regulares con Ayuntamientos, otras instituciones p\u00fablicas, empresas privadas y particulares de forma continua. Tambi\u00e9n ofrece y colabora en diferentes cursos de formaci\u00f3n para empresas y administraciones.<\/p>\n","protected":false},"author":344,"featured_media":0,"parent":0,"menu_order":0,"comment_status":"closed","ping_status":"closed","template":"","meta":{"footnotes":""},"class_list":["post-30","page","type-page","status-publish","hentry"],"_links":{"self":[{"href":"https:\/\/servicios.unileon.es\/laboratorio-acustica-aplicada\/wp-json\/wp\/v2\/pages\/30","targetHints":{"allow":["GET"]}}],"collection":[{"href":"https:\/\/servicios.unileon.es\/laboratorio-acustica-aplicada\/wp-json\/wp\/v2\/pages"}],"about":[{"href":"https:\/\/servicios.unileon.es\/laboratorio-acustica-aplicada\/wp-json\/wp\/v2\/types\/page"}],"author":[{"embeddable":true,"href":"https:\/\/servicios.unileon.es\/laboratorio-acustica-aplicada\/wp-json\/wp\/v2\/users\/344"}],"replies":[{"embeddable":true,"href":"https:\/\/servicios.unileon.es\/laboratorio-acustica-aplicada\/wp-json\/wp\/v2\/comments?post=30"}],"version-history":[{"count":2,"href":"https:\/\/servicios.unileon.es\/laboratorio-acustica-aplicada\/wp-json\/wp\/v2\/pages\/30\/revisions"}],"predecessor-version":[{"id":52,"href":"https:\/\/servicios.unileon.es\/laboratorio-acustica-aplicada\/wp-json\/wp\/v2\/pages\/30\/revisions\/52"}],"wp:attachment":[{"href":"https:\/\/servicios.unileon.es\/laboratorio-acustica-aplicada\/wp-json\/wp\/v2\/media?parent=30"}],"curies":[{"name":"wp","href":"https:\/\/api.w.org\/{rel}","templated":true}]}}