{"id":25,"date":"2025-08-25T11:23:38","date_gmt":"2025-08-25T09:23:38","guid":{"rendered":"https:\/\/servicios.unileon.es\/laboratorio-acustica-aplicada\/?page_id=25"},"modified":"2025-08-25T11:23:38","modified_gmt":"2025-08-25T09:23:38","slug":"normas-de-uso-del-servicio","status":"publish","type":"page","link":"https:\/\/servicios.unileon.es\/laboratorio-acustica-aplicada\/normas-de-uso-del-servicio\/","title":{"rendered":"Normas de uso del Servicio"},"content":{"rendered":"<ul>\r\n    <li>Los usuarios remiten solicitud de servicio a trav\u00e9s del enlace en la web <a href=\"https:\/\/acustica.unileon.es\/\">acustica.unileon.es<\/a> o bien por contacto telef\u00f3nico.<\/li>\r\n    <li>La aceptaci\u00f3n del trabajo por parte de las entidades contratantes se realizar\u00e1 mediante comunicaci\u00f3n dirigida al Director, como respuesta a la oferta presentada por el Laboratorio de Ac\u00fastica Aplicada, o bien por comunicaci\u00f3n directa a los miembros del Laboratorio, y el conjunto oferta-comunicaci\u00f3n de aceptaci\u00f3n ser\u00e1 considerado como contrato vinculante.<\/li>\r\n    <li>La contrataci\u00f3n de los trabajos se realizar\u00e1 seg\u00fan lo establecido en el Reglamento de Contratos, Convenios y Proyectos de Investigaci\u00f3n de la ULE y las normas complementarias de interpretaci\u00f3n y desarrollo del mismo, formuladas por el Rector y el Vicerrector de Investigaci\u00f3n, y los procedimientos establecidos por el Servicio de Gesti\u00f3n de la Investigaci\u00f3n y las Bases de Ejecuci\u00f3n Presupuestaria.<\/li>\r\n    <li>La oferta del Laboratorio de Ac\u00fastica Aplicada para la realizaci\u00f3n de los trabajos incluir\u00e1:\r\n        <ol style=\"list-style-type: lower-alpha;\">\r\n            <li>Especificaci\u00f3n del problema a resolver y\/o ensayos a realizar.<\/li>\r\n            <li>Plan de trabajo.<\/li>\r\n            <li>Presupuesto.<\/li>\r\n            <li>Duraci\u00f3n prevista para su desarrollo. Este tiempo podr\u00e1 prorrogarse de mutuo acuerdo si ambas partes lo consideran oportuno. En la pr\u00f3rroga, si se produjere expresamente, se ajustar\u00e1 a las condiciones que se fijen en la misma.<\/li>\r\n        <\/ol>\r\n    <\/li>\r\n<\/ul>\r\n","protected":false},"excerpt":{"rendered":"<p>Los usuarios remiten solicitud de servicio a trav\u00e9s del enlace en la web acustica.unileon.es o bien por contacto telef\u00f3nico. La aceptaci\u00f3n del trabajo por parte de las entidades contratantes se realizar\u00e1 mediante comunicaci\u00f3n dirigida al Director, como respuesta a la oferta presentada por el Laboratorio de Ac\u00fastica Aplicada, o bien por comunicaci\u00f3n directa a los [&hellip;]<\/p>\n","protected":false},"author":344,"featured_media":0,"parent":0,"menu_order":0,"comment_status":"closed","ping_status":"closed","template":"","meta":{"footnotes":""},"class_list":["post-25","page","type-page","status-publish","hentry"],"_links":{"self":[{"href":"https:\/\/servicios.unileon.es\/laboratorio-acustica-aplicada\/wp-json\/wp\/v2\/pages\/25","targetHints":{"allow":["GET"]}}],"collection":[{"href":"https:\/\/servicios.unileon.es\/laboratorio-acustica-aplicada\/wp-json\/wp\/v2\/pages"}],"about":[{"href":"https:\/\/servicios.unileon.es\/laboratorio-acustica-aplicada\/wp-json\/wp\/v2\/types\/page"}],"author":[{"embeddable":true,"href":"https:\/\/servicios.unileon.es\/laboratorio-acustica-aplicada\/wp-json\/wp\/v2\/users\/344"}],"replies":[{"embeddable":true,"href":"https:\/\/servicios.unileon.es\/laboratorio-acustica-aplicada\/wp-json\/wp\/v2\/comments?post=25"}],"version-history":[{"count":2,"href":"https:\/\/servicios.unileon.es\/laboratorio-acustica-aplicada\/wp-json\/wp\/v2\/pages\/25\/revisions"}],"predecessor-version":[{"id":27,"href":"https:\/\/servicios.unileon.es\/laboratorio-acustica-aplicada\/wp-json\/wp\/v2\/pages\/25\/revisions\/27"}],"wp:attachment":[{"href":"https:\/\/servicios.unileon.es\/laboratorio-acustica-aplicada\/wp-json\/wp\/v2\/media?parent=25"}],"curies":[{"name":"wp","href":"https:\/\/api.w.org\/{rel}","templated":true}]}}