{"id":23,"date":"2025-08-25T11:15:00","date_gmt":"2025-08-25T09:15:00","guid":{"rendered":"https:\/\/servicios.unileon.es\/laboratorio-acustica-aplicada\/?page_id=23"},"modified":"2025-08-25T11:15:00","modified_gmt":"2025-08-25T09:15:00","slug":"oferta-de-servicios","status":"publish","type":"page","link":"https:\/\/servicios.unileon.es\/laboratorio-acustica-aplicada\/oferta-de-servicios\/","title":{"rendered":"Oferta de servicios"},"content":{"rendered":"<ul>\r\n    <li>Proyectos ac\u00fasticos<\/li>\r\n    <li>Ensayos de ruido ambiental<\/li>\r\n    <li>Ensayos de aislamiento ac\u00fastico<\/li>\r\n    <li>Estudios de acondicionamiento ac\u00fastico<\/li>\r\n    <li>Cursos de formaci\u00f3n<\/li>\r\n    <li>Ensayos de Vibraciones<\/li>\r\n    <li>Predicci\u00f3n de especificaciones ac\u00fasticas<\/li>\r\n    <li>Mapas de ruido<\/li>\r\n    <li>Parametrizaci\u00f3n Box I.T.V.<\/li>\r\n    <li>Informes de limitadores ac\u00fasticos<\/li>\r\n    <li>Asesoramiento t\u00e9cnico<\/li>\r\n    <li>Organizaci\u00f3n de cursos<\/li>\r\n    <li>Nivel sonoro de veh\u00edculo a motor<\/li>\r\n<\/ul>","protected":false},"excerpt":{"rendered":"<p>Proyectos ac\u00fasticos Ensayos de ruido ambiental Ensayos de aislamiento ac\u00fastico Estudios de acondicionamiento ac\u00fastico Cursos de formaci\u00f3n Ensayos de Vibraciones Predicci\u00f3n de especificaciones ac\u00fasticas Mapas de ruido Parametrizaci\u00f3n Box I.T.V. Informes de limitadores ac\u00fasticos Asesoramiento t\u00e9cnico Organizaci\u00f3n de cursos Nivel sonoro de veh\u00edculo a motor<\/p>\n","protected":false},"author":344,"featured_media":0,"parent":0,"menu_order":0,"comment_status":"closed","ping_status":"closed","template":"","meta":{"footnotes":""},"class_list":["post-23","page","type-page","status-publish","hentry"],"_links":{"self":[{"href":"https:\/\/servicios.unileon.es\/laboratorio-acustica-aplicada\/wp-json\/wp\/v2\/pages\/23","targetHints":{"allow":["GET"]}}],"collection":[{"href":"https:\/\/servicios.unileon.es\/laboratorio-acustica-aplicada\/wp-json\/wp\/v2\/pages"}],"about":[{"href":"https:\/\/servicios.unileon.es\/laboratorio-acustica-aplicada\/wp-json\/wp\/v2\/types\/page"}],"author":[{"embeddable":true,"href":"https:\/\/servicios.unileon.es\/laboratorio-acustica-aplicada\/wp-json\/wp\/v2\/users\/344"}],"replies":[{"embeddable":true,"href":"https:\/\/servicios.unileon.es\/laboratorio-acustica-aplicada\/wp-json\/wp\/v2\/comments?post=23"}],"version-history":[{"count":1,"href":"https:\/\/servicios.unileon.es\/laboratorio-acustica-aplicada\/wp-json\/wp\/v2\/pages\/23\/revisions"}],"predecessor-version":[{"id":24,"href":"https:\/\/servicios.unileon.es\/laboratorio-acustica-aplicada\/wp-json\/wp\/v2\/pages\/23\/revisions\/24"}],"wp:attachment":[{"href":"https:\/\/servicios.unileon.es\/laboratorio-acustica-aplicada\/wp-json\/wp\/v2\/media?parent=23"}],"curies":[{"name":"wp","href":"https:\/\/api.w.org\/{rel}","templated":true}]}}