{"id":18,"date":"2025-08-25T11:12:11","date_gmt":"2025-08-25T09:12:11","guid":{"rendered":"https:\/\/servicios.unileon.es\/laboratorio-acustica-aplicada\/?page_id=18"},"modified":"2025-09-19T12:52:33","modified_gmt":"2025-09-19T10:52:33","slug":"personal","status":"publish","type":"page","link":"https:\/\/servicios.unileon.es\/laboratorio-acustica-aplicada\/personal\/","title":{"rendered":"Personal"},"content":{"rendered":"<ul>\r\n    <li>Dr. Jes\u00fas Cepeda, <strong>director del Servicio<\/strong><\/li>\r\n    <li>Dr. Mercedes de Barrios, <strong>responsable de calidad asignado al Servicio<\/strong><\/li>\r\n    <li>Miguel de Barrios, <strong>responsable t\u00e9cnico<\/strong><\/li>\r\n    <li>Ra\u00fal Valbuena, <strong>t\u00e9cnico de laboratorio<\/strong><\/li>\r\n    <li>Eduardo \u00c1lvarez, <strong>t\u00e9cnico de laboratorio<\/strong><\/li>\r\n    <li>Juan Salcedo, <strong>t\u00e9cnico de laboratorio<\/strong><\/li>\r\n<\/ul>\r\n\r\n","protected":false},"excerpt":{"rendered":"<p>Dr. Jes\u00fas Cepeda, director del Servicio Dr. Mercedes de Barrios, responsable de calidad asignado al Servicio Miguel de Barrios, responsable t\u00e9cnico Ra\u00fal Valbuena, t\u00e9cnico de laboratorio Eduardo \u00c1lvarez, t\u00e9cnico de laboratorio Juan Salcedo, t\u00e9cnico de laboratorio<\/p>\n","protected":false},"author":344,"featured_media":0,"parent":0,"menu_order":0,"comment_status":"closed","ping_status":"closed","template":"","meta":{"footnotes":""},"class_list":["post-18","page","type-page","status-publish","hentry"],"_links":{"self":[{"href":"https:\/\/servicios.unileon.es\/laboratorio-acustica-aplicada\/wp-json\/wp\/v2\/pages\/18","targetHints":{"allow":["GET"]}}],"collection":[{"href":"https:\/\/servicios.unileon.es\/laboratorio-acustica-aplicada\/wp-json\/wp\/v2\/pages"}],"about":[{"href":"https:\/\/servicios.unileon.es\/laboratorio-acustica-aplicada\/wp-json\/wp\/v2\/types\/page"}],"author":[{"embeddable":true,"href":"https:\/\/servicios.unileon.es\/laboratorio-acustica-aplicada\/wp-json\/wp\/v2\/users\/344"}],"replies":[{"embeddable":true,"href":"https:\/\/servicios.unileon.es\/laboratorio-acustica-aplicada\/wp-json\/wp\/v2\/comments?post=18"}],"version-history":[{"count":3,"href":"https:\/\/servicios.unileon.es\/laboratorio-acustica-aplicada\/wp-json\/wp\/v2\/pages\/18\/revisions"}],"predecessor-version":[{"id":51,"href":"https:\/\/servicios.unileon.es\/laboratorio-acustica-aplicada\/wp-json\/wp\/v2\/pages\/18\/revisions\/51"}],"wp:attachment":[{"href":"https:\/\/servicios.unileon.es\/laboratorio-acustica-aplicada\/wp-json\/wp\/v2\/media?parent=18"}],"curies":[{"name":"wp","href":"https:\/\/api.w.org\/{rel}","templated":true}]}}