{"id":16,"date":"2025-08-25T11:10:31","date_gmt":"2025-08-25T09:10:31","guid":{"rendered":"https:\/\/servicios.unileon.es\/laboratorio-acustica-aplicada\/?page_id=16"},"modified":"2025-09-19T12:56:45","modified_gmt":"2025-09-19T10:56:45","slug":"principales-lineas-de-actividad","status":"publish","type":"page","link":"https:\/\/servicios.unileon.es\/laboratorio-acustica-aplicada\/principales-lineas-de-actividad\/","title":{"rendered":"Principales l\u00edneas de actividad"},"content":{"rendered":"<ul>\r\n    <li>Ac\u00fastica en edificios<\/li>\r\n    <li>Ac\u00fastica ambiental<\/li>\r\n    <li>Acondicionamiento ac\u00fastico<\/li>\r\n    <li>Medida de niveles de ruido<\/li>\r\n    <li>Medida de Vibraciones<\/li>\r\n    <li>Proyectos Ac\u00fasticos<\/li>\r\n    <li>Mapas Estrat\u00e9gicos de Ruido<\/li>\r\n    <li>Limitadores Ac\u00fasticos<\/li>\r\n    <li>Cursos de formaci\u00f3n<\/li>\r\n<\/ul>\r\n\r\n\r\n<p>*** consultar para m\u00e1s detalle en la <a href=\"https:\/\/acustica.unileon.es\/\">propia web del Laboratorio de Ac\u00fastica Aplicada<\/a><\/p>","protected":false},"excerpt":{"rendered":"<p>Ac\u00fastica en edificios Ac\u00fastica ambiental Acondicionamiento ac\u00fastico Medida de niveles de ruido Medida de Vibraciones Proyectos Ac\u00fasticos Mapas Estrat\u00e9gicos de Ruido Limitadores Ac\u00fasticos Cursos de formaci\u00f3n *** consultar para m\u00e1s detalle en la propia web del Laboratorio de Ac\u00fastica Aplicada<\/p>\n","protected":false},"author":344,"featured_media":0,"parent":0,"menu_order":0,"comment_status":"closed","ping_status":"closed","template":"","meta":{"footnotes":""},"class_list":["post-16","page","type-page","status-publish","hentry"],"_links":{"self":[{"href":"https:\/\/servicios.unileon.es\/laboratorio-acustica-aplicada\/wp-json\/wp\/v2\/pages\/16","targetHints":{"allow":["GET"]}}],"collection":[{"href":"https:\/\/servicios.unileon.es\/laboratorio-acustica-aplicada\/wp-json\/wp\/v2\/pages"}],"about":[{"href":"https:\/\/servicios.unileon.es\/laboratorio-acustica-aplicada\/wp-json\/wp\/v2\/types\/page"}],"author":[{"embeddable":true,"href":"https:\/\/servicios.unileon.es\/laboratorio-acustica-aplicada\/wp-json\/wp\/v2\/users\/344"}],"replies":[{"embeddable":true,"href":"https:\/\/servicios.unileon.es\/laboratorio-acustica-aplicada\/wp-json\/wp\/v2\/comments?post=16"}],"version-history":[{"count":4,"href":"https:\/\/servicios.unileon.es\/laboratorio-acustica-aplicada\/wp-json\/wp\/v2\/pages\/16\/revisions"}],"predecessor-version":[{"id":57,"href":"https:\/\/servicios.unileon.es\/laboratorio-acustica-aplicada\/wp-json\/wp\/v2\/pages\/16\/revisions\/57"}],"wp:attachment":[{"href":"https:\/\/servicios.unileon.es\/laboratorio-acustica-aplicada\/wp-json\/wp\/v2\/media?parent=16"}],"curies":[{"name":"wp","href":"https:\/\/api.w.org\/{rel}","templated":true}]}}