{"id":12,"date":"2025-08-25T11:09:15","date_gmt":"2025-08-25T09:09:15","guid":{"rendered":"https:\/\/servicios.unileon.es\/laboratorio-acustica-aplicada\/?page_id=12"},"modified":"2025-08-25T11:09:15","modified_gmt":"2025-08-25T09:09:15","slug":"informacion-de-contacto","status":"publish","type":"page","link":"https:\/\/servicios.unileon.es\/laboratorio-acustica-aplicada\/informacion-de-contacto\/","title":{"rendered":"Informaci\u00f3n de contacto"},"content":{"rendered":"<table style=\"width: 100%;\">\r\n   <tbody>\r\n      <tr>\r\n         <th>Direcci\u00f3n Postal<\/th>\r\n         <td>Universidad de Le\u00f3n<br \/>Edificio Tecnol\u00f3gico de Ingenier\u00edas<br \/>Campus de Vegazana<br \/>24071-Le\u00f3n<\/td>\r\n      <\/tr>\r\n      <tr>\r\n         <th>Tel\u00e9fono<\/th>\r\n         <td>987 29 17 77<\/td>\r\n      <\/tr>\r\n      <tr>\r\n         <th>Correo electr\u00f3nico<\/th>\r\n         <td><a href=\"mailto:acustica.lab@unileon.es\">acustica.lab@unileon.es<\/a><\/td>\r\n      <\/tr>\r\n      <tr>\r\n         <th>Web<\/th>\r\n         <td><a href=\"https:\/\/acustica.unileon.es\/\">acustica.unileon.es<\/a><\/td>\r\n      <\/tr>\r\n   <\/tbody>\r\n<\/table>","protected":false},"excerpt":{"rendered":"<p>Direcci\u00f3n Postal Universidad de Le\u00f3nEdificio Tecnol\u00f3gico de Ingenier\u00edasCampus de Vegazana24071-Le\u00f3n Tel\u00e9fono 987 29 17 77 Correo electr\u00f3nico acustica.lab@unileon.es Web acustica.unileon.es<\/p>\n","protected":false},"author":344,"featured_media":0,"parent":0,"menu_order":0,"comment_status":"closed","ping_status":"closed","template":"","meta":{"footnotes":""},"class_list":["post-12","page","type-page","status-publish","hentry"],"_links":{"self":[{"href":"https:\/\/servicios.unileon.es\/laboratorio-acustica-aplicada\/wp-json\/wp\/v2\/pages\/12","targetHints":{"allow":["GET"]}}],"collection":[{"href":"https:\/\/servicios.unileon.es\/laboratorio-acustica-aplicada\/wp-json\/wp\/v2\/pages"}],"about":[{"href":"https:\/\/servicios.unileon.es\/laboratorio-acustica-aplicada\/wp-json\/wp\/v2\/types\/page"}],"author":[{"embeddable":true,"href":"https:\/\/servicios.unileon.es\/laboratorio-acustica-aplicada\/wp-json\/wp\/v2\/users\/344"}],"replies":[{"embeddable":true,"href":"https:\/\/servicios.unileon.es\/laboratorio-acustica-aplicada\/wp-json\/wp\/v2\/comments?post=12"}],"version-history":[{"count":1,"href":"https:\/\/servicios.unileon.es\/laboratorio-acustica-aplicada\/wp-json\/wp\/v2\/pages\/12\/revisions"}],"predecessor-version":[{"id":13,"href":"https:\/\/servicios.unileon.es\/laboratorio-acustica-aplicada\/wp-json\/wp\/v2\/pages\/12\/revisions\/13"}],"wp:attachment":[{"href":"https:\/\/servicios.unileon.es\/laboratorio-acustica-aplicada\/wp-json\/wp\/v2\/media?parent=12"}],"curies":[{"name":"wp","href":"https:\/\/api.w.org\/{rel}","templated":true}]}}