{"id":79,"date":"2017-10-16T07:51:31","date_gmt":"2017-10-16T07:51:31","guid":{"rendered":"http:\/\/servicios.unileon.es\/lab-eeg-ciclo-vital\/?page_id=79"},"modified":"2017-10-16T07:51:31","modified_gmt":"2017-10-16T07:51:31","slug":"tarifas-del-servicio-lab-eeg-ciclo-vital","status":"publish","type":"page","link":"https:\/\/servicios.unileon.es\/lab-eeg-ciclo-vital\/tarifas-del-servicio-lab-eeg-ciclo-vital\/","title":{"rendered":"Tarifas del servicio LAB-EEG-Ciclo vital"},"content":{"rendered":"<p>A continuaci\u00f3n se detallan las tarifas del servicio del laboratorio para empresa, sin aplicar el IVA. En todas ellas se aplicar\u00e1 una reducci\u00f3n del 8% para los servicios prestados a la Universidad de Le\u00f3n y del 5% para organismos p\u00fablicos. Estas tarifas podr\u00e1n ser ajustadas en funci\u00f3n del n\u00famero de muestra o contratos\/convenios de investigaci\u00f3n con entidades p\u00fablicas o privadas.<\/p>\n<table class=\"extendida\">\n<thead>\n<tr>\n<td class=\"aligncenter\">HORAS\/ TRABAJO<\/td>\n<td class=\"aligncenter\">CONCEPTO \/ ACTIVIDAD<\/td>\n<td class=\"aligncenter\">PRECIO<\/td>\n<td class=\"aligncenter\">TOTAL<\/td>\n<\/tr>\n<\/thead>\n<tbody>\n<tr>\n<td class=\"aligncenter\">25 horas<\/td>\n<td>Tratamiento y adaptaci\u00f3n de las im\u00e1genes para programa de Estimulaci\u00f3n Cognitiva: agrupar, reducir y pixelar<\/td>\n<td class=\"aligncenter\">15 \u20ac \/ hora<\/td>\n<td class=\"aligncenter\">375 \u20ac<\/td>\n<\/tr>\n<tr>\n<td class=\"aligncenter\">10 horas<\/td>\n<td>Dise\u00f1o de la carta de tiempo del paradigma del experimento<\/td>\n<td class=\"aligncenter\">15 \u20ac \/ hora<\/td>\n<td class=\"aligncenter\">150 \u20ac<\/td>\n<\/tr>\n<tr>\n<td class=\"aligncenter\">10 horas<\/td>\n<td>Dise\u00f1o del protocolo del registro de EEG\/PEs<\/td>\n<td class=\"aligncenter\">15 \u20ac \/ hora<\/td>\n<td class=\"aligncenter\">150 \u20ac<\/td>\n<\/tr>\n<tr>\n<td class=\"aligncenter\">10 horas<\/td>\n<td>Prueba piloto con al menos tres registros de EEG\/ PEs<\/td>\n<td class=\"aligncenter\">15 \u20ac \/ hora<\/td>\n<td class=\"aligncenter\">150 \u20ac<\/td>\n<\/tr>\n<tr>\n<td class=\"aligncenter\">15 horas<\/td>\n<td>Tratamiento del registro de EEG\/PEs<\/td>\n<td class=\"aligncenter\">15 \u20ac \/ hora<\/td>\n<td class=\"aligncenter\">225 \u20ac<\/td>\n<\/tr>\n<tr>\n<td class=\"aligncenter\">40 horas<\/td>\n<td>An\u00e1lisis y promediaci\u00f3n de los registros EEG\/PEs<\/td>\n<td class=\"aligncenter\">15 \u20ac \/ hora<\/td>\n<td class=\"aligncenter\">600 \u20ac<\/td>\n<\/tr>\n<tr>\n<td class=\"aligncenter\">60 horas<\/td>\n<td>An\u00e1lisis de soluci\u00f3n inversa.<\/td>\n<td class=\"aligncenter\">15 \u20ac \/ hora<\/td>\n<td class=\"aligncenter\">900 \u20ac<\/td>\n<\/tr>\n<tr>\n<th class=\"aligncenter\">CANTIDAD<\/td>\n<th class=\"aligncenter\">CONCEPTO \/MATERIALES<\/td>\n<th class=\"aligncenter\">PRECIO<\/td>\n<th class=\"aligncenter\">TOTAL<\/td>\n<\/tr>\n<tr>\n<td><\/td>\n<td>Materiales necesarios para llevar a cabo los Registros.<\/td>\n<td><\/td>\n<td><\/td>\n<\/tr>\n<tr>\n<td class=\"aligncenter\">1<\/td>\n<td>ELECTRO\u2013GEL y suero salino.<\/td>\n<td><\/td>\n<td class=\"aligncenter\">30 \u20ac<\/td>\n<\/tr>\n<tr>\n<td class=\"aligncenter\">1<\/td>\n<td>TEN20 Conductive. Pasta conductora para electrodos externos.<\/td>\n<td><\/td>\n<td class=\"aligncenter\">30 \u20ac<\/td>\n<\/tr>\n<tr>\n<td class=\"aligncenter\">1<\/td>\n<td>IVORY ULTRA. Detergente para limpieza de gorro de electrodos.<\/td>\n<td><\/td>\n<td class=\"aligncenter\">20 \u20ac<\/td>\n<\/tr>\n<tr>\n<td colspan=\"3\" width=\"429\">Precio total proceso completo de realizaci\u00f3n de t\u00e9cnica de EEG\/PEs<\/td>\n<td class=\"aligncenter\">2.550 \u20ac<\/td>\n<\/tr>\n<tr>\n<td colspan=\"3\" width=\"429\">Precio total materiales<\/td>\n<td class=\"aligncenter\">80 \u20ac<\/td>\n<\/tr>\n<\/tbody>\n<\/table>\n","protected":false},"excerpt":{"rendered":"<p>A continuaci\u00f3n se detallan las tarifas del servicio del laboratorio para empresa, sin aplicar el IVA. En todas ellas se aplicar\u00e1 una reducci\u00f3n del 8% para los servicios prestados a la Universidad de Le\u00f3n y del 5% para organismos p\u00fablicos. &hellip; <a href=\"https:\/\/servicios.unileon.es\/lab-eeg-ciclo-vital\/tarifas-del-servicio-lab-eeg-ciclo-vital\/\">Sigue leyendo <span class=\"meta-nav\">&rarr;<\/span><\/a><\/p>\n","protected":false},"author":344,"featured_media":0,"parent":0,"menu_order":0,"comment_status":"closed","ping_status":"closed","template":"","meta":{"footnotes":""},"class_list":["post-79","page","type-page","status-publish","hentry"],"_links":{"self":[{"href":"https:\/\/servicios.unileon.es\/lab-eeg-ciclo-vital\/wp-json\/wp\/v2\/pages\/79","targetHints":{"allow":["GET"]}}],"collection":[{"href":"https:\/\/servicios.unileon.es\/lab-eeg-ciclo-vital\/wp-json\/wp\/v2\/pages"}],"about":[{"href":"https:\/\/servicios.unileon.es\/lab-eeg-ciclo-vital\/wp-json\/wp\/v2\/types\/page"}],"author":[{"embeddable":true,"href":"https:\/\/servicios.unileon.es\/lab-eeg-ciclo-vital\/wp-json\/wp\/v2\/users\/344"}],"replies":[{"embeddable":true,"href":"https:\/\/servicios.unileon.es\/lab-eeg-ciclo-vital\/wp-json\/wp\/v2\/comments?post=79"}],"version-history":[{"count":2,"href":"https:\/\/servicios.unileon.es\/lab-eeg-ciclo-vital\/wp-json\/wp\/v2\/pages\/79\/revisions"}],"predecessor-version":[{"id":81,"href":"https:\/\/servicios.unileon.es\/lab-eeg-ciclo-vital\/wp-json\/wp\/v2\/pages\/79\/revisions\/81"}],"wp:attachment":[{"href":"https:\/\/servicios.unileon.es\/lab-eeg-ciclo-vital\/wp-json\/wp\/v2\/media?parent=79"}],"curies":[{"name":"wp","href":"https:\/\/api.w.org\/{rel}","templated":true}]}}