{"id":76,"date":"2017-10-16T07:38:52","date_gmt":"2017-10-16T07:38:52","guid":{"rendered":"http:\/\/servicios.unileon.es\/lab-eeg-ciclo-vital\/?page_id=76"},"modified":"2017-10-17T08:07:04","modified_gmt":"2017-10-17T08:07:04","slug":"normas-para-solicitar-las-prestaciones-de-lab-eeg-ciclo-vital","status":"publish","type":"page","link":"https:\/\/servicios.unileon.es\/lab-eeg-ciclo-vital\/normas-para-solicitar-las-prestaciones-de-lab-eeg-ciclo-vital\/","title":{"rendered":"Normas para solicitar las prestaciones de LAB-EEG-Ciclo vital"},"content":{"rendered":"<p>El formulario a cumplimentar para solicitar el uso del equipo disponible en el laboratorio se encuentra en el enlace siguiente:<\/p>\n<p><a href=\"http:\/\/servicios.unileon.es\/lab-eeg-ciclo-vital\/files\/2017\/10\/Formulario-de-uso-del-equipo.doc\">Formulario de uso del equipo<\/a><\/p>\n<p>Debe enviar el formulario, una vez cuplimentado, al siguiente correo: <a href=\"mailto:mcreqh@unileon.es\">mcreqh@unileon.es<\/a><\/p>\n<p>Una vez recibida dicha solicitud se comunicar\u00e1 al interesado un informe previo con la previsi\u00f3n del trabajo a realizar que incluir\u00e1:<\/p>\n<ul>\n<li>Especificaci\u00f3n t\u00e9cnica de la tarea a resolver o de los ensayos a realizar.<\/li<\/ul>\n<li>Plan de trabajo previsto.<\/li>\n<li>Presupuesto.<\/li>\n<li>Duraci\u00f3n prevista para su desarrollo.<\/li>\n<\/ul>\n<p>La aceptaci\u00f3n de dicho preinforme por ambas partes, el solicitante y el LAB-EEG-Ciclo Vital, dar\u00e1 lugar a la realizaci\u00f3n del trabajo en los t\u00e9rminos acordados.<\/p>\n","protected":false},"excerpt":{"rendered":"<p>El formulario a cumplimentar para solicitar el uso del equipo disponible en el laboratorio se encuentra en el enlace siguiente: Formulario de uso del equipo Debe enviar el formulario, una vez cuplimentado, al siguiente correo: mcreqh@unileon.es Una vez recibida dicha &hellip; <a href=\"https:\/\/servicios.unileon.es\/lab-eeg-ciclo-vital\/normas-para-solicitar-las-prestaciones-de-lab-eeg-ciclo-vital\/\">Sigue leyendo <span class=\"meta-nav\">&rarr;<\/span><\/a><\/p>\n","protected":false},"author":344,"featured_media":0,"parent":0,"menu_order":0,"comment_status":"closed","ping_status":"closed","template":"","meta":{"footnotes":""},"class_list":["post-76","page","type-page","status-publish","hentry"],"_links":{"self":[{"href":"https:\/\/servicios.unileon.es\/lab-eeg-ciclo-vital\/wp-json\/wp\/v2\/pages\/76","targetHints":{"allow":["GET"]}}],"collection":[{"href":"https:\/\/servicios.unileon.es\/lab-eeg-ciclo-vital\/wp-json\/wp\/v2\/pages"}],"about":[{"href":"https:\/\/servicios.unileon.es\/lab-eeg-ciclo-vital\/wp-json\/wp\/v2\/types\/page"}],"author":[{"embeddable":true,"href":"https:\/\/servicios.unileon.es\/lab-eeg-ciclo-vital\/wp-json\/wp\/v2\/users\/344"}],"replies":[{"embeddable":true,"href":"https:\/\/servicios.unileon.es\/lab-eeg-ciclo-vital\/wp-json\/wp\/v2\/comments?post=76"}],"version-history":[{"count":4,"href":"https:\/\/servicios.unileon.es\/lab-eeg-ciclo-vital\/wp-json\/wp\/v2\/pages\/76\/revisions"}],"predecessor-version":[{"id":91,"href":"https:\/\/servicios.unileon.es\/lab-eeg-ciclo-vital\/wp-json\/wp\/v2\/pages\/76\/revisions\/91"}],"wp:attachment":[{"href":"https:\/\/servicios.unileon.es\/lab-eeg-ciclo-vital\/wp-json\/wp\/v2\/media?parent=76"}],"curies":[{"name":"wp","href":"https:\/\/api.w.org\/{rel}","templated":true}]}}