{"id":59,"date":"2017-10-16T07:23:39","date_gmt":"2017-10-16T07:23:39","guid":{"rendered":"http:\/\/servicios.unileon.es\/lab-eeg-ciclo-vital\/?page_id=59"},"modified":"2017-10-16T07:30:14","modified_gmt":"2017-10-16T07:30:14","slug":"analisis-tomografico-cuantitativo-de-eeg-qeegt","status":"publish","type":"page","link":"https:\/\/servicios.unileon.es\/lab-eeg-ciclo-vital\/equipamiento-disponible\/analisis-tomografico-cuantitativo-de-eeg-qeegt\/","title":{"rendered":"AN\u00c1LISIS TOMOGR\u00c1FICO CUANTITATIVO DE EEG (QEEGT)"},"content":{"rendered":"<p>El sistema qEEGT desarrolla el an\u00e1lisis electroencefalogr\u00e1fico en los dominios de frecuencia que permiten estimar la actividad spectral en los electrodos (topograf\u00eda) y en las fuentes (tomograf\u00eda). La medici\u00f3n de bandas admite tanto el modelo tradicional de bandas espectrales anchas (define un peque\u00f1o n\u00famero de bandas anchas para resumir la actividad espectral de EEG) como el modelo m\u00e1s refinado e informativo que incluye bandas estrechas y la posibilidad de analizar el espectro de EEG en cada frecuencia.<\/p>\n<p>El Sistema permite determinar los par\u00e1metros para calcular distintos modelos qEEGT (banda estrecha, banda ancha, tomograf\u00eda el\u00e9ctrica) con o sin transformaci\u00f3n Z asociada a la edad. El sistema incluye un m\u00e9todo novedoso de tomograf\u00eda 3D en el dominio de frecuencias, que consiste en un mapeo param\u00e9trico estad\u00edstico de espectros de fuentes. Las fuentes cerebrales se estiman por el m\u00e9todo de la soluci\u00f3n inversa basada en la resoluci\u00f3n variable de tomograf\u00eda electromagn\u00e9tica (VARETA). Las constricciones anat\u00f3micas se incorporan siguiendo el atlas cerebral probabil\u00edstico del Instituto Neurol\u00f3gico de Montreal (MNI).<\/p>\n<p class=\"aligncenter\"><a href=\"http:\/\/servicios.unileon.es\/lab-eeg-ciclo-vital\/files\/2017\/10\/image014.jpg\"><img decoding=\"async\" src=\"http:\/\/servicios.unileon.es\/lab-eeg-ciclo-vital\/files\/2017\/10\/image014-300x214.jpg\" alt=\"\" width=\"400\" class=\"size-medium wp-image-34\" srcset=\"https:\/\/servicios.unileon.es\/lab-eeg-ciclo-vital\/files\/2017\/10\/image014-300x214.jpg 300w, https:\/\/servicios.unileon.es\/lab-eeg-ciclo-vital\/files\/2017\/10\/image014.jpg 700w\" sizes=\"(max-width: 300px) 100vw, 300px\" \/><\/a><\/p>\n<p>Las medidas de bandas se representan por medio de mapas topogr\u00e1ficos, que en qEEGT pueden visualizarse con cinco modos de visi\u00f3n diferentes y cinco paletas de colores que pueden alterarse, editarse y modificarse en funci\u00f3n del tipo de escala y la resoluci\u00f3n de la tomograf\u00eda el\u00e9ctrica que se calcule. Las medidas de banda ancha se representan por medio de mapas topogr\u00e1ficos. En qEEGT los mapas topogr\u00e1ficos pueden visualizarse en cinco modos de vista y paletas de colores en funci\u00f3n del tipo de escala.<\/p>\n<p>El sistema qEEGT incorpora un factor de correcci\u00f3n que permite eliminar diferencias de escala entre datos de EEG de diferentes sujetos. El sistema qEEGT acepta datos EEG en su formato nativo as\u00ed como en formato Neuroscan (CNT y EEG) y ASCII, facilitando la empleabilidad del sistema en todo tipo de entornos. El sistema genera videos en la pantalla de bandas estrechas, que se salvan en formato Windows est\u00e1ndard AVI.<\/p>\n<p class=\"aligncenter\"><a href=\"http:\/\/servicios.unileon.es\/lab-eeg-ciclo-vital\/files\/2017\/10\/image016.jpg\"><img decoding=\"async\" src=\"http:\/\/servicios.unileon.es\/lab-eeg-ciclo-vital\/files\/2017\/10\/image016-300x214.jpg\" alt=\"\" width=\"290\" class=\"floatleft size-medium wp-image-35\" srcset=\"https:\/\/servicios.unileon.es\/lab-eeg-ciclo-vital\/files\/2017\/10\/image016-300x214.jpg 300w, https:\/\/servicios.unileon.es\/lab-eeg-ciclo-vital\/files\/2017\/10\/image016.jpg 700w\" sizes=\"(max-width: 300px) 100vw, 300px\" \/><\/a><a href=\"http:\/\/servicios.unileon.es\/lab-eeg-ciclo-vital\/files\/2017\/10\/image018.jpg\"><img decoding=\"async\" src=\"http:\/\/servicios.unileon.es\/lab-eeg-ciclo-vital\/files\/2017\/10\/image018-300x230.jpg\" alt=\"\" width=\"270\" class=\"floatright size-medium wp-image-36\" srcset=\"https:\/\/servicios.unileon.es\/lab-eeg-ciclo-vital\/files\/2017\/10\/image018-300x230.jpg 300w, https:\/\/servicios.unileon.es\/lab-eeg-ciclo-vital\/files\/2017\/10\/image018.jpg 636w\" sizes=\"(max-width: 300px) 100vw, 300px\" \/><\/a><\/p>\n<p class=\"clear\">&nbsp;<\/p>\n","protected":false},"excerpt":{"rendered":"<p>El sistema qEEGT desarrolla el an\u00e1lisis electroencefalogr\u00e1fico en los dominios de frecuencia que permiten estimar la actividad spectral en los electrodos (topograf\u00eda) y en las fuentes (tomograf\u00eda). La medici\u00f3n de bandas admite tanto el modelo tradicional de bandas espectrales anchas &hellip; <a href=\"https:\/\/servicios.unileon.es\/lab-eeg-ciclo-vital\/equipamiento-disponible\/analisis-tomografico-cuantitativo-de-eeg-qeegt\/\">Sigue leyendo <span class=\"meta-nav\">&rarr;<\/span><\/a><\/p>\n","protected":false},"author":344,"featured_media":0,"parent":26,"menu_order":0,"comment_status":"closed","ping_status":"closed","template":"","meta":{"footnotes":""},"class_list":["post-59","page","type-page","status-publish","hentry"],"_links":{"self":[{"href":"https:\/\/servicios.unileon.es\/lab-eeg-ciclo-vital\/wp-json\/wp\/v2\/pages\/59","targetHints":{"allow":["GET"]}}],"collection":[{"href":"https:\/\/servicios.unileon.es\/lab-eeg-ciclo-vital\/wp-json\/wp\/v2\/pages"}],"about":[{"href":"https:\/\/servicios.unileon.es\/lab-eeg-ciclo-vital\/wp-json\/wp\/v2\/types\/page"}],"author":[{"embeddable":true,"href":"https:\/\/servicios.unileon.es\/lab-eeg-ciclo-vital\/wp-json\/wp\/v2\/users\/344"}],"replies":[{"embeddable":true,"href":"https:\/\/servicios.unileon.es\/lab-eeg-ciclo-vital\/wp-json\/wp\/v2\/comments?post=59"}],"version-history":[{"count":7,"href":"https:\/\/servicios.unileon.es\/lab-eeg-ciclo-vital\/wp-json\/wp\/v2\/pages\/59\/revisions"}],"predecessor-version":[{"id":66,"href":"https:\/\/servicios.unileon.es\/lab-eeg-ciclo-vital\/wp-json\/wp\/v2\/pages\/59\/revisions\/66"}],"up":[{"embeddable":true,"href":"https:\/\/servicios.unileon.es\/lab-eeg-ciclo-vital\/wp-json\/wp\/v2\/pages\/26"}],"wp:attachment":[{"href":"https:\/\/servicios.unileon.es\/lab-eeg-ciclo-vital\/wp-json\/wp\/v2\/media?parent=59"}],"curies":[{"name":"wp","href":"https:\/\/api.w.org\/{rel}","templated":true}]}}