{"id":55,"date":"2017-10-16T07:14:51","date_gmt":"2017-10-16T07:14:51","guid":{"rendered":"http:\/\/servicios.unileon.es\/lab-eeg-ciclo-vital\/?page_id=55"},"modified":"2017-10-16T07:32:17","modified_gmt":"2017-10-16T07:32:17","slug":"psicofisiologia","status":"publish","type":"page","link":"https:\/\/servicios.unileon.es\/lab-eeg-ciclo-vital\/equipamiento-disponible\/psicofisiologia\/","title":{"rendered":"PSICOFISIOLOG\u00cdA"},"content":{"rendered":"<p>Est\u00e1 dise\u00f1ado siguiendo la l\u00f3gica del trabajo experimental en Psicofisiolog\u00eda. Presenta los siguientes m\u00f3dulos:<\/p>\n<h3>Registro de Psicofisiolog\u00eda<\/h3>\n<p>Permite obtener el registro continuo del EEG sincronizado con el paradigma de estimulaci\u00f3n que se le aplica al sujeto a trav\u00e9s del sistema Neuronic Estimulador. Tambi\u00e9n puede sincronizarse con otros estimuladores a trav\u00e9s de los puertos serie y paralelo. El registro del EEG se realiza con los equipos Medicid. Posibilita definir protocolos de registros.<\/p>\n<h3>Edici\u00f3n y An\u00e1lisis de Pes<\/h3>\n<p>Contiene las operaciones que tradicionalmente se efect\u00faan para la obtenci\u00f3n y an\u00e1lisis de los PRE end\u00f3genos, entre las que se encuentran: selecci\u00f3n y promediaci\u00f3n de los segmentos EEG sincronizado a los est\u00edmulos, mediciones de latencias y amplitudes, suma, resta y promedios de los PRE, superposici\u00f3n de se\u00f1ales y presentaci\u00f3n de mapas de voltajes.<\/p>\n<p>Las operaciones de uso m\u00e1s frecuentes se hacen simult\u00e1neamente para las distintas condiciones establecidas en el experimento y existen tres dise\u00f1os para la presentaci\u00f3n de las se\u00f1ales, permitiendo definir estilos de l\u00edneas, colores, ubicaci\u00f3n de las escalas de tiempo y seleccionar canales previamente establecidos. Todo ello facilita la comparaci\u00f3n y brinda mayor comodidad para el an\u00e1lisis visual de los PRE, especialmente cuando se trabaja con registros de alta densidad.<\/p>\n<p class=\"aligncenter\"><a href=\"http:\/\/servicios.unileon.es\/lab-eeg-ciclo-vital\/files\/2017\/10\/image011.jpg\"><img decoding=\"async\" src=\"http:\/\/servicios.unileon.es\/lab-eeg-ciclo-vital\/files\/2017\/10\/image011-300x214.jpg\" alt=\"\" width=\"450\" class=\"size-medium wp-image-33\" srcset=\"https:\/\/servicios.unileon.es\/lab-eeg-ciclo-vital\/files\/2017\/10\/image011-300x214.jpg 300w, https:\/\/servicios.unileon.es\/lab-eeg-ciclo-vital\/files\/2017\/10\/image011.jpg 700w\" sizes=\"(max-width: 300px) 100vw, 300px\" \/><\/a><\/p>\n<h3>Disminuci\u00f3n de ruido de fondo<\/h3>\n<p>Junto con los m\u00e9todos tradicionales para la disminuci\u00f3n de los ruidos de fondo, Neuronic Psicofisiolog\u00eda permite la correcci\u00f3n de movimientos oculares y el rechazo autom\u00e1tico de segmentos y canales con artefactos a partir de las caracter\u00edsticas de la muestra, posibilitando la recuperaci\u00f3n de los canales con artefactos.<\/p>\n<h3>Localizaci\u00f3n de los generadores de los componentes End\u00f3genos<\/h3>\n<p>Realiza la comunicaci\u00f3n de los sistemas Neuronic Tomograf\u00eda y Neuronic Presentador Topogr\u00e1fico para la estimaci\u00f3n de los generadores. Se ofertan diferentes m\u00e9todos para estimar las soluciones inversas sobre cerebro y superficie.<\/p>\n<h3>An\u00e1lisis estad\u00edsticos de los PRE<\/h3>\n<p>Permite la comparaci\u00f3n estad\u00edstica dentro de un individuo o entre grupos de individuos. La presentaci\u00f3n del an\u00e1lisis estad\u00edstico se realiza a trav\u00e9s de preguntas acerca de la situaci\u00f3n experimental. Para dar respuesta a las interrogantes, se ofertan m\u00e9todos param\u00e9tricos y la prueba de permutaciones.<\/p>\n<p class=\"aligncenter\"><a href=\"http:\/\/servicios.unileon.es\/lab-eeg-ciclo-vital\/files\/2017\/10\/image009.jpg\"><img decoding=\"async\" src=\"http:\/\/servicios.unileon.es\/lab-eeg-ciclo-vital\/files\/2017\/10\/image009-300x214.jpg\" alt=\"\" width=\"450\" class=\"size-medium wp-image-32\" srcset=\"https:\/\/servicios.unileon.es\/lab-eeg-ciclo-vital\/files\/2017\/10\/image009-300x214.jpg 300w, https:\/\/servicios.unileon.es\/lab-eeg-ciclo-vital\/files\/2017\/10\/image009.jpg 700w\" sizes=\"(max-width: 300px) 100vw, 300px\" \/><\/a><\/p>\n","protected":false},"excerpt":{"rendered":"<p>Est\u00e1 dise\u00f1ado siguiendo la l\u00f3gica del trabajo experimental en Psicofisiolog\u00eda. Presenta los siguientes m\u00f3dulos: Registro de Psicofisiolog\u00eda Permite obtener el registro continuo del EEG sincronizado con el paradigma de estimulaci\u00f3n que se le aplica al sujeto a trav\u00e9s del sistema &hellip; <a href=\"https:\/\/servicios.unileon.es\/lab-eeg-ciclo-vital\/equipamiento-disponible\/psicofisiologia\/\">Sigue leyendo <span class=\"meta-nav\">&rarr;<\/span><\/a><\/p>\n","protected":false},"author":344,"featured_media":0,"parent":26,"menu_order":0,"comment_status":"closed","ping_status":"closed","template":"","meta":{"footnotes":""},"class_list":["post-55","page","type-page","status-publish","hentry"],"_links":{"self":[{"href":"https:\/\/servicios.unileon.es\/lab-eeg-ciclo-vital\/wp-json\/wp\/v2\/pages\/55","targetHints":{"allow":["GET"]}}],"collection":[{"href":"https:\/\/servicios.unileon.es\/lab-eeg-ciclo-vital\/wp-json\/wp\/v2\/pages"}],"about":[{"href":"https:\/\/servicios.unileon.es\/lab-eeg-ciclo-vital\/wp-json\/wp\/v2\/types\/page"}],"author":[{"embeddable":true,"href":"https:\/\/servicios.unileon.es\/lab-eeg-ciclo-vital\/wp-json\/wp\/v2\/users\/344"}],"replies":[{"embeddable":true,"href":"https:\/\/servicios.unileon.es\/lab-eeg-ciclo-vital\/wp-json\/wp\/v2\/comments?post=55"}],"version-history":[{"count":2,"href":"https:\/\/servicios.unileon.es\/lab-eeg-ciclo-vital\/wp-json\/wp\/v2\/pages\/55\/revisions"}],"predecessor-version":[{"id":74,"href":"https:\/\/servicios.unileon.es\/lab-eeg-ciclo-vital\/wp-json\/wp\/v2\/pages\/55\/revisions\/74"}],"up":[{"embeddable":true,"href":"https:\/\/servicios.unileon.es\/lab-eeg-ciclo-vital\/wp-json\/wp\/v2\/pages\/26"}],"wp:attachment":[{"href":"https:\/\/servicios.unileon.es\/lab-eeg-ciclo-vital\/wp-json\/wp\/v2\/media?parent=55"}],"curies":[{"name":"wp","href":"https:\/\/api.w.org\/{rel}","templated":true}]}}