{"id":49,"date":"2017-10-16T07:08:30","date_gmt":"2017-10-16T07:08:30","guid":{"rendered":"http:\/\/servicios.unileon.es\/lab-eeg-ciclo-vital\/?page_id=49"},"modified":"2017-10-16T07:29:43","modified_gmt":"2017-10-16T07:29:43","slug":"potenciales-evocados","status":"publish","type":"page","link":"https:\/\/servicios.unileon.es\/lab-eeg-ciclo-vital\/equipamiento-disponible\/potenciales-evocados\/","title":{"rendered":"POTENCIALES EVOCADOS"},"content":{"rendered":"<p>Sistema dise\u00f1ado para el registro y an\u00e1lisis de potenciales evocados ex\u00f3genos. Est\u00e1 formado por los m\u00f3dulos: Potenciales Evocados y Administrador de Estudios.<\/p>\n<p class=\"aligncenter\"><a href=\"http:\/\/servicios.unileon.es\/lab-eeg-ciclo-vital\/files\/2017\/10\/image007.jpg\"><img decoding=\"async\" src=\"http:\/\/servicios.unileon.es\/lab-eeg-ciclo-vital\/files\/2017\/10\/image007-300x214.jpg\" alt=\"\" width=\"450\" class=\"size-medium wp-image-31\" srcset=\"https:\/\/servicios.unileon.es\/lab-eeg-ciclo-vital\/files\/2017\/10\/image007-300x214.jpg 300w, https:\/\/servicios.unileon.es\/lab-eeg-ciclo-vital\/files\/2017\/10\/image007.jpg 700w\" sizes=\"(max-width: 300px) 100vw, 300px\" \/><\/a><\/p>\n<h3>Caracter\u00edsticas<\/h3>\n<p>Utilizando la capacidad de multitarea de Windows pueden ejecutarse aplicaciones de este sistema y del sistema Neuronic EMG al mismo tiempo e intercambiar informaci\u00f3n entre ellas. Todas las aplicaciones cuentan con una barra de aplicaciones que permite el acceso r\u00e1pido a las aplicaciones de ambos sistemas.<\/p>\n<p>Facilidad para seleccionar las condiciones de amplificaci\u00f3n, registro y estimulaci\u00f3n necesarias y posibilidad de salvar estas condiciones como un protocolo que puede utilizarse en el momento en que se requiera. Un sistema de se\u00f1alizaci\u00f3n que permite definir los cursores e intervalos intercanales que son presentados en los informes generados autom\u00e1ticamente por el sistema.<\/p>\n<p>C\u00e1lculo de estad\u00edgrafos en l\u00ednea que eval\u00faan la calidad de la se\u00f1al registrada. El sistema indica los valores que est\u00e1n fuera del rango normal y brinda la posibilidad de definir un criterio de parada autom\u00e1tico del registro por alcanzar los umbrales definidos para uno o varios indicadores.<\/p>\n<p class=\"aligncenter\"><a href=\"http:\/\/servicios.unileon.es\/lab-eeg-ciclo-vital\/files\/2017\/10\/image009.jpg\"><img decoding=\"async\" src=\"http:\/\/servicios.unileon.es\/lab-eeg-ciclo-vital\/files\/2017\/10\/image009-300x214.jpg\" alt=\"\" width=\"450\" class=\"size-medium wp-image-32\" srcset=\"https:\/\/servicios.unileon.es\/lab-eeg-ciclo-vital\/files\/2017\/10\/image009-300x214.jpg 300w, https:\/\/servicios.unileon.es\/lab-eeg-ciclo-vital\/files\/2017\/10\/image009.jpg 700w\" sizes=\"(max-width: 300px) 100vw, 300px\" \/><\/a><\/p>\n<p>Herramientas para el an\u00e1lisis de la se\u00f1al con opciones para graficar el ruido y analizar el espectro. Presentaci\u00f3n de los resultados en forma de tablas y gr\u00e1ficos. El sistema de administraci\u00f3n de bases de datos permite que toda la informaci\u00f3n relacionada con el registro se almacene junto a los datos del sujeto y otros de inter\u00e9s del estudio que se realiza. El sistema que permite recuperar la informaci\u00f3n almacenada utilizando diferentes criterios de b\u00fasqueda.<\/p>\n<p>Tambi\u00e9n dispone de una utilidad para generar informes editables, imprimibles y almacenables que permiten imprimir se\u00f1ales y tablas con informaci\u00f3n de inter\u00e9s.<\/p>\n<p>Neuronic PEs se puede ejecutar en los sistemas operativos Windows XP\u00ae y Windows Vista\u00ae. Esta aplicaci\u00f3n se utiliza con el Equipo Neuronic (en sus versiones 4U, 5 y 5l) y en su nueva version Neuronic N6.5.<\/p>\n","protected":false},"excerpt":{"rendered":"<p>Sistema dise\u00f1ado para el registro y an\u00e1lisis de potenciales evocados ex\u00f3genos. Est\u00e1 formado por los m\u00f3dulos: Potenciales Evocados y Administrador de Estudios. Caracter\u00edsticas Utilizando la capacidad de multitarea de Windows pueden ejecutarse aplicaciones de este sistema y del sistema Neuronic &hellip; <a href=\"https:\/\/servicios.unileon.es\/lab-eeg-ciclo-vital\/equipamiento-disponible\/potenciales-evocados\/\">Sigue leyendo <span class=\"meta-nav\">&rarr;<\/span><\/a><\/p>\n","protected":false},"author":344,"featured_media":0,"parent":26,"menu_order":0,"comment_status":"closed","ping_status":"closed","template":"","meta":{"footnotes":""},"class_list":["post-49","page","type-page","status-publish","hentry"],"_links":{"self":[{"href":"https:\/\/servicios.unileon.es\/lab-eeg-ciclo-vital\/wp-json\/wp\/v2\/pages\/49","targetHints":{"allow":["GET"]}}],"collection":[{"href":"https:\/\/servicios.unileon.es\/lab-eeg-ciclo-vital\/wp-json\/wp\/v2\/pages"}],"about":[{"href":"https:\/\/servicios.unileon.es\/lab-eeg-ciclo-vital\/wp-json\/wp\/v2\/types\/page"}],"author":[{"embeddable":true,"href":"https:\/\/servicios.unileon.es\/lab-eeg-ciclo-vital\/wp-json\/wp\/v2\/users\/344"}],"replies":[{"embeddable":true,"href":"https:\/\/servicios.unileon.es\/lab-eeg-ciclo-vital\/wp-json\/wp\/v2\/comments?post=49"}],"version-history":[{"count":3,"href":"https:\/\/servicios.unileon.es\/lab-eeg-ciclo-vital\/wp-json\/wp\/v2\/pages\/49\/revisions"}],"predecessor-version":[{"id":52,"href":"https:\/\/servicios.unileon.es\/lab-eeg-ciclo-vital\/wp-json\/wp\/v2\/pages\/49\/revisions\/52"}],"up":[{"embeddable":true,"href":"https:\/\/servicios.unileon.es\/lab-eeg-ciclo-vital\/wp-json\/wp\/v2\/pages\/26"}],"wp:attachment":[{"href":"https:\/\/servicios.unileon.es\/lab-eeg-ciclo-vital\/wp-json\/wp\/v2\/media?parent=49"}],"curies":[{"name":"wp","href":"https:\/\/api.w.org\/{rel}","templated":true}]}}