{"id":47,"date":"2017-10-16T07:05:39","date_gmt":"2017-10-16T07:05:39","guid":{"rendered":"http:\/\/servicios.unileon.es\/lab-eeg-ciclo-vital\/?page_id=47"},"modified":"2017-10-16T07:29:26","modified_gmt":"2017-10-16T07:29:26","slug":"sistema-de-electroencefalografia","status":"publish","type":"page","link":"https:\/\/servicios.unileon.es\/lab-eeg-ciclo-vital\/equipamiento-disponible\/sistema-de-electroencefalografia\/","title":{"rendered":"SISTEMA DE ELECTROENCEFALOGRAF\u00cdA"},"content":{"rendered":"<h3>Registro del EEG<\/h3>\n<ul>\n<li>Registro continuo a diferentes velocidades con montajes monopolares, bipolares o referencia promedio.<\/li>\n<li>Adecuaci\u00f3n de la sensibilidad para cada canal o para todos a la vez.<\/li>\n<li>Inserci\u00f3n de los cambios del estado funcional del sujeto.<\/li>\n<li>Dise\u00f1o de m\u00faltiples protocolos de trabajo.<\/li>\n<li>Sincronizaci\u00f3n con video digital.<\/li>\n<\/ul>\n<p><a href=\"http:\/\/servicios.unileon.es\/lab-eeg-ciclo-vital\/files\/2017\/10\/image005.jpg\"><img loading=\"lazy\" decoding=\"async\" src=\"http:\/\/servicios.unileon.es\/lab-eeg-ciclo-vital\/files\/2017\/10\/image005-300x213.jpg\" alt=\"\" width=\"300\" height=\"213\" class=\"floatright size-medium wp-image-30\" srcset=\"https:\/\/servicios.unileon.es\/lab-eeg-ciclo-vital\/files\/2017\/10\/image005-300x213.jpg 300w, https:\/\/servicios.unileon.es\/lab-eeg-ciclo-vital\/files\/2017\/10\/image005.jpg 602w\" sizes=\"auto, (max-width: 300px) 100vw, 300px\" \/><\/a><\/p>\n<h3>Edici\u00f3n del EEG<\/h3>\n<ul>\n<li>Avance y retroceso p\u00e1gina a p\u00e1gina o de forma continua.<\/li>\n<li>Revisi\u00f3n del trazado a diferentes velocidades con montajes monopolares, bipolares, referencia   promedio u operador laplaciano.<\/li>\n<li>Detecci\u00f3n autom\u00e1tica de eventos parox\u00edsticos en el EEG.<\/li>\n<li>Medici\u00f3n de la frecuencia y amplitud de elementos interesantes del trazado mediante cursores.<\/li>\n<li>Posibilidad de localizaci\u00f3n inmediata de un estado, marca o comentario que se desea evaluar.<\/li>\n<li>Revisi\u00f3n del trazado sincronizado con video a diferentes velocidades y factor de amplificaci\u00f3n de la imagen.<\/li>\n<\/ul>\n","protected":false},"excerpt":{"rendered":"<p>Registro del EEG Registro continuo a diferentes velocidades con montajes monopolares, bipolares o referencia promedio. Adecuaci\u00f3n de la sensibilidad para cada canal o para todos a la vez. Inserci\u00f3n de los cambios del estado funcional del sujeto. Dise\u00f1o de m\u00faltiples &hellip; <a href=\"https:\/\/servicios.unileon.es\/lab-eeg-ciclo-vital\/equipamiento-disponible\/sistema-de-electroencefalografia\/\">Sigue leyendo <span class=\"meta-nav\">&rarr;<\/span><\/a><\/p>\n","protected":false},"author":344,"featured_media":0,"parent":26,"menu_order":0,"comment_status":"closed","ping_status":"closed","template":"","meta":{"footnotes":""},"class_list":["post-47","page","type-page","status-publish","hentry"],"_links":{"self":[{"href":"https:\/\/servicios.unileon.es\/lab-eeg-ciclo-vital\/wp-json\/wp\/v2\/pages\/47","targetHints":{"allow":["GET"]}}],"collection":[{"href":"https:\/\/servicios.unileon.es\/lab-eeg-ciclo-vital\/wp-json\/wp\/v2\/pages"}],"about":[{"href":"https:\/\/servicios.unileon.es\/lab-eeg-ciclo-vital\/wp-json\/wp\/v2\/types\/page"}],"author":[{"embeddable":true,"href":"https:\/\/servicios.unileon.es\/lab-eeg-ciclo-vital\/wp-json\/wp\/v2\/users\/344"}],"replies":[{"embeddable":true,"href":"https:\/\/servicios.unileon.es\/lab-eeg-ciclo-vital\/wp-json\/wp\/v2\/comments?post=47"}],"version-history":[{"count":1,"href":"https:\/\/servicios.unileon.es\/lab-eeg-ciclo-vital\/wp-json\/wp\/v2\/pages\/47\/revisions"}],"predecessor-version":[{"id":48,"href":"https:\/\/servicios.unileon.es\/lab-eeg-ciclo-vital\/wp-json\/wp\/v2\/pages\/47\/revisions\/48"}],"up":[{"embeddable":true,"href":"https:\/\/servicios.unileon.es\/lab-eeg-ciclo-vital\/wp-json\/wp\/v2\/pages\/26"}],"wp:attachment":[{"href":"https:\/\/servicios.unileon.es\/lab-eeg-ciclo-vital\/wp-json\/wp\/v2\/media?parent=47"}],"curies":[{"name":"wp","href":"https:\/\/api.w.org\/{rel}","templated":true}]}}