{"id":37,"date":"2017-10-16T06:58:24","date_gmt":"2017-10-16T06:58:24","guid":{"rendered":"http:\/\/servicios.unileon.es\/lab-eeg-ciclo-vital\/?page_id=37"},"modified":"2017-10-16T07:29:07","modified_gmt":"2017-10-16T07:29:07","slug":"casco-scalp-64-canales","status":"publish","type":"page","link":"https:\/\/servicios.unileon.es\/lab-eeg-ciclo-vital\/equipamiento-disponible\/casco-scalp-64-canales\/","title":{"rendered":"CASCO SCALP-64 CANALES"},"content":{"rendered":"<p>El casco de registro est\u00e1 compuesto por un Bloque de Control que se comunica a un ordenador mediante una interfaz serie de alta velocidad, permitiendo ejecutar diferentes softwares de registro y an\u00e1lisis, a trav\u00e9s de los cuales el operador controla el desarrollo del experimento en curso (software de registro) y realiza el posterior an\u00e1lisis de los datos obtenidos (software de Aplicaci\u00f3n). Al Bloque de Control se conecta a los Bloques de Amplificadores Bioel\u00e9ctricos de 64 canales y los estimuladores Psicofisiol\u00f3gicos.<\/p>\n<p>Caracter\u00edsticas principales:<\/p>\n<p><a href=\"http:\/\/servicios.unileon.es\/lab-eeg-ciclo-vital\/files\/2017\/10\/image001.jpg\"><img decoding=\"async\" class=\"floatright size-medium wp-image-28\" src=\"http:\/\/servicios.unileon.es\/lab-eeg-ciclo-vital\/files\/2017\/10\/image001-300x201.jpg\" alt=\"\" width=\"300\" srcset=\"https:\/\/servicios.unileon.es\/lab-eeg-ciclo-vital\/files\/2017\/10\/image001-300x201.jpg 300w, https:\/\/servicios.unileon.es\/lab-eeg-ciclo-vital\/files\/2017\/10\/image001.jpg 504w\" sizes=\"(max-width: 300px) 100vw, 300px\" \/><\/a><\/p>\n<ul>\n<li>64 canales monopolares de 0.05 a 100Hz.<\/li>\n<li>8 canales bipolares de 0.05 a 100Hz.<\/li>\n<li>3 canales bipolares: DC a 160Hz.<\/li>\n<li>1 canal de temperatura: DC a 160Hz.<\/li>\n<li>Sistema A\/D: 16 bits.<\/li>\n<li>Frecuencia de muestreo hasta 1KHz.<\/li>\n<li>Interfaz USB<\/li>\n<li>Voltaje de Alimentaci\u00f3n: (110-240) VAC 50\/60 Hz, 15A.<\/li>\n<li>Estimulador a Flash.<\/li>\n<li>Ordenador de sobremesa.<\/li>\n<li>Carro.<\/li>\n<li>Transformador de aislamiento el\u00e9ctrico.<\/li>\n<\/ul>\n<p>El equipamiento cuenta con licencia para los siguientes programas de Neuronic:<\/p>\n<p><a href=\"http:\/\/servicios.unileon.es\/lab-eeg-ciclo-vital\/files\/2017\/10\/image004.jpg\"><img decoding=\"async\" class=\"floatright size-medium wp-image-42\" src=\"http:\/\/servicios.unileon.es\/lab-eeg-ciclo-vital\/files\/2017\/10\/image004-280x300.jpg\" alt=\"\" width=\"300\" srcset=\"https:\/\/servicios.unileon.es\/lab-eeg-ciclo-vital\/files\/2017\/10\/image004-280x300.jpg 280w, https:\/\/servicios.unileon.es\/lab-eeg-ciclo-vital\/files\/2017\/10\/image004.jpg 314w\" sizes=\"(max-width: 280px) 100vw, 280px\" \/><\/a><\/p>\n<ol class=\"big\">\n<li>neuronic estad\u00edstica<\/li>\n<li>neuronic visualizador tomogr\u00e1fico<\/li>\n<li>neuronic visualizador 3D<\/li>\n<li>neuronic EEG cuantitativo tomogr\u00e1fico<\/li>\n<li>an\u00e1lisis de psicofisiologia<\/li>\n<li>registro de psicofisiologia<\/li>\n<li>registro de EEG<\/li>\n<li>Edici\u00f3n de EEG 6.3.1.<\/li>\n<\/ol>\n","protected":false},"excerpt":{"rendered":"<p>El casco de registro est\u00e1 compuesto por un Bloque de Control que se comunica a un ordenador mediante una interfaz serie de alta velocidad, permitiendo ejecutar diferentes softwares de registro y an\u00e1lisis, a trav\u00e9s de los cuales el operador controla &hellip; <a href=\"https:\/\/servicios.unileon.es\/lab-eeg-ciclo-vital\/equipamiento-disponible\/casco-scalp-64-canales\/\">Sigue leyendo <span class=\"meta-nav\">&rarr;<\/span><\/a><\/p>\n","protected":false},"author":344,"featured_media":0,"parent":26,"menu_order":0,"comment_status":"closed","ping_status":"closed","template":"","meta":{"footnotes":""},"class_list":["post-37","page","type-page","status-publish","hentry"],"_links":{"self":[{"href":"https:\/\/servicios.unileon.es\/lab-eeg-ciclo-vital\/wp-json\/wp\/v2\/pages\/37","targetHints":{"allow":["GET"]}}],"collection":[{"href":"https:\/\/servicios.unileon.es\/lab-eeg-ciclo-vital\/wp-json\/wp\/v2\/pages"}],"about":[{"href":"https:\/\/servicios.unileon.es\/lab-eeg-ciclo-vital\/wp-json\/wp\/v2\/types\/page"}],"author":[{"embeddable":true,"href":"https:\/\/servicios.unileon.es\/lab-eeg-ciclo-vital\/wp-json\/wp\/v2\/users\/344"}],"replies":[{"embeddable":true,"href":"https:\/\/servicios.unileon.es\/lab-eeg-ciclo-vital\/wp-json\/wp\/v2\/comments?post=37"}],"version-history":[{"count":3,"href":"https:\/\/servicios.unileon.es\/lab-eeg-ciclo-vital\/wp-json\/wp\/v2\/pages\/37\/revisions"}],"predecessor-version":[{"id":43,"href":"https:\/\/servicios.unileon.es\/lab-eeg-ciclo-vital\/wp-json\/wp\/v2\/pages\/37\/revisions\/43"}],"up":[{"embeddable":true,"href":"https:\/\/servicios.unileon.es\/lab-eeg-ciclo-vital\/wp-json\/wp\/v2\/pages\/26"}],"wp:attachment":[{"href":"https:\/\/servicios.unileon.es\/lab-eeg-ciclo-vital\/wp-json\/wp\/v2\/media?parent=37"}],"curies":[{"name":"wp","href":"https:\/\/api.w.org\/{rel}","templated":true}]}}