{"id":26,"date":"2017-10-16T06:53:01","date_gmt":"2017-10-16T06:53:01","guid":{"rendered":"http:\/\/servicios.unileon.es\/lab-eeg-ciclo-vital\/?page_id=26"},"modified":"2021-12-15T10:30:25","modified_gmt":"2021-12-15T10:30:25","slug":"equipamiento-disponible","status":"publish","type":"page","link":"https:\/\/servicios.unileon.es\/lab-eeg-ciclo-vital\/equipamiento-disponible\/","title":{"rendered":"Equipamiento disponible"},"content":{"rendered":"<h3>EQUIPAMIENTO EEG-FIJO<\/h3>\n<ul class=\"big\">\n<li><a href=\"\/lab-eeg-ciclo-vital\/casco-scalp-64-canales\/\">Casco scalp-64 canales<\/a><\/li>\n<li><a href=\"\/lab-eeg-ciclo-vital\/sistema-de-electroencefalografia\/\">Sistema de EEG<\/a><\/li>\n<li><a href=\"\/lab-eeg-ciclo-vital\/potenciales-evocados\/\">Potenciales evocados<\/a><\/li>\n<li><a href=\"\/lab-eeg-ciclo-vital\/psicofisiologia\/\">Psicofisiolog\u00eda<\/a><\/li>\n<li><a href=\"\/lab-eeg-ciclo-vital\/analisis-tomografico-cuantitativo-de-eeg-qeegt\/\">An\u00e1lisis tomogr\u00e1fico QEEGT<\/a><\/li>\n<\/ul>\n<h3><a href=\"\/lab-eeg-ciclo-vital\/files\/2021\/12\/Descripcion_EEG.pdf\">EEG-PORTABLE<\/a><\/h3>\n<ul>\n<li>Sistema EEG\/ERP&#8217;s actiCHAMP de 64 canales<\/li>\n<li>Amplificador 64 canales EEG + 8 Poligraf\u00eda<\/li>\n<li>Set actiCAP de 64 electrodos ACTIVOS<\/li>\n<li>Programa Brainvision Recorder de registro<\/li>\n<li>Programa Brainvision Analyzer de an\u00e1lisis<\/li>\n<li>1 gorro para 64<\/li>\n<li>2 gorros con 64 electrodos incorporados<\/li>\n<\/ul>\n<h3><a href=\"\/lab-eeg-ciclo-vital\/files\/2021\/12\/Descripcion_fNIRS.pdf\">SISTEMA NIRX &#8211; NIRSport 8&#215;8<\/a><\/h3>\n<ul>\n<li>Detectores de luz por LED. Conectividad por USB<\/li>\n<li>Unidad base NIRSport, incluye fuentes de luz y detectores<\/li>\n<li>Puerto 4-bits entradas TTL<\/li>\n<li>2 gorros con 128 posiciones, funda y arn\u00e9s<\/li>\n<li>Programa de control de dispositivo NIRx &#8211; NIRStar<\/li>\n<li>Programa de revisi\u00f3n\/an\u00e1lisis nisrLAB para<\/li>\n<li>An\u00e1lisis avanzados de fNIRS, manipulaci\u00f3n datos<\/li>\n<li>Protocolos neuroimagen, 2D y 3D, vista cortical de<\/li>\n<li>Respuesta hemodin\u00e1mica<\/li>\n<li>8 sensores activos de fibra \u00f3ptica con cable<\/li>\n<li>Ordenador tablet port\u00e1til configurado<\/li>\n<\/ul>\n","protected":false},"excerpt":{"rendered":"<p>EQUIPAMIENTO EEG-FIJO Casco scalp-64 canales Sistema de EEG Potenciales evocados Psicofisiolog\u00eda An\u00e1lisis tomogr\u00e1fico QEEGT EEG-PORTABLE Sistema EEG\/ERP&#8217;s actiCHAMP de 64 canales Amplificador 64 canales EEG + 8 Poligraf\u00eda Set actiCAP de 64 electrodos ACTIVOS Programa Brainvision Recorder de registro Programa &hellip; <a href=\"https:\/\/servicios.unileon.es\/lab-eeg-ciclo-vital\/equipamiento-disponible\/\">Sigue leyendo <span class=\"meta-nav\">&rarr;<\/span><\/a><\/p>\n","protected":false},"author":344,"featured_media":0,"parent":0,"menu_order":0,"comment_status":"closed","ping_status":"closed","template":"","meta":{"footnotes":""},"class_list":["post-26","page","type-page","status-publish","hentry"],"_links":{"self":[{"href":"https:\/\/servicios.unileon.es\/lab-eeg-ciclo-vital\/wp-json\/wp\/v2\/pages\/26","targetHints":{"allow":["GET"]}}],"collection":[{"href":"https:\/\/servicios.unileon.es\/lab-eeg-ciclo-vital\/wp-json\/wp\/v2\/pages"}],"about":[{"href":"https:\/\/servicios.unileon.es\/lab-eeg-ciclo-vital\/wp-json\/wp\/v2\/types\/page"}],"author":[{"embeddable":true,"href":"https:\/\/servicios.unileon.es\/lab-eeg-ciclo-vital\/wp-json\/wp\/v2\/users\/344"}],"replies":[{"embeddable":true,"href":"https:\/\/servicios.unileon.es\/lab-eeg-ciclo-vital\/wp-json\/wp\/v2\/comments?post=26"}],"version-history":[{"count":7,"href":"https:\/\/servicios.unileon.es\/lab-eeg-ciclo-vital\/wp-json\/wp\/v2\/pages\/26\/revisions"}],"predecessor-version":[{"id":99,"href":"https:\/\/servicios.unileon.es\/lab-eeg-ciclo-vital\/wp-json\/wp\/v2\/pages\/26\/revisions\/99"}],"wp:attachment":[{"href":"https:\/\/servicios.unileon.es\/lab-eeg-ciclo-vital\/wp-json\/wp\/v2\/media?parent=26"}],"curies":[{"name":"wp","href":"https:\/\/api.w.org\/{rel}","templated":true}]}}