{"id":20,"date":"2017-10-10T10:49:43","date_gmt":"2017-10-10T10:49:43","guid":{"rendered":"http:\/\/servicios.unileon.es\/lab-eeg-ciclo-vital\/?page_id=20"},"modified":"2022-02-14T07:32:45","modified_gmt":"2022-02-14T07:32:45","slug":"personal-adscrito","status":"publish","type":"page","link":"https:\/\/servicios.unileon.es\/lab-eeg-ciclo-vital\/personal-adscrito\/","title":{"rendered":"Personal adscrito"},"content":{"rendered":"<dl>\n<dt>Directora<\/dt>\n<dd>\n<p>Carmen Requena Hern\u00e1ndez &#8211; <a href=\"mailto:c.requena@unileon.es\">c.requena@unileon.es<\/a><\/p>\n<\/dd>\n<dt>Responsables de Registro<\/dt>\n<dd>\n<p>Antonio Arjona Valladares &#8211; <a href=\"aarjv@unileon.es\">aarjv@unileon.es<\/a><\/p>\n<p>Estela Gonz\u00e1lez Gonz\u00e1lez &#8211; <a href=\"esgog@unileon.es\">esgog@unileon.es<\/a><\/p>\n<\/dd>\n<dt>Dise\u00f1o de Paradigmas de investigaci\u00f3n<\/dt>\n<dd>\n<p>Investigadores del Grupo \u201cEnvejecimiento, Neurociencia y L\u00f3gica Aplicada\u201d [GENLA]<\/p>\n<\/dd>\n<\/dl>\n","protected":false},"excerpt":{"rendered":"<p>Directora Carmen Requena Hern\u00e1ndez &#8211; c.requena@unileon.es Responsables de Registro Antonio Arjona Valladares &#8211; aarjv@unileon.es Estela Gonz\u00e1lez Gonz\u00e1lez &#8211; esgog@unileon.es Dise\u00f1o de Paradigmas de investigaci\u00f3n Investigadores del Grupo \u201cEnvejecimiento, Neurociencia y L\u00f3gica Aplicada\u201d [GENLA]<\/p>\n","protected":false},"author":344,"featured_media":0,"parent":0,"menu_order":0,"comment_status":"closed","ping_status":"closed","template":"","meta":{"footnotes":""},"class_list":["post-20","page","type-page","status-publish","hentry"],"_links":{"self":[{"href":"https:\/\/servicios.unileon.es\/lab-eeg-ciclo-vital\/wp-json\/wp\/v2\/pages\/20","targetHints":{"allow":["GET"]}}],"collection":[{"href":"https:\/\/servicios.unileon.es\/lab-eeg-ciclo-vital\/wp-json\/wp\/v2\/pages"}],"about":[{"href":"https:\/\/servicios.unileon.es\/lab-eeg-ciclo-vital\/wp-json\/wp\/v2\/types\/page"}],"author":[{"embeddable":true,"href":"https:\/\/servicios.unileon.es\/lab-eeg-ciclo-vital\/wp-json\/wp\/v2\/users\/344"}],"replies":[{"embeddable":true,"href":"https:\/\/servicios.unileon.es\/lab-eeg-ciclo-vital\/wp-json\/wp\/v2\/comments?post=20"}],"version-history":[{"count":5,"href":"https:\/\/servicios.unileon.es\/lab-eeg-ciclo-vital\/wp-json\/wp\/v2\/pages\/20\/revisions"}],"predecessor-version":[{"id":103,"href":"https:\/\/servicios.unileon.es\/lab-eeg-ciclo-vital\/wp-json\/wp\/v2\/pages\/20\/revisions\/103"}],"wp:attachment":[{"href":"https:\/\/servicios.unileon.es\/lab-eeg-ciclo-vital\/wp-json\/wp\/v2\/media?parent=20"}],"curies":[{"name":"wp","href":"https:\/\/api.w.org\/{rel}","templated":true}]}}