{"id":12,"date":"2017-10-10T10:40:54","date_gmt":"2017-10-10T10:40:54","guid":{"rendered":"http:\/\/servicios.unileon.es\/lab-eeg-ciclo-vital\/?page_id=12"},"modified":"2025-02-06T06:58:19","modified_gmt":"2025-02-06T06:58:19","slug":"introduccion","status":"publish","type":"page","link":"https:\/\/servicios.unileon.es\/lab-eeg-ciclo-vital\/","title":{"rendered":"LAB-EEG-CICLO VITAL"},"content":{"rendered":"<p>El <strong>Laboratorio de EEG para el estudio psicol\u00f3gico a lo largo del ciclo vital (LAB-EEG-CICLO VITAL)<\/strong>, creado en 2017, proporciona instrumentos para medir la actividad cerebral mediante <strong>EEG, potenciales evocados y fNIRS<\/strong>, permitiendo el estudio de funciones cognitivas a lo largo del desarrollo humano. Surge del Grupo de Investigaci\u00f3n <strong>\u201cEnvejecimiento, Neurociencia y L\u00f3gica Aplicada\u201d<\/strong>, integrado por investigadores de las Universidades de Le\u00f3n, Salamanca y el Laboratorio de Neurociencia Cognitiva y Computacional de la Universidad Complutense de Madrid.\u00a0<\/p>\n<p>Desde su creaci\u00f3n, el Laboratorio ha contado con equipamiento financiado inicialmente por el <strong>Campus Triangular \u2013 E3<\/strong> y, posteriormente, mediante fondos <strong>FEDER<\/strong> y del <strong>Ministerio de Econom\u00eda y Competitividad<\/strong> (proyecto <strong>UNLE13-3E-1617<\/strong>). Esta financiaci\u00f3n ha permitido el desarrollo de una investigaci\u00f3n cient\u00edfico-t\u00e9cnica de alta calidad y la ejecuci\u00f3n de actividades de <strong>I+D altamente competitivas<\/strong>.<\/p>\n<p>El Laboratorio dispone de equipamiento para la medici\u00f3n de <strong>EEG y potenciales evocados<\/strong>, junto con el software <strong>Neuroninc Medicine<\/strong>, que permite el registro, an\u00e1lisis e interpretaci\u00f3n de datos, proporcionando resultados sobre <strong>localizaci\u00f3n de fuentes, an\u00e1lisis tiempo-frecuencia y conectividad cerebral<\/strong>. Adem\u00e1s, cuenta con diversos <strong>toolboxes<\/strong> para el an\u00e1lisis e interpretaci\u00f3n de mapas cerebrales, facilitando estudios avanzados en neurociencia cognitiva.<\/p>\n<p>Adem\u00e1s, cuenta con <strong>software especializado y licencias de paquetes estad\u00edsticos para el an\u00e1lisis avanzado de datos neurofisiol\u00f3gicos, la visualizaci\u00f3n detallada de mapas cerebrales y la implementaci\u00f3n de soluciones tomogr\u00e1ficas<\/strong> en el estudio de tareas cognitivas. Esta infraestructura fue financiada a trav\u00e9s del <strong>Programa Estatal de Fomento de la Investigaci\u00f3n Cient\u00edfica y T\u00e9cnica de Excelencia<\/strong> del <strong>Ministerio de Econom\u00eda y Competitividad (Ref. LE074U16)<\/strong>.<\/p>\n<p>En <strong>2020<\/strong>, el Laboratorio incorpor\u00f3 <strong>nuevos dispositivos<\/strong> para mejorar sus capacidades de investigaci\u00f3n, entre ellos, un <strong>EEG port\u00e1til<\/strong> y <strong>tres gorros de 64 canales<\/strong>, adquiridos gracias a la financiaci\u00f3n de la <strong>red de equipamiento cient\u00edfico-tecnol\u00f3gico Infraestructuras en Red de Castilla y Le\u00f3n (INFRARED)<\/strong> y cofinanciados por el <strong>Fondo Europeo de Desarrollo Regional (Ref. IR2020-1-ULE06)<\/strong>. Adem\u00e1s, se incorpor\u00f3 el <strong>Sistema NIRSport<\/strong>, con <strong>8 fuentes de luz y 8 detectores<\/strong>, que permite realizar <strong>mapeo y cartograf\u00eda cerebral en tiempo real<\/strong>, calibrar el sistema y medir la se\u00f1al en m\u00faltiples vistas, optimizando as\u00ed la precisi\u00f3n de los estudios neurocient\u00edficos.<\/p>\n<p>Adem\u00e1s de su labor investigadora, el <strong>Laboratorio de EEG<\/strong> brinda apoyo en la <strong>formaci\u00f3n pr\u00e1ctica<\/strong> de estudiantes de diversas titulaciones en la <strong>Universidad de Le\u00f3n<\/strong>, facilitando el acceso a sus recursos materiales y humanos. Asimismo, organiza peri\u00f3dicamente <strong>cursos y seminarios<\/strong> sobre aspectos relacionados con sus \u00e1reas de especializaci\u00f3n, contribuyendo a la difusi\u00f3n del conocimiento y la capacitaci\u00f3n en neurociencia cognitiva y t\u00e9cnicas avanzadas de medici\u00f3n cerebral.<\/p>\n","protected":false},"excerpt":{"rendered":"<p>El Laboratorio de EEG para el estudio psicol\u00f3gico a lo largo del ciclo vital (LAB-EEG-CICLO VITAL), creado en 2017, proporciona instrumentos para medir la actividad cerebral mediante EEG, potenciales evocados y fNIRS, permitiendo el estudio de funciones cognitivas a lo &hellip; <a href=\"https:\/\/servicios.unileon.es\/lab-eeg-ciclo-vital\/\">Sigue leyendo <span class=\"meta-nav\">&rarr;<\/span><\/a><\/p>\n","protected":false},"author":344,"featured_media":0,"parent":0,"menu_order":0,"comment_status":"closed","ping_status":"closed","template":"","meta":{"footnotes":""},"class_list":["post-12","page","type-page","status-publish","hentry"],"_links":{"self":[{"href":"https:\/\/servicios.unileon.es\/lab-eeg-ciclo-vital\/wp-json\/wp\/v2\/pages\/12","targetHints":{"allow":["GET"]}}],"collection":[{"href":"https:\/\/servicios.unileon.es\/lab-eeg-ciclo-vital\/wp-json\/wp\/v2\/pages"}],"about":[{"href":"https:\/\/servicios.unileon.es\/lab-eeg-ciclo-vital\/wp-json\/wp\/v2\/types\/page"}],"author":[{"embeddable":true,"href":"https:\/\/servicios.unileon.es\/lab-eeg-ciclo-vital\/wp-json\/wp\/v2\/users\/344"}],"replies":[{"embeddable":true,"href":"https:\/\/servicios.unileon.es\/lab-eeg-ciclo-vital\/wp-json\/wp\/v2\/comments?post=12"}],"version-history":[{"count":6,"href":"https:\/\/servicios.unileon.es\/lab-eeg-ciclo-vital\/wp-json\/wp\/v2\/pages\/12\/revisions"}],"predecessor-version":[{"id":109,"href":"https:\/\/servicios.unileon.es\/lab-eeg-ciclo-vital\/wp-json\/wp\/v2\/pages\/12\/revisions\/109"}],"wp:attachment":[{"href":"https:\/\/servicios.unileon.es\/lab-eeg-ciclo-vital\/wp-json\/wp\/v2\/media?parent=12"}],"curies":[{"name":"wp","href":"https:\/\/api.w.org\/{rel}","templated":true}]}}