{"id":962,"date":"2022-06-22T09:25:24","date_gmt":"2022-06-22T07:25:24","guid":{"rendered":"https:\/\/servicios.unileon.es\/innovacion-docente\/?page_id=962"},"modified":"2022-06-30T11:17:10","modified_gmt":"2022-06-30T09:17:10","slug":"aprendizaje-cooperativo-y-aprendizaje-colaborativo","status":"publish","type":"page","link":"https:\/\/servicios.unileon.es\/innovacion-docente\/aprendizaje-cooperativo-y-aprendizaje-colaborativo\/","title":{"rendered":"Aprendizaje Cooperativo y Aprendizaje Colaborativo"},"content":{"rendered":"<p>&nbsp;<\/p>\n<p><img loading=\"lazy\" decoding=\"async\" class=\"alignnone size-full wp-image-1054\" src=\"https:\/\/servicios.unileon.es\/innovacion-docente\/files\/2022\/06\/aprendizaje-cooperativo.jpg\" alt=\"\" width=\"800\" height=\"533\" \/><\/p>\n<h1 style=\"text-align: justify;\"><span style=\"font-size: 18pt;\"><span style=\"color: #333333;\">APRENDIZAJE<\/span> <strong><span style=\"color: #008080;\">COOPERATIVO<\/span><\/strong> <span style=\"color: #333333;\">Y<\/span><strong><span style=\"color: #fc44db;\"> COLABORATIVO<\/span><\/strong><\/span><\/h1>\n<p>&nbsp;<\/p>\n<p><strong><span style=\"font-size: 14pt; color: #000080;\">Aprendizaje Cooperativo.<\/span><\/strong><\/p>\n<p style=\"text-align: justify;\"><span style=\"color: #333333;\">Es una metodolog\u00eda basada en<\/span> <strong><span style=\"font-size: 14pt; color: #ff0000;\">5 <em><span style=\"font-size: 12pt;\">p<\/span><\/em><\/span><\/strong><span style=\"color: #800000;\"><em>ilares fundamentales<\/em><\/span>:<\/p>\n<p style=\"padding-left: 40px; text-align: justify;\"><strong><span style=\"color: #ff0000;\">1.<\/span><\/strong> <span style=\"color: #333333;\">Interdependencia positiva.<\/span><\/p>\n<p style=\"padding-left: 40px; text-align: justify;\"><strong><span style=\"color: #ff0000;\">2.<\/span> <\/strong><span style=\"color: #333333;\">Responsabilidad individual.<\/span><\/p>\n<p style=\"padding-left: 40px; text-align: justify;\"><strong><span style=\"color: #ff0000;\">3.<\/span><\/strong> <span style=\"color: #333333;\">Interacci\u00f3n motora.<\/span><\/p>\n<p style=\"padding-left: 40px; text-align: justify;\"><strong><span style=\"color: #ff0000;\">4. <\/span><\/strong><span style=\"color: #333333;\">Habilidades sociales.<\/span><\/p>\n<p style=\"padding-left: 40px; text-align: justify;\"><strong><span style=\"color: #ff0000;\">5. <\/span><\/strong><span style=\"color: #333333;\">Procedimiento del grupo (reflexionar sobre las metas conseguidas).<\/span><\/p>\n<p>&nbsp;<\/p>\n<p><strong><span style=\"color: #000080;\">Pasos a seguir en la implementaci\u00f3n del Aprendizaje Cooperativo:<\/span><\/strong><\/p>\n<p style=\"padding-left: 40px; text-align: justify;\">\u2022 P<span style=\"color: #333333;\">reparar ideas por separado, fomentando la<\/span> <span style=\"color: #800080;\">responsabilidad individual.<\/span><\/p>\n<p style=\"padding-left: 40px; text-align: justify;\">\u2022 <span style=\"color: #333333;\">Poner en com\u00fan las ideas decidiendo cu\u00e1les son imprescindibles, compartiendo material y\u00a0 obteniendo una recompensa conjunta si lo hacen bien. Se promueve, as\u00ed, la<\/span> <span style=\"color: #008000;\">interdependencia positiva.<\/span><\/p>\n<p style=\"padding-left: 40px; text-align: justify;\">\u2022 <span style=\"color: #333333;\">El papel del docente que, por medio de roles, establece las conductas esperadas dentro del grupo: participaci\u00f3n de todos los miembros, no ausentarse del grupo, parafrasear las ideas interesantes\u2026 lo que impulsa las<\/span> <span style=\"color: #ff6600;\">habilidades sociales.<\/span><\/p>\n<p style=\"padding-left: 40px; text-align: justify;\">\u2022 <span style=\"color: #333333;\">Apoyarse entre compa\u00f1eros. Los participantes se apoyan, se animan y comparten impresiones. Escriben la carta turn\u00e1ndose en el desempe\u00f1o. Aqu\u00ed se hace uso de las<\/span> <span style=\"color: #3366ff;\">interacciones promotoras.<\/span><\/p>\n<p style=\"padding-left: 40px; text-align: justify;\">\u2022 <span style=\"color: #333333;\">Evaluaci\u00f3n final. Finalmente, comprueban si han cumplido los objetivos y se eval\u00faan para ver en qu\u00e9 pueden mejorar, es decir, e<\/span>l<span style=\"color: #ff0000;\"> procesamiento del grupo.<\/span><\/p>\n<p>&nbsp;<\/p>\n<p><strong><span style=\"font-size: 14pt; color: #800080;\">Aprendizaje Colaborativo<\/span><\/strong><\/p>\n<p><span style=\"color: #333333;\">Por medio de peque\u00f1os grupos de trabajo, esta metodolog\u00eda consigue que los participantes desempe\u00f1en una<\/span><span style=\"color: #ff6600;\"> labor en conjunto<\/span>,\u00a0<span style=\"color: #333333;\">sin instrucciones previas, donde los propios alumnos gestionan su trabajo y asumen toda la responsabilidad asociada a la realizaci\u00f3n de las tareas.<\/span><\/p>\n<p>&nbsp;<\/p>\n<p><strong><span style=\"color: #800080;\">Diferencias entre el Aprendizaje Colaborativo y el Aprendizaje Colaborativo:<\/span><\/strong><\/p>\n<table style=\"height: 288px; width: 100%; border-collapse: collapse; border-color: #ac70b8; background-color: #ffffff; border-style: double;\">\n<tbody>\n<tr style=\"height: 24px;\">\n<td style=\"width: 18.1771%; height: 24px; text-align: justify;\"><span style=\"color: #333333;\"><strong>Centro<\/strong><\/span><\/td>\n<td style=\"width: 40.0521%; height: 24px; text-align: justify;\"><span style=\"color: #333333;\"><strong><span style=\"color: #008000;\">Profesor y alumno<\/span> <\/strong>llevan a cabo las actividades.<\/span><\/td>\n<td style=\"width: 41.7709%; height: 24px; text-align: justify;\"><span style=\"color: #333333;\">La responsabilidad del aprendizaje recae en el <strong><span style=\"color: #008000;\">estudiante<\/span><\/strong> y el profesor solo sirve como apoyo o gu\u00eda en el proceso de aprendizaje.<\/span><\/td>\n<\/tr>\n<tr style=\"height: 24px;\">\n<td style=\"width: 18.1771%; height: 24px; text-align: justify;\"><span style=\"color: #333333;\"><strong>Rol del docente<\/strong><\/span><\/td>\n<td style=\"width: 40.0521%; height: 24px; text-align: justify;\"><span style=\"color: #333333;\"><strong><span style=\"color: #ff6600;\">Gu\u00eda<\/span><\/strong> a los alumnos en todo el proceso. Por ejemplo, dando instrucciones, dividi\u00e9ndolos en grupos y asignando roles, por lo que el profesor es bastante activo.<\/span><\/td>\n<td style=\"width: 41.7709%; height: 24px; text-align: justify;\"><span style=\"color: #333333;\">Puede o no estar presente en el momento de la actividad en equipo. En caso de <strong><span style=\"color: #ff6600;\">dificultades o dudas<\/span><\/strong> del alumno este puede ponerse en contacto con \u00e9l.<\/span><\/td>\n<\/tr>\n<tr style=\"height: 48px;\">\n<td style=\"width: 18.1771%; height: 48px; text-align: justify;\"><span style=\"color: #333333;\"><strong>Evaluaci\u00f3n del aprendizaje<\/strong><\/span><\/td>\n<td style=\"width: 40.0521%; height: 48px; text-align: justify;\"><span style=\"color: #333333;\">El <strong><span style=\"color: #ff0000;\">profesor<\/span><\/strong> eval\u00faa: puede terminar con la entrega de un trabajo, exposici\u00f3n o proyecto.<\/span><\/td>\n<td style=\"width: 41.7709%; height: 48px; text-align: justify;\"><span style=\"color: #333333;\">Los <strong><span style=\"color: #ff0000;\">estudiantes son independientes<\/span><\/strong> y responsables de su propio aprendizaje. <\/span><br \/>\n<span style=\"color: #333333;\">Autoevaluaci\u00f3n individual y grupal.<\/span><\/td>\n<\/tr>\n<tr style=\"height: 72px;\">\n<td style=\"width: 18.1771%; height: 72px; text-align: justify;\"><span style=\"color: #333333;\"><strong>Habilidades sociales (distinto fin)<\/strong><\/span><\/td>\n<td style=\"width: 40.0521%; height: 72px; text-align: justify;\"><span style=\"color: #333333;\">Los alumnos <strong><span style=\"color: #800080;\">reciben capacitaci\u00f3n<\/span><\/strong> en habilidades sociales en grupos peque\u00f1os.<\/span><\/td>\n<td style=\"width: 41.7709%; height: 72px; text-align: justify;\"><span style=\"color: #333333;\">Los alumnos ya tienen las habilidades sociales necesarias, y que se basar\u00e1n en ellas para <strong><span style=\"color: #800080;\">alcanzar sus objetivos.<\/span><\/strong><\/span><\/td>\n<\/tr>\n<tr style=\"height: 48px;\">\n<td style=\"width: 18.1771%; height: 48px; text-align: justify;\"><span style=\"color: #333333;\"><strong>Visi\u00f3n de aprendizaje<\/strong><\/span><\/td>\n<td style=\"width: 40.0521%; height: 48px; text-align: justify;\"><span style=\"color: #333333;\">Perspectiva <strong><span style=\"color: #00ccff;\">cognitivo-constructivista:<\/span><\/strong> los estudiantes aplican sus propios conocimientos, a la vez que desarrollan y construyen nuevas habilidades y otros conocimientos.<\/span><br \/>\n<span style=\"color: #333333;\">El <strong><span style=\"color: #00ccff;\">objetivo<\/span><\/strong> de aprendizaje es conocido por el profesor de <strong><span style=\"color: #00ccff;\">antemano<\/span><\/strong> y los alumnos trabajan en equipo para \u00abdescubrir\u00bb las respuestas.<\/span><\/td>\n<td style=\"width: 41.7709%; height: 48px; text-align: justify;\"><span style=\"color: #333333;\">Perspectiva <strong><span style=\"color: #00ccff;\">socio-constructivista: <\/span><\/strong>el conocimiento se \u00abconstruye socialmente\u00bb o se \u00abco-crea\u00bb a trav\u00e9s de la negociaci\u00f3n y el compromiso.<\/span><br \/>\n<span style=\"color: #333333;\">Se crean nuevas habilidades y conocimientos desconocidos de antemano. El objetivo de aprendizaje se centra en la <strong><span style=\"color: #00ccff;\">construcci\u00f3n de capacidades<\/span><\/strong> en s\u00ed, sin pretender lograr un objetivo espec\u00edfico de educaci\u00f3n.<\/span><\/td>\n<\/tr>\n<tr style=\"height: 72px;\">\n<td style=\"width: 18.1771%; height: 72px; text-align: justify;\"><span style=\"color: #333333;\"><strong>Desempe\u00f1o individual y grupal<\/strong><\/span><\/td>\n<td style=\"width: 40.0521%; height: 72px; text-align: justify;\"><span style=\"color: #333333;\">Percibe el grupo como una <strong><span style=\"color: #993300;\">unidad<\/span><\/strong>; no tiene en cuenta al individuo en particular y los miembros son vistos como iguales en todos los aspectos.<\/span><\/td>\n<td style=\"width: 41.7709%; height: 72px; text-align: justify;\"><span style=\"color: #333333;\">Fomenta y acepta los logros y puntos fuertes de cada uno de los miembros de forma <strong><span style=\"color: #993300;\">individual. <\/span><\/strong><\/span><br \/>\n<span style=\"color: #333333;\">Se asignan <strong><span style=\"color: #993300;\">roles<\/span><\/strong> con funciones espec\u00edficas dentro del grupo.<\/span><\/td>\n<\/tr>\n<\/tbody>\n<\/table>\n<h1><\/h1>\n<p><strong><span style=\"color: #333333; font-size: 14pt;\">M\u00c1S INFROMACI\u00d3N:<\/span><\/strong><\/p>\n<p>&nbsp;<\/p>\n<h1 class=\"style-scope ytd-watch-metadata\"><span style=\"font-size: 14pt;\"><img loading=\"lazy\" decoding=\"async\" class=\"alignnone wp-image-770\" src=\"https:\/\/servicios.unileon.es\/innovacion-docente\/files\/2022\/05\/flipped-classroom-I-1.png\" alt=\"\" width=\"46\" height=\"46\" \/>\u00bfQu\u00e9 es el Aprendizaje Cooperativo y el Colaborativo?<\/span><\/h1>\n<p><iframe loading=\"lazy\" title=\"B01.04 \u00bfQue es el Aprendizaje Cooperativo y el Colaborativo?\" width=\"640\" height=\"360\" src=\"https:\/\/www.youtube.com\/embed\/bX9jKxpB9Uo?feature=oembed\" frameborder=\"0\" allow=\"accelerometer; autoplay; clipboard-write; encrypted-media; gyroscope; picture-in-picture; web-share\" referrerpolicy=\"strict-origin-when-cross-origin\" allowfullscreen><\/iframe><\/p>\n<h1 class=\"style-scope ytd-watch-metadata\"><span style=\"font-size: 14pt;\"><img loading=\"lazy\" decoding=\"async\" class=\"alignnone wp-image-770\" src=\"https:\/\/servicios.unileon.es\/innovacion-docente\/files\/2022\/05\/flipped-classroom-I-1.png\" alt=\"\" width=\"46\" height=\"46\" \/><\/span><a href=\"https:\/\/www.youtube.com\/watch?v=TCMsrfEn7Fs\"><span style=\"font-size: 14pt; color: #333333;\">El aprendizaje colaborativo: nuevas pedagog\u00edas y estrategias de aprendizaje.<\/span><\/a><\/h1>\n<p>&nbsp;<\/p>\n","protected":false},"excerpt":{"rendered":"<p>&nbsp; APRENDIZAJE COOPERATIVO Y COLABORATIVO &nbsp; Aprendizaje Cooperativo. Es una metodolog\u00eda basada en 5 pilares fundamentales: 1. Interdependencia positiva. 2. Responsabilidad individual. 3. Interacci\u00f3n motora. 4. Habilidades sociales. 5. Procedimiento del grupo (reflexionar sobre las metas conseguidas). &nbsp; Pasos a &hellip; <a href=\"https:\/\/servicios.unileon.es\/innovacion-docente\/aprendizaje-cooperativo-y-aprendizaje-colaborativo\/\">Sigue leyendo <span class=\"meta-nav\">&rarr;<\/span><\/a><\/p>\n","protected":false},"author":432,"featured_media":0,"parent":0,"menu_order":0,"comment_status":"closed","ping_status":"closed","template":"","meta":{"footnotes":""},"class_list":["post-962","page","type-page","status-publish","hentry"],"_links":{"self":[{"href":"https:\/\/servicios.unileon.es\/innovacion-docente\/wp-json\/wp\/v2\/pages\/962","targetHints":{"allow":["GET"]}}],"collection":[{"href":"https:\/\/servicios.unileon.es\/innovacion-docente\/wp-json\/wp\/v2\/pages"}],"about":[{"href":"https:\/\/servicios.unileon.es\/innovacion-docente\/wp-json\/wp\/v2\/types\/page"}],"author":[{"embeddable":true,"href":"https:\/\/servicios.unileon.es\/innovacion-docente\/wp-json\/wp\/v2\/users\/432"}],"replies":[{"embeddable":true,"href":"https:\/\/servicios.unileon.es\/innovacion-docente\/wp-json\/wp\/v2\/comments?post=962"}],"version-history":[{"count":9,"href":"https:\/\/servicios.unileon.es\/innovacion-docente\/wp-json\/wp\/v2\/pages\/962\/revisions"}],"predecessor-version":[{"id":1048,"href":"https:\/\/servicios.unileon.es\/innovacion-docente\/wp-json\/wp\/v2\/pages\/962\/revisions\/1048"}],"wp:attachment":[{"href":"https:\/\/servicios.unileon.es\/innovacion-docente\/wp-json\/wp\/v2\/media?parent=962"}],"curies":[{"name":"wp","href":"https:\/\/api.w.org\/{rel}","templated":true}]}}