{"id":960,"date":"2022-06-22T09:24:55","date_gmt":"2022-06-22T07:24:55","guid":{"rendered":"https:\/\/servicios.unileon.es\/innovacion-docente\/?page_id=960"},"modified":"2023-09-01T12:17:07","modified_gmt":"2023-09-01T10:17:07","slug":"visual-thinking","status":"publish","type":"page","link":"https:\/\/servicios.unileon.es\/innovacion-docente\/visual-thinking\/","title":{"rendered":"Visual Thinking"},"content":{"rendered":"<p><img loading=\"lazy\" decoding=\"async\" class=\"alignnone wp-image-1026\" src=\"https:\/\/servicios.unileon.es\/innovacion-docente\/files\/2022\/06\/VisualThinking.jpg\" alt=\"\" width=\"508\" height=\"368\" \/><\/p>\n<p>&nbsp;<\/p>\n<p><span style=\"color: #333333;\">La metodolog\u00eda<span style=\"font-size: 12pt; font-family: georgia, palatino, serif;\"><em> Visual Thinking <\/em><\/span>consiste en un modelo de aprendizaje basado en la imagen, es decir, el<span style=\"font-size: 18pt; color: #ff6600;\"> p<\/span><span style=\"color: #003366;\">e<\/span><span style=\"font-size: 14pt; color: #993366;\">n<\/span><span style=\"font-size: 18pt; color: #ffcc00;\">s<\/span><span style=\"color: #003366;\">a<span style=\"font-size: 14pt;\">m<\/span><\/span><span style=\"font-size: 18pt; color: #00ccff;\">i<\/span><span style=\"color: #003366;\"><span style=\"font-size: 12pt;\">e<\/span><span style=\"font-size: 14pt;\">n<\/span><\/span><span style=\"font-size: 18pt; color: #00ff00;\">t<\/span><span style=\"font-size: 24pt; color: #ff00ff;\">o<\/span> <span style=\"color: #0000ff;\">v<\/span><span style=\"font-size: 18pt; color: #ff6600;\">i<\/span><span style=\"font-size: 10pt; color: #800000;\">s<\/span><span style=\"font-size: 24pt; color: #00ccff;\">u<\/span><span style=\"font-size: 14pt; color: #003366;\">a<\/span><span style=\"font-size: 18pt; color: #ff0000;\">l<\/span>; mediante el cual es posible organizar y representar ideas a partir de s\u00edmbolos gr\u00e1ficos, como dibujos, formas geom\u00e9tricas, flechas, pictogramas, etc., con el objetivo de\u00a0potenciar la<span style=\"text-decoration: underline;\"> comprensi\u00f3n <\/span>y la <span style=\"text-decoration: underline;\">memorizaci\u00f3n.<\/span><\/span><\/p>\n<p><span style=\"color: #333333;\">Tal y como recoge el cono del aprendizaje de Edgar Dale y Bruce Nylan, de la informaci\u00f3n que se consigue retener, un<span style=\"font-family: 'trebuchet ms', geneva, sans-serif; font-size: 10pt;\"><span style=\"font-size: 12pt;\"><span style=\"color: #003300;\"><span style=\"color: #0000ff;\"> 10% procede de lo le\u00eddo, un 20% de lo escuchado y un 30% de lo vist<\/span><\/span><span style=\"color: #0000ff;\">o<\/span><\/span>.<\/span> Por esta raz\u00f3n, y tambi\u00e9n de acuerdo con la teor\u00eda de la curva del olvido, formulada por Hermann Ebbinghaus en<a style=\"color: #333333;\" href=\"https:\/\/www.amazon.es\/Contribution-Experimental-Psychology-Hermann-Ebbinghaus\/dp\/1614271666\">\u00a0Memory; A Contribution to Experimental Psychology<\/a>, sin el apoyo de contenido<\/span>s visuales es habitual haber <span style=\"color: #0000ff; font-family: 'trebuchet ms', geneva, sans-serif;\"><mark>olvidado el 80%<\/mark> <\/span>de lo aprendido en poco tiempo.<\/p>\n<p>&nbsp;<\/p>\n<p><span style=\"color: #003300; font-size: 14pt;\"><strong>PROCESO DE IMPLEMENTACI\u00d3N:<\/strong><\/span><\/p>\n<p>&nbsp;<\/p>\n<p><span style=\"color: #333333;\"><span style=\"font-size: 14pt; color: #ff0000;\">1. Recopilar<\/span> informaci\u00f3n sobre el tema de estudio. Para ello se puede emplear la regla period\u00edstica de las<span style=\"font-size: 14pt; color: #ff6600;\"><strong> 6W<\/strong> <\/span>para determinar lo m\u00e1s relevante: <span style=\"color: #ff6600;\"><strong><span style=\"font-size: 14pt;\">W<\/span><\/strong><\/span>hat, <span style=\"color: #ff6600;\"><strong><span style=\"font-size: 14pt;\">W<\/span><\/strong><\/span>ho, <span style=\"color: #ff6600;\"><strong><span style=\"font-size: 14pt;\">W<\/span><\/strong><\/span>hen, <span style=\"color: #ff6600;\"><strong><span style=\"font-size: 14pt;\">W<\/span><\/strong><\/span>here, <span style=\"color: #ff6600;\"><strong><span style=\"font-size: 14pt;\">W<\/span><\/strong><\/span>hy y<span style=\"font-size: 12pt;\"> H<\/span>o<strong><span style=\"font-size: 14pt; color: #ff6600;\">w<\/span><\/strong>, es decir, qu\u00e9, qui\u00e9n, cu\u00e1ndo, d\u00f3nde, por qu\u00e9 y c\u00f3mo.<\/span><\/p>\n<p>&nbsp;<\/p>\n<p><span style=\"color: #333333;\"><span style=\"text-decoration: underline; color: #800080; font-size: 14pt;\">2. Determinar <\/span><span style=\"color: #800080;\"><span style=\"color: #333333;\">q<\/span><\/span>u\u00e9 aspectos son principales en la materia en cuesti\u00f3n y cu\u00e1les tienen un car\u00e1cter secundario. A su vez, se ha de corregir progresivamente esta estructura conceptual mediante un lenguaje <span style=\"color: #0000ff;\"><strong>visual<\/strong><\/span><span style=\"font-size: 18pt;\"><span style=\"color: #3366ff;\">&#x1f9d0;<\/span><\/span><\/span><\/p>\n<p>&nbsp;<\/p>\n<p><span style=\"color: #333333;\"><span style=\"color: #333399;\"><strong><span style=\"font-size: 14pt; color: #00ccff;\">3. C<\/span>o<\/strong><\/span><strong>m<span style=\"font-size: 14pt; color: #00ccff;\">pl<\/span>eta<span style=\"font-size: 14pt; color: #00ccff;\">r<\/span><\/strong> el documento con m\u00e1s detalles gr\u00e1ficos sobre la tem\u00e1tica. En este sentido, es el momento de\u00a0indicar las conexiones que existen entre unas ideas y otras, as\u00ed como la jerarqu\u00eda entre los conceptos.<\/span><\/p>\n<p>&nbsp;<\/p>\n<p><span style=\"color: #008000;\"><span style=\"font-family: 'arial black', sans-serif;\"><strong><span style=\"font-size: 18pt;\"><sup>4<\/sup><\/span><\/strong>.<\/span><span style=\"font-size: 18pt;\"> R<\/span><span style=\"font-size: 18.6667px;\"><span style=\"font-size: 18pt;\">e<\/span>v<\/span><\/span><span style=\"color: #333333;\"><span style=\"color: #008000;\"><span style=\"font-size: 14pt;\">i<\/span>sa<strong><span style=\"font-size: 10pt;\">r<\/span><\/strong> <\/span>el trabajo realizado, que lo plasmado coincida con la imagen mental del usuario sobre los conceptos, y dar consistencia al proyecto; por ejemplo, si se emplea el <strong><span style=\"color: #800000;\">rojo para <span style=\"text-decoration: underline;\">subrayar<\/span><\/span><\/strong> un concepto principal y el <span style=\"text-decoration: underline; font-size: 12pt;\"><span style=\"color: #008080; text-decoration: underline;\">azul<\/span><\/span> para los secundarios, usar siempre esta f\u00f3rmula en el resto de casos. As\u00ed, a simple vista, ya se interpretar\u00e1 la jerarqu\u00eda que hay, sin ni siquiera conocer el contenido del tema.<\/span><\/p>\n<p>&nbsp;<\/p>\n<p><span style=\"color: #003300;\"><span style=\"font-size: 14pt;\"><strong>BENEFICIOS:<\/strong><\/span><\/span><\/p>\n<p>&nbsp;<\/p>\n<table style=\"height: 74px; width: 81.4062%; border-collapse: collapse; border-style: hidden;\">\n<tbody>\n<tr style=\"height: 74px;\">\n<td style=\"width: 100%; height: 74px;\">\n<ul>\n<li>La informaci\u00f3n <span style=\"font-size: 14pt; color: #ff6600;\">vi<\/span><span style=\"color: #0000ff;\">su<span style=\"color: #ff00ff; font-size: 14pt;\">a<\/span><\/span><span style=\"color: #ff00ff; font-size: 14pt;\">l <\/span>se retiene con m\u00e1s facilidad con respecto a la informaci\u00f3n transmitida \u00fanicamente mediante la palabra <span style=\"font-size: 18pt; color: #00ff00;\">&#x1f5e3;<\/span><\/li>\n<\/ul>\n<\/td>\n<\/tr>\n<\/tbody>\n<\/table>\n<p><strong><span style=\"color: #33cccc;\">&#8212;&#8212;&#8212;&#8212;&#8212;&#8212;&#8212;&#8212;&#8212;&#8212;&#8212;&#8212;&#8212;&#8212;&#8212;&#8212;&#8212;&#8212;&#8212;&#8212;&#8212;&#8212;&#8212;&#8212;&#8212;&#8212;&#8212;&#8212;&#8212;&#8212;&#8212;&#8212;&#8212;&#8212;&#8211;<\/span><\/strong><\/p>\n<ul style=\"list-style-type: disc;\">\n<li>Permite ver la informaci\u00f3n desde un punto de vista global.<\/li>\n<\/ul>\n<p><strong><span style=\"color: #33cccc;\">&#8212;&#8212;&#8212;&#8212;&#8212;&#8212;&#8212;&#8212;&#8212;&#8212;&#8212;&#8212;&#8212;&#8212;&#8212;&#8212;&#8212;&#8212;&#8212;&#8212;&#8212;&#8212;&#8212;&#8212;&#8212;&#8212;&#8212;&#8212;&#8212;&#8212;&#8212;&#8212;&#8212;&#8212;&#8211;<\/span><\/strong><\/p>\n<ul style=\"list-style-type: disc;\">\n<li>Involucra todos los sentidos en el proceso.<\/li>\n<\/ul>\n<p><strong><span style=\"color: #33cccc;\">&#8212;&#8212;&#8212;&#8212;&#8212;&#8212;&#8212;&#8212;&#8212;&#8212;&#8212;&#8212;&#8212;&#8212;&#8212;&#8212;&#8212;&#8212;&#8212;&#8212;&#8212;&#8212;&#8212;&#8212;&#8212;&#8212;&#8212;&#8212;&#8212;&#8212;&#8212;&#8212;&#8212;&#8212;&#8211;<\/span><\/strong><\/p>\n<ul style=\"list-style-type: disc;\">\n<li>Mejora la memoria, la atenci\u00f3n y la concentraci\u00f3n.<\/li>\n<\/ul>\n<p><strong><span style=\"color: #33cccc;\">&#8212;&#8212;&#8212;&#8212;&#8212;&#8212;&#8212;&#8212;&#8212;&#8212;&#8212;&#8212;&#8212;&#8212;&#8212;&#8212;&#8212;&#8212;&#8212;&#8212;&#8212;&#8212;&#8212;&#8212;&#8212;&#8212;&#8212;&#8212;&#8212;&#8212;&#8212;&#8212;&#8212;&#8212;&#8211;<\/span><\/strong><\/p>\n<ul style=\"list-style-type: disc;\">\n<li>Colabora en el desarrollo creativo y emocional.<\/li>\n<\/ul>\n<p><strong><span style=\"color: #33cccc;\">&#8212;&#8212;&#8212;&#8212;&#8212;&#8212;&#8212;&#8212;&#8212;&#8212;&#8212;&#8212;&#8212;&#8212;&#8212;&#8212;&#8212;&#8212;&#8212;&#8212;&#8212;&#8212;&#8212;&#8212;&#8212;&#8212;&#8212;&#8212;&#8212;&#8212;&#8212;&#8212;&#8212;&#8212;&#8211;<\/span><\/strong><\/p>\n<ul style=\"list-style-type: disc;\">\n<li>Supone un papel protagonista y activo del alumno.<\/li>\n<\/ul>\n<p><strong><span style=\"color: #33cccc;\">&#8212;&#8212;&#8212;&#8212;&#8212;&#8212;&#8212;&#8212;&#8212;&#8212;&#8212;&#8212;&#8212;&#8212;&#8212;&#8212;&#8212;&#8212;&#8212;&#8212;&#8212;&#8212;&#8212;&#8212;&#8212;&#8212;&#8212;&#8212;&#8212;&#8212;&#8212;&#8212;&#8212;&#8212;&#8211;<\/span><\/strong><\/p>\n<ul style=\"list-style-type: disc;\">\n<li>Ayuda a ordenar y organizar las ideas de forma l\u00f3gica.<\/li>\n<\/ul>\n<p><strong><span style=\"color: #33cccc;\">&#8212;&#8212;&#8212;&#8212;&#8212;&#8212;&#8212;&#8212;&#8212;&#8212;&#8212;&#8212;&#8212;&#8212;&#8212;&#8212;&#8212;&#8212;&#8212;&#8212;&#8212;&#8212;&#8212;&#8212;&#8212;&#8212;&#8212;&#8212;&#8212;&#8212;&#8212;&#8212;&#8212;&#8212;&#8211;<\/span><\/strong><\/p>\n<ul style=\"list-style-type: disc;\">\n<li>Promueve la reflexi\u00f3n sobre el propio aprendizaje.<\/li>\n<\/ul>\n<p>&nbsp;<\/p>\n<hr \/>\n<p>&nbsp;<\/p>\n<p>&nbsp;<\/p>\n<p><span style=\"color: #003300;\"><span style=\"font-size: 14pt;\"><strong>HERRAMIENTAS:<\/strong><\/span><\/span><\/p>\n<p>&nbsp;<\/p>\n<p style=\"padding-left: 40px;\"><strong><span style=\"font-size: 18pt;\">&#x1f3ab;\u00a0 \u00a0<\/span>Esquemas<\/strong><\/p>\n<p style=\"padding-left: 40px;\"><strong>&#x1f535;&#x1f534;\u00a0 \u00a0Mapas conceptuales<\/strong><\/p>\n<p style=\"padding-left: 40px;\"><span style=\"font-size: 18pt;\"><strong>&#x1f4ad;\u00a0 \u00a0<\/strong><\/span><strong>Mapas mentales<\/strong><\/p>\n<p style=\"padding-left: 40px;\"><strong><span style=\"font-size: 18pt;\">&#x1f4c3;\u00a0 \u00a0<\/span><\/strong><strong>Infograf\u00edas<\/strong><\/p>\n<p style=\"padding-left: 40px;\"><strong><span style=\"font-size: 18pt;\">&#x1f550;\u00a0 \u00a0<\/span>L\u00edneas de tiempo<\/strong><\/p>\n<p style=\"padding-left: 40px;\"><strong><span style=\"font-size: 18pt;\">&#x1f578;\u00a0 \u00a0<\/span>Telara\u00f1as\u00a0<\/strong><\/p>\n<p style=\"padding-left: 40px;\"><strong><span style=\"font-size: 18pt;\">&#x1f9ee; \u00a0\u00a0<\/span><span style=\"color: #333333;\"><a style=\"color: #333333;\" href=\"https:\/\/www.onlyoffice.com\/blog\/es\/2022\/03\/que-es-un-diagrama-de-venn-euler\/\">Diagrama de<\/a><\/span><span style=\"color: #333333;\"><a style=\"color: #333333;\" href=\"https:\/\/www.onlyoffice.com\/blog\/es\/2022\/03\/que-es-un-diagrama-de-venn-euler\/\"> Venn<\/a><\/span><\/strong><\/p>\n<p>&nbsp;<\/p>\n<p><span style=\"color: #003300;\"><strong><span style=\"font-family: georgia, palatino, serif; font-size: 14pt;\">M\u00c1S INFORMACI\u00d3N:<\/span><\/strong><\/span><\/p>\n<h1><span style=\"font-family: georgia, palatino, serif; font-size: 12pt;\"><a href=\"https:\/\/www.youtube.com\/watch?v=Bp85Qi7tN1M\"><span dir=\"auto\"><img loading=\"lazy\" decoding=\"async\" src=\"https:\/\/servicios.unileon.es\/innovacion-docente\/files\/2022\/05\/alerta.gif\" alt=\"\" width=\"44\" height=\"33\" \/><\/span><\/a><\/span><span style=\"font-family: georgia, palatino, serif; font-size: 12pt; color: #333333;\"><a style=\"color: #333333;\" href=\"https:\/\/www.youtube.com\/watch?v=Bp85Qi7tN1M\"><span dir=\"auto\">Presentaci\u00f3n \u00ab<em>Visual Thinking en educaci\u00f3n\u00bb-INTEF<\/em><\/span><\/a><\/span><\/h1>\n<h1><span style=\"font-family: georgia, palatino, serif; font-size: 12pt;\"><a href=\"https:\/\/www.youtube.com\/watch?v=erbj6UnwsEc\"><span dir=\"auto\"><img loading=\"lazy\" decoding=\"async\" src=\"https:\/\/servicios.unileon.es\/innovacion-docente\/files\/2022\/05\/alerta.gif\" alt=\"\" width=\"44\" height=\"33\" \/><\/span><\/a><\/span><span style=\"font-family: georgia, palatino, serif; font-size: 12pt;\">W<span style=\"color: #333333;\">EBINAR\u00a0<em><a style=\"color: #333333;\" href=\"https:\/\/www.youtube.com\/watch?v=erbj6UnwsEc\"> Visual Thinking- IEBS Digital School<\/a><\/em><\/span><\/span><\/h1>\n<p><span style=\"font-family: georgia, palatino, serif; font-size: 12pt;\"><img loading=\"lazy\" decoding=\"async\" src=\"https:\/\/servicios.unileon.es\/innovacion-docente\/files\/2022\/06\/images-1.png\" alt=\"\" width=\"47\" height=\"28\" \/><span style=\"color: #333333;\">DOCUMENTO JCyL<em><a style=\"color: #333333;\" href=\"https:\/\/www.educa.jcyl.es\/crol\/es\/educacion-inclusiva\/visual-thinking\"> Visual Thinking<\/a><\/em><\/span><\/span><\/p>\n<p>&nbsp;<\/p>\n","protected":false},"excerpt":{"rendered":"<p>&nbsp; La metodolog\u00eda Visual Thinking consiste en un modelo de aprendizaje basado en la imagen, es decir, el pensamiento visual; mediante el cual es posible organizar y representar ideas a partir de s\u00edmbolos gr\u00e1ficos, como dibujos, formas geom\u00e9tricas, flechas, pictogramas, &hellip; <a href=\"https:\/\/servicios.unileon.es\/innovacion-docente\/visual-thinking\/\">Sigue leyendo <span class=\"meta-nav\">&rarr;<\/span><\/a><\/p>\n","protected":false},"author":432,"featured_media":0,"parent":0,"menu_order":0,"comment_status":"closed","ping_status":"closed","template":"","meta":{"footnotes":""},"class_list":["post-960","page","type-page","status-publish","hentry"],"_links":{"self":[{"href":"https:\/\/servicios.unileon.es\/innovacion-docente\/wp-json\/wp\/v2\/pages\/960","targetHints":{"allow":["GET"]}}],"collection":[{"href":"https:\/\/servicios.unileon.es\/innovacion-docente\/wp-json\/wp\/v2\/pages"}],"about":[{"href":"https:\/\/servicios.unileon.es\/innovacion-docente\/wp-json\/wp\/v2\/types\/page"}],"author":[{"embeddable":true,"href":"https:\/\/servicios.unileon.es\/innovacion-docente\/wp-json\/wp\/v2\/users\/432"}],"replies":[{"embeddable":true,"href":"https:\/\/servicios.unileon.es\/innovacion-docente\/wp-json\/wp\/v2\/comments?post=960"}],"version-history":[{"count":23,"href":"https:\/\/servicios.unileon.es\/innovacion-docente\/wp-json\/wp\/v2\/pages\/960\/revisions"}],"predecessor-version":[{"id":1431,"href":"https:\/\/servicios.unileon.es\/innovacion-docente\/wp-json\/wp\/v2\/pages\/960\/revisions\/1431"}],"wp:attachment":[{"href":"https:\/\/servicios.unileon.es\/innovacion-docente\/wp-json\/wp\/v2\/media?parent=960"}],"curies":[{"name":"wp","href":"https:\/\/api.w.org\/{rel}","templated":true}]}}