{"id":943,"date":"2022-06-21T11:20:09","date_gmt":"2022-06-21T09:20:09","guid":{"rendered":"https:\/\/servicios.unileon.es\/innovacion-docente\/?page_id=943"},"modified":"2022-06-22T10:50:46","modified_gmt":"2022-06-22T08:50:46","slug":"aprendizaje-basado-en-problemas","status":"publish","type":"page","link":"https:\/\/servicios.unileon.es\/innovacion-docente\/aprendizaje-basado-en-problemas\/","title":{"rendered":"Aprendizaje Basado en Problemas"},"content":{"rendered":"<p><img loading=\"lazy\" decoding=\"async\" class=\"alignnone wp-image-946\" src=\"https:\/\/servicios.unileon.es\/innovacion-docente\/files\/2022\/06\/ABP4.jpg\" alt=\"\" width=\"486\" height=\"450\" \/><\/p>\n<p><span style=\"font-size: 24pt;\"><strong><span style=\"color: #993300;\">A<\/span><span style=\"color: #333333; font-size: 18pt;\">PRENDIZAJE <\/span><span style=\"color: #993300;\">B<\/span><span style=\"color: #333333; font-size: 18pt;\">ASADO EN<\/span> <span style=\"color: #993300;\">P<\/span><span style=\"color: #800000; font-size: 18pt;\"><span style=\"color: #333333;\">ROBLEMAS<\/span><\/span><span style=\"color: #ffcc00;\"><span style=\"color: #993300;\"><span style=\"color: #333333;\">.<\/span><\/span><\/span><\/strong><\/span><\/p>\n<p>El Aprendizaje Basado en Problemas es una t\u00e9cnica did\u00e1ctica basada en el autoaprendizaje y en el desarrollo del pensamiento cr\u00edtico. El objetivo que persigue es que los estudiantes, reunidos en grupo y con la facilitaci\u00f3n de un tutor, analicen y resuelvan un problema planteado en forma de escenario para el logro de ciertos objetivos de aprendizaje. Durante el proceso de interacci\u00f3n de los estudiantes para resolver el problema, se espera que los estudiantes puedan elaborar un diagn\u00f3stico de sus necesidades de aprendizaje, as\u00ed como que comprendan la importancia del trabajo colaborativo y que desarrollen habilidades de b\u00fasqueda de informaci\u00f3n y de an\u00e1lisis y s\u00edntesis.<\/p>\n<p>&nbsp;<\/p>\n<p><span style=\"font-size: 24pt;\"><strong><span style=\"color: #993300;\">C<\/span><span style=\"color: #000080;\"><span style=\"font-size: 18pt; color: #333333;\">ARACTER\u00cdSTICAS:<\/span><\/span><\/strong><\/span><\/p>\n<p style=\"padding-left: 40px;\">&#x2666; Centro: el<strong> estudiante y su aprendizaje<\/strong>. A trav\u00e9s del trabajo aut\u00f3nomo y colaborativo, se alcanzan los objetivos planteados en el tiempo previsto.<\/p>\n<p style=\"padding-left: 40px;\">&#x2666; Favorece: la posibilidad de <strong>relacionar<\/strong> distintas materias para solucionar un problema determinado considerando diferentes escenarios.<\/p>\n<p style=\"padding-left: 40px;\">&#x2666; B\u00fasqueda: transferencia del<strong>\u00a0aprendizaje<\/strong> a situaciones reales.<\/p>\n<p style=\"padding-left: 40px;\">&#x2666; Importancia de: la adquisici\u00f3n de <strong>conocimientos<\/strong> y el desarrollo de <strong>habilidade<\/strong>s de pensamiento.<\/p>\n<p>&nbsp;<\/p>\n<p><span style=\"font-size: 24pt;\"><strong><span style=\"color: #993300;\">I<\/span><span style=\"color: #333333; font-size: 18pt;\">DEA<\/span> <span style=\"color: #993300;\">C<span style=\"color: #333333; font-size: 18pt;\">LAVE<\/span><\/span>:<\/strong> <\/span><\/p>\n<p>&nbsp;<\/p>\n<p><strong><span style=\"color: #000080;\">La<\/span> <span style=\"font-size: 14pt; color: #000080;\">estimulaci\u00f3n <\/span><span style=\"color: #000080;\">de procesos cognitivos superiores<\/span><\/strong>:<\/p>\n<p style=\"text-align: left; padding-left: 240px;\"><strong><span style=\"color: #ff6600;\">Creatividad.<\/span><span style=\"font-size: 14pt;\">&#x1f3a8;<\/span><\/strong><\/p>\n<p style=\"text-align: left; padding-left: 40px;\"><strong><span style=\"color: #3366ff;\">Pensamiento cr\u00edtico. <span style=\"font-size: 14pt;\">&#x2753;<\/span><\/span><\/strong><\/p>\n<p style=\"text-align: left; padding-left: 320px;\"><span style=\"color: #ff00ff;\"><strong>\u00a0Evaluaci\u00f3n.<span style=\"font-size: 14pt;\">&#x2705;<\/span><\/strong><\/span><\/p>\n<p style=\"padding-left: 200px;\"><span style=\"color: #008000;\"><strong>An\u00e1lisis.<span style=\"font-size: 18pt;\">&#x1f4ad;<\/span><\/strong><\/span><\/p>\n<p>&nbsp;<\/p>\n<p><strong><span style=\"font-size: 18pt; color: #333333;\">7 <\/span><span style=\"color: #993300; font-size: 24pt;\">F<\/span><span style=\"font-size: 18pt;\">ases propuestas para implementar el<\/span><span style=\"font-size: 18pt;\"><span style=\"font-size: 24pt; color: #993300;\"> A<\/span>prendizaje<span style=\"font-size: 24pt; color: #993300;\"> B<\/span>asado en <span style=\"color: #993300; font-size: 24pt;\">P<\/span>roblemas.<\/span><\/strong><\/p>\n<p><span style=\"font-size: 12pt;\">(<\/span>Exley y Dennick, 2007).<\/p>\n<ol>\n<li><strong>Lectura del problema: <\/strong>espacio de la clase destinado para aclarar t\u00e9rminos y conceptos.<\/li>\n<li><strong>Definici\u00f3n del problema:\u00a0<\/strong>momento para determinar los problemas primarios y secundarios.<\/li>\n<li><strong>Lluvia de ideas:\u00a0<\/strong>actividad pensada para analizar el o los problemas propuestos.<span style=\"font-size: 18pt;\">&#x1f4a1;<\/span><\/li>\n<li><strong>Clasificaci\u00f3n de las ideas: <\/strong>actividad dedicada a listar las ideas clave del problema.<\/li>\n<li><strong>Definici\u00f3n de objetivos de aprendizaje <\/strong>y determinaci\u00f3n de resultados esperados.<\/li>\n<li><strong>Investigaci\u00f3n y estudio: <\/strong>momento dedicado al estudio individual de acuerdo a los roles de cada alumno.<\/li>\n<li><strong>Generaci\u00f3n de resultados<\/strong>: momento final donde se presentan los resultados propuestos por todos los integrantes del grupo.<span style=\"font-size: 18pt;\">&#x1f4dd;<\/span><\/li>\n<\/ol>\n<p>&nbsp;<\/p>\n<p><strong><span style=\"font-size: 18pt; color: #993300;\">M<\/span><span style=\"color: #333333;\">\u00c1S <span style=\"font-size: 18pt; color: #993300;\">I<\/span>NFORMACI\u00d3N:<\/span><\/strong><\/p>\n<p>&nbsp;<\/p>\n<p><span style=\"color: #333333;\"><em><strong><span style=\"font-size: 18pt;\">&#x1f590;&#x1f3fc;<\/span><span style=\"color: #333333;\"><a style=\"color: #333333;\" href=\"https:\/\/mensalus.es\/blog\/crecimiento-personal\/2017\/06\/ejemplos-aprendizaje-basado-problemas\/\"><span style=\"font-size: 12pt;\">5 Ejemplos de Aprendizaje Basado en Problemas- <\/span><\/a><\/span><\/strong><\/em>Mensalus<\/span>.<\/p>\n<p style=\"text-align: left;\"><a href=\"https:\/\/www.youtube.com\/watch?v=UKAHdH2cEb4\"><span style=\"color: #333333;\"><img loading=\"lazy\" decoding=\"async\" class=\"alignnone wp-image-772\" src=\"https:\/\/servicios.unileon.es\/innovacion-docente\/files\/2022\/05\/alerta.gif\" alt=\"\" width=\"40\" height=\"30\" \/><\/span><span style=\"font-size: 12pt; color: #333333;\"><strong><span style=\"color: #333333;\"><em>Inicio ciclo Aprendizaje Basado en Problemas<\/em><\/span><\/strong><span style=\"color: #333333;\">&#8211; <\/span>FTMovistarCL.<\/span><\/a><\/p>\n<p><span style=\"font-size: 24px;\">&#x1f4f9;<\/span><span style=\"color: #333333;\"><a style=\"color: #333333;\" href=\"https:\/\/www.youtube.com\/watch?v=snXKFCJ7SEA\"><em><strong><span style=\"font-size: 12pt;\">Aprendizaje Basado en PROBLEMAS<\/span><\/strong><\/em><span style=\"font-size: 12pt;\">&#8211; <\/span><span style=\"font-size: 12pt;\">Recursos Aula.<\/span><\/a><\/span><\/p>\n<p style=\"text-align: left;\"><span style=\"font-size: 18pt;\">&#x1f4ac;<span style=\"color: #333333;\"><a style=\"color: #333333;\" href=\"http:\/\/blog.intef.es\/inee\/2013\/06\/04\/como-contribuye-la-educacion-superior-a-desarrollar-el-potencial-innovador-adquisicion-de-competencias-para-la-innovacion-productiva-en-la-universidad\/\"><em><strong><span style=\"font-size: 12pt;\">\u00bfC\u00f3mo contribuye la educaci\u00f3n superior a desarrollar el potencial innovador? Adquisici\u00f3n de competencias para la innovaci\u00f3n productiva en la universidad-<\/span><\/strong><\/em> <\/a><a style=\"color: #333333;\" href=\"http:\/\/blog.intef.es\/inee\/2013\/06\/04\/como-contribuye-la-educacion-superior-a-desarrollar-el-potencial-innovador-adquisicion-de-competencias-para-la-innovacion-productiva-en-la-universidad\/\"><span style=\"font-size: 12pt;\">Blog del Instituto Nacional de Evaluaci\u00f3n Educativa (<\/span><span style=\"font-size: 12pt;\">ineeblog).<\/span><\/a><\/span><\/span><\/p>\n<p>&nbsp;<\/p>\n<p><strong><span style=\"font-size: 24px;\">\u00a0<span style=\"font-size: 12pt;\"><span style=\"color: #993300; font-size: 18pt;\">E<\/span>N LA <span style=\"color: #993300; font-size: 18pt;\">U<\/span>LE:<\/span><\/span><\/strong><\/p>\n<p><em><span style=\"color: #800000;\"><a style=\"color: #800000;\" href=\"https:\/\/www.elespanol.com\/castilla-y-leon\/region\/leon\/20220417\/empresas-europeas-ule-concurso-innovacion-celebrado-leon\/665683473_0.html\"><span style=\"font-size: 18pt;\">&#x1f3ab;<\/span>El reto de empresas europeas a alumnos de la ULE en un concurso de innovaci\u00f3n celebrado en Le\u00f3n<\/a>.<\/span> <\/em>19 retos propuestos por 18 empresas europeas a j\u00f3venes de la Universidad de Le\u00f3n-Noticias De Castilla y Le\u00f3n. ELESPA\u00d1OL.<\/p>\n<p><a href=\"https:\/\/dialnet.unirioja.es\/servlet\/tesis?codigo=122596\"><img loading=\"lazy\" decoding=\"async\" class=\"alignnone wp-image-939\" src=\"https:\/\/servicios.unileon.es\/innovacion-docente\/files\/2022\/06\/Un-libro-sobre-modelos-pedagogico-editado-por-la-ULE-supera-las-10.000-descargas-en-24-horas-1.png\" alt=\"\" width=\"48\" height=\"24\" \/><em><span style=\"color: #800000;\">El aprendizaje basado en problemas en el marco del espacio europeo de educaci\u00f3n superior desde la percepci\u00f3n del estudiante: estudios cualitativos y selectivo<\/span> <\/em><span style=\"color: #333333;\">(Mart\u00ednez, 2008).<\/span><\/a><\/p>\n<p><a href=\"https:\/\/rtule.unileon.es\/?page_id=349\"><em>Proyecto Galileo Energ\u00eda Gravitatoria<\/em><\/a>-RTULE.<img loading=\"lazy\" decoding=\"async\" class=\"wp-image-978 alignleft\" src=\"https:\/\/servicios.unileon.es\/innovacion-docente\/files\/2022\/06\/RTULE-LOGO-GALILEO-VER2.png\" alt=\"\" width=\"32\" height=\"32\" \/><\/p>\n","protected":false},"excerpt":{"rendered":"<p>APRENDIZAJE BASADO EN PROBLEMAS. El Aprendizaje Basado en Problemas es una t\u00e9cnica did\u00e1ctica basada en el autoaprendizaje y en el desarrollo del pensamiento cr\u00edtico. El objetivo que persigue es que los estudiantes, reunidos en grupo y con la facilitaci\u00f3n de &hellip; <a href=\"https:\/\/servicios.unileon.es\/innovacion-docente\/aprendizaje-basado-en-problemas\/\">Sigue leyendo <span class=\"meta-nav\">&rarr;<\/span><\/a><\/p>\n","protected":false},"author":432,"featured_media":0,"parent":0,"menu_order":0,"comment_status":"closed","ping_status":"closed","template":"","meta":{"footnotes":""},"class_list":["post-943","page","type-page","status-publish","hentry"],"_links":{"self":[{"href":"https:\/\/servicios.unileon.es\/innovacion-docente\/wp-json\/wp\/v2\/pages\/943","targetHints":{"allow":["GET"]}}],"collection":[{"href":"https:\/\/servicios.unileon.es\/innovacion-docente\/wp-json\/wp\/v2\/pages"}],"about":[{"href":"https:\/\/servicios.unileon.es\/innovacion-docente\/wp-json\/wp\/v2\/types\/page"}],"author":[{"embeddable":true,"href":"https:\/\/servicios.unileon.es\/innovacion-docente\/wp-json\/wp\/v2\/users\/432"}],"replies":[{"embeddable":true,"href":"https:\/\/servicios.unileon.es\/innovacion-docente\/wp-json\/wp\/v2\/comments?post=943"}],"version-history":[{"count":14,"href":"https:\/\/servicios.unileon.es\/innovacion-docente\/wp-json\/wp\/v2\/pages\/943\/revisions"}],"predecessor-version":[{"id":980,"href":"https:\/\/servicios.unileon.es\/innovacion-docente\/wp-json\/wp\/v2\/pages\/943\/revisions\/980"}],"wp:attachment":[{"href":"https:\/\/servicios.unileon.es\/innovacion-docente\/wp-json\/wp\/v2\/media?parent=943"}],"curies":[{"name":"wp","href":"https:\/\/api.w.org\/{rel}","templated":true}]}}