{"id":8,"date":"2020-03-27T18:18:49","date_gmt":"2020-03-27T17:18:49","guid":{"rendered":"http:\/\/servicios.unileon.es\/innovacion-docente\/?page_id=8"},"modified":"2026-04-17T08:52:52","modified_gmt":"2026-04-17T06:52:52","slug":"novedades","status":"publish","type":"page","link":"https:\/\/servicios.unileon.es\/innovacion-docente\/","title":{"rendered":"Novedades"},"content":{"rendered":"<p style=\"text-align: justify;\"><span style=\"color: #ff0000;\"><strong>\u00a1NUEVO!<\/strong> <\/span>Documento actualizado de los Grupos de Innovaci\u00f3n Docente de la Universidad de Le\u00f3n actualizado. <a href=\"https:\/\/servicios.unileon.es\/innovacion-docente\/files\/2026\/04\/INTEGRANTES-GID-MARZO-2026.pdf\">INTEGRANTES GID MARZO 2026<\/a><\/p>\n<p>&nbsp;<\/p>\n<p style=\"text-align: justify;\"><strong><span style=\"color: #ff0000;\">\u00a1NUEVO! <a href=\"https:\/\/servicios.unileon.es\/innovacion-docente\/files\/2026\/03\/NUEVOS-GID-2026.pdf\">NUEVOS GID 2026<\/a><\/span><\/strong><\/p>\n<p style=\"text-align: right;\"><a href=\"https:\/\/servicios.unileon.es\/innovacion-docente\/files\/2026\/03\/INFORMACION-GENERAL-PARA-LOS-NUEVOS-GIDS.docx.pdf\">INFORMACI\u00d3N GENERAL PARA LOS NUEVOS GIDS.docx<\/a><\/p>\n<p>&nbsp;<\/p>\n<p style=\"text-align: justify;\"><strong><span style=\"color: #ff0000;\">\u00a1NUEVO!<\/span> <span style=\"color: #008000;\">CONVOCATORIA DEL PLAN DE APOYO A LA INNOVACI\u00d3N DOCENTE (PAID 2026) <a href=\"https:\/\/servicios.unileon.es\/innovacion-docente\/files\/2026\/03\/RESOLUCION-PAID-2026.pdf\">RESOLUCI\u00d3N PAID 2026<\/a><\/span><\/strong><\/p>\n<p>&nbsp;<\/p>\n<p style=\"text-align: justify;\"><strong><span style=\"color: #ff0000;\">\u00a1NUEVO!<\/span> <span style=\"color: #008000;\">ASIGNACI\u00d3N ECON\u00d3MICA A LOS GID 2026 <\/span><\/strong><a href=\"https:\/\/servicios.unileon.es\/innovacion-docente\/files\/2026\/03\/ASIGNACION-ECONOMICA-2026-A-LOS-GRUPOS-DE-INNOVACION-DOCENTE-DE-LA-ULE.pdf\">ASIGNACI\u00d3N ECON\u00d3MICA 2026 A LOS GRUPOS DE INNOVACI\u00d3N DOCENTE DE LA ULE<\/a><\/p>\n<p>&nbsp;<\/p>\n<p style=\"text-align: center;\"><span style=\"color: #008000;\"><strong>INFORMACI\u00d3N IMPORTANTE PARA LA ASIGNACI\u00d3N ECON\u00d3MICA DE LAS DIFERENTES CONVOCATORIAS<\/strong><\/span><\/p>\n<p style=\"text-align: justify;\"><strong>Plazo m\u00e1ximo para la realizaci\u00f3n del gasto y su correspondiente justificaci\u00f3n econ\u00f3mica:<\/strong> 13 de noviembre de 2026.<\/p>\n<p style=\"text-align: justify;\">Las facturas se tramitar\u00e1n a trav\u00e9s del <strong>DEPARTAMENTO DEL COORDINADOR DEL GID. <\/strong><\/p>\n<p style=\"text-align: justify;\"><strong>Justificaci\u00f3n econ\u00f3mica del gasto a la Escuela de Formaci\u00f3n: <\/strong>se deber\u00e1 enviar una copia en papel de la justificaci\u00f3n econ\u00f3mica y la copia de las facturas correspondientes, dirigida a la Escuela de Formaci\u00f3n y presentada a trav\u00e9s del Registro de la Universidad de Le\u00f3n. \u00a0<strong>No se podr\u00e1 disponer del dinero no gastado en esta fecha.<\/strong><\/p>\n<p style=\"text-align: justify;\">En el caso de que el GID no haya realizado ning\u00fan gasto, deber\u00e1 enviar un correo electr\u00f3nico a escuela.formacionileon.es, indic\u00e1ndolo.<\/p>\n<p style=\"text-align: justify;\">Esta ayuda se podr\u00e1 destinar, entre otros, a:<\/p>\n<ul style=\"text-align: justify;\">\n<li>Participaci\u00f3n en congresos, jornadas u otras acciones de difusi\u00f3n<\/li>\n<li>Fotocopias y material fungible <u>directamente relacionado con el desarrollo del proyecto<\/u><\/li>\n<li>Publicaci\u00f3n de materiales elaborados en los proyectos o adquisici\u00f3n de material bibliogr\u00e1fico.<\/li>\n<\/ul>\n<p style=\"text-align: justify;\">No ser\u00e1n susceptibles de subvenci\u00f3n:<\/p>\n<ul style=\"text-align: justify;\">\n<li>El mantenimiento externo de aplicaciones inform\u00e1ticas.<\/li>\n<li>Pago directo a personal de la Ule (PDI o PTGAS).<\/li>\n<li>Material inventariable (*)<\/li>\n<li>Perif\u00e9ricos de equipos inform\u00e1ticos.<\/li>\n<li>Cualquier material de oficina que no est\u00e9 directamente relacionado con el desarrollo de actividades de innovaci\u00f3n docente.<\/li>\n<li>En el caso del t\u00f3ner, <u>se limita su compra a un cartucho (independientemente del color)<\/u><\/li>\n<\/ul>\n<p>&nbsp;<\/p>\n<p>&nbsp;<\/p>\n<p><strong><span style=\"color: #008000;\">IN<\/span><\/strong><strong><span style=\"color: #008000;\">FORMACI\u00d3N IMPORTANTE SOBRE EL SOFTWARE KAHOOT<\/span><\/strong><\/p>\n<p style=\"text-align: justify;\"><em>Desde el Servicio de Inform\u00e1tica y Comunicaciones, nos facilitan la siguiente informaci\u00f3n:<\/em><\/p>\n<p style=\"text-align: justify;\">La Universidad de Le\u00f3n dispone de forma corporativa de licencias a la suscripci\u00f3n Premium del software\u00a0<strong>Kahoot! EDU<\/strong><\/p>\n<p style=\"text-align: justify;\">Puede que ya est\u00e9s usando\u00a0Kahoot! de manera gratuita a trav\u00e9s de Moodle, pero lo recomendable es que cambies tu suscripci\u00f3n a la suscripci\u00f3n Premium para tener todas las ventajas de esta licencia y seguir us\u00e1ndolo desde Moodle, integrado en el workspace de la Universidad.<\/p>\n<p style=\"text-align: justify;\">El acceso a la suscripci\u00f3n y las indicaciones para realizar el cambio de suscripci\u00f3n si fuese necesario,\u00a0 est\u00e1 accesible desde la web del SIC\u00a0\u00a0<a href=\"https:\/\/sic.unileon.es\/software\/kahoot-edu\/\" data-saferedirecturl=\"https:\/\/www.google.com\/url?q=https:\/\/sic.unileon.es\/software\/kahoot-edu\/&amp;source=gmail&amp;ust=1750155591109000&amp;usg=AOvVaw0A9QpLttNgh680OzPnbZ27\">https:\/\/sic.unileon.es\/software\/kahoot-edu\/<\/a><\/p>\n<p style=\"text-align: justify;\">Si tu suscripci\u00f3n es de pago, debes cancelarla y a\u00f1adirte a la suscripci\u00f3n de la Ule. Tienes las indicaciones de como hacerlo\u00a0<a href=\"https:\/\/cz5dg04.na1.hs-sales-engage.com\/Ctc\/RG+23284\/cz5dG04\/JlY2-6qcW95jsWP6lZ3llW3Yf9rf7ctqRrW9lKrvH71S6bgW5vVMnQ1r7VQVW5w-9_k2ck2YpVV9gxP4-DFmvW62_TF58lGqNsW2q6h_K7FcTx_V1x1Ft4MGcFnW2YfXPT5CL1vzN5650nl9Rt8QW7RsYL02H8-pQVnlV0F1gQLB8W4twp3M3wky02W7YKX0V8kc8RpVD11NJ6X1KyDN49k9ksK_JcYW40t5cv3MJNv1V7V62J5q_lZdVT9zQW2pkBdyW5LNKqk1tn6mVN5yXFhpH_nNdW8k-bm02tmf-qW2SB4wT828Vp8W9gTkpM2GtNnGW1XBPx34BLl5DW6SQzJ894VthrW5Z0x4J6nXnmFW7j3GLP3PjFhMW769T721tgdVTW2XZv661WpVFXf5qqldC04\" data-saferedirecturl=\"https:\/\/www.google.com\/url?q=https:\/\/cz5dg04.na1.hs-sales-engage.com\/Ctc\/RG%2B23284\/cz5dG04\/JlY2-6qcW95jsWP6lZ3llW3Yf9rf7ctqRrW9lKrvH71S6bgW5vVMnQ1r7VQVW5w-9_k2ck2YpVV9gxP4-DFmvW62_TF58lGqNsW2q6h_K7FcTx_V1x1Ft4MGcFnW2YfXPT5CL1vzN5650nl9Rt8QW7RsYL02H8-pQVnlV0F1gQLB8W4twp3M3wky02W7YKX0V8kc8RpVD11NJ6X1KyDN49k9ksK_JcYW40t5cv3MJNv1V7V62J5q_lZdVT9zQW2pkBdyW5LNKqk1tn6mVN5yXFhpH_nNdW8k-bm02tmf-qW2SB4wT828Vp8W9gTkpM2GtNnGW1XBPx34BLl5DW6SQzJ894VthrW5Z0x4J6nXnmFW7j3GLP3PjFhMW769T721tgdVTW2XZv661WpVFXf5qqldC04&amp;source=gmail&amp;ust=1750155591109000&amp;usg=AOvVaw0ba6kMWUzwcqjJ4HTsH3u2\">En este art\u00edculo<\/a><\/p>\n<p style=\"text-align: justify;\"><strong><em><span style=\"color: #008000;\">IMPORTANTE:<\/span> <\/em>En este enlace<a href=\"https:\/\/cz5dg04.na1.hs-sales-engage.com\/Ctc\/RG+23284\/cz5dG04\/Jll2-6qcW7Y8-PT6lZ3mZW6kJq23417-4NW6JHXVr6VLXh4N3VqsJXGPR_9W7k3Bwt7DmkJ5W9cskb48T91CWW383Nj-83HY_mW3CHFvg86B1FKW3dCgYG7_6YcgW6z7Tyc1cM4_mW4T8kyx7MSyZdW2zhH5K8kcDjGW8rt3s342_wzjW3_r7-05vk6H-W8R-Vvn6RrRcdW2HNwW31Z6qR1W3H1fWT1qXJW6W3XHLc79057DTW5XBcb571Hhn9W8BkJJn3mfSWgW26zqb93_xwntW9dHsd01j_XBNW19vFCN2CMZLlW6_pXZh8kqSwVW3Trlr28CrV8zVfb_1F5CXrsBN5k6hNHmjFlMf8zNFVq04\" data-saferedirecturl=\"https:\/\/www.google.com\/url?q=https:\/\/cz5dg04.na1.hs-sales-engage.com\/Ctc\/RG%2B23284\/cz5dG04\/Jll2-6qcW7Y8-PT6lZ3mZW6kJq23417-4NW6JHXVr6VLXh4N3VqsJXGPR_9W7k3Bwt7DmkJ5W9cskb48T91CWW383Nj-83HY_mW3CHFvg86B1FKW3dCgYG7_6YcgW6z7Tyc1cM4_mW4T8kyx7MSyZdW2zhH5K8kcDjGW8rt3s342_wzjW3_r7-05vk6H-W8R-Vvn6RrRcdW2HNwW31Z6qR1W3H1fWT1qXJW6W3XHLc79057DTW5XBcb571Hhn9W8BkJJn3mfSWgW26zqb93_xwntW9dHsd01j_XBNW19vFCN2CMZLlW6_pXZh8kqSwVW3Trlr28CrV8zVfb_1F5CXrsBN5k6hNHmjFlMf8zNFVq04&amp;source=gmail&amp;ust=1750155591110000&amp;usg=AOvVaw397sUnRMZnGoTBsIVVWPuw\">\u00a0acceso a las\u00a0<\/a><a href=\"https:\/\/cz5dg04.na1.hs-sales-engage.com\/Ctc\/RG+23284\/cz5dG04\/Jll2-6qcW7Y8-PT6lZ3mZW6kJq23417-4NW6JHXVr6VLXh4N3VqsJXGPR_9W7k3Bwt7DmkJ5W9cskb48T91CWW383Nj-83HY_mW3CHFvg86B1FKW3dCgYG7_6YcgW6z7Tyc1cM4_mW4T8kyx7MSyZdW2zhH5K8kcDjGW8rt3s342_wzjW3_r7-05vk6H-W8R-Vvn6RrRcdW2HNwW31Z6qR1W3H1fWT1qXJW6W3XHLc79057DTW5XBcb571Hhn9W8BkJJn3mfSWgW26zqb93_xwntW9dHsd01j_XBNW19vFCN2CMZLlW6_pXZh8kqSwVW3Trlr28CrV8zVfb_1F5CXrsBN5k6hNHmjFlMf8zNFVq04\" data-saferedirecturl=\"https:\/\/www.google.com\/url?q=https:\/\/cz5dg04.na1.hs-sales-engage.com\/Ctc\/RG%2B23284\/cz5dG04\/Jll2-6qcW7Y8-PT6lZ3mZW6kJq23417-4NW6JHXVr6VLXh4N3VqsJXGPR_9W7k3Bwt7DmkJ5W9cskb48T91CWW383Nj-83HY_mW3CHFvg86B1FKW3dCgYG7_6YcgW6z7Tyc1cM4_mW4T8kyx7MSyZdW2zhH5K8kcDjGW8rt3s342_wzjW3_r7-05vk6H-W8R-Vvn6RrRcdW2HNwW31Z6qR1W3H1fWT1qXJW6W3XHLc79057DTW5XBcb571Hhn9W8BkJJn3mfSWgW26zqb93_xwntW9dHsd01j_XBNW19vFCN2CMZLlW6_pXZh8kqSwVW3Trlr28CrV8zVfb_1F5CXrsBN5k6hNHmjFlMf8zNFVq04&amp;source=gmail&amp;ust=1750155591110000&amp;usg=AOvVaw397sUnRMZnGoTBsIVVWPuw\">formaciones\u00a0<\/a><\/strong><strong>se encuentra el acceso a cursos, videos y resoluci\u00f3n de problemas.<\/strong><\/p>\n<p>&nbsp;<\/p>\n<p>&nbsp;<\/p>\n<p>&nbsp;<\/p>\n<p style=\"text-align: justify;\"><strong><span style=\"color: #008000;\">VII Jornadas de Innovaci\u00f3n en Docencia Universitaria : Libro de actas, <\/span><\/strong>celebradas el 19 y 20 de junio de 2025.<\/p>\n<p style=\"text-align: right;\"><a href=\"https:\/\/servicios.unileon.es\/innovacion-docente\/files\/2025\/09\/VII-Jornadas_Innovacion_Docencia_Universitaria_Libro-de-Actas.pdf\">VII Jornadas_Innovaci\u00f3n_Docencia_Universitaria_Libro de Actas<\/a><\/p>\n<p>&nbsp;<\/p>\n<p>&nbsp;<\/p>\n<p>&nbsp;<\/p>\n<p>&nbsp;<\/p>\n<p><span style=\"text-decoration: underline;\"><span style=\"color: #008000; text-decoration: underline;\"><strong>OTROS DOCUMENTOS\u00a0<\/strong><\/span><\/span><\/p>\n<ul style=\"list-style-type: square;\">\n<li style=\"text-align: justify;\"><strong><span style=\"color: #008000;\">Resoluci\u00f3n convocatoria Plan de Apoyo a la Innovaci\u00f3n Docente 2025 <a href=\"https:\/\/servicios.unileon.es\/innovacion-docente\/files\/2025\/03\/RESOLUCION-PAID-2025.pdf\">RESOLUCI\u00d3N PAID 2025<\/a><\/span><\/strong><\/li>\n<\/ul>\n<p>&nbsp;<\/p>\n<ul style=\"list-style-type: square;\">\n<li style=\"text-align: justify;\"><strong><span style=\"color: #008000;\">Nuevos Grupos de Innovaci\u00f3n Docente<\/span><\/strong> constituidos en la convocatoria 2025 <a href=\"https:\/\/servicios.unileon.es\/innovacion-docente\/files\/2025\/04\/NUEVOS-GID-2025.docx.pdf\">NUEVOS GID 2025.docx<\/a><\/li>\n<\/ul>\n<p>&nbsp;<\/p>\n<p>&nbsp;<\/p>\n<p><a href=\"https:\/\/servicios.unileon.es\/innovacion-docente\/files\/2025\/05\/MEMORIA-ESCUELA-DE-FORMACION-2024.pdf\">MEMORIA ESCUELA DE FORMACI\u00d3N 2024<\/a><\/p>\n<p>&nbsp;<\/p>\n<p>&nbsp;<\/p>\n<p>&nbsp;<\/p>\n<p>&nbsp;<\/p>\n<p>&nbsp;<\/p>\n<p>&nbsp;<\/p>\n<p>&nbsp;<\/p>\n<div><\/div>\n<div>\n<div><\/div>\n<\/div>\n","protected":false},"excerpt":{"rendered":"<p>\u00a1NUEVO! Documento actualizado de los Grupos de Innovaci\u00f3n Docente de la Universidad de Le\u00f3n actualizado. INTEGRANTES GID MARZO 2026 &nbsp; \u00a1NUEVO! NUEVOS GID 2026 INFORMACI\u00d3N GENERAL PARA LOS NUEVOS GIDS.docx &nbsp; \u00a1NUEVO! CONVOCATORIA DEL PLAN DE APOYO A LA INNOVACI\u00d3N &hellip; <a href=\"https:\/\/servicios.unileon.es\/innovacion-docente\/\">Sigue leyendo <span class=\"meta-nav\">&rarr;<\/span><\/a><\/p>\n","protected":false},"author":344,"featured_media":0,"parent":0,"menu_order":0,"comment_status":"closed","ping_status":"closed","template":"","meta":{"footnotes":""},"class_list":["post-8","page","type-page","status-publish","hentry"],"_links":{"self":[{"href":"https:\/\/servicios.unileon.es\/innovacion-docente\/wp-json\/wp\/v2\/pages\/8","targetHints":{"allow":["GET"]}}],"collection":[{"href":"https:\/\/servicios.unileon.es\/innovacion-docente\/wp-json\/wp\/v2\/pages"}],"about":[{"href":"https:\/\/servicios.unileon.es\/innovacion-docente\/wp-json\/wp\/v2\/types\/page"}],"author":[{"embeddable":true,"href":"https:\/\/servicios.unileon.es\/innovacion-docente\/wp-json\/wp\/v2\/users\/344"}],"replies":[{"embeddable":true,"href":"https:\/\/servicios.unileon.es\/innovacion-docente\/wp-json\/wp\/v2\/comments?post=8"}],"version-history":[{"count":192,"href":"https:\/\/servicios.unileon.es\/innovacion-docente\/wp-json\/wp\/v2\/pages\/8\/revisions"}],"predecessor-version":[{"id":1896,"href":"https:\/\/servicios.unileon.es\/innovacion-docente\/wp-json\/wp\/v2\/pages\/8\/revisions\/1896"}],"wp:attachment":[{"href":"https:\/\/servicios.unileon.es\/innovacion-docente\/wp-json\/wp\/v2\/media?parent=8"}],"curies":[{"name":"wp","href":"https:\/\/api.w.org\/{rel}","templated":true}]}}