{"id":786,"date":"2022-06-14T09:51:06","date_gmt":"2022-06-14T07:51:06","guid":{"rendered":"https:\/\/servicios.unileon.es\/innovacion-docente\/?page_id=786"},"modified":"2024-09-30T09:25:25","modified_gmt":"2024-09-30T07:25:25","slug":"gid-con-pagina-web","status":"publish","type":"page","link":"https:\/\/servicios.unileon.es\/innovacion-docente\/gid-con-pagina-web\/","title":{"rendered":"GID con p\u00e1gina web"},"content":{"rendered":"<p style=\"text-align: justify;\"><span style=\"color: #008000;\"><a style=\"color: #008000;\" href=\"https:\/\/robotica.unileon.es\/\">GID 005 GRUPO DE INNOVACI\u00d3N DE LA ULE ROBLATIC (ROB\u00d3TICA, LEARNING ANALYTICS Y TICS APLICADAS A LOS PROCESOS DE ENSE\u00d1ANZA\/APENDIZAJE)-ULE-ROBLATIC<\/a><\/span><\/p>\n<p style=\"text-align: right;\"><strong>Coordinador:<\/strong> <em>Miguel \u00c1ngel Conde Gonz\u00e1lez<\/em><\/p>\n<p style=\"text-align: right;\"><strong>Contacto:<\/strong> miguel.conde@unileon.es<\/p>\n<p>&nbsp;<\/p>\n<p style=\"text-align: justify;\"><span style=\"color: #008000;\"><a style=\"color: #008000;\" href=\"https:\/\/www.universoluisfer.es\/inicio\/\">GID 006 GRUPO DE INNOVACI\u00d3N DOCENTE DE LA ULE DINBIO (DOCENCIA EN <\/a><\/span><span style=\"color: #008000;\"><a style=\"color: #008000;\" href=\"https:\/\/www.universoluisfer.es\/inicio\/\">INGENIER\u00cdA DE BIOSISTEMAS)-DINBIO<\/a><\/span><\/p>\n<p style=\"text-align: right;\"><strong>Coordinador:<\/strong> <em>Luis Fernando Calvo Prieto<\/em><\/p>\n<p style=\"text-align: right;\"><strong>Contacto:<\/strong> lfcalp@unileon.es<\/p>\n<p>&nbsp;<\/p>\n<p><span style=\"color: #008000;\"><a style=\"color: #008000;\" href=\"https:\/\/ifaheunileon.wixsite.com\/ifahe\">GID 009 GRUPO DE INNOVACI\u00d3N DOCENTE DE LA ULE EN EDUCACI\u00d3N SUPERIOR A TRAV\u00c9S DE LA EVALUACI\u00d3N FORMATIVA-IFAHE<\/a><\/span><\/p>\n<p style=\"text-align: right;\"><strong>Coordinadora:<\/strong> <em>M. De Los \u00c1ngeles Diez Fern\u00e1ndez<\/em><\/p>\n<p style=\"text-align: right;\"><strong>Contacto:<\/strong> angeles.diez@unileon.es<\/p>\n<p>&nbsp;<\/p>\n<p style=\"text-align: justify;\"><span style=\"color: #008000;\"><a style=\"color: #008000;\" href=\"https:\/\/biometac.unileon.es\/\">GID 010 GRUPO DE INNOVACI\u00d3N DOCENTE DE LA ULE PARA EL DESARROLLO DE METODOLOG\u00cdAS ACTIVAS DE APRENDIZAJE EN LA FAC DE CC BIOL\u00d3GICAS Y AMBIENTALES-BIOMETAC<\/a><\/span><\/p>\n<p style=\"text-align: right;\"><strong>Coordinadora:<\/strong> <em>Rosa M. Valencia Barrera<\/em><\/p>\n<p style=\"text-align: right;\"><strong>Contacto:<\/strong> rm.valencia@unileon.es<\/p>\n<p>&nbsp;<\/p>\n<p style=\"text-align: justify;\"><span style=\"color: #008000;\"><a style=\"color: #008000;\" href=\"https:\/\/en.grupocael.com\/innovaci%C3%B3n-docente\">GID 012\u00a0GRUPO DE INNOVACI\u00d3N DOCENTE EN LA ENSE\u00d1ANZA Y APRENDIZAJE DE LA UNIVERSIDAD DE LE\u00d3N<\/a><\/span><\/p>\n<p style=\"text-align: right;\"><strong>Coordinadora:<\/strong> <em>Olga Arias Gund\u00edn<\/em><\/p>\n<p style=\"text-align: right;\"><strong>Contacto:<\/strong> o.arias.gundin@unileon.es<\/p>\n<p>&nbsp;<\/p>\n<p><span style=\"color: #008000;\"><a style=\"color: #008000;\" href=\"http:\/\/envejecimientoentodaslasedades.unileon.es\/index.php\/site\/page?view=jovenes_experiencias\">GID 013 GRUPO DE INNOVACI\u00d3N DOCENTE APRENDIZAJE-SERVICIO DE LA ULE<\/a><\/span><\/p>\n<p style=\"text-align: right;\"><strong>Coordinadora:<\/strong><em> Carmen Requena Hern\u00e1ndez<\/em><\/p>\n<p style=\"text-align: right;\"><strong>Contacto:<\/strong> c.requena@unileon.es<\/p>\n<p>&nbsp;<\/p>\n<p style=\"text-align: justify;\"><span style=\"color: #008000;\"><a style=\"color: #008000;\" href=\"https:\/\/gidum.wordpress.com\/\">GID 014 GRUPO DE INNOVACI\u00d3N DOCENTE UNIVERSITARIA MULTIDISCIPLINAR: GRUPO IDUM DE LA ULE-GIDUM<\/a><\/span><\/p>\n<p style=\"text-align: right;\"><strong>Coordinadora:<\/strong> <em>Nuria\u00a0Gonz\u00e1lez Rabanal<\/em><\/p>\n<p style=\"text-align: right;\"><strong>Contacto:<\/strong> nuria.rabanal@unileon.es<\/p>\n<p>&nbsp;<\/p>\n<p style=\"text-align: justify;\"><span style=\"color: #008000;\"><a style=\"color: #008000;\" href=\"https:\/\/gadiule015.wixsite.com\/gadiule\">GID 015 GRUPO DE INNOVACI\u00d3N DOCENTE DE APOYO A LA DIVERSIDAD DE LA ULE- GADIULE<\/a><\/span><\/p>\n<p style=\"text-align: right;\"><strong>Coordinadora:<\/strong> <em>Rosa Eva Valle Fl\u00f3rez<\/em><\/p>\n<p style=\"text-align: right;\"><strong>Contacto:<\/strong> rosa-eva.valle@unileon.es<\/p>\n<p>&nbsp;<\/p>\n<p style=\"text-align: justify;\"><span style=\"color: #008000;\"><a style=\"color: #008000;\" href=\"https:\/\/suppress.unileon.es\/\">GID 018 GRUPO DE INNOVACI\u00d3N DOCENTE DE LA ULE EN LABORATORIOS REMOTOS<\/a><\/span><\/p>\n<p style=\"text-align: right;\"><strong>Coordinador:<\/strong> <em>Manuel Dom\u00ednguez Gonz\u00e1lez<\/em><\/p>\n<p style=\"text-align: right;\"><strong>Contacto:<\/strong> manuel.dominguez@unileon.es<\/p>\n<p>&nbsp;<\/p>\n<p style=\"text-align: justify;\"><span style=\"color: #008000;\"><a style=\"color: #008000;\" href=\"https:\/\/dde.unileon.es\/grupo-de-innovacion-docente-gid-026\/\">GID 026 GRUPO DE INNOVACI\u00d3N DOCENTE DE LA ULE EN MARKETING E INVESTIGACI\u00d3N OPERATIVA- MIO<\/a><\/span><\/p>\n<p style=\"text-align: right;\"><strong>Coordinador:<\/strong> <em>Jos\u00e9 Luis V\u00e1zquez Burguete<\/em><\/p>\n<p style=\"text-align: right;\"><strong>Contacto:<\/strong> jose-luis.vazquez@unileon.es<\/p>\n<p>&nbsp;<\/p>\n<p><span style=\"color: #008000;\"><a style=\"color: #008000;\" href=\"http:\/\/aulajudicial.blogspot.com\/\">GID 033 GRUPO DE INNOVACI\u00d3N DOCENTE \u00abAULA JUDICIAL DE LA ULE\u201d<\/a><\/span><\/p>\n<p style=\"text-align: right;\"><strong>Coordinador:<\/strong> <em>Pedro \u00c1lvarez S\u00e1nchez de Movell\u00e1n<\/em><\/p>\n<p style=\"text-align: right;\"><strong>Contacto:<\/strong> pedro.movellan@unileon.es<\/p>\n<p>&nbsp;<\/p>\n<p><span style=\"color: #008000;\"><a style=\"color: #008000;\" href=\"https:\/\/ingeniaq.unileon.es\/\">GID 034 GRUPO DE INNOVACI\u00d3N DOCENTE DE LA ULE EN INGENIER\u00cdAS QU\u00cdMICA Y AGROAMBIENTAL<\/a><\/span><\/p>\n<p style=\"text-align: right;\"><strong>Coordinador:<\/strong> <em>Fernando Gonz\u00e1lez Andr\u00e9s<\/em><\/p>\n<p style=\"text-align: right;\"><strong>Contacto:<\/strong> fernando.gonzalez@unileon.es<\/p>\n<p>&nbsp;<\/p>\n<p><span style=\"color: #008000;\"><a style=\"color: #008000;\" href=\"https:\/\/grupos.unileon.es\/educacionfinanciera\/equipo\/\">GID 035 GRUPO DE INNOVACI\u00d3N DOCENTE DE LA ULE EDUCACI\u00d3N FINANCIERA-GIDEF<\/a><\/span><\/p>\n<p style=\"text-align: right;\"><strong>Coordinadora:<\/strong> <em>M. Teresa Tasc\u00f3n Fern\u00e1ndez<\/em><\/p>\n<p style=\"text-align: right;\"><strong>Contacto:<\/strong> m.tascon@unileon.es<\/p>\n<p>&nbsp;<\/p>\n<p><a href=\"https:\/\/botanicaenred.unileon.es\/botany\/gruposinnovaciondocente\/acbosco\/\"><span style=\"color: #008000;\">GID 039 GRUPO DE INNOVACI\u00d3N DOCENTE DE LA ULE PARA LA ADQUISICI\u00d3N DE COMPETENCIAS MEDIANTE APRENDIZAJE ACTIVO EN BOT\u00c1NICA SISTEM\u00c1TICA Y CONSERVACI\u00d3N VEGETAL-ACBOSCO<\/span><\/a><\/p>\n<p style=\"text-align: right;\"><strong>Coordinadora:<\/strong> <em>Carmen Acedo Casado<\/em><\/p>\n<p style=\"text-align: right;\"><strong>Contacto:<\/strong> c.acedo@unileon.es<\/p>\n<p>&nbsp;<\/p>\n<p style=\"text-align: justify;\"><span style=\"color: #008000;\"><a style=\"color: #008000;\" href=\"https:\/\/dde.unileon.es\/grupo-de-innovacion-docente-de-la-ule-en-estrategia-empresarial-gid-040\/\">GID 040 GRUPO DE INNOVACI\u00d3N DOCENTE DE LA ULE EN ESTRATEGIA EMPRESARIAL-GIDULEEE<\/a><\/span><\/p>\n<p style=\"text-align: right;\"><strong>Coordinadora:<\/strong> <em>Laura Cabeza Garc\u00eda<\/em><\/p>\n<p style=\"text-align: right;\"><strong>Contacto:<\/strong> laura.cabeza@unileon.es<\/p>\n<p>&nbsp;<\/p>\n<p><span style=\"color: #008000;\"><a style=\"color: #008000;\" href=\"https:\/\/dde.unileon.es\/mkting-gid-041\/\">GID 041 GRUPO DE INNOVACI\u00d3N DOCENTE DE LA ULE MKTING-MKTING<\/a><\/span><\/p>\n<p style=\"text-align: right;\"><strong>Coordinador:<\/strong> <em>Miguel Cervantes Blanco<\/em><\/p>\n<p style=\"text-align: right;\"><strong>Contacto:<\/strong> miguel.cervantes@unileon.es<\/p>\n<p style=\"padding-left: 80px; text-align: right;\">\u00a0CoworkingDigitalEcoUle@CoworkingUle<\/p>\n<p>&nbsp;<\/p>\n<p><span style=\"color: #008000;\"><a style=\"color: #008000;\" href=\"https:\/\/dde.unileon.es\/para-la-transferencia-de-conocimiento-universidad-empresa-gid-045\/\">GID 045 GRUPO DE INNOVACI\u00d3N DOCENTE DE LA ULE PARA LA TRANSFERENCIA DE CONOCIMIENTO UNIVERSIDAD-EMPRESA-TRANSCUE<\/a><\/span><\/p>\n<p style=\"text-align: right;\"><strong>Coordinadora:<\/strong> <em>Almudena Mart\u00ednez Campillo<\/em><\/p>\n<p style=\"text-align: right;\"><strong>Contacto:<\/strong> amarc@unileon.es<\/p>\n<p>&nbsp;<\/p>\n<p style=\"text-align: left;\"><span style=\"color: #008000;\"><a style=\"color: #008000;\" href=\"https:\/\/dde.unileon.es\/economia-financiera-gid-046\/\">GID 046 GRUPO DE INNOVACI\u00d3N DOCENTE DE LA ULE: ECONOM\u00cdA FINANCIERA-GIDEFIN\u00a0<\/a><\/span><\/p>\n<p style=\"text-align: right;\"><strong>Coordinadora:<\/strong> <em>M. Del Carmen Gonz\u00e1lez Velasco<\/em><\/p>\n<p style=\"text-align: right;\"><strong>Contacto:<\/strong> carmen.gvelasco@unileon.es<\/p>\n<p>&nbsp;<\/p>\n<p style=\"text-align: justify;\"><a href=\"http:\/\/sicodinet.unileon.es\/\"><span style=\"color: #008000;\">GID 047 GRUPO DE INNOVACI\u00d3N DOCENTE DE LA ULE PARA EL AVANCE DEL APRENDIZAJE AUT\u00d3NOMO GUIADO (GID-A3G)<\/span><\/a><\/p>\n<p style=\"text-align: right;\"><strong>Coordinadora:<\/strong> <em>Cristina Menda\u00f1a Cuervo<\/em><\/p>\n<p style=\"text-align: right;\"><strong>Contacto:<\/strong> cristina.mendana@unileon.es<\/p>\n<p>&nbsp;<\/p>\n<p style=\"text-align: justify;\"><span style=\"color: #008000;\"><a style=\"color: #008000;\" href=\"https:\/\/dde.unileon.es\/grupo-de-innovacion-docente-en-direccion-de-empresas-gid-051\/\">GID 051 GRUPO DE INNOVACI\u00d3N DOCENTE EN DIRECCI\u00d3N DE EMPRESAS DE LA UNIVERSIDAD DE LE\u00d3N-G-iDocDE<\/a><\/span><\/p>\n<p style=\"text-align: right;\"><strong>Coordinadora:<\/strong> <em>Liliana Herrera<\/em><\/p>\n<p style=\"text-align: right;\"><strong>Contacto:<\/strong> liliana.herrera@unileon.es<\/p>\n<p>&nbsp;<\/p>\n<p style=\"text-align: justify;\"><span style=\"color: #008000;\"><a style=\"color: #008000;\" href=\"https:\/\/www.evori.net\/docenciaevori\">GID 054 GRUPO DE INNOVACI\u00d3N DOCENTE DE LA ULE EN M\u00c9TODOS DE INVESTIGACI\u00d3N EN EDUCACI\u00d3N<\/a><\/span><\/p>\n<p style=\"text-align: right;\"><strong>Coordinadora:<\/strong> <em>Camino Ferreira Villa<\/em><\/p>\n<p style=\"text-align: right;\"><strong>Contacto:<\/strong> cferv@unileon.es<\/p>\n<p>&nbsp;<\/p>\n<p style=\"text-align: justify;\"><span style=\"text-decoration: underline;\"><span style=\"color: #008000; text-decoration: underline;\">GID 056 GRUPO DE INNOVACI\u00d3N DOCENTE DE LA ULE DOCENCIA EN CIENCIA Y TECNOLOG\u00cdA DE LOS ALIMENTOS<\/span><\/span><\/p>\n<p style=\"text-align: right;\">\u00a0Twitter @docitecal<\/p>\n<p style=\"text-align: right;\"><strong>Coordinadora:<\/strong> <em>Erica Renes Ba\u00f1uelos<\/em><\/p>\n<p style=\"text-align: right;\"><strong>Contacto:<\/strong> erenb@unileon.es<\/p>\n<p>&nbsp;<\/p>\n<p><span style=\"color: #008000;\"><a style=\"color: #008000;\" href=\"https:\/\/departamentos.unileon.es\/area-historia-del-arte\/innovacion-docente\/\">GID 058 Id-ARTE GRUPO DE INNOVACI\u00d3N DOCENTE DE LA ULE-Id-ARTE<\/a><\/span><\/p>\n<p style=\"text-align: right;\"><strong>Coordinadora:<\/strong> <em>M. Dolores Teijeira Pablos<\/em><\/p>\n<p style=\"text-align: right;\"><strong>Contacto:<\/strong> md.teijeira@unileon.es<\/p>\n<p>&nbsp;<\/p>\n<p><span style=\"color: #008000;\"><a style=\"color: #008000;\" href=\"https:\/\/arenero4d.blogspot.com\/\">GID 060 GRUPO DE INNOVACI\u00d3N DOCENTE DE LA ULE PARA PROMOVER EL SOFT SKILLS EN EL CAMPUS DE PONFERRADA (BIERZO)<\/a><\/span><\/p>\n<p style=\"text-align: right;\"><strong>Coordinadora:<\/strong> <em>Flor \u00c1lvarez Taboada<\/em><\/p>\n<p style=\"text-align: right;\"><strong>Contacto:<\/strong> flor.alvarez@unileon.es<\/p>\n<p style=\"text-align: right;\"><a href=\"https:\/\/plantemonos.blogspot.com\/\">OTRO ESPACIO WEB<\/a><\/p>\n<p>&nbsp;<\/p>\n<p style=\"text-align: justify;\"><a href=\"https:\/\/ecomarte.unileon.es\/\"><span style=\"color: #008000;\">GID 63 GRUPO DE INNOVACI\u00d3N DOCENTE DE LA ULE SOBRE ECONOM\u00cdA, COMUNICACI\u00d3N Y ARTE<\/span><\/a><\/p>\n<p style=\"text-align: right;\"><strong>Coordinadora:<\/strong> Beatriz barrado Vicente<\/p>\n<p style=\"text-align: right;\"><strong>Contacto:<\/strong> beatriz.barrado@unileon.es<\/p>\n<p>&nbsp;<\/p>\n<p>&nbsp;<\/p>\n<p style=\"text-align: justify;\"><span style=\"color: #008000;\"><a style=\"color: #008000;\" href=\"http:\/\/letra.unileon.es\/?page_id=348\">GID 065 GRUPO DE INNOVACI\u00d3N DOCENTE DE LA ULE EN ENSE\u00d1ANZA-APRENDIZAJE DE LITERATURA ESPA\u00d1OLA<\/a><\/span><\/p>\n<p style=\"text-align: right;\"><strong>Coordinadora:<\/strong> <em>M. Luzdivina Cuesta Torre<\/em><\/p>\n<p style=\"text-align: right;\"><strong>Contacto:<\/strong> mlcuet@unileon.es<\/p>\n<p style=\"text-align: right;\"><a href=\"https:\/\/ariadna.unileon.es\/course\/view.php?id=968\">ESPACIO EN ARIADNA<\/a><\/p>\n<p>&nbsp;<\/p>\n<p style=\"text-align: justify;\"><span style=\"color: #008000;\"><a style=\"color: #008000;\" href=\"https:\/\/eresma.unileon.es\/index.php\/publicaciones#OTROSDESKTOP\">GID 071 GRUPO DE INNOVACI\u00d3N DOCENTE DE LA ULE \u00abHIBRIDACI\u00d3N EFICAZ DE LA ACTIVIDAD DOCENTE\u00bb\u00a0<\/a><\/span><\/p>\n<p style=\"text-align: right;\"><strong>Coordinador:<\/strong><em> Miguel de Sim\u00f3n Mart\u00edn<\/em><\/p>\n<p style=\"text-align: right;\"><strong>Contacto:<\/strong> miguel.simon@unileon.es<\/p>\n","protected":false},"excerpt":{"rendered":"<p>GID 005 GRUPO DE INNOVACI\u00d3N DE LA ULE ROBLATIC (ROB\u00d3TICA, LEARNING ANALYTICS Y TICS APLICADAS A LOS PROCESOS DE ENSE\u00d1ANZA\/APENDIZAJE)-ULE-ROBLATIC Coordinador: Miguel \u00c1ngel Conde Gonz\u00e1lez Contacto: miguel.conde@unileon.es &nbsp; GID 006 GRUPO DE INNOVACI\u00d3N DOCENTE DE LA ULE DINBIO (DOCENCIA EN &hellip; <a href=\"https:\/\/servicios.unileon.es\/innovacion-docente\/gid-con-pagina-web\/\">Sigue leyendo <span class=\"meta-nav\">&rarr;<\/span><\/a><\/p>\n","protected":false},"author":432,"featured_media":0,"parent":0,"menu_order":0,"comment_status":"closed","ping_status":"closed","template":"","meta":{"footnotes":""},"class_list":["post-786","page","type-page","status-publish","hentry"],"_links":{"self":[{"href":"https:\/\/servicios.unileon.es\/innovacion-docente\/wp-json\/wp\/v2\/pages\/786","targetHints":{"allow":["GET"]}}],"collection":[{"href":"https:\/\/servicios.unileon.es\/innovacion-docente\/wp-json\/wp\/v2\/pages"}],"about":[{"href":"https:\/\/servicios.unileon.es\/innovacion-docente\/wp-json\/wp\/v2\/types\/page"}],"author":[{"embeddable":true,"href":"https:\/\/servicios.unileon.es\/innovacion-docente\/wp-json\/wp\/v2\/users\/432"}],"replies":[{"embeddable":true,"href":"https:\/\/servicios.unileon.es\/innovacion-docente\/wp-json\/wp\/v2\/comments?post=786"}],"version-history":[{"count":58,"href":"https:\/\/servicios.unileon.es\/innovacion-docente\/wp-json\/wp\/v2\/pages\/786\/revisions"}],"predecessor-version":[{"id":1566,"href":"https:\/\/servicios.unileon.es\/innovacion-docente\/wp-json\/wp\/v2\/pages\/786\/revisions\/1566"}],"wp:attachment":[{"href":"https:\/\/servicios.unileon.es\/innovacion-docente\/wp-json\/wp\/v2\/media?parent=786"}],"curies":[{"name":"wp","href":"https:\/\/api.w.org\/{rel}","templated":true}]}}