{"id":60,"date":"2020-08-24T11:49:31","date_gmt":"2020-08-24T09:49:31","guid":{"rendered":"https:\/\/servicios.unileon.es\/innovacion-docente\/?page_id=60"},"modified":"2025-12-01T11:00:10","modified_gmt":"2025-12-01T10:00:10","slug":"modelo-de-impresos","status":"publish","type":"page","link":"https:\/\/servicios.unileon.es\/innovacion-docente\/modelo-de-impresos\/","title":{"rendered":"Modelo de Impresos"},"content":{"rendered":"<p><span style=\"color: #008000;\"><strong><span style=\"color: #ff0000;\">\u00a1NUEVO!<\/span> PLAN DE APOYO A LA INNOVACI\u00d3N DOCENTE (PAID 2026)<\/strong><\/span><\/p>\n<p><a href=\"https:\/\/servicios.unileon.es\/innovacion-docente\/files\/2025\/12\/ANEXO-II-MODELO-PARA-LA-PRESENTACION-DE-LA-PROPUESTA.docx\">ANEXO II MODELO PARA LA PRESENTACI\u00d3N DE LA PROPUESTA<\/a><\/p>\n<p><a href=\"https:\/\/servicios.unileon.es\/innovacion-docente\/files\/2025\/12\/ANEXO-III-MODELO-PARA-LA-PRESENTACION-DE-LA-MEMORIA-DE-RESULTADOS.-2026.docx\">ANEXO III MODELO PARA LA PRESENTACI\u00d3N DE LA MEMORIA DE RESULTADOS. 2026<\/a><\/p>\n<p><a href=\"https:\/\/servicios.unileon.es\/innovacion-docente\/files\/2025\/12\/ANEXO-IV-MODELO-PARA-PRESENTACION-DE-RECLAMACIONES.docx\">ANEXO IV MODELO PARA PRESENTACI\u00d3N DE RECLAMACIONES<\/a><\/p>\n<p><a href=\"https:\/\/servicios.unileon.es\/innovacion-docente\/files\/2025\/12\/ANEXO-V-MODELO-PARA-LA-JUSTIFICACION-ECONOMICA-PAID-2026.doc\">ANEXO V MODELO PARA LA JUSTIFICACI\u00d3N ECON\u00d3MICA PAID 2026<\/a><\/p>\n<p><a href=\"https:\/\/servicios.unileon.es\/innovacion-docente\/files\/2025\/12\/MODELO-PARA-LA-SOLICITUD-DE-ALTA-BAJA-COMO-MIEMBRO-DE-UN-PAID-2026.docx\">MODELO PARA LA SOLICITUD DE ALTA-BAJA COMO MIEMBRO DE UN PAID 2026<\/a><\/p>\n<p><a href=\"https:\/\/servicios.unileon.es\/innovacion-docente\/files\/2025\/12\/MODELO-PARA-LA-SOLICITUD-DE-CAMBIO-COORDINADOR-PAID-2026.docx\">MODELO PARA LA SOLICITUD DE CAMBIO COORDINADOR PAID 2026<\/a><\/p>\n<p>&nbsp;<\/p>\n<p>&nbsp;<\/p>\n<p><span style=\"color: #008000;\"><strong>GRUPOS DE INNOVACI\u00d3N DOCENTE<\/strong><\/span><\/p>\n<p style=\"text-align: justify;\"><a href=\"https:\/\/servicios.unileon.es\/innovacion-docente\/files\/2025\/12\/MODELO-PARA-LA-INCORPORACION-EN-EL-REGISTRO-DE-GID-DE-LA-UNIVERSIDAD-DE-LEON-2026.docx\">MODELO PARA LA INCORPORACI\u00d3N EN EL REGISTRO DE GID DE LA UNIVERSIDAD DE LE\u00d3N 2026<\/a><\/p>\n<p style=\"text-align: justify;\"><a href=\"https:\/\/servicios.unileon.es\/innovacion-docente\/files\/2023\/08\/MODELO-PARA-LA-SOLICITUD-DE-ALTA-BAJA-COMO-MIEMBRO-DE-UN-GID.docx\">MODELO PARA LA SOLICITUD DE ALTA-BAJA COMO MIEMBRO DE UN GID<\/a><\/p>\n<p style=\"text-align: justify;\"><a href=\"https:\/\/servicios.unileon.es\/innovacion-docente\/files\/2023\/08\/MODELO-PARA-LA-SOLICITUD-DE-DISOLUCION-DE-UN-GID-DE-LA-UNIVERSIDAD-DE-LEON.docx\">MODELO PARA LA SOLICITUD DE DISOLUCI\u00d3N DE UN GID DE LA UNIVERSIDAD DE LE\u00d3N<\/a><\/p>\n<p style=\"text-align: justify;\"><a href=\"https:\/\/servicios.unileon.es\/innovacion-docente\/files\/2023\/08\/MODELO-PARA-LA-SOLICITUD-DE-FUSION-DE-GID-DE-LA-UNIVERSIDAD-DE-LEON.docx\">MODELO PARA LA SOLICITUD DE FUSI\u00d3N DE GID DE LA UNIVERSIDAD DE LE\u00d3N<\/a><\/p>\n<p style=\"text-align: justify;\"><a href=\"https:\/\/servicios.unileon.es\/innovacion-docente\/files\/2023\/08\/MODELO-PARA-LA-SOLICITUD-DEL-CAMBIO-DE-COORDINADOR-DE-UN-GID-DE-LA-UNIVERSIDAD-DE-LEON.docx\">MODELO PARA LA SOLICITUD DEL CAMBIO DE COORDINADOR DE UN GID DE LA UNIVERSIDAD DE LE\u00d3N<\/a><\/p>\n<p style=\"text-align: justify;\"><a href=\"https:\/\/servicios.unileon.es\/innovacion-docente\/files\/2023\/08\/MODELO-PARA-LA-SOLICITUD-DEL-CERTIFICADO-DE-PARTICIPACION-EN-UN-GID-DE-LA-UNIVERSIDAD-DE-LEON.docx\">MODELO PARA LA SOLICITUD DEL CERTIFICADO DE PARTICIPACI\u00d3N EN UN GID DE LA UNIVERSIDAD DE LE\u00d3N<\/a><\/p>\n<p style=\"text-align: justify;\"><a href=\"https:\/\/servicios.unileon.es\/innovacion-docente\/files\/2025\/02\/MODELO-PARA-LA-JUSTIFICACION-ECONOMICA-2025.doc\">MODELO PARA LA JUSTIFICACI\u00d3N ECON\u00d3MICA 2025<\/a><\/p>\n<p>&nbsp;<\/p>\n<p>&nbsp;<\/p>\n<p style=\"text-align: justify;\"><strong><span style=\"color: #008000;\">PARA LA EVALUACI\u00d3N DE LOS GRUPOS DE INNOVACI\u00d3N DOCENTE (2025)<\/span><\/strong><\/p>\n<p><a href=\"https:\/\/servicios.unileon.es\/innovacion-docente\/files\/2025\/02\/ANEXO-2-SOLICITUD-DE-EVALUACION-DEL-GRUPO.docx\">ANEXO 2 SOLICITUD DE EVALUACI\u00d3N DEL GRUPO<\/a><\/p>\n<p><a href=\"https:\/\/servicios.unileon.es\/innovacion-docente\/files\/2025\/02\/ANEXO-3-MODELO-DE-LA-MEMORIA-DE-EVALUACION-DE-LOS-GID.docx\">ANEXO 3 MODELO DE LA MEMORIA DE EVALUACI\u00d3N DE LOS GID<\/a><\/p>\n<p>&nbsp;<\/p>\n","protected":false},"excerpt":{"rendered":"<p>\u00a1NUEVO! PLAN DE APOYO A LA INNOVACI\u00d3N DOCENTE (PAID 2026) ANEXO II MODELO PARA LA PRESENTACI\u00d3N DE LA PROPUESTA ANEXO III MODELO PARA LA PRESENTACI\u00d3N DE LA MEMORIA DE RESULTADOS. 2026 ANEXO IV MODELO PARA PRESENTACI\u00d3N DE RECLAMACIONES ANEXO V &hellip; <a href=\"https:\/\/servicios.unileon.es\/innovacion-docente\/modelo-de-impresos\/\">Sigue leyendo <span class=\"meta-nav\">&rarr;<\/span><\/a><\/p>\n","protected":false},"author":432,"featured_media":0,"parent":0,"menu_order":0,"comment_status":"closed","ping_status":"closed","template":"","meta":{"footnotes":""},"class_list":["post-60","page","type-page","status-publish","hentry"],"_links":{"self":[{"href":"https:\/\/servicios.unileon.es\/innovacion-docente\/wp-json\/wp\/v2\/pages\/60","targetHints":{"allow":["GET"]}}],"collection":[{"href":"https:\/\/servicios.unileon.es\/innovacion-docente\/wp-json\/wp\/v2\/pages"}],"about":[{"href":"https:\/\/servicios.unileon.es\/innovacion-docente\/wp-json\/wp\/v2\/types\/page"}],"author":[{"embeddable":true,"href":"https:\/\/servicios.unileon.es\/innovacion-docente\/wp-json\/wp\/v2\/users\/432"}],"replies":[{"embeddable":true,"href":"https:\/\/servicios.unileon.es\/innovacion-docente\/wp-json\/wp\/v2\/comments?post=60"}],"version-history":[{"count":36,"href":"https:\/\/servicios.unileon.es\/innovacion-docente\/wp-json\/wp\/v2\/pages\/60\/revisions"}],"predecessor-version":[{"id":1855,"href":"https:\/\/servicios.unileon.es\/innovacion-docente\/wp-json\/wp\/v2\/pages\/60\/revisions\/1855"}],"wp:attachment":[{"href":"https:\/\/servicios.unileon.es\/innovacion-docente\/wp-json\/wp\/v2\/media?parent=60"}],"curies":[{"name":"wp","href":"https:\/\/api.w.org\/{rel}","templated":true}]}}