{"id":589,"date":"2022-03-02T09:16:42","date_gmt":"2022-03-02T08:16:42","guid":{"rendered":"https:\/\/servicios.unileon.es\/innovacion-docente\/?page_id=589"},"modified":"2022-06-22T09:21:45","modified_gmt":"2022-06-22T07:21:45","slug":"gamificacion","status":"publish","type":"page","link":"https:\/\/servicios.unileon.es\/innovacion-docente\/gamificacion\/","title":{"rendered":"Gamificaci\u00f3n"},"content":{"rendered":"<p><img loading=\"lazy\" decoding=\"async\" class=\"aligncenter wp-image-887 \" src=\"https:\/\/servicios.unileon.es\/innovacion-docente\/files\/2022\/06\/gamificacion.jpg\" alt=\"\" width=\"546\" height=\"307\" \/><\/p>\n<p><span style=\"font-family: georgia, palatino, serif; font-size: 12pt; color: #333333;\"><span style=\"background: white;\">Es una t\u00e9cnica de aprendizaje traslada la mec\u00e1nica de los juegos al \u00e1mbito educativo-profesiona<\/span>l con el fin de mejorar los resultados acad\u00e9micos, facilitar la comprensi\u00f3n y favorecer el conocimiento del alumnado.<\/span><\/p>\n<p style=\"text-align: left;\"><span style=\"text-decoration: underline; font-size: 14pt;\"><span style=\"color: #993366; text-decoration: underline;\"><strong>EL CICLO DE GAMIFICACI\u00d3N: LOS 4 PASOS PARA ALCANZAR LA VICTORIA.<\/strong><\/span><\/span><\/p>\n<p><img loading=\"lazy\" decoding=\"async\" class=\"wp-image-889 alignnone\" src=\"https:\/\/servicios.unileon.es\/innovacion-docente\/files\/2022\/06\/ciclo-gamifiacion.png\" alt=\"\" width=\"583\" height=\"382\" \/><\/p>\n<p>&nbsp;<\/p>\n<p><span style=\"font-size: 14pt;\"><strong><span style=\"text-decoration: underline;\"><span style=\"color: #993366; text-decoration: underline;\">T\u00c9CNICAS DE GAMIFICACI\u00d3N<\/span><\/span><\/strong><\/span><\/p>\n<p>En este m\u00e9todo se emplean diferentes t\u00e9cnicas mec\u00e1nicas y din\u00e1micas practicadas en los juegos, aplicando los sistemas de puntuaci\u00f3n-recompensa-objetivo propios de ellos en el aula.<\/p>\n<p>Las <span style=\"font-size: 14pt;\"><strong>t\u00e9cnicas mec\u00e1nicas consisten en la recompensa<\/strong><\/span> seg\u00fan los logros del alumno, por ejemplo:<\/p>\n<p>&nbsp;<\/p>\n<p style=\"text-align: left; padding-left: 40px;\"><img loading=\"lazy\" decoding=\"async\" class=\"wp-image-891 alignnone\" src=\"https:\/\/servicios.unileon.es\/innovacion-docente\/files\/2022\/06\/puntuacion-en-gamifiacion.png\" alt=\"\" width=\"38\" height=\"38\" \/>Acumulaci\u00f3n de puntos.<\/p>\n<p style=\"padding-left: 40px;\"><img loading=\"lazy\" decoding=\"async\" class=\"alignnone wp-image-893\" src=\"https:\/\/servicios.unileon.es\/innovacion-docente\/files\/2022\/06\/006-1.png\" alt=\"\" width=\"63\" height=\"51\" \/>Escalado de niveles a medida que se van superando los anteriores.<\/p>\n<p style=\"padding-left: 40px;\"><span style=\"font-size: 24pt;\">&#x1f3c6; <\/span>Obtenci\u00f3n de premios por la consecuci\u00f3n de determinados objetivos o misiones.<\/p>\n<p style=\"padding-left: 40px;\"><span style=\"font-size: 24pt;\">\u00a0 &#x1f381; <\/span>Regalos por lograr alg\u00fan r\u00e9cord del juego.<\/p>\n<p style=\"padding-left: 40px;\"><img loading=\"lazy\" decoding=\"async\" class=\"alignnone wp-image-895\" src=\"https:\/\/servicios.unileon.es\/innovacion-docente\/files\/2022\/06\/009-1.png\" alt=\"\" width=\"104\" height=\"38\" \/>\u00a0 Clasificaciones en funci\u00f3n de puntos y objetivos alcanzados.<\/p>\n<p style=\"padding-left: 40px;\"><img loading=\"lazy\" decoding=\"async\" class=\"wp-image-896 alignnone\" src=\"https:\/\/servicios.unileon.es\/innovacion-docente\/files\/2022\/06\/009-2.png\" alt=\"\" width=\"86\" height=\"58\" \/>\u00a0 Desaf\u00edos donde solo puede haber un ganador.<\/p>\n<p>&nbsp;<\/p>\n<p><span style=\"font-size: 14pt;\">Las<strong style=\"font-size: 14pt;\"> t\u00e9cnicas din\u00e1micas se centran en la<\/strong> <strong style=\"font-size: 14pt;\">motivaci\u00f3n<\/strong><\/span> para jugar y seguir adelante con el logro de los objetivos o la superaci\u00f3n de niveles. Algunas de las t\u00e9cnicas din\u00e1micas m\u00e1s utilizadas son las siguientes:<\/p>\n<p style=\"text-align: left;\"><img loading=\"lazy\" decoding=\"async\" class=\"wp-image-913 alignleft\" src=\"https:\/\/servicios.unileon.es\/innovacion-docente\/files\/2022\/06\/009-5.png\" alt=\"\" width=\"493\" height=\"247\" \/><\/p>\n<p style=\"text-align: left; padding-left: 40px;\"><strong>&#x1f538;Recompensa:\u00a0 \u00a0<\/strong> obtener un beneficio merecido.<\/p>\n<p style=\"text-align: left; padding-left: 40px;\"><strong>&#x1f538;Estatus<\/strong>:\u00a0 \u00a0 \u00a0establecerse en un nivel jer\u00e1rquico social valorado.<\/p>\n<p style=\"padding-left: 40px;\"><strong>&#x1f538;Logro:\u00a0 \u00a0<\/strong>\u00a0superarse a uno mismo.<\/p>\n<p style=\"padding-left: 40px;\"><strong>&#x1f538; Competici\u00f3n<\/strong>:\u00a0 \u00a0 \u00a0 \u00a0ser mejor que el resto.<\/p>\n<p>&nbsp;<\/p>\n<p><span style=\"text-decoration: underline;\"><span style=\"color: #993366;\"><strong>M\u00c1S INFORMACI\u00d3N:<\/strong><\/span><\/span><\/p>\n<p><iframe loading=\"lazy\" title=\"La gamificaci\u00f3n en el aula | #UNIRtecnolog\u00edaeducativa\" width=\"640\" height=\"360\" src=\"https:\/\/www.youtube.com\/embed\/88ZGFlUHxYk?feature=oembed\" frameborder=\"0\" allow=\"accelerometer; autoplay; clipboard-write; encrypted-media; gyroscope; picture-in-picture; web-share\" referrerpolicy=\"strict-origin-when-cross-origin\" allowfullscreen><\/iframe><\/p>\n<p><span style=\"text-decoration: underline; color: #993366;\"><strong>EN LA ULE:<\/strong><\/span><\/p>\n<div id=\"attachment_924\" style=\"width: 654px\" class=\"wp-caption alignnone\"><a href=\"https:\/\/www.unileon.es\/noticias\/concedidos-los-premios-2020-a-la-innovacion-en-la-ensenanza-del-consejo-social-de-la-ule\"><img loading=\"lazy\" decoding=\"async\" aria-describedby=\"caption-attachment-924\" class=\"wp-image-924 size-full\" src=\"https:\/\/servicios.unileon.es\/innovacion-docente\/files\/2022\/06\/Concedidos-los-premios-2020-a-la-Innovacion-en-la-Ensenanza-del-Consejo-Social-de-la-ULE.png\" alt=\"\" width=\"644\" height=\"362\" \/><\/a><p id=\"caption-attachment-924\" class=\"wp-caption-text\">RTULE: Un proyecto capaz de dise\u00f1ar y construir un b\u00f3lido de inercia.<\/p><\/div>\n<div id=\"attachment_925\" style=\"width: 662px\" class=\"wp-caption alignnone\"><a href=\"https:\/\/www.unileon.es\/noticias\/un-libro-sobremodelos-pedagogico-editado-por-la-ule-supera-las-10000-descargas-en-24-horas\"><img loading=\"lazy\" decoding=\"async\" aria-describedby=\"caption-attachment-925\" class=\"size-full wp-image-925\" src=\"https:\/\/servicios.unileon.es\/innovacion-docente\/files\/2022\/06\/Un-libro-sobre-modelos-pedagogico-editado-por-la-ULE-supera-las-10.000-descargas-en-24-horas.png\" alt=\"\" width=\"652\" height=\"402\" \/><\/a><p id=\"caption-attachment-925\" class=\"wp-caption-text\">Coordinado por \u00c1ngel P\u00e9rez Pueyo, resume en una sola obra en versi\u00f3n digital y descarga gratuita los modelos pedag\u00f3gicos m\u00e1s relevantes en educaci\u00f3n f\u00edsica.<\/p><\/div>\n<p>&nbsp;<\/p>\n<p><span style=\"color: #993366;\"><strong><span lang=\"ES-TRAD\" xml:lang=\"ES-TRAD\"><a style=\"color: #993366;\" href=\"https:\/\/www.unileon.es\/noticias\/investigadores-de-la-ule-participan-en-un-proyecto-europeo-sobre-aprendizaje-digital\"><span style=\"text-decoration: underline;\">EL PROYECTO DIGIMATES:<\/span><\/a><\/span><\/strong><\/span><\/p>\n<p style=\"padding-left: 40px;\"><strong><span lang=\"ES-TRAD\" xml:lang=\"ES-TRAD\"><a href=\"https:\/\/www.unileon.es\/noticias\/investigadores-de-la-ule-participan-en-un-proyecto-europeo-sobre-aprendizaje-digital\"><img loading=\"lazy\" decoding=\"async\" class=\"wp-image-928 alignleft\" src=\"https:\/\/servicios.unileon.es\/innovacion-docente\/files\/2022\/06\/flipped-classroom-II.jpg\" alt=\"\" width=\"374\" height=\"161\" \/> <\/a><\/span><\/strong><\/p>\n<p style=\"padding-left: 40px; text-align: center;\"><strong><span lang=\"ES-TRAD\" xml:lang=\"ES-TRAD\">Re\u00fane a universidades de Eslovenia, Polonia, Turqu\u00eda, Alemania y Espa\u00f1a, para desarrollar un m\u00e9todo innovador e interactivo basado en la gamificaci\u00f3n.<\/span><\/strong><\/p>\n<p><a href=\"https:\/\/www.universoluisfer.es\/inicio\/innovacion-docente\/\"><span style=\"text-decoration: underline;\"><span style=\"color: #993366;\"><strong>GID ULE<\/strong>:<\/span><\/span><\/a><\/p>\n<div id=\"attachment_933\" style=\"width: 577px\" class=\"wp-caption alignnone\"><a href=\"https:\/\/www.universoluisfer.es\/inicio\/innovacion-docente\/\"><img loading=\"lazy\" decoding=\"async\" aria-describedby=\"caption-attachment-933\" class=\"wp-image-933 \" src=\"https:\/\/servicios.unileon.es\/innovacion-docente\/files\/2022\/06\/009-6.png\" alt=\"\" width=\"567\" height=\"170\" \/><\/a><p id=\"caption-attachment-933\" class=\"wp-caption-text\"><span style=\"font-size: 12pt;\">Grupo de innovaci\u00f3n docente de la ULE DINBIO.<\/span><\/p><\/div>\n","protected":false},"excerpt":{"rendered":"<p>Es una t\u00e9cnica de aprendizaje traslada la mec\u00e1nica de los juegos al \u00e1mbito educativo-profesional con el fin de mejorar los resultados acad\u00e9micos, facilitar la comprensi\u00f3n y favorecer el conocimiento del alumnado. EL CICLO DE GAMIFICACI\u00d3N: LOS 4 PASOS PARA ALCANZAR &hellip; <a href=\"https:\/\/servicios.unileon.es\/innovacion-docente\/gamificacion\/\">Sigue leyendo <span class=\"meta-nav\">&rarr;<\/span><\/a><\/p>\n","protected":false},"author":432,"featured_media":925,"parent":0,"menu_order":0,"comment_status":"closed","ping_status":"closed","template":"","meta":{"footnotes":""},"class_list":["post-589","page","type-page","status-publish","has-post-thumbnail","hentry"],"_links":{"self":[{"href":"https:\/\/servicios.unileon.es\/innovacion-docente\/wp-json\/wp\/v2\/pages\/589","targetHints":{"allow":["GET"]}}],"collection":[{"href":"https:\/\/servicios.unileon.es\/innovacion-docente\/wp-json\/wp\/v2\/pages"}],"about":[{"href":"https:\/\/servicios.unileon.es\/innovacion-docente\/wp-json\/wp\/v2\/types\/page"}],"author":[{"embeddable":true,"href":"https:\/\/servicios.unileon.es\/innovacion-docente\/wp-json\/wp\/v2\/users\/432"}],"replies":[{"embeddable":true,"href":"https:\/\/servicios.unileon.es\/innovacion-docente\/wp-json\/wp\/v2\/comments?post=589"}],"version-history":[{"count":31,"href":"https:\/\/servicios.unileon.es\/innovacion-docente\/wp-json\/wp\/v2\/pages\/589\/revisions"}],"predecessor-version":[{"id":952,"href":"https:\/\/servicios.unileon.es\/innovacion-docente\/wp-json\/wp\/v2\/pages\/589\/revisions\/952"}],"wp:featuredmedia":[{"embeddable":true,"href":"https:\/\/servicios.unileon.es\/innovacion-docente\/wp-json\/wp\/v2\/media\/925"}],"wp:attachment":[{"href":"https:\/\/servicios.unileon.es\/innovacion-docente\/wp-json\/wp\/v2\/media?parent=589"}],"curies":[{"name":"wp","href":"https:\/\/api.w.org\/{rel}","templated":true}]}}