{"id":587,"date":"2022-03-02T09:16:23","date_gmt":"2022-03-02T08:16:23","guid":{"rendered":"https:\/\/servicios.unileon.es\/innovacion-docente\/?page_id=587"},"modified":"2022-06-21T09:43:40","modified_gmt":"2022-06-21T07:43:40","slug":"flipped-classroom","status":"publish","type":"page","link":"https:\/\/servicios.unileon.es\/innovacion-docente\/flipped-classroom\/","title":{"rendered":"Flipped Classroom"},"content":{"rendered":"<p><img loading=\"lazy\" decoding=\"async\" class=\"alignnone size-full wp-image-748\" src=\"https:\/\/servicios.unileon.es\/innovacion-docente\/files\/2022\/05\/flipped-classroom-IV-3.png\" alt=\"\" width=\"510\" height=\"122\" \/><img loading=\"lazy\" decoding=\"async\" class=\"size-full wp-image-741 aligncenter\" src=\"https:\/\/servicios.unileon.es\/innovacion-docente\/files\/2022\/05\/flipped-classroom-I.png\" alt=\"\" width=\"600\" height=\"375\" \/><\/p>\n<p>&nbsp;<\/p>\n<p style=\"text-align: justify;\">Tambi\u00e9n conocido como <span style=\"color: #ffff00;\"><span style=\"color: #800080;\"><strong><span style=\"font-size: 14pt;\">Aula Invertida<\/span><\/strong><\/span>,<\/span> se trata de un modelo pedag\u00f3gico en el que los alumnos estudian y preparan las lecciones fuera de clase teniendo acceso al temario y el material necesario de la asignatura, para aplicar la teor\u00eda posteriormente en el aula a trav\u00e9s de actividades pr\u00e1cticas.<strong>\u00a0\u00a0<\/strong>Los grandes propagadores de la metodolog\u00eda\u00a0<em>Flipped Classroom<\/em>\u00a0son los profesores norteamericanos Jon Bergmann y Aaron Sams.<\/p>\n<p style=\"text-align: justify;\">Tiene claras conexiones con otras modelos fuera del aula el trabajo de determinados procesos de aprendizaje, como el aprendizaje mixto (blended learning) o el dise\u00f1o universal de aprendizaje (Universal Design for Learning), y utiliza el tiempo de clase, apoy\u00e1ndose en la experiencia del docente, para facilitar y potenciar otros procesos de adquisici\u00f3n y pr\u00e1ctica de conocimientos dentro del aula (Bergmann y Sams, 2012).<\/p>\n<p>&nbsp;<\/p>\n<p>Se emplean distintos <strong><span style=\"font-size: 14pt; color: #0000ff;\">RECURSOS<\/span><\/strong> que permiten a los alumnos poder aprender la teor\u00eda:<\/p>\n<p>&nbsp;<\/p>\n<p style=\"text-align: center;\"><span style=\"font-size: 14pt; color: #993300;\">Herramientas y recursos para \u00abdar vuelta\u00bb tu clase<\/span><\/p>\n<table style=\"border-collapse: collapse; width: 100%;\">\n<tbody>\n<tr>\n<td style=\"width: 50%; text-align: center;\"><span style=\"color: #993366;\"><strong>Plataformas para compartir contenidos<\/strong><\/span><\/td>\n<td style=\"width: 50%; text-align: center;\"><strong><span style=\"color: #003366;\">Plataformas para crear contenidos<\/span><\/strong><\/td>\n<\/tr>\n<tr>\n<td style=\"width: 50%; text-align: center;\"><span style=\"color: #800080;\">Moodle<\/span><\/td>\n<td style=\"width: 50%; text-align: center;\"><span style=\"color: #000080;\">Panopto<\/span><\/td>\n<\/tr>\n<tr>\n<td style=\"width: 50%; text-align: center;\"><span style=\"color: #800080;\">Schoology<\/span><\/td>\n<td style=\"width: 50%; text-align: center;\"><span style=\"color: #000080;\">Socrative<\/span><\/td>\n<\/tr>\n<tr>\n<td style=\"width: 50%; text-align: center;\"><span style=\"color: #800080;\">Edmodo<\/span><\/td>\n<td style=\"width: 50%; text-align: center;\"><span style=\"color: #000080;\">Moovly<\/span><\/td>\n<\/tr>\n<tr>\n<td style=\"width: 50%; text-align: center;\"><span style=\"color: #800080;\">Wiggio<\/span><\/td>\n<td style=\"width: 50%;\"><\/td>\n<\/tr>\n<\/tbody>\n<\/table>\n<p>&nbsp;<\/p>\n<p><span style=\"font-size: 18pt; color: #008000;\"><span style=\"font-size: 12pt; color: #000000;\">Presenta ciertas <\/span><span style=\"font-size: 14pt;\"><strong>CARACTER\u00cdSTICAS <\/strong><span style=\"color: #000000; font-size: 12pt;\">que lo distinguen de otros modelos:<\/span><\/span><\/span><\/p>\n<p>&nbsp;<\/p>\n<p>&#x2660;\u00a0Permite a los docentes dedicar m\u00e1s tiempo a la atenci\u00f3n a las <strong>diferencias individuales<\/strong>.<\/p>\n<p style=\"text-align: left; padding-left: 40px;\">&#x2660;\u00a0 Es una <strong>Oportunidad<\/strong> para que el profesorado pueda compartir informaci\u00f3n y conocimientos entre s\u00ed, con el<strong> alumnado, las familias y la comunidad<\/strong>.<\/p>\n<p style=\"text-align: left; padding-left: 80px;\">&#x2660;\u00a0 Proporciona al alumnado la posibilidad de volver a acceder, tantas veces como sea necesario, a los <strong>mejores contenidos<\/strong> generados o facilitados por sus profesores.<\/p>\n<p style=\"text-align: left; padding-left: 40px;\">&#x2660;\u00a0 Crea un ambiente de aprendizaje<strong> colaborativo<\/strong> en el aula.<\/p>\n<p style=\"text-align: left;\">&#x2660;\u00a0 Involucra a las<strong> familias<\/strong> desde el inicio del proceso de aprendizaje.<\/p>\n<p>&nbsp;<\/p>\n<p><span style=\"color: #993300;\"><strong><span style=\"font-size: 14pt;\">M\u00c1S INFORMACI\u00d3N:<\/span><\/strong><\/span><\/p>\n<p>&nbsp;<\/p>\n<p style=\"padding-left: 120px;\"><span style=\"font-size: 14pt;\"><a href=\"https:\/\/www.theflippedclassroom.es\/\">PORTAL <\/a><em>THE FLIPPED CLASSROOM<img loading=\"lazy\" decoding=\"async\" class=\"wp-image-769 alignleft\" src=\"https:\/\/servicios.unileon.es\/innovacion-docente\/files\/2022\/05\/flipped-classroom-II-2.jpg\" alt=\"\" width=\"59\" height=\"28\" \/><\/em><\/span><\/p>\n<p>&nbsp;<\/p>\n<p style=\"padding-left: 200px;\"><span style=\"font-size: 14pt;\"><img loading=\"lazy\" decoding=\"async\" class=\"wp-image-772 alignleft\" src=\"https:\/\/servicios.unileon.es\/innovacion-docente\/files\/2022\/05\/alerta.gif\" alt=\"\" width=\"49\" height=\"37\" \/><a href=\"https:\/\/www.youtube.com\/watch?v=ePOnn0H9GMY\">CANAL DE YOUTUBE <em>PEDAGOG\u00cdA DIGITAL<\/em><\/a><\/span><\/p>\n<p>&nbsp;<\/p>\n<p style=\"text-align: left; padding-left: 80px;\"><span style=\"font-size: 14pt;\">LIBRO\u00a0<\/span><em><span style=\"font-size: 14pt;\">\u00ab<a href=\"https:\/\/books.google.es\/books?id=x8FFEAAAQBAJ&amp;pg=PA35&amp;dq=flipped+classroom&amp;hl=es&amp;sa=X&amp;ved=2ahUKEwizrpiKuvr3AhVGg_0HHbmnBGwQ6AF6BAgEEAI#v=onepage&amp;q&amp;f=false\">El modelo flipped classroom en la Universidad<\/a>\u00ab<\/span>\u00a0<\/em><em><img loading=\"lazy\" decoding=\"async\" class=\"alignnone wp-image-939\" src=\"https:\/\/servicios.unileon.es\/innovacion-docente\/files\/2022\/06\/Un-libro-sobre-modelos-pedagogico-editado-por-la-ULE-supera-las-10.000-descargas-en-24-horas-1.png\" alt=\"\" width=\"80\" height=\"40\" \/><\/em><\/p>\n<p>&nbsp;<\/p>\n<p>&nbsp;<\/p>\n","protected":false},"excerpt":{"rendered":"<p>&nbsp; Tambi\u00e9n conocido como Aula Invertida, se trata de un modelo pedag\u00f3gico en el que los alumnos estudian y preparan las lecciones fuera de clase teniendo acceso al temario y el material necesario de la asignatura, para aplicar la teor\u00eda &hellip; <a href=\"https:\/\/servicios.unileon.es\/innovacion-docente\/flipped-classroom\/\">Sigue leyendo <span class=\"meta-nav\">&rarr;<\/span><\/a><\/p>\n","protected":false},"author":432,"featured_media":0,"parent":0,"menu_order":0,"comment_status":"closed","ping_status":"closed","template":"","meta":{"footnotes":""},"class_list":["post-587","page","type-page","status-publish","hentry"],"_links":{"self":[{"href":"https:\/\/servicios.unileon.es\/innovacion-docente\/wp-json\/wp\/v2\/pages\/587","targetHints":{"allow":["GET"]}}],"collection":[{"href":"https:\/\/servicios.unileon.es\/innovacion-docente\/wp-json\/wp\/v2\/pages"}],"about":[{"href":"https:\/\/servicios.unileon.es\/innovacion-docente\/wp-json\/wp\/v2\/types\/page"}],"author":[{"embeddable":true,"href":"https:\/\/servicios.unileon.es\/innovacion-docente\/wp-json\/wp\/v2\/users\/432"}],"replies":[{"embeddable":true,"href":"https:\/\/servicios.unileon.es\/innovacion-docente\/wp-json\/wp\/v2\/comments?post=587"}],"version-history":[{"count":12,"href":"https:\/\/servicios.unileon.es\/innovacion-docente\/wp-json\/wp\/v2\/pages\/587\/revisions"}],"predecessor-version":[{"id":941,"href":"https:\/\/servicios.unileon.es\/innovacion-docente\/wp-json\/wp\/v2\/pages\/587\/revisions\/941"}],"wp:attachment":[{"href":"https:\/\/servicios.unileon.es\/innovacion-docente\/wp-json\/wp\/v2\/media?parent=587"}],"curies":[{"name":"wp","href":"https:\/\/api.w.org\/{rel}","templated":true}]}}