{"id":585,"date":"2022-03-02T09:16:05","date_gmt":"2022-03-02T08:16:05","guid":{"rendered":"https:\/\/servicios.unileon.es\/innovacion-docente\/?page_id=585"},"modified":"2022-09-30T14:31:04","modified_gmt":"2022-09-30T12:31:04","slug":"aprendizaje-servicio","status":"publish","type":"page","link":"https:\/\/servicios.unileon.es\/innovacion-docente\/aprendizaje-servicio\/","title":{"rendered":"Aprendizaje Servicio"},"content":{"rendered":"<p>&nbsp;<\/p>\n<p><img loading=\"lazy\" decoding=\"async\" class=\"alignnone size-full wp-image-718\" src=\"https:\/\/servicios.unileon.es\/innovacion-docente\/files\/2022\/05\/nu3znxqmyaczolwhma3ditngcd6jc3sachvcdoaizecfr3dnitcq_3_0.png\" alt=\"\" width=\"700\" height=\"394\" \/><\/p>\n<p style=\"text-align: justify;\"><strong>El aprendizaje-servicio es una propuesta educativa que combina procesos de aprendizaje y de servicio a la comunidad en un solo proyecto bien articulado donde los participantes aprenden al trabajar en necesidades reales del entorno con la finalidad de mejorarlo<\/strong>.<\/p>\n<p>El aprendizaje servicio es, pues, un proyecto educativo con utilidad social.<\/p>\n<p><span style=\"text-decoration: underline;\"><span style=\"color: #008000; text-decoration: underline;\"><strong>POSIBLES \u00c1MBITOS DE TRABAJO<\/strong><\/span><\/span><\/p>\n<ul>\n<li style=\"text-align: justify;\"><span style=\"color: #008000;\"><strong>Formaci\u00f3n:<\/strong><\/span> Apoyo a la escolarizaci\u00f3n, formaci\u00f3n para otros niveles educativos, motivaci\u00f3n hacia el estudio o hacia la universidad, clases para adultos o colectivos concretos&#8230;<\/li>\n<li style=\"text-align: justify;\"><strong><span style=\"color: #008000;\">Participaci\u00f3n ciudadana:<\/span> <\/strong>Proyectos para estimular la participaci\u00f3n en el barrio, en zonas rurales o en el entorno cercano con el objetivo de favorecer el compromiso c\u00edvico y la mejora de la calidad de visa de sus habitantes, a trav\u00e9s de medios de comunicaci\u00f3n, actividades culturales, procesos participativos&#8230;<\/li>\n<li style=\"text-align: justify;\"><span style=\"color: #008000;\"><strong>Intercambio generacional:<\/strong> <\/span>Proyectos que pretenden acercar a colectivos de diferentes edades con el objetivo de facilitar el conocimiento mutuo y el intercambio de conocimientos, saberes y habilidades.<\/li>\n<li style=\"text-align: justify;\"><strong><span style=\"color: #008000;\">Medio Ambiente:<\/span> <\/strong>Proyectos orientados al cuidado, conservaci\u00f3n y educaci\u00f3n medioambiental.\u00a0Reciclaje de materiales, auditor\u00edas ambientales, limpieza y conservaci\u00f3n del patrimonio natural y urbano, ahorro energ\u00e9tico, cuidado de la fauna del territorio\u2026<\/li>\n<li style=\"text-align: justify;\"><span style=\"color: #008000;\"><strong>Ayuda a otras personas:<\/strong> <\/span>Proyectos de ayuda directa a personas que pueden necesitarla: colectivos en riesgo de exclusi\u00f3n, personas inmigradas, personas con discapacidades f\u00edsicas o ps\u00edquicas\u2026<\/li>\n<li style=\"text-align: justify;\"><span style=\"color: #008000;\"><strong>Patrimonio cultural:<\/strong> <\/span>Proyectos de conservaci\u00f3n y restauraci\u00f3n del patrimonio cultural y para la recuperaci\u00f3n y difusi\u00f3n de las tradiciones culturales.<\/li>\n<li style=\"text-align: justify;\"><span style=\"color: #008000;\"><strong>Proyectos de solidaridad y cooperaci\u00f3n:<\/strong><\/span> Proyectos para la sensibilizaci\u00f3n y defensa de los Derechos Humanos, causas solidarias y humanitarias de amplio alcance ya nivel internacional.<\/li>\n<li style=\"text-align: justify;\"><strong><span style=\"color: #008000;\">Promoci\u00f3n de la salud:<\/span> <\/strong>Proyectos de prevenci\u00f3n en el \u00e1mbito de la salud, promoci\u00f3n de estilos de vida saludables y acompa\u00f1amiento de personas que padecen enfermedades.<\/li>\n<\/ul>\n<p style=\"text-align: right;\"><strong>CENTRO PROMOTOR DE APRENDIZAJE SERVICIO DE CATALU\u00d1A<\/strong><\/p>\n<p style=\"text-align: right;\"><a href=\"https:\/\/aprenentatgeservei.cat\/\">Acceso a su p\u00e1gina web<\/a><\/p>\n<p>&nbsp;<\/p>\n<p><iframe loading=\"lazy\" title=\"Aprendizaje\/servicio: aprender haciendo un servicio a la comunidad: Roser Batlle at TEDxBarcelona\" width=\"640\" height=\"360\" src=\"https:\/\/www.youtube.com\/embed\/Bx29nbHx3F4?start=18&#038;feature=oembed\" frameborder=\"0\" allow=\"accelerometer; autoplay; clipboard-write; encrypted-media; gyroscope; picture-in-picture; web-share\" referrerpolicy=\"strict-origin-when-cross-origin\" allowfullscreen><\/iframe><\/p>\n<p style=\"text-align: right;\"><span style=\"color: #ff6600; font-size: 14pt;\"><strong>ROSER BATLLE<\/strong><\/span><\/p>\n<p style=\"text-align: justify;\">Pedagoga y emprendedora social. Impulsora del aprendizaje-servicio en Espa\u00f1a. En su blog puedes inspirarte con la informaci\u00f3n que te aporta, bibliograf\u00eda, experiencias, v\u00eddeos, etc. sobre la metodolog\u00eda aprendizaje y servicio.<\/p>\n<p style=\"text-align: right;\"><a href=\"https:\/\/roserbatlle.net\/\">Acceso a su Blog<\/a><\/p>\n<p>&nbsp;<\/p>\n<p><span style=\"text-decoration: underline;\"><strong><span style=\"color: #008000; text-decoration: underline;\">REDES Y COMUNIDADES EN APRENDIZAJE SERVICIO<\/span><\/strong><\/span><\/p>\n<p><a href=\"https:\/\/www.aprendizajeservicio.net\/\"><strong>Red Espa\u00f1ola Aprendizaje-Servicio<\/strong><\/a><\/p>\n<p><img loading=\"lazy\" decoding=\"async\" class=\"\" src=\"https:\/\/www.aprendizajeservicio.net\/wp-content\/uploads\/2020\/04\/logo.png\" width=\"108\" height=\"27\" \/><\/p>\n<p><a href=\"https:\/\/redapsuniversitaria.wixsite.com\/apsuniversidad\"><span style=\"text-decoration: underline;\"><strong>Red Universitaria de Aprendizaje-Servicio<\/strong><\/span><\/a><\/p>\n<p><img loading=\"lazy\" decoding=\"async\" class=\"\" src=\"https:\/\/static.wixstatic.com\/media\/57a90d_bd9a6e1120104977889ee8da16c1408c.jpg\/v1\/fill\/w_186,h_142,al_c,q_80,usm_0.66_1.00_0.01,enc_auto\/57a90d_bd9a6e1120104977889ee8da16c1408c.jpg\" alt=\"Inicio | apsuniversidad\" width=\"81\" height=\"62\" \/><\/p>\n<p><a href=\"http:\/\/www.ub.edu\/grupapsub\/\"><span style=\"text-decoration: underline;\"><strong>Aprendizaje Servicio UB<\/strong><\/span><\/a><\/p>\n<p><img loading=\"lazy\" decoding=\"async\" class=\"\" src=\"http:\/\/www.ub.edu\/grupapsub\/sites\/default\/files\/images\/blogs\/logo_aps_k.png\" alt=\"Inicio\" width=\"83\" height=\"59\" \/><\/p>\n<p><a href=\"https:\/\/www.acup.cat\/ca\/projecte\/xarxa-daprenentatge-servei-de-les-universitats-catalanes\"><span style=\"text-decoration: underline;\"><strong>Red de ApS de las Universidades Catalanas<\/strong><\/span><\/a><\/p>\n<p><img loading=\"lazy\" decoding=\"async\" class=\"\" src=\"https:\/\/www.acup.cat\/sites\/default\/files\/styles\/medium\/public\/2018-10\/LOGOXarxaApSUCAT_0.png?itok=cQOSX1CC\" alt=\"Aps\" width=\"98\" height=\"124\" \/><\/p>\n<p><a href=\"https:\/\/clayss.org\/red-ibero-americana-de-aprendizaje-servicio\"><span style=\"text-decoration: underline;\"><strong>Red Iberoamericana de Aprendizaje-Servicio (REDIBAS)<\/strong><\/span><\/a><\/p>\n<p><img loading=\"lazy\" decoding=\"async\" class=\"\" src=\"https:\/\/www.aprendizajeservicio.net\/wp-content\/uploads\/2021\/09\/IMG-20210909-WA0010-e1631207225941.jpg\" alt=\"RED IBEROAMERICANA DE APRENDIZAJE-SERVICIO, COMPARTIR PARA CRECER | RedApS\" width=\"132\" height=\"117\" \/><\/p>\n<p><a href=\"https:\/\/clayss.org\/es\/quienes-somos\"><span style=\"text-decoration: underline;\"><strong>Centro Latinoamericano de Aprendizaje y Servicio Solidario. CLAYSS<\/strong><\/span><\/a><\/p>\n<p><img loading=\"lazy\" decoding=\"async\" class=\"\" src=\"https:\/\/static.wixstatic.com\/media\/c1afa5_7badeab15bd946979195670e8538b38c~mv2.jpg\/v1\/fill\/w_455,h_248,al_c,q_80,enc_auto\/c1afa5_7badeab15bd946979195670e8538b38c~mv2.jpg\" width=\"176\" height=\"96\" \/><\/p>\n<p><a href=\"https:\/\/apscyl.wixsite.com\/apscyl\"><span style=\"text-decoration: underline;\"><strong>Aprendizaje-Servicio de Castilla y Le\u00f3n<\/strong><\/span><\/a><\/p>\n<p><img decoding=\"async\" src=\"https:\/\/static.wixstatic.com\/media\/c1afa5_c84085cb21364d4a850330ad466fc4dd~mv2.jpg\/v1\/fill\/w_100,h_100,al_c,q_80,usm_0.66_1.00_0.01,enc_auto\/logo%20aps.jpg\" alt=\"logo aps.jpg\" \/><\/p>\n<p><a href=\"https:\/\/www.zerbikas.es\/\"><span style=\"text-decoration: underline;\"><strong>Centro Promotor del Aprendizaje y Servicio Solidario en Euskadi. ZERBIKAS<\/strong><\/span><\/a><\/p>\n<p><img loading=\"lazy\" decoding=\"async\" class=\"\" src=\"https:\/\/static.wixstatic.com\/media\/c1afa5_8d8c699ee09b4b02b7d28444a778f96f~mv2.gif\/v1\/fill\/w_351,h_236,al_c,q_80,usm_0.66_1.00_0.01\/c1afa5_8d8c699ee09b4b02b7d28444a778f96f~mv2.gif\" width=\"120\" height=\"81\" \/><\/p>\n<p>&nbsp;<\/p>\n<p>&nbsp;<\/p>\n<p><span style=\"text-decoration: underline; font-size: 18pt;\"><span style=\"color: #008000;\"><strong>PROYECTOS EN LA ULE<\/strong><\/span><\/span><\/p>\n<p><a href=\"http:\/\/mueveteconmigo.unileon.es\/\"><span style=\"text-decoration: underline;\"><strong>Mu\u00e9vete Conmigo<\/strong><\/span><\/a><\/p>\n<p><img loading=\"lazy\" decoding=\"async\" class=\"\" src=\"https:\/\/2.bp.blogspot.com\/-0hhgaHIlm0M\/WpBIUe4GKXI\/AAAAAAAAHik\/dmNx963FfRwflOSy-Zx7yZPJHrOlEAfDwCLcBGAs\/s1600\/MU%25C3%2589VETE%2BCONMIGO.jpg\" alt=\"Cosas de Educaci\u00f3n F\u00edsica: MU\u00c9VETE CONMIGO\" width=\"190\" height=\"79\" \/><\/p>\n<p>&nbsp;<\/p>\n<p style=\"text-align: justify;\"><a href=\"https:\/\/biometac.unileon.es\/\"><span style=\"text-decoration: underline;\"><strong>Grupo de Innovaci\u00f3n Docente de la Ule para el desarrollo de metodolog\u00edas activas de aprendizaje en la Facultad de Ciencias Biol\u00f3gicas y Ambientales.<\/strong><\/span><\/a><\/p>\n<p style=\"text-align: justify;\"><img loading=\"lazy\" decoding=\"async\" class=\"\" src=\"https:\/\/pbs.twimg.com\/profile_images\/1105503069851271168\/QuB6loC0_400x400.jpg\" alt=\"biometac (@biometac) \/ Twitter\" width=\"94\" height=\"94\" \/><\/p>\n<p style=\"text-align: justify;\"><a href=\"https:\/\/plantemonos.blogspot.com\/2019\/02\/notequemes-aprendizaje-y-servicio.html\"><strong>Campa\u00f1a Plant\u00e9monos contra el fuego<\/strong><\/a>\u00a0 <em>notequemes: aprendizaje y servicio comunitario para la prevenci\u00f3n de incendios forestales\u00a0<\/em><\/p>\n<p>&nbsp;<\/p>\n<p style=\"text-align: justify;\"><strong><a href=\"https:\/\/servicios.unileon.es\/innovacion-docente\/files\/2022\/09\/ALBUM-DE-ACTIVIDADES-DE-APRENDIZAJE-SERVICIO-GID-GAS.pdf\">\u00c1LBUM DE ACTIVIDADES DE APRENDIZAJE-SERVICIO-GID GAS<\/a>\u00a0Grupo de Innovaci\u00f3n Docente Aprendizaje-Servicio de la Ule (GAS)<\/strong><\/p>\n<p>&nbsp;<\/p>\n<p><a href=\"https:\/\/servicios.unileon.es\/innovacion-docente\/files\/2022\/09\/CUANDO-MICROMUNDOULE-LLEGO-A-LA-UNIVERSIDAD.pdf\">CUANDO MICROMUNDOULE LLEG\u00d3 A LA UNIVERSIDAD<\/a> \u00a0 \u00a0<a href=\"https:\/\/www.unileon.es\/noticias\/la-universidad-de-leon-prepara-estudiantes-para-combatir-la-crisis-de-los-antibioticos\"><strong>MicroMundo@Ule<\/strong><\/a><strong> \u00a0 <\/strong><a href=\"https:\/\/www.unileon.es\/noticias\/micromundoule-se-consolida-como-proyecto-de-aprendizaje-colaborativo\"><strong>MicroMundoUle se consolida como proyecto de aprendizaje colaborativo<\/strong><\/a><\/p>\n<p><img decoding=\"async\" src=\"http:\/\/www.unileon.es\/files\/styles\/width_320\/public\/images\/Logo%20del%20proyecto%20MicroMundo%20en%20la%20Universidad%20de%20Le%C3%B3n_0.jpg?itok=gEkecr0S\" alt=\"La ULE busca profesores para continuar y ampliar el proyecto educativo mundial 'Micromundo' | Universidad de Le\u00f3n\" \/><\/p>\n<p>&nbsp;<\/p>\n<p>&nbsp;<\/p>\n<p style=\"text-align: justify;\"><span style=\"text-decoration: underline;\"><strong>Grupo de Innovaci\u00f3n Docente de la Ule para la transferencia de conocimiento Universidad-Empresa.<\/strong><\/span>\u00a0<a href=\"https:\/\/servicios.unileon.es\/innovacion-docente\/files\/2022\/09\/GID-45-TRANSCUE.pdf\">GID-45-TRANSCUE<\/a> \u00a0<a href=\"https:\/\/www.agronewscastillayleon.com\/mujeres-del-ambito-rural-protagonizan-una-experiencia-de-innovacion-docente-de-la-universidad-de\"><strong>Mujeres del \u00e1mbito rural protagonizan una experiencia de innovaci\u00f3n docente de la Universidad de Le\u00f3n<\/strong><\/a><\/p>\n<p>&nbsp;<\/p>\n<p style=\"text-align: justify;\"><span style=\"text-decoration: underline;\"><strong>Grupo de Innovaci\u00f3n Docente \u00abAula Judicial de la Ule\u00bb<\/strong><\/span><strong> \u00a0\u00a0 <\/strong><a href=\"https:\/\/www.ahoraleon.com\/sistema-casas-proyecto-innovacion-ule\/\">Aula Judicial <\/a>\u00a0 <a href=\"https:\/\/www.lanuevacronica.com\/entre-el-veredicto-y-la-nota\"><strong>Entre el veredicto y la nota<\/strong><\/a><\/p>\n<p>&nbsp;<\/p>\n<p><a href=\"https:\/\/www.unileon.es\/noticias\/alumnado-del-grado-en-educacion-primaria-contacta-con-mayores-en-el-proyecto-letras-de\"><strong>Letras de esperanza<\/strong><\/a><\/p>\n<p>&nbsp;<\/p>\n<p><a href=\"https:\/\/www.unileon.es\/noticias\/estudiantes-de-educacion-primaria-de-la-ule-participan-en-el-proyecto-diver-juntos\"><strong>Diver-Juntos<\/strong><\/a><\/p>\n<p>&nbsp;<\/p>\n<p>&nbsp;<\/p>\n<p>&nbsp;<\/p>\n","protected":false},"excerpt":{"rendered":"<p>&nbsp; El aprendizaje-servicio es una propuesta educativa que combina procesos de aprendizaje y de servicio a la comunidad en un solo proyecto bien articulado donde los participantes aprenden al trabajar en necesidades reales del entorno con la finalidad de mejorarlo. &hellip; <a href=\"https:\/\/servicios.unileon.es\/innovacion-docente\/aprendizaje-servicio\/\">Sigue leyendo <span class=\"meta-nav\">&rarr;<\/span><\/a><\/p>\n","protected":false},"author":432,"featured_media":0,"parent":0,"menu_order":0,"comment_status":"closed","ping_status":"closed","template":"","meta":{"footnotes":""},"class_list":["post-585","page","type-page","status-publish","hentry"],"_links":{"self":[{"href":"https:\/\/servicios.unileon.es\/innovacion-docente\/wp-json\/wp\/v2\/pages\/585","targetHints":{"allow":["GET"]}}],"collection":[{"href":"https:\/\/servicios.unileon.es\/innovacion-docente\/wp-json\/wp\/v2\/pages"}],"about":[{"href":"https:\/\/servicios.unileon.es\/innovacion-docente\/wp-json\/wp\/v2\/types\/page"}],"author":[{"embeddable":true,"href":"https:\/\/servicios.unileon.es\/innovacion-docente\/wp-json\/wp\/v2\/users\/432"}],"replies":[{"embeddable":true,"href":"https:\/\/servicios.unileon.es\/innovacion-docente\/wp-json\/wp\/v2\/comments?post=585"}],"version-history":[{"count":33,"href":"https:\/\/servicios.unileon.es\/innovacion-docente\/wp-json\/wp\/v2\/pages\/585\/revisions"}],"predecessor-version":[{"id":708,"href":"https:\/\/servicios.unileon.es\/innovacion-docente\/wp-json\/wp\/v2\/pages\/585\/revisions\/708"}],"wp:attachment":[{"href":"https:\/\/servicios.unileon.es\/innovacion-docente\/wp-json\/wp\/v2\/media?parent=585"}],"curies":[{"name":"wp","href":"https:\/\/api.w.org\/{rel}","templated":true}]}}