{"id":54,"date":"2020-08-24T11:47:18","date_gmt":"2020-08-24T09:47:18","guid":{"rendered":"https:\/\/servicios.unileon.es\/innovacion-docente\/?page_id=54"},"modified":"2020-08-26T11:25:46","modified_gmt":"2020-08-26T09:25:46","slug":"proyectos-paid-2015","status":"publish","type":"page","link":"https:\/\/servicios.unileon.es\/innovacion-docente\/proyectos-paid-2015\/","title":{"rendered":"Proyectos PAID 2015"},"content":{"rendered":"<p><a href=\"https:\/\/servicios.unileon.es\/innovacion-docente\/files\/2020\/08\/PAIDS-2015.pdf\">PAIDS-2015<\/a><\/p>\n<p><strong>Presentaci\u00f3n de los proyectos PAID 2015 en el Workshop sobre el Plan de Apoyo a la Innovaci\u00f3n en Docencia Universitaria (PAID 2015)<\/strong><\/p>\n<p><strong><em>4\u00a0de\u00a0marzo de 2016<\/em><\/strong><\/p>\n<p><strong>Presentaci\u00f3n proyectos PAID 2015<\/strong><\/p>\n<ul>\n<li>\u00a0<strong>Aprender ense\u00f1ando con v\u00eddeos: Sistemas de Informaci\u00f3n Geogr\u00e1fica.\u00a0<\/strong>Coordinador: Jos\u00e9 Ram\u00f3n Rodr\u00edguez P\u00e9rez.<\/li>\n<\/ul>\n<p><a href=\"https:\/\/servicios.unileon.es\/innovacion-docente\/files\/2020\/08\/SISTEMAS-DE-INFORMACI\u00d3N-GEOGR\u00c1FICA.pdf\">SISTEMAS-DE-INFORMACI\u00d3N-GEOGR\u00c1FICA<\/a><\/p>\n<ul>\n<li><strong>Gu\u00eda de redacci\u00f3n para Trabajos de Fin de Grado y de Fin de M\u00e1ster en la ULE.\u00a0<\/strong>Coordinadora: Milka Villayandre Llamazares.<\/li>\n<\/ul>\n<p><a href=\"https:\/\/servicios.unileon.es\/innovacion-docente\/files\/2020\/08\/GU\u00cdA-REDACCI\u00d3N-PARA-TFG-y-TFM.pdf\">GU\u00cdA-REDACCI\u00d3N-PARA-TFG-y-TFM<\/a><\/p>\n<ul>\n<li><strong>Dise\u00f1o de una metodolog\u00eda docente para dos asignaturas de Programaci\u00f3n basada exclusivamente en la evaluaci\u00f3n autom\u00e1tica de programas.<\/strong>\u00a0Coordinador: Adolfo Rodr\u00edguez de Soto.<\/li>\n<\/ul>\n<p><a href=\"https:\/\/servicios.unileon.es\/innovacion-docente\/files\/2020\/08\/EVALUACI\u00d3N-AUTOM\u00c1TICA-DE-PROGRAMAS.pdf\">EVALUACI\u00d3N-AUTOM\u00c1TICA-DE-PROGRAMAS<\/a><\/p>\n<ul>\n<li><strong>Combinando la Innovaci\u00f3n Docente con una iniciativa de apoyo a los emprendedores: propuesta de una experiencia de aprendizaje-servicio (\u201cservice-learning\u201d).<\/strong>\u00a0Coordinadora: Almudena Mart\u00ednez Campillo.<\/li>\n<\/ul>\n<p><a href=\"https:\/\/servicios.unileon.es\/innovacion-docente\/files\/2020\/08\/APOYO-A-LOS-EMPRENDEDORES.pdf\">APOYO-A-LOS-EMPRENDEDORES<\/a><\/p>\n<ul>\n<li><strong>Aplicaci\u00f3n de M\u00e9todos de Aprendizaje Activos basados en entornos reales. La sociedad entra en la Universidad.<\/strong>\u00a0Coordinadora: M. Teresa G\u00f3mez Alonso.<\/li>\n<\/ul>\n<p><a href=\"https:\/\/servicios.unileon.es\/innovacion-docente\/files\/2020\/08\/A-F-MAYORES.pdf\">A-F-MAYORES<\/a><\/p>\n<ul>\n<li><strong>\u00bfEs el esfuerzo eficiente? El modelo DPC (Dedicaci\u00f3n, Percepci\u00f3n, Calificaci\u00f3n).<\/strong>\u00a0Coordinador: Ricardo Mart\u00ednez Rico.<\/li>\n<\/ul>\n<p><a href=\"https:\/\/servicios.unileon.es\/innovacion-docente\/files\/2020\/08\/EL-MODELO-DPC.pdf\">EL-MODELO-DPC<\/a><\/p>\n<p><strong>Presentaci\u00f3n de otros proyectos:<\/strong><\/p>\n<ul>\n<li><strong>PRIMER: Promoviendo el desarrollo de estudios interdisciplinares en Europa y Am\u00e9rica Latina.<\/strong>\u00a0<em>GID: ECIII.<\/em>\u00a0Coordinador: Enrique Javier D\u00edez Guti\u00e9rrez.<\/li>\n<\/ul>\n<p><a href=\"https:\/\/servicios.unileon.es\/innovacion-docente\/files\/2020\/08\/METODOLOG\u00cdAS-INTERDISCIPLINARES.pdf\">METODOLOG\u00cdAS-INTERDISCIPLINARES<\/a><\/p>\n<ul>\n<li><strong>Valoraci\u00f3n de la aplicaci\u00f3n de sistemas de autoevaluaci\u00f3n para la mejora del rendimiento acad\u00e9mico de los estudiantes<\/strong>.<em>\u00a0GID: iHICASA.<\/em>\u00a0Coordinador: Jos\u00e9 M. Rodr\u00edguez Calleja.<\/li>\n<\/ul>\n<p><a href=\"https:\/\/servicios.unileon.es\/innovacion-docente\/files\/2020\/08\/SISTEMAS-DE-AUTOEVALUACI\u00d3N.pdf\">SISTEMAS-DE-AUTOEVALUACI\u00d3N<\/a><\/p>\n","protected":false},"excerpt":{"rendered":"<p>PAIDS-2015 Presentaci\u00f3n de los proyectos PAID 2015 en el Workshop sobre el Plan de Apoyo a la Innovaci\u00f3n en Docencia Universitaria (PAID 2015) 4\u00a0de\u00a0marzo de 2016 Presentaci\u00f3n proyectos PAID 2015 \u00a0Aprender ense\u00f1ando con v\u00eddeos: Sistemas de Informaci\u00f3n Geogr\u00e1fica.\u00a0Coordinador: Jos\u00e9 Ram\u00f3n &hellip; <a href=\"https:\/\/servicios.unileon.es\/innovacion-docente\/proyectos-paid-2015\/\">Sigue leyendo <span class=\"meta-nav\">&rarr;<\/span><\/a><\/p>\n","protected":false},"author":432,"featured_media":0,"parent":0,"menu_order":0,"comment_status":"closed","ping_status":"closed","template":"","meta":{"footnotes":""},"class_list":["post-54","page","type-page","status-publish","hentry"],"_links":{"self":[{"href":"https:\/\/servicios.unileon.es\/innovacion-docente\/wp-json\/wp\/v2\/pages\/54","targetHints":{"allow":["GET"]}}],"collection":[{"href":"https:\/\/servicios.unileon.es\/innovacion-docente\/wp-json\/wp\/v2\/pages"}],"about":[{"href":"https:\/\/servicios.unileon.es\/innovacion-docente\/wp-json\/wp\/v2\/types\/page"}],"author":[{"embeddable":true,"href":"https:\/\/servicios.unileon.es\/innovacion-docente\/wp-json\/wp\/v2\/users\/432"}],"replies":[{"embeddable":true,"href":"https:\/\/servicios.unileon.es\/innovacion-docente\/wp-json\/wp\/v2\/comments?post=54"}],"version-history":[{"count":3,"href":"https:\/\/servicios.unileon.es\/innovacion-docente\/wp-json\/wp\/v2\/pages\/54\/revisions"}],"predecessor-version":[{"id":334,"href":"https:\/\/servicios.unileon.es\/innovacion-docente\/wp-json\/wp\/v2\/pages\/54\/revisions\/334"}],"wp:attachment":[{"href":"https:\/\/servicios.unileon.es\/innovacion-docente\/wp-json\/wp\/v2\/media?parent=54"}],"curies":[{"name":"wp","href":"https:\/\/api.w.org\/{rel}","templated":true}]}}