{"id":46,"date":"2020-08-24T11:44:39","date_gmt":"2020-08-24T09:44:39","guid":{"rendered":"https:\/\/servicios.unileon.es\/innovacion-docente\/?page_id=46"},"modified":"2026-03-04T11:17:12","modified_gmt":"2026-03-04T10:17:12","slug":"plan-de-apoyo-a-la-innovacion-docente","status":"publish","type":"page","link":"https:\/\/servicios.unileon.es\/innovacion-docente\/plan-de-apoyo-a-la-innovacion-docente\/","title":{"rendered":"Plan de Apoyo a la Innovaci\u00f3n Docente"},"content":{"rendered":"<p style=\"text-align: justify;\"><span style=\"color: #ff0000;\"><strong>\u00a1NUEVO!<\/strong> <span style=\"color: #008000;\"><strong>Convocatoria Plan de Apoyo a la Innovaci\u00f3n Docente de la Ule <\/strong><strong>(PAID 2026) <a href=\"https:\/\/servicios.unileon.es\/innovacion-docente\/files\/2026\/03\/RESOLUCION-PAID-2026.pdf\">RESOLUCI\u00d3N PAID 2026<\/a><\/strong><\/span><\/span><\/p>\n<p>&nbsp;<\/p>\n<p>&nbsp;<\/p>\n<p style=\"text-align: justify;\"><span style=\"color: #ff0000;\"><span style=\"color: #000000;\"><strong>Resoluci\u00f3n Convocatoria Plan de Apoyo a la Innovaci\u00f3n Docente de la Ule <\/strong><\/span><strong><span style=\"color: #000000;\">(PAID 2025) <a href=\"https:\/\/servicios.unileon.es\/innovacion-docente\/files\/2025\/03\/RESOLUCION-PAID-2025.pdf\">PAID 2025<\/a><\/span><\/strong><\/span><\/p>\n<p style=\"text-align: justify;\"><span style=\"color: #ff0000;\"><span style=\"color: #000000;\"><strong>Resoluci\u00f3n Convocatoria Plan de Apoyo a la Innovaci\u00f3n Docente de la Ule <\/strong><\/span><strong><span style=\"color: #000000;\">(PAID 2024) <a href=\"https:\/\/servicios.unileon.es\/innovacion-docente\/files\/2024\/03\/RESOLUCION-PAID-2024.pdf\">PAID 2024<\/a><\/span><\/strong><\/span><\/p>\n<p style=\"text-align: justify;\"><span style=\"color: #ff0000;\"><span style=\"color: #000000;\"><strong>Resoluci\u00f3n Convocatoria Plan de Apoyo a la Innovaci\u00f3n Docente de la Ule <\/strong><\/span><strong><span style=\"color: #000000;\">(PAID 2023)<\/span><\/strong> <strong><span style=\"color: #000000;\"><a href=\"https:\/\/servicios.unileon.es\/innovacion-docente\/files\/2023\/04\/RESOLUCION-PAID-2023.pdf\">PAID-2023<\/a><\/span><\/strong><\/span><\/p>\n<p style=\"text-align: justify;\"><strong><span style=\"color: #ff0000;\"><span style=\"color: #000000;\">Resoluci\u00f3n Convocatoria Plan de Apoyo a la Innovaci\u00f3n Docente de la Ule (PAID 2022) <a href=\"https:\/\/servicios.unileon.es\/innovacion-docente\/files\/2022\/04\/RESOLUCION-PAID-2022.pdf\">PAIDS-2022<\/a><\/span><\/span><\/strong><\/p>\n<p style=\"text-align: justify;\"><strong><span style=\"color: #ff0000;\"><span style=\"color: #000000;\">Resoluci\u00f3n Convocatoria Plan de Apoyo a la Innovaci\u00f3n Docente de la Ule (PAID 2021)<\/span> <a href=\"https:\/\/servicios.unileon.es\/innovacion-docente\/files\/2021\/04\/RESOLUCION-PAID-2021.pdf\">PAIDS-2021<\/a><\/span><\/strong><\/p>\n<p style=\"text-align: justify;\"><strong>Resoluci\u00f3n Convocatoria <\/strong><b>Plan de Apoyo a la Innovaci\u00f3n Docente de la Ule (PAID 2019). <a href=\"https:\/\/servicios.unileon.es\/innovacion-docente\/files\/2020\/08\/PAIDS-2019.pdf\">PAIDS-2019<\/a><\/b><\/p>\n<p style=\"text-align: justify;\"><b>Resoluci\u00f3n Convocatoria Plan de Apoyo a la Innovaci\u00f3n Docente de la Ule (PAID 2018). <a href=\"https:\/\/servicios.unileon.es\/innovacion-docente\/files\/2023\/08\/PAIDS-2018.pdf\">PAIDS 2018<\/a><\/b><b><\/b><\/p>\n<p style=\"text-align: justify;\">El\u00a0Plan de Apoyo a\u00a0la Innovaci\u00f3n Docente de\u00a0la Universidad de Le\u00f3n (PAID)\u00a0tiene como principal objetivo\u00a0fomentar la calidad y la innovaci\u00f3n en la docencia. Para ello se\u00a0financian proyectos innovadores que est\u00e9n orientados a\u00a0 la\u00a0mejora de los procesos de ense\u00f1anza-aprendizaje, de evaluaci\u00f3n y adecuaci\u00f3n de las ense\u00f1anzas al EEES.<\/p>\n<p>Presentaciones Workshop Innovaci\u00f3n en Docencia Universitaria. Febrero 2018.\u00a0<a href=\"https:\/\/servicios.unileon.es\/formacion-pdi\/proyectos-paid-2017\/\">Proyectos PAID 2017<\/a><\/p>\n<p>Presentaciones Workshop Innovaci\u00f3n en Docencia Universitaria. Febrero 2017.\u00a0<a href=\"https:\/\/servicios.unileon.es\/formacion-pdi\/proyectos-paid-2016\/\">Proyectos PAID 2016<\/a><\/p>\n<p>Presentaciones Workshop Innovaci\u00f3n de Docencia Universitaria. Marzo 2016.\u00a0<a href=\"https:\/\/servicios.unileon.es\/formacion-pdi\/proyectos-paid-2015\/\">Proyectos PAID 2015<\/a>.<\/p>\n<p>Presentaciones II Jornada de Innovaci\u00f3n en Docencia Universitaria. Febrero 2015.\u00a0<a href=\"https:\/\/servicios.unileon.es\/formacion-pdi\/proyectos-paid-2013\/\">Proyectos PAID 2014<\/a><\/p>\n<p>Presentaciones I Jornada de Innovaci\u00f3n en Docencia Universitaria. Febrero 2014.\u00a0<a href=\"https:\/\/servicios.unileon.es\/formacion-pdi\/plan-de-apoyo-a-la-innovacion-docente\/ficha-proyectos-de-anos-anteriores\/\">Proyectos PAID 2013<\/a><\/p>\n","protected":false},"excerpt":{"rendered":"<p>\u00a1NUEVO! Convocatoria Plan de Apoyo a la Innovaci\u00f3n Docente de la Ule (PAID 2026) RESOLUCI\u00d3N PAID 2026 &nbsp; &nbsp; Resoluci\u00f3n Convocatoria Plan de Apoyo a la Innovaci\u00f3n Docente de la Ule (PAID 2025) PAID 2025 Resoluci\u00f3n Convocatoria Plan de Apoyo &hellip; <a href=\"https:\/\/servicios.unileon.es\/innovacion-docente\/plan-de-apoyo-a-la-innovacion-docente\/\">Sigue leyendo <span class=\"meta-nav\">&rarr;<\/span><\/a><\/p>\n","protected":false},"author":432,"featured_media":0,"parent":0,"menu_order":0,"comment_status":"closed","ping_status":"closed","template":"","meta":{"footnotes":""},"class_list":["post-46","page","type-page","status-publish","hentry"],"_links":{"self":[{"href":"https:\/\/servicios.unileon.es\/innovacion-docente\/wp-json\/wp\/v2\/pages\/46","targetHints":{"allow":["GET"]}}],"collection":[{"href":"https:\/\/servicios.unileon.es\/innovacion-docente\/wp-json\/wp\/v2\/pages"}],"about":[{"href":"https:\/\/servicios.unileon.es\/innovacion-docente\/wp-json\/wp\/v2\/types\/page"}],"author":[{"embeddable":true,"href":"https:\/\/servicios.unileon.es\/innovacion-docente\/wp-json\/wp\/v2\/users\/432"}],"replies":[{"embeddable":true,"href":"https:\/\/servicios.unileon.es\/innovacion-docente\/wp-json\/wp\/v2\/comments?post=46"}],"version-history":[{"count":22,"href":"https:\/\/servicios.unileon.es\/innovacion-docente\/wp-json\/wp\/v2\/pages\/46\/revisions"}],"predecessor-version":[{"id":1878,"href":"https:\/\/servicios.unileon.es\/innovacion-docente\/wp-json\/wp\/v2\/pages\/46\/revisions\/1878"}],"wp:attachment":[{"href":"https:\/\/servicios.unileon.es\/innovacion-docente\/wp-json\/wp\/v2\/media?parent=46"}],"curies":[{"name":"wp","href":"https:\/\/api.w.org\/{rel}","templated":true}]}}