{"id":354,"date":"2020-08-31T11:29:27","date_gmt":"2020-08-31T09:29:27","guid":{"rendered":"https:\/\/servicios.unileon.es\/innovacion-docente\/?page_id=354"},"modified":"2026-05-05T12:56:30","modified_gmt":"2026-05-05T10:56:30","slug":"jornadas-y-congresos-de-innovacion-docente","status":"publish","type":"page","link":"https:\/\/servicios.unileon.es\/innovacion-docente\/jornadas-y-congresos-de-innovacion-docente\/","title":{"rendered":"Jornadas y Congresos de Innovaci\u00f3n Docente"},"content":{"rendered":"<p><span style=\"text-decoration: underline;\"><span style=\"color: #008000;\"><strong>MAYO 2026<\/strong><\/span><\/span><\/p>\n<p style=\"text-align: justify;\"><a href=\"https:\/\/ciei.es\/\">19th Congreso Internacional de Educaci\u00f3n e Innovaci\u00f3n<\/a>. Liepaja, Letonia. Del 6 al 8 de mayo. La asistencia puede ser presencial u online. Finalizado el plazo para el env\u00edo de comunicaciones.<\/p>\n<p style=\"text-align: justify;\"><a tabindex=\"-1\" href=\"https:\/\/ciineco.org\/\">CIINECO 2026. V\u00a0Congreso Internacional Innovaci\u00f3n Docente, Educaci\u00f3n y Transferencia del Conocimiento<\/a>. Virtual, del 7 al 9 de mayo. Finalizado el plazo para el env\u00edo de comunicaciones.<\/p>\n<p style=\"text-align: justify;\"><a href=\"https:\/\/www.iteconference.org\/\">4th International Conference of Innovative in Teaching and Education<\/a>. Londres, Inglaterra. Del 15 al 17 de mayo. Asistencia presencial (es necesario pedir un\u00a0<a href=\"https:\/\/apply-for-an-eta.homeoffice.gov.uk\/apply\/electronic-travel-authorisation\/easier-on-the-app\">visado de entrada<\/a> un mes antes). Finalizado el plazo para el env\u00edo de comunicaciones.<\/p>\n<p style=\"text-align: justify;\"><a tabindex=\"-1\" href=\"https:\/\/www.civinedu.org\/esp-comites-congreso\/\">X Congreso Internacional virtual en Investigaci\u00f3n e Innovaci\u00f3n Educativa<\/a>. Virtual, 27 y 28 de mayo. Finalizado el plazo para el env\u00edo de comunicaciones.<\/p>\n<p style=\"text-align: justify;\"><span style=\"text-decoration: underline;\"><span style=\"color: #008000;\"><strong>JUNIO 2026<\/strong><\/span><\/span><\/p>\n<p style=\"text-align: justify;\"><a tabindex=\"-1\" href=\"https:\/\/www.coindoemdes.es\/\">Congreso Internacional de Innovaci\u00f3n Docente, Emprendimiento y Desarrollo Social COINDOEMDES<\/a>. Virtual, del 8 al 11 de junio. Plazo de presentaci\u00f3n de comunicaciones: 15 de mayo de 2026.<\/p>\n<p style=\"text-align: justify;\"><a tabindex=\"-1\" href=\"https:\/\/icon.kiobus.org\/edu\/\">5\u00ba Congreso Internacional Educaci\u00f3n y Conocimiento (ICON-edu 2026)<\/a> . Alicante, del 10 al 12 de junio.\u00a0La asistencia puede ser presencial o virtual. Finalizado el plazo para el env\u00edo de comunicaciones.<\/p>\n<p style=\"text-align: justify;\"><a href=\"https:\/\/jornadasinnovaciondocente.usj.es\/?elq_mid=3115&amp;elq_cid=148859\">XIV Edici\u00f3n de las Jornadas de Innovaci\u00f3n Docente<\/a> de la Universidad San Jorge. <em>\u00abEducaci\u00f3n inclusiva\u00bb: de la integraci\u00f3n a la transformaci\u00f3n sist\u00e9mica.<\/em> Zaragoza, 10 y 11 de junio de 2026. Finalizado el plazo para el env\u00edo de comunicaciones.<\/p>\n<p style=\"text-align: justify;\"><a href=\"https:\/\/www.learningideasconf.org\/\">19 th The Learning Ideas Conference.<\/a> Nueva York, del 10 al 12 de junio. La asistencia puede ser presencial o virtual. Finalizado el plazo para el env\u00edo de comunicaciones.<\/p>\n<p style=\"text-align: justify;\"><a tabindex=\"-1\" href=\"https:\/\/symposium.uoc.edu\/147785\/detail\/xvi-jornada-de-innovacion-docente-universitaria-e-inteligencia-artificial-retos-para-las-disciplina.html\">XVI Jornada de innovaci\u00f3n docente universitaria e inteligencia artificial:\u00a0retos para las disciplinas jur\u00eddicas y sociales<\/a>. Sede Central de la\u00a0 UOC, 11 de junio.<\/p>\n<p style=\"text-align: justify;\"><a tabindex=\"-1\" href=\"https:\/\/headconf.org\/save-the-date-head26\/\">12<sup>th<\/sup>\u00a0International Conference on Higher Education Advances (HEAd\u201926) <\/a>Nueva York, del 15 al 18 de junio. La asistencia puede ser presencial o virtual. Finalizado el plazo para el env\u00edo de comunicaciones.<\/p>\n<p style=\"text-align: justify;\"><a href=\"https:\/\/www.forofecies.com\/\">FECIES XXIII Foro Internacional sobre evaluaci\u00f3n de la calidad de la investigaci\u00f3n y la Educaci\u00f3n Superior.<\/a> Virtual, del 17 al 19 de junio. Finalizado el plazo para el env\u00edo de comunicaciones.<\/p>\n<p style=\"text-align: justify;\"><a tabindex=\"-1\" href=\"https:\/\/end-educationconference.org\/\">International Conference on Education and New Developments (END 2026)<\/a> Portugal, del 20 al 22 de junio. Finalizado el plazo para el env\u00edo de comunicaciones.<\/p>\n<p style=\"text-align: justify;\"><a href=\"https:\/\/grxworkshop.congressus.es\/jdeconomia\">XVIII Jornadas de Docencia en Econom\u00eda.<\/a> Oviedo, 22 y 23 de junio. Finalizado el plazo para el env\u00edo de comunicaciones.<\/p>\n<p style=\"text-align: justify;\"><a href=\"https:\/\/iced26.es\/\">Congreso ICED 2026 \u00abAgency and Academic Development\u00bb<\/a>. Salamanca, del 24 al 26 de junio. La asistencia puede ser presencial o virtual. Finalizado el plazo para el env\u00edo de comunicaciones.<\/p>\n<p style=\"text-align: justify;\"><a tabindex=\"-1\" href=\"https:\/\/inndoc.org\/\">VI Congreso Internacional de Innovaci\u00f3n en la Docencia e Investigaci\u00f3n de las Ciencias Sociales y Jur\u00eddicas (INNDOC 2026)<\/a>\u00a0Virtual, 25 y 26 de junio. Plazo de presentaci\u00f3n de comunicaciones: 1 de junio de 2026.<\/p>\n<p style=\"text-align: justify;\"><a href=\"https:\/\/esculca.usc.gal\/v-simposio-internacional-de-aprendizaxe-servizo-na-universidade\/\">V Simposi Internacional de Aprendizaje-servicio y Educaci\u00f3n Superior. <\/a>Santiago de Compostela, 25 de junio. Plazo de presentaci\u00f3n de comunicaciones: 3 de junio de 2026.<\/p>\n<p style=\"text-align: justify;\"><a href=\"https:\/\/iated.org\/edulearn\/\">EDULEARN 26, 18 th International Conference on Education and New Learning Technologies.<\/a> Palma de Mallorca, 29 de junio al 1 de julio de 2026. Finalizado el plazo para el env\u00edo de comunicaciones.<\/p>\n<p><span style=\"text-decoration: underline;\"><strong><span style=\"color: #008000; text-decoration: underline;\">JULIO 2026<\/span><\/strong><\/span><\/p>\n<p style=\"text-align: justify;\"><a href=\"https:\/\/congresotaee.es\/\">XVII Congreso Internacional de Tecnolog\u00eda, Aprendizaje y Ense\u00f1anza de la Electr\u00f3nica (TAEE 2026)<\/a>. Santander, del 1 al 3 de julio. Finalizado el plazo para el env\u00edo de comunicaciones.<\/p>\n<p style=\"text-align: justify;\"><a href=\"https:\/\/sede.uniovi.es\/web\/jornadas-de-innovaci%C3%B3n-docente\">I Congreso Internacional y XVIII Jornadas de Innovaci\u00f3n Docente.<\/a> Universidad de Oviedo, del 1 al 3 de julio. Plazo de presentaci\u00f3n de comunicaciones: 7 de junio de 2026.<\/p>\n<p style=\"text-align: justify;\"><a tabindex=\"-1\" href=\"https:\/\/amieedu.org\/\">XIV\u00a0Congreso Internacional Multidisciplinar de Investigaci\u00f3n Educativa #CIMIE26<\/a> Bilbao, 2 y 3 de julio. Finalizado el plazo para el env\u00edo de comunicaciones.<\/p>\n<p style=\"text-align: justify;\"><a href=\"https:\/\/thelearner.com\/2026-conference\/call-for-papers\">33rd International Conference on Learning<\/a>. Hong Kong, del 8 al 10 de julio. La asistencia puede ser presencial o virtual. Plazo de presentaci\u00f3n de comunicaciones: 8 de junio de 2026.<\/p>\n<p style=\"text-align: justify;\"><a href=\"https:\/\/inred.blogs.upv.es\/home-1-2\/\">XII Congreso de Innovaci\u00f3n Educativa y Docencia en Red (IN-RED 2026)<\/a>. Valencia. Presencial. 9 y 10 de julio. Finalizado el plazo para el env\u00edo de comunicaciones.<\/p>\n<p style=\"text-align: justify;\"><a href=\"https:\/\/iticse.acm.org\/2026\/\">ACM Conference on Innovation and Technology in Computer Science Education (ITiCSE 26).<\/a> Madrid, del 13 al 15 de julio de 2026. Finalizado el plazo para el env\u00edo de comunicaciones.<\/p>\n<p style=\"text-align: justify;\"><a tabindex=\"-1\" href=\"https:\/\/neo.emma.events\/cidiq2026\">VIII\u00a0Congreso de Innovaci\u00f3n Docente en Ingenier\u00eda Qu\u00edmica- CIDIQ\u00a0(Bianual)<\/a>. Universidad Polit\u00e9cnica de Valencia, del 15 al 17 de julio. Finalizado el plazo para el env\u00edo de comunicaciones.<\/p>\n<p><span style=\"text-decoration: underline;\"><span style=\"color: #008000;\"><strong>AGOSTO 2026<\/strong><\/span><\/span><\/p>\n<p style=\"text-align: justify;\"><a tabindex=\"-1\" href=\"https:\/\/rediie.cl\/ciie-2026\/\">IV Congreso Internacional de Investigaci\u00f3n Educativa (CIIE 2026)<\/a> Virtual, 28-29 de agosto. Plazo de presentaci\u00f3n de comunicaciones: 17 de julio de 2026.<\/p>\n<p><span style=\"text-decoration: underline; color: #008000;\"><strong>OCTUBRE 2026<\/strong><\/span><\/p>\n<p style=\"text-align: justify;\"><a tabindex=\"-1\" href=\"https:\/\/cuiciid.net\/\">XVI Congreso Universitario Internacional sobre Contenidos, Investigaci\u00f3n, Innovaci\u00f3n y Docencia (CUICIID)<\/a> Virtual, del 21 al 23 de octubre. Plazo de presentaci\u00f3n de comunicaciones: 18 de mayo de 2026.<\/p>\n<p style=\"text-align: justify;\"><a tabindex=\"-1\" href=\"https:\/\/congresotic.uma.es\/edicion2025\/\">10\u00ba Congreso internacional sobre buenas pr\u00e1cticas con TIC<\/a>. Virtual y presencial (M\u00e1laga), del 22 al 24 de octubre. Plazo de presentaci\u00f3n de comunicaciones: 15 de junio de 2026.<\/p>\n<p><span style=\"text-decoration: underline; color: #008000;\"><strong>NOVIEMBRE 2026<\/strong><\/span><\/p>\n<p><a tabindex=\"-1\" href=\"https:\/\/edutec2026.uji.es\/\">XXIX\u00a0Congreso Internacional EDUTEC-2026\u00a0<\/a>. Universitat Jaume I, del 4 al 6 de noviembre. Plazo de presentaci\u00f3n de comunicaciones: 30 de junio de 2026.<\/p>\n<p style=\"text-align: justify;\"><a tabindex=\"-1\" href=\"https:\/\/iated.org\/iceri\/\">19th annual International Conference of Education, Research and Innovation (ICERI 2026)<\/a>. Sevilla, del 9 al 11 de noviembre. Plazo de presentaci\u00f3n de comunicaciones: 9 de julio de 2026.<\/p>\n<p style=\"text-align: justify;\"><a tabindex=\"-1\" href=\"https:\/\/cidico.es\/\">VIII Congreso Internacional de Innovaci\u00f3n Docente e Investigaci\u00f3n en Educaci\u00f3n Superior (CIDICO).<\/a> Fases online y presencial (Madrid), del 9 al 13 de noviembre. Plazo de presentaci\u00f3n de comunicaciones: junio de 2026.<\/p>\n<p style=\"text-align: justify;\"><a href=\"https:\/\/iated.org\/iceri\/online_submission\">19th International Conference of Education, Research and Innovation.<\/a> Sevilla, del 9 al 11 de noviembre de 2026. Plazo de presentaci\u00f3n de comunicaciones: 9 de julio de 2026.<\/p>\n<p style=\"text-align: justify;\"><a tabindex=\"-1\" href=\"https:\/\/www.edunovatic.org\/\">11th\u00a0Congreso Internacional Virtual sobre educaci\u00f3n, innovaci\u00f3n y TIC\u00a0(EDUNOVATIC 2026)<\/a>. Virtual, 18 y 19 de noviembre. Plazo de presentaci\u00f3n de comunicaciones: 15 de octubre de 2026.<\/p>\n<p style=\"text-align: justify;\"><a tabindex=\"-1\" href=\"https:\/\/waset.org\/education-and-higher-education-conference-in-november-2026-in-paris\">ICEHE 2026: 20. International Conference on Education and Higher Education<\/a>. Par\u00eds, 23 y 24 de noviembre. Plazo de presentaci\u00f3n de comunicaciones: 13 de mayo de 2026.<\/p>\n<p style=\"text-align: justify;\"><a tabindex=\"-1\" href=\"https:\/\/icon.kiobus.org\/huma\/\">Congreso Internacional Educaci\u00f3n y Conocimiento (ICON-huma\u00a02026)<\/a>. Virtual y presencial (Alicante), 26 y 27 de noviembre. Plazo de presentaci\u00f3n de comunicaciones: 2 de noviembre de 2026.<\/p>\n<p><span style=\"text-decoration: underline;\"><span style=\"color: #008000;\"><strong>A\u00d1O 2027<\/strong><\/span><\/span><\/p>\n<p style=\"text-align: justify;\"><a class=\"text-dark font-weight-bold\" href=\"https:\/\/innovaciondocente.uam.es\/event\/23\"> III Congreso en Innovaci\u00f3n Docente de las Universidades Madrile\u00f1as: MadrID <\/a>\u00a0Universidad Aut\u00f3noma de Madrid, 21 y 22 de enero de 2027. Plazo de presentaci\u00f3n de comunicaciones: 14 de septiembre de 2026.<\/p>\n<p style=\"text-align: justify;\"><a href=\"https:\/\/www.eduemer.org\/congreso-eduemer-2025\/\">EduEmer II Congreso Internacional virtual de Educaci\u00f3n, Innovaci\u00f3n y Transferencia del Conocimiento.<\/a> Sevilla, 11 y 12 de marzo de 2027.<\/p>\n","protected":false},"excerpt":{"rendered":"<p>MAYO 2026 19th Congreso Internacional de Educaci\u00f3n e Innovaci\u00f3n. Liepaja, Letonia. Del 6 al 8 de mayo. La asistencia puede ser presencial u online. Finalizado el plazo para el env\u00edo de comunicaciones. CIINECO 2026. V\u00a0Congreso Internacional Innovaci\u00f3n Docente, Educaci\u00f3n y &hellip; <a href=\"https:\/\/servicios.unileon.es\/innovacion-docente\/jornadas-y-congresos-de-innovacion-docente\/\">Sigue leyendo <span class=\"meta-nav\">&rarr;<\/span><\/a><\/p>\n","protected":false},"author":432,"featured_media":0,"parent":0,"menu_order":0,"comment_status":"closed","ping_status":"closed","template":"","meta":{"footnotes":""},"class_list":["post-354","page","type-page","status-publish","hentry"],"_links":{"self":[{"href":"https:\/\/servicios.unileon.es\/innovacion-docente\/wp-json\/wp\/v2\/pages\/354","targetHints":{"allow":["GET"]}}],"collection":[{"href":"https:\/\/servicios.unileon.es\/innovacion-docente\/wp-json\/wp\/v2\/pages"}],"about":[{"href":"https:\/\/servicios.unileon.es\/innovacion-docente\/wp-json\/wp\/v2\/types\/page"}],"author":[{"embeddable":true,"href":"https:\/\/servicios.unileon.es\/innovacion-docente\/wp-json\/wp\/v2\/users\/432"}],"replies":[{"embeddable":true,"href":"https:\/\/servicios.unileon.es\/innovacion-docente\/wp-json\/wp\/v2\/comments?post=354"}],"version-history":[{"count":308,"href":"https:\/\/servicios.unileon.es\/innovacion-docente\/wp-json\/wp\/v2\/pages\/354\/revisions"}],"predecessor-version":[{"id":1915,"href":"https:\/\/servicios.unileon.es\/innovacion-docente\/wp-json\/wp\/v2\/pages\/354\/revisions\/1915"}],"wp:attachment":[{"href":"https:\/\/servicios.unileon.es\/innovacion-docente\/wp-json\/wp\/v2\/media?parent=354"}],"curies":[{"name":"wp","href":"https:\/\/api.w.org\/{rel}","templated":true}]}}