{"id":19,"date":"2020-08-24T11:30:00","date_gmt":"2020-08-24T09:30:00","guid":{"rendered":"https:\/\/servicios.unileon.es\/innovacion-docente\/?page_id=19"},"modified":"2026-03-04T11:14:06","modified_gmt":"2026-03-04T10:14:06","slug":"grupos-de-innovacion-docente","status":"publish","type":"page","link":"https:\/\/servicios.unileon.es\/innovacion-docente\/grupos-de-innovacion-docente\/","title":{"rendered":"Grupos de Innovaci\u00f3n Docente"},"content":{"rendered":"<p><span style=\"color: #ff0000;\"><strong>\u00a1NUEVO!<\/strong><\/span> Nuevos grupos de Innovaci\u00f3n Docente 2026 <a href=\"https:\/\/servicios.unileon.es\/innovacion-docente\/files\/2026\/03\/NUEVOS-GID-2026.pdf\">NUEVOS GID 2026<\/a><\/p>\n<p style=\"text-align: right;\"><a href=\"https:\/\/servicios.unileon.es\/innovacion-docente\/files\/2026\/03\/INFORMACION-GENERAL-PARA-LOS-NUEVOS-GIDS.docx.pdf\">INFORMACI\u00d3N GENERAL PARA LOS NUEVOS GIDS.docx<\/a><\/p>\n<p>&nbsp;<\/p>\n<p>&nbsp;<\/p>\n<p style=\"text-align: justify;\"><strong><span style=\"color: #ff0000;\">\u00a1NUEVO!<\/span> <span style=\"color: #008000;\">ASIGNACI\u00d3N ECON\u00d3MICA A LOS GID 2026 <\/span><\/strong><a href=\"https:\/\/servicios.unileon.es\/innovacion-docente\/files\/2026\/03\/ASIGNACION-ECONOMICA-2026-A-LOS-GRUPOS-DE-INNOVACION-DOCENTE-DE-LA-ULE.pdf\">ASIGNACI\u00d3N ECON\u00d3MICA 2026 A LOS GRUPOS DE INNOVACI\u00d3N DOCENTE DE LA ULE<\/a><\/p>\n<p>&nbsp;<\/p>\n<p style=\"text-align: center;\"><span style=\"color: #008000;\"><strong>INFORMACI\u00d3N IMPORTANTE PARA LA ASIGNACI\u00d3N ECON\u00d3MICA DE LAS DIFERENTES CONVOCATORIAS<\/strong><\/span><\/p>\n<p style=\"text-align: justify;\"><strong>Plazo m\u00e1ximo para la realizaci\u00f3n del gasto y su correspondiente justificaci\u00f3n econ\u00f3mica:<\/strong> 13 de noviembre de 2026.<\/p>\n<p style=\"text-align: justify;\">Las facturas se tramitar\u00e1n a trav\u00e9s del <strong>DEPARTAMENTO DEL COORDINADOR DEL GID. <\/strong><\/p>\n<p style=\"text-align: justify;\"><strong>Justificaci\u00f3n econ\u00f3mica del gasto a la Escuela de Formaci\u00f3n: <\/strong>se deber\u00e1 enviar una copia en papel de la justificaci\u00f3n econ\u00f3mica y la copia de las facturas correspondientes, dirigida a la Escuela de Formaci\u00f3n y presentada a trav\u00e9s del Registro de la Universidad de Le\u00f3n. \u00a0<strong>No se podr\u00e1 disponer del dinero no gastado en esta fecha.<\/strong><\/p>\n<p style=\"text-align: justify;\">En el caso de que el GID no haya realizado ning\u00fan gasto, deber\u00e1 enviar un correo electr\u00f3nico a escuela.formacionileon.es, indic\u00e1ndolo.<\/p>\n<p style=\"text-align: justify;\">Esta ayuda se podr\u00e1 destinar, entre otros, a:<\/p>\n<ul style=\"text-align: justify;\">\n<li>Participaci\u00f3n en congresos, jornadas u otras acciones de difusi\u00f3n<\/li>\n<li>Fotocopias y material fungible <u>directamente relacionado con el desarrollo del proyecto<\/u><\/li>\n<li>Publicaci\u00f3n de materiales elaborados en los proyectos o adquisici\u00f3n de material bibliogr\u00e1fico.<\/li>\n<\/ul>\n<p style=\"text-align: justify;\">No ser\u00e1n susceptibles de subvenci\u00f3n:<\/p>\n<ul style=\"text-align: justify;\">\n<li>El mantenimiento externo de aplicaciones inform\u00e1ticas.<\/li>\n<li>Pago directo a personal de la Ule (PDI o PTGAS).<\/li>\n<li>Material inventariable (*)<\/li>\n<li>Perif\u00e9ricos de equipos inform\u00e1ticos.<\/li>\n<li>Cualquier material de oficina que no est\u00e9 directamente relacionado con el desarrollo de actividades de innovaci\u00f3n docente.<\/li>\n<li>En el caso del t\u00f3ner, <u>se limita su compra a un cartucho (independientemente del color)<\/u><\/li>\n<\/ul>\n<p>&nbsp;<\/p>\n<p>&nbsp;<\/p>\n<p style=\"font-weight: 400; text-align: justify;\">Para modificar la composici\u00f3n de un grupo existente (altas, bajas, cambios de coordinaci\u00f3n) se cumplimentar\u00e1n los Anexos V, VI, VII o IX del Reglamento citado, seg\u00fan proceda.<\/p>\n<p style=\"text-align: right;\"><a href=\"https:\/\/servicios.unileon.es\/innovacion-docente\/files\/2025\/12\/MODELO-PARA-LA-SOLICITUD-DE-ALTA-BAJA-COMO-MIEMBRO-DE-UN-GID.docx\">MODELO PARA LA SOLICITUD DE ALTA-BAJA COMO MIEMBRO DE UN GID<\/a><\/p>\n<p style=\"text-align: right;\"><a href=\"https:\/\/servicios.unileon.es\/innovacion-docente\/files\/2025\/12\/MODELO-PARA-LA-SOLICITUD-DEL-CAMBIO-DE-COORDINADOR-DE-UN-GID-DE-LA-UNIVERSIDAD-DE-LEON.docx\">MODELO PARA LA SOLICITUD DEL CAMBIO DE COORDINADOR DE UN GID DE LA UNIVERSIDAD DE LE\u00d3N<\/a><\/p>\n<p>&nbsp;<\/p>\n<p>&nbsp;<\/p>\n<p style=\"text-align: justify;\"><span style=\"color: #008000;\"><strong>Registro de miembros\/colaboradores integrantes de los Grupos de Innovaci\u00f3n Docente.<\/strong><\/span> Actualizado en mayo 2025. <a href=\"https:\/\/servicios.unileon.es\/innovacion-docente\/files\/2025\/05\/INTEGRANTES-GID-MAYO-2025.pdf\">INTEGRANTES GID MAYO 2025<\/a><\/p>\n<p>&nbsp;<\/p>\n<p><span style=\"text-decoration: underline; color: #008000;\"><strong>OTROS DOCUMENTOS<\/strong><\/span><\/p>\n<p style=\"text-align: center;\"><a href=\"https:\/\/servicios.unileon.es\/innovacion-docente\/files\/2023\/10\/REGLAMENTO-DE-LOS-GRUPOS-DE-INNOVACION-DOCENTE-DE-LA-UNIVERSIDAD-DE-LEON.pdf\">REGLAMENTO DE LOS GRUPOS DE INNOVACI\u00d3N DOCENTE DE LA UNIVERSIDAD DE LE\u00d3N<\/a><\/p>\n<p>&nbsp;<\/p>\n<p>&nbsp;<\/p>\n<p>Nuevos grupos de Innovaci\u00f3n Docente 2025 <a href=\"https:\/\/servicios.unileon.es\/innovacion-docente\/files\/2025\/04\/NUEVOS-GID-2025.docx.pdf\">NUEVOS GID 2025<\/a><\/p>\n<p><span style=\"color: #000000;\">Nuevos Grupos de Innovaci\u00f3n Docente 2024 <a href=\"https:\/\/servicios.unileon.es\/innovacion-docente\/files\/2024\/03\/NUEVOS-GID-2024.pdf\">NUEVOS GID 2024<\/a><\/span><\/p>\n<p style=\"text-align: left;\"><span style=\"color: #008000;\"><span style=\"color: #000000;\">Nuevos Grupos de Innovaci\u00f3n Docente 2023 <a href=\"https:\/\/servicios.unileon.es\/innovacion-docente\/files\/2023\/04\/NUEVOS-GIDs-2023.pdf\">NUEVOS GID 2023<\/a><\/span><\/span><\/p>\n<p><span style=\"color: #008000;\"><span style=\"color: #000000;\">Nuevos Grupos de Innovaci\u00f3n Docente 2022\u00a0<\/span><a href=\"https:\/\/servicios.unileon.es\/innovacion-docente\/files\/2022\/05\/NUEVOS-GID2022.pdf\">NUEVOS GID2022<\/a><\/span><\/p>\n<p><span style=\"color: #000000;\">Nuevos Grupos de Innovaci\u00f3n Docente 2019<\/span> <a href=\"https:\/\/servicios.unileon.es\/innovacion-docente\/files\/2022\/05\/NUEVOS-GID2019.pdf\">NUEVOS GID2019<\/a><\/p>\n<p><span style=\"color: #000000;\">Nuevos Grupos de Innovaci\u00f3n Docente 2018<\/span> <a href=\"https:\/\/servicios.unileon.es\/innovacion-docente\/files\/2020\/08\/NUEVOS-GID-2018.pdf\">NUEVOS-GID-2018<\/a><\/p>\n<p><span style=\"color: #000000;\">Nuevos Grupos de Innovaci\u00f3n Docente 2017<\/span> <a href=\"https:\/\/servicios.unileon.es\/innovacion-docente\/files\/2022\/06\/NUEVOS-GID-2017.pdf\">NUEVOS-GID-2017<\/a><\/p>\n<p><span style=\"color: #000000;\">Nuevos Grupos de Innovaci\u00f3n Docente 2016<\/span> <a href=\"https:\/\/servicios.unileon.es\/innovacion-docente\/files\/2020\/08\/NUEVOS-GID-2016.pdf\">NUEVOS-GID-2016<\/a><\/p>\n<p><span style=\"color: #000000;\">Nuevos Grupos de Innovaci\u00f3n Docente 2015<\/span> <a href=\"https:\/\/servicios.unileon.es\/innovacion-docente\/files\/2020\/08\/NUEVOS-GID-2015.pdf\">NUEVOS-GID-2015<\/a><\/p>\n<p><span style=\"color: #000000;\">Grupos de Innovaci\u00f3n Docente 2014<\/span>\u00a0<a href=\"https:\/\/servicios.unileon.es\/formacion-pdi\/files\/2019\/03\/GRUPOS-DE-INNOVACI%C3%93N-DOCENTE-DE-LA-ULE-2014.pdf\">GRUPOS DE INNOVACI\u00d3N DOCENTE DE LA ULE 2014<\/a><\/p>\n<p>&nbsp;<\/p>\n","protected":false},"excerpt":{"rendered":"<p>\u00a1NUEVO! Nuevos grupos de Innovaci\u00f3n Docente 2026 NUEVOS GID 2026 INFORMACI\u00d3N GENERAL PARA LOS NUEVOS GIDS.docx &nbsp; &nbsp; \u00a1NUEVO! ASIGNACI\u00d3N ECON\u00d3MICA A LOS GID 2026 ASIGNACI\u00d3N ECON\u00d3MICA 2026 A LOS GRUPOS DE INNOVACI\u00d3N DOCENTE DE LA ULE &nbsp; INFORMACI\u00d3N IMPORTANTE &hellip; <a href=\"https:\/\/servicios.unileon.es\/innovacion-docente\/grupos-de-innovacion-docente\/\">Sigue leyendo <span class=\"meta-nav\">&rarr;<\/span><\/a><\/p>\n","protected":false},"author":432,"featured_media":0,"parent":0,"menu_order":0,"comment_status":"closed","ping_status":"closed","template":"","meta":{"footnotes":""},"class_list":["post-19","page","type-page","status-publish","hentry"],"_links":{"self":[{"href":"https:\/\/servicios.unileon.es\/innovacion-docente\/wp-json\/wp\/v2\/pages\/19","targetHints":{"allow":["GET"]}}],"collection":[{"href":"https:\/\/servicios.unileon.es\/innovacion-docente\/wp-json\/wp\/v2\/pages"}],"about":[{"href":"https:\/\/servicios.unileon.es\/innovacion-docente\/wp-json\/wp\/v2\/types\/page"}],"author":[{"embeddable":true,"href":"https:\/\/servicios.unileon.es\/innovacion-docente\/wp-json\/wp\/v2\/users\/432"}],"replies":[{"embeddable":true,"href":"https:\/\/servicios.unileon.es\/innovacion-docente\/wp-json\/wp\/v2\/comments?post=19"}],"version-history":[{"count":56,"href":"https:\/\/servicios.unileon.es\/innovacion-docente\/wp-json\/wp\/v2\/pages\/19\/revisions"}],"predecessor-version":[{"id":1705,"href":"https:\/\/servicios.unileon.es\/innovacion-docente\/wp-json\/wp\/v2\/pages\/19\/revisions\/1705"}],"wp:attachment":[{"href":"https:\/\/servicios.unileon.es\/innovacion-docente\/wp-json\/wp\/v2\/media?parent=19"}],"curies":[{"name":"wp","href":"https:\/\/api.w.org\/{rel}","templated":true}]}}