{"id":1149,"date":"2023-02-16T08:45:18","date_gmt":"2023-02-16T07:45:18","guid":{"rendered":"https:\/\/servicios.unileon.es\/innovacion-docente\/?page_id=1149"},"modified":"2023-02-27T10:42:25","modified_gmt":"2023-02-27T09:42:25","slug":"vi-jornadas-de-innovacion-en-docencia-universitaria","status":"publish","type":"page","link":"https:\/\/servicios.unileon.es\/innovacion-docente\/vi-jornadas-de-innovacion-en-docencia-universitaria\/","title":{"rendered":"VI Jornadas de Innovaci\u00f3n en docencia universitaria"},"content":{"rendered":"<p style=\"text-align: justify;\"><span style=\"color: #000000;\">En las <strong>VI Jornadas de Innovaci\u00f3n Docente de la Universidad de Le\u00f3n<\/strong> celebradas los d\u00edas 9 y 10 de febrero de 2023 se presentaron una selecci\u00f3n de proyectos innovadores desarrollados en la ULe. A diferencia de ediciones anteriores, la presentaci\u00f3n de las experiencias se realiz\u00f3 en paneles paralelos sobre diferentes metodolog\u00edas innovadoras, en la l\u00ednea de las Jornadas Interuniversitarias realizadas el a\u00f1o pasado. Tambi\u00e9n cambi\u00f3 el formato de presentaci\u00f3n de las propuestas, siendo en forma de <em>Comunicaci\u00f3n<\/em>. <\/span><\/p>\n<p style=\"text-align: justify;\"><span style=\"color: #000000;\">Otra interesante novedad de esta edici\u00f3n, es que se har\u00e1 una selecci\u00f3n de las comunicaciones presentadas para editar un libro sobre la Innovaci\u00f3n Docente en la Universidad de Le\u00f3n<\/span>.<\/p>\n<p>&nbsp;<\/p>\n<p style=\"text-align: center;\"><span style=\"text-decoration: underline; color: #008000;\"><strong>PANEL INAUGURACI\u00d3N<\/strong><\/span><\/p>\n<p style=\"text-align: center;\"><span style=\"color: #0000ff;\"><strong> EXPERIENCIAS INNOVADORAS EN OTRAS UNIVERSIDADES P\u00daBLICAS DE CASTILLA Y LE\u00d3N<\/strong><\/span><\/p>\n<ul style=\"list-style-type: square;\">\n<li style=\"text-align: justify;\"><span style=\"color: #000000;\"><strong>Teaching Virtual Laboratory. <\/strong>Celia Carrillo P\u00e9rez. Universidad de Burgos (ccarrillo@ubu.es)<\/span><\/li>\n<\/ul>\n<p style=\"text-align: right;\"><a href=\"https:\/\/servicios.unileon.es\/innovacion-docente\/files\/2023\/02\/Teaching-Virtual-Laboratory.pdf\">Presentaci\u00f3n<\/a><\/p>\n<ul style=\"list-style-type: square;\">\n<li style=\"text-align: justify;\"><span style=\"color: #000000;\"><strong>Malet\u00edn 2.0 y TICS, videop\u00edldoras y debates online como experiencias s\u00edncronas y formativas en la ense\u00f1anza universitaria. <\/strong>Rodrigo Morch\u00f3n Garc\u00eda. Universidad de Salamanca. (rmorgar@usal.es)<\/span><\/li>\n<\/ul>\n<p style=\"text-align: right;\"><a href=\"https:\/\/servicios.unileon.es\/innovacion-docente\/files\/2023\/02\/Maletin-2.0-y-TICS-videopildoras-y-debates-online-como-experiencias-sincronas-y-formativas-en-la-ensenanza-universitaria.pdf\">Presentaci\u00f3n<\/a><\/p>\n<ul style=\"list-style-type: square;\">\n<li style=\"text-align: justify;\"><span style=\"color: #000000;\"><strong>INGENIAS: Fomentando vocaciones tecnol\u00f3gicas y la divulgaci\u00f3n cient\u00edfico-tecnol\u00f3gica.<\/strong> Noem\u00ed Merayo \u00c1lvarez. Universidad de Valladolid. (noemer@tel.uva.es)<\/span><\/li>\n<\/ul>\n<p style=\"text-align: right;\"><a href=\"https:\/\/servicios.unileon.es\/innovacion-docente\/files\/2023\/02\/INGENIAS.-Fomentando-vocaciones-tecnologicas-y-la-divulgacion-cientifico-tecnologica-1.pdf\">Presentaci\u00f3n<\/a><\/p>\n<p>&nbsp;<\/p>\n<p style=\"text-align: center;\"><span style=\"text-decoration: underline; color: #008000;\"><strong>I PANEL DE EXPERIENCIAS INNOVADORAS DE LA ULE<\/strong><\/span><\/p>\n<p style=\"text-align: center;\"><span style=\"color: #0000ff;\"><strong>OPCI\u00d3N A: APRENDIZAJE BASADO EN PROBLEMAS, PROYECTOS O RETOS<\/strong><\/span><\/p>\n<ul style=\"list-style-type: square;\">\n<li style=\"text-align: justify;\"><span style=\"color: #000000;\"><strong>El Problem Based Learning Plus, PBL+, a examen. Una metodolog\u00eda ecl\u00e9ctica y flexible para competencias pr\u00e1cticas en Ingenier\u00eda.<\/strong> Fernando Gonz\u00e1lez-Andr\u00e9s (fgona@unileon.es)<\/span><\/li>\n<\/ul>\n<p style=\"text-align: right;\"><a href=\"https:\/\/servicios.unileon.es\/innovacion-docente\/files\/2023\/02\/El-Problem-Based-Learning-Plus-PBL-a-examen.-1.pdf\">Presentaci\u00f3n<\/a><\/p>\n<ul style=\"list-style-type: square;\">\n<li style=\"text-align: justify;\"><span style=\"color: #000000;\"><strong>Cazadores de mitos vegetales: un proyecto de inmersi\u00f3n en metodolog\u00eda cient\u00edfica para primero de Biolog\u00eda.<\/strong> Jos\u00e9 Luis Acebes Arranz (jl.acebes@unileon.es)<\/span><\/li>\n<\/ul>\n<p style=\"text-align: right;\"><a href=\"https:\/\/servicios.unileon.es\/innovacion-docente\/files\/2023\/02\/Cazadores-de-mitos-vegetales.-Un-proyecto-de-inmersion-en-metodologia-cintifica-para-primero-de-Biologia.pdf\">Presentaci\u00f3n<\/a><\/p>\n<ul>\n<li style=\"text-align: justify;\"><span style=\"color: #000000;\"><strong>Inteligencia artificial y \u00abweb scraping\u00bb: nuevas t\u00e9cnicas para aprendizaje de Investigaci\u00f3n de Mercados.<\/strong> Sof\u00eda Blanco Moreno (sblanm@unileon.es)<\/span><\/li>\n<\/ul>\n<p style=\"text-align: right;\"><a href=\"https:\/\/servicios.unileon.es\/innovacion-docente\/files\/2023\/02\/Inteligencia-artificial-y-web-scraping.-Nuevas-tecnicas-para-aprendizaje-de-Investigacion-de-Mercados-1.pdf\">Presentaci\u00f3n<\/a><\/p>\n<ul>\n<li style=\"text-align: justify;\"><span style=\"color: #000000;\"><strong>Los intercambios virtuales: las cintas de correr en el aprendizaje de lenguas extranjeras.<\/strong> Bel\u00e9n Labrador de la Cruz (belen.labrador@unileon.es)<\/span><\/li>\n<\/ul>\n<p style=\"text-align: right;\"><a href=\"https:\/\/servicios.unileon.es\/innovacion-docente\/files\/2023\/02\/Los-intercambios-virtuales.-Las-cintas-de-correr-en-el-aprendizaje-de-lenguas-extranjeras.pdf\">Presentaci\u00f3n<\/a><\/p>\n<p style=\"text-align: center;\"><span style=\"color: #0000ff;\"><strong>OPCI\u00d3N B: LABORATORIOS VIRTUALES, REALIDAD AUMENTADA Y 3D<\/strong><\/span><\/p>\n<ul style=\"list-style-type: square;\">\n<li style=\"text-align: justify;\"><span style=\"color: #000000;\"><strong>Laboratorio virtual de Neuromarketing para el an\u00e1lisis del comportamiento del consumidor.<\/strong> Aroa Costa Feito (acosf@unileon.es)<\/span><\/li>\n<\/ul>\n<p style=\"text-align: right;\"><a href=\"https:\/\/servicios.unileon.es\/innovacion-docente\/files\/2023\/02\/Laboratorio-virtual-de-Neuromarketing-para-el-analisis-del-comportamiento-del-consumidor.pdf\">Presentaci\u00f3n<\/a><\/p>\n<ul style=\"list-style-type: square;\">\n<li style=\"text-align: justify;\"><span style=\"color: #000000;\"><strong>Experiencia docente con realidad aumentada para el dise\u00f1o de m\u00e1quinas. <\/strong>Alberto Mart\u00ednez Guti\u00e9rrez (amartg@unileon.es)<\/span><\/li>\n<\/ul>\n<p style=\"text-align: right;\"><a href=\"https:\/\/servicios.unileon.es\/innovacion-docente\/files\/2023\/02\/Presentacion-Alberto-Martinez-Gutierrez.pdf\">Presentaci\u00f3n<\/a><\/p>\n<ul style=\"list-style-type: square;\">\n<li style=\"text-align: justify;\"><span style=\"color: #000000;\"><strong>Aplicaci\u00f3n de herramientas de realidad virtual en el aprendizaje de anatom\u00eda en Ciencias de la Salud.<\/strong> Susana Mart\u00ednez Fl\u00f3rez (smarf@unileon.es)<\/span><\/li>\n<\/ul>\n<p style=\"text-align: right;\"><a href=\"https:\/\/servicios.unileon.es\/innovacion-docente\/files\/2023\/02\/Aplicacion-de-herramientas-de-realidad-virtual-en-el-aprendizaje-de-anatomia-en-Ciencias-de-la-Salud-1.pdf\">Presentaci\u00f3n<\/a><\/p>\n<ul style=\"list-style-type: square;\">\n<li style=\"text-align: justify;\"><span style=\"color: #000000;\"><strong>La realidad aumentada como recurso docente en Derecho del Trabajo y de la Seguridad Social.<\/strong> Ana M. Castro Franco (acasf@unileon.es)<\/span><\/li>\n<\/ul>\n<p style=\"text-align: right;\"><a href=\"https:\/\/servicios.unileon.es\/innovacion-docente\/files\/2023\/02\/La-realidad-aumentada-como-recurso-docente-en-Derecho-del-Trabajo-y-de-la-Seguridad-Social-1.pdf\">Presentaci\u00f3n<\/a><\/p>\n<p>&nbsp;<\/p>\n<p style=\"text-align: center;\"><span style=\"text-decoration: underline; color: #008000;\"><strong>II PANEL DE EXPERIENCIAS INNOVADORAS DE LA ULE<\/strong><\/span><\/p>\n<p style=\"text-align: center;\"><span style=\"color: #0000ff;\"><strong>OPCI\u00d3N A: APRENDIZAJE COLABORATIVO<\/strong><\/span><\/p>\n<ul style=\"list-style-type: square;\">\n<li style=\"text-align: justify;\"><span style=\"color: #000000;\"><strong>Evaluaci\u00f3n formativa entre pares.<\/strong> <strong>Experiencias en todos los niveles universitarios.<\/strong> \u00c1ngeles D\u00edez Fern\u00e1ndez (angeles.diez@unileon.es)<\/span><\/li>\n<\/ul>\n<p style=\"text-align: right;\"><a href=\"https:\/\/servicios.unileon.es\/innovacion-docente\/files\/2023\/02\/Evaluacion-formativa-entre-pares.-Experiencias-en-todos-los-niveles-universitarios.pdf\">Presentaci\u00f3n<\/a><\/p>\n<ul style=\"list-style-type: square;\">\n<li><span style=\"color: #000000;\"><strong>Aprendizaje colaborativo sobre evaluaci\u00f3n formativa en la Facultas de Ciencias de la Actividad F\u00edsica y del Deporte.<\/strong> \u00c1ngel Luis P\u00e9rez Pueyo (angel.perez.pueyo@unileon.es)<\/span><\/li>\n<\/ul>\n<p style=\"text-align: right;\"><a href=\"https:\/\/servicios.unileon.es\/innovacion-docente\/files\/2023\/02\/Aprendizaje-colaborativo-sobre-evaluacion-formativa-en-la-Facultad-de-Ciencias-de-la-Actividad-Fisica-y-del-Deporte.pdf\">Presentaci\u00f3n<\/a><\/p>\n<ul style=\"list-style-type: square;\">\n<li style=\"text-align: justify;\"><span style=\"color: #000000;\"><strong>Los estudiantes de Agronom\u00eda elaboran miniclases y v\u00eddeos mediante aprendizaje colaborativo.<\/strong> Carmen Vald\u00e9s Sol\u00eds (carmen.valdes@unileon.es)<\/span><\/li>\n<\/ul>\n<p style=\"text-align: right;\"><a href=\"https:\/\/servicios.unileon.es\/innovacion-docente\/files\/2023\/02\/Los-estudiantes-de-Agronomia-elaboran-miniclases-y-videos-mediante-aprendizaje-colaborativo.pdf\">Presentaci\u00f3n<\/a><\/p>\n<ul style=\"list-style-type: square;\">\n<li style=\"text-align: justify;\"><span style=\"color: #000000;\"><strong>Club del Trabajo Fin de Grado: m\u00e9todo de role-playing en Ciencia y Tecnolog\u00eda de los alimentos.<\/strong> Coral Barcenilla Canduela (cbarc@unileon.es)<\/span><\/li>\n<\/ul>\n<p style=\"text-align: right;\"><a href=\"https:\/\/servicios.unileon.es\/innovacion-docente\/files\/2023\/02\/Club-del-TFG.-Metodos-de-roleplaying-en-Ciencia-y-Tecnologia-de-los-Alimentos.pdf\">Presentaci\u00f3n<\/a><\/p>\n<p style=\"text-align: center;\"><span style=\"color: #0000ff;\"><strong>OPCI\u00d3N B: GAMIFICACI\u00d3N Y GAME BASED LEARNING<\/strong><\/span><\/p>\n<ul style=\"list-style-type: square;\">\n<li style=\"text-align: justify;\"><span style=\"color: #000000;\"><strong>El juego de rol narrativo como herramienta en una clase de idiomas para universitarios<\/strong><strong>.<\/strong> Adeline Houz\u00e9 (adeline.houze@unileon.es)<\/span><\/li>\n<\/ul>\n<p style=\"text-align: right;\"><a href=\"https:\/\/servicios.unileon.es\/innovacion-docente\/files\/2023\/02\/El-juego-del-rol-narrativo-como-herramienta-en-una-clase-de-idiomas-para-universitarios.pdf\">Presentaci\u00f3n<\/a><\/p>\n<ul style=\"list-style-type: square;\">\n<li style=\"text-align: justify;\"><span style=\"color: #000000;\"><strong>Crime room el enigma de Larra: la innovaci\u00f3n docente a trav\u00e9s de los juegos deductivos.<\/strong> Miriam L\u00f3pez Santos (mlops@unileon.es) <\/span><\/li>\n<\/ul>\n<p style=\"text-align: right;\"><a href=\"https:\/\/servicios.unileon.es\/innovacion-docente\/files\/2023\/02\/Crime-room-el-enigma-de-Larra.-La-innovacion-docente-a-traves-de-los-juegos-deductivos.pdf\">Presentaci\u00f3n<\/a><\/p>\n<ul style=\"list-style-type: square;\">\n<li style=\"text-align: justify;\"><span style=\"color: #000000;\"><strong>Planta: un proyecto de aprendizaje basado en juegos en Fisiolog\u00eda Vegetal.<\/strong> Carlos Frey Dom\u00ednguez (cfred@unileon.es)<\/span><\/li>\n<\/ul>\n<p style=\"text-align: right;\"><a href=\"https:\/\/servicios.unileon.es\/innovacion-docente\/files\/2023\/02\/Planta.-Un-proyecto-de-aprendizaje-basado-en-juegos-en-Fisiologia-Vegetal.pdf\">Presentaci\u00f3n<\/a><\/p>\n<ul style=\"list-style-type: square;\">\n<li style=\"text-align: justify;\"><span style=\"color: #000000;\"><strong>Planificaci\u00f3n compartida de atenci\u00f3n. Experiencia con estudiantes enfermeros que se trasfiere a la sociedad.<\/strong> Ana I. L\u00f3pez Alonso (ana.lopez@unileon.es) y Natalia Arias Ramos (narir@unileon.es)<\/span><\/li>\n<\/ul>\n<p style=\"text-align: right;\"><a href=\"https:\/\/servicios.unileon.es\/innovacion-docente\/files\/2023\/02\/Planificacion-compartida-de-atencion.pdf\">Presentaci\u00f3n<\/a><\/p>\n<p>&nbsp;<\/p>\n<p style=\"text-align: center;\"><span style=\"text-decoration: underline; color: #008000;\"><strong>III PANEL DE EXPERIENCIAS INNOVADORAS DE LA ULE<\/strong><\/span><\/p>\n<p style=\"text-align: center;\"><span style=\"color: #0000ff;\"><strong>OPCI\u00d3N A: APRENDIZAJE SERVICIO<\/strong><\/span><\/p>\n<ul style=\"list-style-type: square;\">\n<li style=\"text-align: justify;\"><span style=\"color: #333333;\"><strong>Contribuci\u00f3n del aprendizaje-servicio universitario a los objetivos de desarrollo sostenible de la Agenda 2030.<\/strong> M. Pilar Sierra Fern\u00e1ndez (pilar.sierra@unileon.es) <\/span><\/li>\n<\/ul>\n<p style=\"text-align: right;\"><a href=\"https:\/\/servicios.unileon.es\/innovacion-docente\/files\/2023\/02\/Contribucion-al-aprendizaje-servicio-universitario-a-los-objetivos-de-desarrillo-sostenible-de-la-Agenda-2030.pdf\">Presentaci\u00f3n<\/a><\/p>\n<ul style=\"list-style-type: square;\">\n<li style=\"text-align: justify;\"><span style=\"color: #000000;\"><strong>Aprendizaje servicio en el entorno rural de Le\u00f3n: intervenci\u00f3n en objetivos de desarrollo sostenible.<\/strong> Iv\u00e1n Prieto Aguilar (ipria@unileon.es)<\/span><\/li>\n<\/ul>\n<p style=\"text-align: right;\"><a href=\"https:\/\/servicios.unileon.es\/innovacion-docente\/files\/2023\/02\/Aprendizaje-servicio-en-el-entorno-rural-de-Leon.-Intervencion-en-objetivos-de-desarrollo-sostenible.pdf\">Presentaci\u00f3n<\/a><\/p>\n<ul style=\"list-style-type: square;\">\n<li style=\"text-align: justify;\"><span style=\"color: #000000;\"><strong>La salud en en camino de Santiago.<\/strong> Ana Felicitas L\u00f3pez (aflopr@unileon.es)<\/span><\/li>\n<\/ul>\n<p style=\"text-align: right;\"><a href=\"https:\/\/servicios.unileon.es\/innovacion-docente\/files\/2023\/02\/La-salud-en-el-Camino-de-Santiago.pdf\">Presentaci\u00f3n<\/a><\/p>\n<ul style=\"list-style-type: square;\">\n<li style=\"text-align: justify;\"><span style=\"color: #000000;\"><strong>Aprendizaje-servicio para la educaci\u00f3n en salud y la promoci\u00f3n de h\u00e1bitos de vida saludables en poblaci\u00f3n infantil.<\/strong> Arrate Pinto Carral (apinc@unileon.es)<\/span><\/li>\n<\/ul>\n<p style=\"text-align: right;\"><a href=\"https:\/\/servicios.unileon.es\/innovacion-docente\/files\/2023\/02\/Aprendizaje-servicio-para-la-educacion-en-salud-y-la-promocion-de-habitos-de-vida-saludables-en-poblacion-infantil.pdf\">Presentaci\u00f3n<\/a><\/p>\n<p style=\"text-align: center;\"><span style=\"color: #0000ff;\"><strong>OPCI\u00d3N B: OTRAS EXPERIENCIAS INNOVADORAS<\/strong><\/span><\/p>\n<ul style=\"list-style-type: square;\">\n<li style=\"text-align: justify;\"><span style=\"color: #000000;\"><strong>Rese\u00f1ando libros de Ciencias Sociales en redes.<\/strong> Alfredo Mac\u00edas V\u00e1zquez (amacv@unileon.es)<\/span><\/li>\n<\/ul>\n<p style=\"text-align: right;\"><a href=\"https:\/\/servicios.unileon.es\/innovacion-docente\/files\/2023\/02\/Resenando-libros-de-Ciencias-Sociales-en-redes.pdf\">Presentaci\u00f3n<\/a><\/p>\n<ul style=\"list-style-type: square;\">\n<li style=\"text-align: justify;\"><span style=\"color: #000000;\"><strong>El rol del alumno-profesor: trabajando competencias transversales y elaboraci\u00f3n de materiales docentes.<\/strong> Luis Miguel Ramos Mart\u00ednez (lramm@unileon.es)<\/span><\/li>\n<\/ul>\n<p style=\"text-align: right;\"><a href=\"https:\/\/servicios.unileon.es\/innovacion-docente\/files\/2023\/02\/El-rol-del-alumno-profesor.-Trabajando-competencias-transversales-y-elaboracion-de-materiales-docentes.pdf\">Presentaci\u00f3n<\/a><\/p>\n<ul style=\"list-style-type: square;\">\n<li style=\"text-align: justify;\"><span style=\"color: #000000;\"><strong>Hacia la aplicaci\u00f3n efectiva y generalizada del aula invertida en algunas asignaturas de ciencias. <\/strong>Jos\u00e9 Mar\u00eda Rodr\u00edguez Calleja\u00a0 (jmrodc@unileon.es)<\/span><\/li>\n<\/ul>\n<p style=\"text-align: right;\"><a href=\"https:\/\/servicios.unileon.es\/innovacion-docente\/files\/2023\/02\/Hacia-la-aplicacion-efectiva-y-generalizada-del-aula-invertida-en-algunas-asignaturas-de-ciencias.pdf\">Presentaci\u00f3n<\/a><\/p>\n<ul style=\"list-style-type: square;\">\n<li><span style=\"color: #000000;\"><strong>Un clic diario y por el temario.<\/strong> Julia Mor\u00e1n del Pozo (julia.moran@unileon.es) <\/span><\/li>\n<\/ul>\n<p style=\"text-align: right;\"><a href=\"https:\/\/servicios.unileon.es\/innovacion-docente\/files\/2023\/02\/Un-clic-diario-y-a-por-el-temario.pdf\">Presentaci\u00f3n<\/a><\/p>\n<p>&nbsp;<\/p>\n","protected":false},"excerpt":{"rendered":"<p>En las VI Jornadas de Innovaci\u00f3n Docente de la Universidad de Le\u00f3n celebradas los d\u00edas 9 y 10 de febrero de 2023 se presentaron una selecci\u00f3n de proyectos innovadores desarrollados en la ULe. A diferencia de ediciones anteriores, la presentaci\u00f3n &hellip; <a href=\"https:\/\/servicios.unileon.es\/innovacion-docente\/vi-jornadas-de-innovacion-en-docencia-universitaria\/\">Sigue leyendo <span class=\"meta-nav\">&rarr;<\/span><\/a><\/p>\n","protected":false},"author":432,"featured_media":0,"parent":0,"menu_order":0,"comment_status":"closed","ping_status":"closed","template":"","meta":{"footnotes":""},"class_list":["post-1149","page","type-page","status-publish","hentry"],"_links":{"self":[{"href":"https:\/\/servicios.unileon.es\/innovacion-docente\/wp-json\/wp\/v2\/pages\/1149","targetHints":{"allow":["GET"]}}],"collection":[{"href":"https:\/\/servicios.unileon.es\/innovacion-docente\/wp-json\/wp\/v2\/pages"}],"about":[{"href":"https:\/\/servicios.unileon.es\/innovacion-docente\/wp-json\/wp\/v2\/types\/page"}],"author":[{"embeddable":true,"href":"https:\/\/servicios.unileon.es\/innovacion-docente\/wp-json\/wp\/v2\/users\/432"}],"replies":[{"embeddable":true,"href":"https:\/\/servicios.unileon.es\/innovacion-docente\/wp-json\/wp\/v2\/comments?post=1149"}],"version-history":[{"count":67,"href":"https:\/\/servicios.unileon.es\/innovacion-docente\/wp-json\/wp\/v2\/pages\/1149\/revisions"}],"predecessor-version":[{"id":1260,"href":"https:\/\/servicios.unileon.es\/innovacion-docente\/wp-json\/wp\/v2\/pages\/1149\/revisions\/1260"}],"wp:attachment":[{"href":"https:\/\/servicios.unileon.es\/innovacion-docente\/wp-json\/wp\/v2\/media?parent=1149"}],"curies":[{"name":"wp","href":"https:\/\/api.w.org\/{rel}","templated":true}]}}