{"id":838,"date":"2015-09-02T22:36:09","date_gmt":"2015-09-02T20:36:09","guid":{"rendered":"http:\/\/servicios.unileon.es\/hospital-veterinario\/?page_id=838"},"modified":"2023-12-20T15:36:20","modified_gmt":"2023-12-20T13:36:20","slug":"noticias","status":"publish","type":"page","link":"https:\/\/servicios.unileon.es\/hospital-veterinario\/noticias\/","title":{"rendered":"Noticias"},"content":{"rendered":"<ul>\n<li>\u00a02023\n<ul>\n<li><a href=\"https:\/\/servicios.unileon.es\/hospital-veterinario\/files\/2023\/12\/Fatro.pdf\">Agradecimiento<\/a><\/li>\n<li><a href=\"http:\/\/www.avepa.org\/index.php\/37-latest-news\/357-congreso-grupo-exoticos-gmcae-7-8-octubre-2023-malaga\">Taller luxaci\u00f3n de r\u00f3tula<\/a><\/li>\n<\/ul>\n<\/li>\n<li>2019\n<ul>\n<li><a href=\"http:\/\/servicios.unileon.es\/hospital-veterinario\/files\/2019\/06\/DISTIQUIASIS-CONSULTA-19.pdf\">Distiquiasis canina. Tratamiento con la t\u00e9cnica EPI<\/a><\/li>\n<\/ul>\n<\/li>\n<\/ul>\n<ul>\n<li>\u00a02018\n<ul>\n<li><a href=\"http:\/\/servicios.unileon.es\/hospital-veterinario\/files\/2018\/02\/Curso-TPLO.jpg\">Curso te\u00f3rico pr\u00e1ctico t\u00e9cnica TPLO<\/a>. <a href=\"http:\/\/servicios.unileon.es\/hospital-veterinario\/files\/2018\/02\/Programa-TPLO.pdf\">Programaci\u00f3n<\/a><\/li>\n<li><a href=\"http:\/\/www.diariodeleon.es\/noticias\/sociedad\/mascotas-hacen-mayores_1223139.html\">Las mascotas se hacen mayores<\/a><\/li>\n<\/ul>\n<\/li>\n<li>2017\n<ul>\n<li><a href=\"http:\/\/www.congresoseaav.com\/\">XIII Congreso Nacional de la Sociedad Espa\u00f1ola de Anestesia y Analgesia Veterinaria<\/a><\/li>\n<li><a href=\"http:\/\/servicios.unileon.es\/hospital-veterinario\/files\/2017\/05\/Diptico-SEAAV-Leon-2017-1.pdf\">D\u00edptico Congreso Nacional SEAAV<\/a><\/li>\n<li><a href=\"http:\/\/www.diariodeleon.es\/noticias\/leon\/veterinaria-logra-aprobado-perfecto-acreditacion-europea-paliar-carencias_1149119.html\">Veterinaria logra con un \u00abaprobado perfecto\u00bb la acreditaci\u00f3n europea tras paliar las carencias<\/a><\/li>\n<li><a href=\"http:\/\/www.leonoticias.com\/universidad\/201703\/29\/universidad-leon-muestra-satisfaccion-20170329181604.html\">La Universidad de Le\u00f3n muestra su satisfacci\u00f3n por la acreditaci\u00f3n europea de la Facultad de Veterinaria<\/a><\/li>\n<\/ul>\n<\/li>\n<li>2016\n<ul>\n<li><a href=\"http:\/\/www.leonoticias.com\/universidad\/201603\/31\/pone-marcha-servicio-publico-20160331142035.html\" target=\"_blank\" rel=\"noopener noreferrer\">La ULe pone en marcha el servicio p\u00fablico de inseminaci\u00f3n equina<\/a>\u00a0\u00b7\u00a0<a href=\"http:\/\/cadenaser.com\/emisora\/2016\/03\/31\/radio_leon\/1459440717_707099.html\" target=\"_blank\" rel=\"noopener noreferrer\">\u2018Fenomenal\u2019, un gran semental<\/a><\/li>\n<\/ul>\n<\/li>\n<li>\u00a02015\n<ul>\n<li><a href=\"http:\/\/servicios.unileon.es\/hospital-veterinario\/files\/2015\/09\/EPIABCCyL15.pdf\">Un equipo de la ULe trabaja en la aplicaci\u00f3n de una novedosa t\u00e9cnica en veterinaria<\/a><\/li>\n<li><a href=\"http:\/\/leonoticias.com\/frontend\/leonoticias\/Veterinaria-Consolida-Su-Tecnica-EPI-En-La-Recuperacion-Depo-vn183232-vst383\" target=\"_blank\" rel=\"noopener noreferrer\">Veterinaria consolida su T\u00e9cnica EPI en la recuperaci\u00f3n deportiva animal<\/a><\/li>\n<li><a href=\"http:\/\/www.ileon.com\/universidad\/052667\/la-ule-y-la-protectora-de-animales-argos-se-unen-por-el-control-del-gato-silvestre\" target=\"_blank\" rel=\"noopener noreferrer\">La ULe y la protectora de animales &#8216;Argos&#8217; se unen por el control del gato silvestre<\/a><\/li>\n<li><a href=\"http:\/\/leonoticias.com\/frontend\/leonoticias\/El-Hospital-Veterinario-De-La-ULE-Dedica-Un-Curso-Al-Manejo-vn175341-vst383\" target=\"_blank\" rel=\"noopener noreferrer\">El Hospital Veterinario de la ULe dedica un curso al manejo natural de los caballos<\/a><\/li>\n<li><a href=\"http:\/\/www.dicyt.com\/noticias\/expertos-de-toda-espana-debaten-en-el-hospital-veterinario-de-la-ule-sobre-embriones-terapeuticos\" target=\"_blank\" rel=\"noopener noreferrer\">Expertos de toda Espa\u00f1a debaten en el Hospital veterinario de la ULe sobre embriones terap\u00e9uticos<\/a><\/li>\n<li><a href=\"http:\/\/www.diariodeleon.es\/noticias\/leon\/hospital-veterinario-realizara-ensayos-clinicos-laboratorios-ovejero_992629.html\" target=\"_blank\" rel=\"noopener noreferrer\">El Hospital Veterinario realizar\u00e1 ensayos cl\u00ednicos para Laboratorios Ovejero<\/a><\/li>\n<\/ul>\n<\/li>\n<\/ul>\n","protected":false},"excerpt":{"rendered":"<p>\u00a02023 Agradecimiento Taller luxaci\u00f3n de r\u00f3tula 2019 Distiquiasis canina. Tratamiento con la t\u00e9cnica EPI \u00a02018 Curso te\u00f3rico pr\u00e1ctico t\u00e9cnica TPLO. Programaci\u00f3n Las mascotas se hacen mayores 2017 XIII Congreso Nacional de la Sociedad Espa\u00f1ola de Anestesia y Analgesia Veterinaria D\u00edptico &hellip; <a href=\"https:\/\/servicios.unileon.es\/hospital-veterinario\/noticias\/\">Sigue leyendo <span class=\"meta-nav\">&rarr;<\/span><\/a><\/p>\n","protected":false},"author":528,"featured_media":0,"parent":0,"menu_order":0,"comment_status":"closed","ping_status":"closed","template":"","meta":{"footnotes":""},"class_list":["post-838","page","type-page","status-publish","hentry"],"_links":{"self":[{"href":"https:\/\/servicios.unileon.es\/hospital-veterinario\/wp-json\/wp\/v2\/pages\/838","targetHints":{"allow":["GET"]}}],"collection":[{"href":"https:\/\/servicios.unileon.es\/hospital-veterinario\/wp-json\/wp\/v2\/pages"}],"about":[{"href":"https:\/\/servicios.unileon.es\/hospital-veterinario\/wp-json\/wp\/v2\/types\/page"}],"author":[{"embeddable":true,"href":"https:\/\/servicios.unileon.es\/hospital-veterinario\/wp-json\/wp\/v2\/users\/528"}],"replies":[{"embeddable":true,"href":"https:\/\/servicios.unileon.es\/hospital-veterinario\/wp-json\/wp\/v2\/comments?post=838"}],"version-history":[{"count":21,"href":"https:\/\/servicios.unileon.es\/hospital-veterinario\/wp-json\/wp\/v2\/pages\/838\/revisions"}],"predecessor-version":[{"id":1983,"href":"https:\/\/servicios.unileon.es\/hospital-veterinario\/wp-json\/wp\/v2\/pages\/838\/revisions\/1983"}],"wp:attachment":[{"href":"https:\/\/servicios.unileon.es\/hospital-veterinario\/wp-json\/wp\/v2\/media?parent=838"}],"curies":[{"name":"wp","href":"https:\/\/api.w.org\/{rel}","templated":true}]}}