{"id":819,"date":"2015-07-09T17:04:37","date_gmt":"2015-07-09T15:04:37","guid":{"rendered":"http:\/\/servicios.unileon.es\/hospital-veterinario\/?page_id=819"},"modified":"2024-09-30T15:01:48","modified_gmt":"2024-09-30T13:01:48","slug":"titulo-propio-experto-en-clinica-veterinaria-hospitalaria","status":"publish","type":"page","link":"https:\/\/servicios.unileon.es\/hospital-veterinario\/titulo-propio-experto-en-clinica-veterinaria-hospitalaria\/","title":{"rendered":"T\u00edtulo propio \u00abEspecialista en cl\u00ednica veterinaria hospitalaria\u00bb"},"content":{"rendered":"<p style=\"text-align: center;\"><a href=\"https:\/\/servicios.unileon.es\/hospital-veterinario\/files\/2024\/09\/Triptico_TITULO-PROPIO-especialista-en-clinica-veterinaria-hospitalaria_24-25.pdf\">Tr\u00edptico<\/a><\/p>\n<p><strong>Organizado<\/strong> por el Departamento de Medicina, Cirug\u00eda y Anatom\u00eda Veterinaria<\/p>\n<p>Coordinadora responsable: Profa. Dra. M Bel\u00e9n Garc\u00eda Rodr\u00edguez.<\/p>\n<p>Informaci\u00f3n: 987291206\/987291216;\u00a0mbgarr(arroba)unileon.es<\/p>\n<p>Instituciones o Centros colaboradores:<\/p>\n<ul style=\"list-style-type: circle;\">\n<li>Dpto. Sanidad Animal<\/li>\n<li>Hospital Veterinario Universidad de Le\u00f3n<\/li>\n<\/ul>\n<p><strong>Objetivo:<\/strong>\u00a0consolidar, ampliar y perfeccionar los conocimientos te\u00f3ricos y las habilidades pr\u00e1cticas de los licenciados\/graduados en veterinaria en especial las relacionadas con la actividad cl\u00ednica asistencial.<\/p>\n<p><strong>Actividades formativas<\/strong><\/p>\n<ul style=\"list-style-type: circle;\">\n<li>Programa pr\u00e1ctico (36 ECTS) se realizar\u00e1 a lo largo del curso en la atenci\u00f3n de los pacientes del Hospital\u00a0(consultas m\u00e9dicas, intervenciones quir\u00fargicas, prescripci\u00f3n de tratamientos, realizaci\u00f3n e interpretaci\u00f3n de an\u00e1lisis y de pruebas de diagn\u00f3stico por imagen, etc.), con la asistencia del profesorado del curso.<\/li>\n<li>Estudio de casos cl\u00ednicos (2 ECTS)<\/li>\n<li>Programa te\u00f3rico (2 ECTS)\n<ul>\n<li>Preparaci\u00f3n del quir\u00f3fano, del paciente quir\u00fargico y del cirujano<\/li>\n<li>Protocolos anest\u00e9sicos en medicina de peque\u00f1os animales<\/li>\n<li>Protocolos anest\u00e9sicos en medicina de equinos<\/li>\n<li>Suturas y tratamiento de heridas<\/li>\n<li>Manejo del dolor<\/li>\n<li>Vendajes<\/li>\n<li>Castraci\u00f3n de peque\u00f1os y grandes animales<\/li>\n<li>An\u00e1lisis de laboratorio: hematolog\u00eda y bioqu\u00edmica cl\u00ednica. Toma de muestras, realizaci\u00f3n e interpretaci\u00f3n.<\/li>\n<li>An\u00e1lisis de laboratorio: an\u00e1lisis de orina, coprolog\u00eda, ectopar\u00e1sitos, citolog\u00eda exfoliativa. Toma de muestras, realizaci\u00f3n e interpretaci\u00f3n.<\/li>\n<li>Diagn\u00f3stico por imagen: manejo de los rayos X y posicionamiento de los pacientes (peque\u00f1os animales y \u00e9quidos)<\/li>\n<li>Diagn\u00f3stico por imagen: bases de la ecograf\u00eda en peque\u00f1os animales y en equinos<\/li>\n<li>Triage y evaluaci\u00f3n inicial del paciente de urgencias. Terap\u00e9utica del paciente de urgencias.<\/li>\n<li>Bases de la fluidoterapia: selecci\u00f3n de los fluidos y velocidades de perfusi\u00f3n<\/li>\n<li>Examen neurol\u00f3gico y manejo del estado epil\u00e9ptico<\/li>\n<li>Exploraci\u00f3n oftalmol\u00f3gica y otol\u00f3gica b\u00e1sica y manejo de cuerpos extra\u00f1os<\/li>\n<li>Manejo del parto eut\u00f3cico<\/li>\n<\/ul>\n<\/li>\n<\/ul>\n<p><strong>Perfil de ingreso: <\/strong>titulados en Veterinaria con inter\u00e9s por la cl\u00ednica veterinaria; asimismo, debe mostrar inquietud hacia la adquisici\u00f3n de conocimientos y capacidades para la resoluci\u00f3n de problemas en entornos nuevos, dentro de contextos multidisciplinares relacionados con esta \u00e1rea. Debe estar interesado en adquirir las habilidades de aprendizaje que le permitan continuar estudiando de un modo aut\u00f3nomo y en iniciarse en tareas de investigaci\u00f3n y su aplicaci\u00f3n al desarrollo en este campo<\/p>\n<p><strong>Requisitos:<\/strong> graduados en Veterinaria y\u00a0 Colegiados\u00a0 en el Colegio Oficial de Veterinarios de Le\u00f3n.<\/p>\n<p><strong>Criterios de admisi\u00f3n: <\/strong>los m\u00e9ritos presentados por los aspirantes ser\u00e1n valorados de acuerdo con los siguientes criterios:<\/p>\n<ol>\n<li>Expediente acad\u00e9mico: hasta 60 puntos (60%).<\/li>\n<li>N\u00famero de cr\u00e9ditos y calificaciones de las asignaturas cl\u00ednicas: hasta 30 puntos (30%).<\/li>\n<li>Entrevista personal o resoluci\u00f3n de casos cl\u00ednicos: hasta 10 puntos (10%).<\/li>\n<\/ol>\n<p><strong>Calendario<\/strong><\/p>\n<ul style=\"list-style-type: circle;\">\n<li>Preinscripci\u00f3n: 1-13 octubre de 2024<\/li>\n<li>Matr\u00edcula: 25 de octubre &#8211; 3 noviembre 2024<\/li>\n<li>9 plazas<\/li>\n<\/ul>\n<p><strong>Tasa matr\u00edcula:<\/strong> 840 \u20ac<\/p>\n","protected":false},"excerpt":{"rendered":"<p>Tr\u00edptico Organizado por el Departamento de Medicina, Cirug\u00eda y Anatom\u00eda Veterinaria Coordinadora responsable: Profa. Dra. M Bel\u00e9n Garc\u00eda Rodr\u00edguez. Informaci\u00f3n: 987291206\/987291216;\u00a0mbgarr(arroba)unileon.es Instituciones o Centros colaboradores: Dpto. Sanidad Animal Hospital Veterinario Universidad de Le\u00f3n Objetivo:\u00a0consolidar, ampliar y perfeccionar los conocimientos te\u00f3ricos &hellip; <a href=\"https:\/\/servicios.unileon.es\/hospital-veterinario\/titulo-propio-experto-en-clinica-veterinaria-hospitalaria\/\">Sigue leyendo <span class=\"meta-nav\">&rarr;<\/span><\/a><\/p>\n","protected":false},"author":528,"featured_media":0,"parent":0,"menu_order":0,"comment_status":"closed","ping_status":"closed","template":"","meta":{"footnotes":""},"class_list":["post-819","page","type-page","status-publish","hentry"],"_links":{"self":[{"href":"https:\/\/servicios.unileon.es\/hospital-veterinario\/wp-json\/wp\/v2\/pages\/819","targetHints":{"allow":["GET"]}}],"collection":[{"href":"https:\/\/servicios.unileon.es\/hospital-veterinario\/wp-json\/wp\/v2\/pages"}],"about":[{"href":"https:\/\/servicios.unileon.es\/hospital-veterinario\/wp-json\/wp\/v2\/types\/page"}],"author":[{"embeddable":true,"href":"https:\/\/servicios.unileon.es\/hospital-veterinario\/wp-json\/wp\/v2\/users\/528"}],"replies":[{"embeddable":true,"href":"https:\/\/servicios.unileon.es\/hospital-veterinario\/wp-json\/wp\/v2\/comments?post=819"}],"version-history":[{"count":40,"href":"https:\/\/servicios.unileon.es\/hospital-veterinario\/wp-json\/wp\/v2\/pages\/819\/revisions"}],"predecessor-version":[{"id":2180,"href":"https:\/\/servicios.unileon.es\/hospital-veterinario\/wp-json\/wp\/v2\/pages\/819\/revisions\/2180"}],"wp:attachment":[{"href":"https:\/\/servicios.unileon.es\/hospital-veterinario\/wp-json\/wp\/v2\/media?parent=819"}],"curies":[{"name":"wp","href":"https:\/\/api.w.org\/{rel}","templated":true}]}}