{"id":741,"date":"2015-03-05T15:31:22","date_gmt":"2015-03-05T13:31:22","guid":{"rendered":"http:\/\/servicios.unileon.es\/hospital-veterinario\/?page_id=741"},"modified":"2024-09-30T14:59:13","modified_gmt":"2024-09-30T12:59:13","slug":"becas-de-internado","status":"publish","type":"page","link":"https:\/\/servicios.unileon.es\/hospital-veterinario\/becas-de-internado\/","title":{"rendered":"Internados"},"content":{"rendered":"<p>La formaci\u00f3n de posgrado del Hospital consta de dos fases.<\/p>\n<ol>\n<li>\u00a0<a href=\"http:\/\/servicios.unileon.es\/hospital-veterinario\/titulo-propio-experto-en-clinica-veterinaria-hospitalaria\/\" target=\"_blank\" rel=\"noopener noreferrer\">T\u00edtulo propio \u00abEspecialista en cl\u00ednica veterinaria hospitalaria\u00bb<\/a>,\u00a0en el que los\u00a0alumnos se integran en la actividad asistencial diaria del Hospital, participando activamente en la atenci\u00f3n de los pacientes bajo la supervisi\u00f3n de los profesionales del Hospital. El curso est\u00e1 abierto a cualquier Licenciado\/Graduado en Veterinaria, tiene una duraci\u00f3n de 6 meses y se publican dos convocatorias en el a\u00f1o. Estar en posesi\u00f3n de este t\u00edtulo propio de la ULe se valorar\u00e1 en los criterios de selecci\u00f3n de aspirantes a la Beca de Formaci\u00f3n Pr\u00e1ctica Especializada del Hospital Veterinario de la ULe.<\/li>\n<\/ol>\n<p><span style=\"color: #000000;\"><strong>Previsi\u00f3n de pr\u00f3xima convocatorias de matr\u00edcula del t\u00edtulo propio\u00a0de experto en cl\u00ednica veterinaria hospitalaria:<\/strong><\/span><\/p>\n<p><a href=\"http:\/\/servicios.unileon.es\/hospital-veterinario\/titulo-propio-experto-en-clinica-veterinaria-hospitalaria\/\"><strong>T\u00edtulo propio Especialista en CVH<\/strong>: fase de pre-inscripci\u00f3n abierta: 1-13 octubre de 2024<\/a><\/p>\n<p>&nbsp;<\/p>\n<h1><strong>Convocatorias de becas<\/strong>:<\/h1>\n<p><strong>JULIO 2024 -BECAS GRANDES ANIMALES:<\/strong><\/p>\n<ul>\n<li><a href=\"https:\/\/www.fgulem.es\/practicas.aspx?tipo=1\">Internado Rotatorio en Medicina y Cirug\u00eda de grandes animales\u00a0\u00a0<\/a><\/li>\n<\/ul>\n<p><strong>JULIO 2024 -BECAS PEQUE\u00d1OS ANIMALES:<\/strong><\/p>\n<ul>\n<li style=\"list-style-type: none;\">\n<ul>\n<li><a href=\"https:\/\/www.fgulem.es\/practicas.aspx?tipo=1\">Internado Rotatorio en Medicina y Cirug\u00eda de peque\u00f1os animales\u00a0\u00a0<\/a><\/li>\n<li><a href=\"https:\/\/servicios.unileon.es\/hospital-veterinario\/files\/2024\/07\/CCF26072024.pdf\">Resoluci\u00f3n<\/a><\/li>\n<\/ul>\n<\/li>\n<\/ul>\n<p><strong>JULIO 2024 -CONTRATO EN FORMACI\u00d3N :<\/strong><\/p>\n<ul>\n<li><a href=\"https:\/\/www.fgulem.es\/destacado.aspx?id=2859\">INTERNADO GENERAL ROTATORIO UNIDAD EQUINA<\/a><\/li>\n<\/ul>\n","protected":false},"excerpt":{"rendered":"<p>La formaci\u00f3n de posgrado del Hospital consta de dos fases. \u00a0T\u00edtulo propio \u00abEspecialista en cl\u00ednica veterinaria hospitalaria\u00bb,\u00a0en el que los\u00a0alumnos se integran en la actividad asistencial diaria del Hospital, participando activamente en la atenci\u00f3n de los pacientes bajo la supervisi\u00f3n &hellip; <a href=\"https:\/\/servicios.unileon.es\/hospital-veterinario\/becas-de-internado\/\">Sigue leyendo <span class=\"meta-nav\">&rarr;<\/span><\/a><\/p>\n","protected":false},"author":528,"featured_media":0,"parent":0,"menu_order":0,"comment_status":"closed","ping_status":"closed","template":"","meta":{"footnotes":""},"class_list":["post-741","page","type-page","status-publish","hentry"],"_links":{"self":[{"href":"https:\/\/servicios.unileon.es\/hospital-veterinario\/wp-json\/wp\/v2\/pages\/741","targetHints":{"allow":["GET"]}}],"collection":[{"href":"https:\/\/servicios.unileon.es\/hospital-veterinario\/wp-json\/wp\/v2\/pages"}],"about":[{"href":"https:\/\/servicios.unileon.es\/hospital-veterinario\/wp-json\/wp\/v2\/types\/page"}],"author":[{"embeddable":true,"href":"https:\/\/servicios.unileon.es\/hospital-veterinario\/wp-json\/wp\/v2\/users\/528"}],"replies":[{"embeddable":true,"href":"https:\/\/servicios.unileon.es\/hospital-veterinario\/wp-json\/wp\/v2\/comments?post=741"}],"version-history":[{"count":186,"href":"https:\/\/servicios.unileon.es\/hospital-veterinario\/wp-json\/wp\/v2\/pages\/741\/revisions"}],"predecessor-version":[{"id":2179,"href":"https:\/\/servicios.unileon.es\/hospital-veterinario\/wp-json\/wp\/v2\/pages\/741\/revisions\/2179"}],"wp:attachment":[{"href":"https:\/\/servicios.unileon.es\/hospital-veterinario\/wp-json\/wp\/v2\/media?parent=741"}],"curies":[{"name":"wp","href":"https:\/\/api.w.org\/{rel}","templated":true}]}}