{"id":737,"date":"2015-03-10T17:30:03","date_gmt":"2015-03-10T15:30:03","guid":{"rendered":"http:\/\/servicios.unileon.es\/hospital-veterinario\/?page_id=737"},"modified":"2017-03-09T11:30:03","modified_gmt":"2017-03-09T09:30:03","slug":"acceso-a-historias-clinicas","status":"publish","type":"page","link":"https:\/\/servicios.unileon.es\/hospital-veterinario\/acceso-a-historias-clinicas\/","title":{"rendered":"Acceso a historias cl\u00ednicas"},"content":{"rendered":"<h3>Normativa general de acceso a las historias cl\u00ednicas por parte de alumnos del Hospital<\/h3>\n<p>La presente normativa tiene por objeto regular el acceso a las historias cl\u00ednicas de los pacientes del Hospital Veterinario de la Universidad de Le\u00f3n por parte de alumnos que asisten al Hospital Veterinario para la realizaci\u00f3n de pr\u00e1cticas o estancias.<\/p>\n<ul>\n<li><strong>Punto 1.<\/strong> Los alumnos que asisten al Hospital Veterinario para la realizaci\u00f3n de pr\u00e1cticas del rotatorio cl\u00ednico, as\u00ed como los alumnos que est\u00e9n realizando su TFG (Trabajo de Fin de Grado) podr\u00e1n solicitar al Hospital Veterinario los datos cl\u00ednicos incluidos en las historias informatizadas de los pacientes atendidos durante los d\u00edas correspondientes a sus pr\u00e1cticas.<\/li>\n<li><strong>Punto 2.<\/strong> La informaci\u00f3n obtenida de la consulta de las historias cl\u00ednicas <strong>NO<\/strong> podr\u00e1 en ning\u00fan caso ser publicada, debiendo destruirse al finalizar el motivo por el cual fue solicitada, seg\u00fan marca la ley.<\/li>\n<\/ul>\n<p><span style=\"color: #000000;\">El acceso a las historias cl\u00ednicas ser\u00e1 a trav\u00e9s del siguiente enlace <\/span><span><span style=\"color: #0000ff;\"><a style=\"color: #0000ff;\" href=\"http:\/\/www.historiasclinicas.unileon.es\"><span style=\"color: #0000ff;\">http:\/\/www.historiasclinicas.unileon.es<\/span><\/a><\/span><span style=\"color: #800080;\">\u00a0<\/span><span style=\"color: #000000;\">\u00a0Esta web ha sido creada principalmente para los alumnos de Rotatorio Cl\u00ednico, pero si alg\u00fan alumno o profesor desea acceder excepcionalmente, deber\u00e1 solicitarlo a la Direcci\u00f3n del Hospital Veterinario, remitiendo un correo electr\u00f3nico a <\/span><span style=\"color: #0000ff;\"><a style=\"color: #0000ff;\" href=\"mailto:ulehvges@unileon.es\">ulehvges@unileon.es<\/a><\/span><span style=\"color: #000000;\">\u00a0desde el correo de la cuenta institucional (unileon), con los siguientes datos:<\/span><\/span><\/p>\n<ul>\n<li><span style=\"color: #000000;\">Nombre y apellidos del solicitante<\/span><\/li>\n<li><span style=\"color: #000000;\">DNI del solicitante<\/span><\/li>\n<li><span style=\"color: #000000;\">Curso y titulaci\u00f3n<\/span><\/li>\n<li><span style=\"color: #000000;\">En Asunto deber\u00e1 indicarse \u00abSolicitud acceso a la web de historias cl\u00ednicas\u00bb<\/span><\/li>\n<\/ul>\n<p>&nbsp;<\/p>\n<p>La presente normativa tiene por objeto regular el acceso a las historias cl\u00ednicas de los pacientes del Hospital Veterinario de la Universidad de Le\u00f3n por parte de los alumnos \u00a0del Grado en Veterinaria de la Universidad de Le\u00f3n<\/p>\n","protected":false},"excerpt":{"rendered":"<p>Normativa general de acceso a las historias cl\u00ednicas por parte de alumnos del Hospital La presente normativa tiene por objeto regular el acceso a las historias cl\u00ednicas de los pacientes del Hospital Veterinario de la Universidad de Le\u00f3n por parte &hellip; <a href=\"https:\/\/servicios.unileon.es\/hospital-veterinario\/acceso-a-historias-clinicas\/\">Sigue leyendo <span class=\"meta-nav\">&rarr;<\/span><\/a><\/p>\n","protected":false},"author":528,"featured_media":0,"parent":0,"menu_order":0,"comment_status":"closed","ping_status":"closed","template":"","meta":{"footnotes":""},"class_list":["post-737","page","type-page","status-publish","hentry"],"_links":{"self":[{"href":"https:\/\/servicios.unileon.es\/hospital-veterinario\/wp-json\/wp\/v2\/pages\/737","targetHints":{"allow":["GET"]}}],"collection":[{"href":"https:\/\/servicios.unileon.es\/hospital-veterinario\/wp-json\/wp\/v2\/pages"}],"about":[{"href":"https:\/\/servicios.unileon.es\/hospital-veterinario\/wp-json\/wp\/v2\/types\/page"}],"author":[{"embeddable":true,"href":"https:\/\/servicios.unileon.es\/hospital-veterinario\/wp-json\/wp\/v2\/users\/528"}],"replies":[{"embeddable":true,"href":"https:\/\/servicios.unileon.es\/hospital-veterinario\/wp-json\/wp\/v2\/comments?post=737"}],"version-history":[{"count":30,"href":"https:\/\/servicios.unileon.es\/hospital-veterinario\/wp-json\/wp\/v2\/pages\/737\/revisions"}],"predecessor-version":[{"id":1149,"href":"https:\/\/servicios.unileon.es\/hospital-veterinario\/wp-json\/wp\/v2\/pages\/737\/revisions\/1149"}],"wp:attachment":[{"href":"https:\/\/servicios.unileon.es\/hospital-veterinario\/wp-json\/wp\/v2\/media?parent=737"}],"curies":[{"name":"wp","href":"https:\/\/api.w.org\/{rel}","templated":true}]}}