{"id":650,"date":"2014-10-23T09:34:11","date_gmt":"2014-10-23T07:34:11","guid":{"rendered":"http:\/\/servicios.unileon.es\/hospital-veterinario\/?page_id=650"},"modified":"2024-02-14T11:27:11","modified_gmt":"2024-02-14T09:27:11","slug":"limpieza-y-desinfeccion-personal-laboral","status":"publish","type":"page","link":"https:\/\/servicios.unileon.es\/hospital-veterinario\/limpieza-y-desinfeccion-personal-laboral\/","title":{"rendered":"Limpieza y desinfecci\u00f3n (personal laboral)"},"content":{"rendered":"<h4><strong>Limpieza de consultorios, laboratorios, quir\u00f3fanos y zonas de hospitalizaci\u00f3n de peque\u00f1os animales<\/strong><\/h4>\n<ul>\n<li>Diariamente, antes de las 9.15 de la ma\u00f1ana deber\u00e1n haberse limpiado las mesetas y mesas de exploraci\u00f3n de los distintos consultorios y laboratorio, as\u00ed como de los quir\u00f3fanos y \u00e1rea de hospitalizaci\u00f3n, comprobando la existencia de jab\u00f3n y papel de manos y reponi\u00e9ndolo en su defecto.\u00a0Para ello se dispone de Sanytol (<a href=\"http:\/\/servicios.unileon.es\/hospital-veterinario\/files\/2017\/05\/ES_FDS-CLP_SANYTOL-DESINFECTANTE-MULTIUSOS_FORMULA-MU150411C_20170522.pdf\">ficha de seguridad<\/a>) o Descapac secure (diluir 5\u00a0mL por litro de agua).<\/li>\n<\/ul>\n<ul>\n<li>Antes de las 10.00 de la ma\u00f1ana se deber\u00e1n haber limpiado los caniles de la \u00faltima sala a la derecha del \u00e1rea de hospitalizaci\u00f3n y de la zona vallada exterior del edificio, evitando la limpieza de los mismos con animales en su interior.<\/li>\n<\/ul>\n<p style=\"padding-left: 30px;\">En el caso de haber caniles libres, los animales se mover\u00e1n a otro canil para proceder a la limpieza del canil sucio. <strong>El movimiento de animales lo realizar\u00e1 un veterinario o un laboral con acreditaci\u00f3n\u00a0para trabajar con animales<\/strong>. En el supuesto de no haber caniles libres, se proceder\u00e1 a la limpieza cuando los perros se saquen a la zona vallada exterior al edificio.<\/p>\n<ul>\n<li>Entre las 13.30 y 14.00 se proceder\u00e1 a la limpieza de los caniles y de la zona vallada exterior del edificio en el caso de existencia de heces u orines.<\/li>\n<\/ul>\n<ul>\n<li>A partir de las 14.00, al cierre de los consultorios, se comprobar\u00e1 que est\u00e9n limpios, procedi\u00e9ndose a su limpieza en su defecto.<\/li>\n<\/ul>\n<ul>\n<li>En cualquier momento de la jornada laboral se proceder\u00e1 a la limpieza o desinfecci\u00f3n de los caniles, consultorios, pasillos o \u00e1rea de recepci\u00f3n <strong>a solicitud de cualquier veterinario adscrito al Hospital<\/strong>.<\/li>\n<\/ul>\n<p style=\"padding-left: 30px;\">De acuerdo al <a href=\"https:\/\/veterinaria.unileon.es\/wp-content\/uploads\/Manual%20de%20Seguridad%20y%20Buenas%20Practicas_HVULE.pdf\">protocolo de Bioseguridad<\/a>\u00a0se usar\u00e1 alg\u00fan producto con <strong>amonio cuaternario<\/strong> como Despadac (diluir 5 mL por litro de agua) (<a href=\"http:\/\/servicios.unileon.es\/hospital-veterinario\/files\/2014\/10\/Despadac-ficha-de-seguridad.pdf\">ficha de seguridad<\/a>) o Finvirus plus (diluir 20 mL por litro de agua) (<a href=\"http:\/\/servicios.unileon.es\/hospital-veterinario\/files\/2014\/10\/Finvirus-plus-ficha-de-seguridad.pdf\">ficha de seguridad<\/a>) o, ante la sospecha de enfermedad infectocontagiosa, de <strong>lej\u00eda<\/strong> (diluida 10-30 veces en agua fr\u00eda).<\/p>\n<p style=\"padding-left: 30px;\">La\u00a0diluci\u00f3n de los productos con amonio cuaternario tiene una eficacia de una semana; la lej\u00eda deber\u00e1 diluirse inmediatamente antes de su uso.<\/p>\n<p style=\"padding-left: 30px;\">Lej\u00eda (<a href=\"http:\/\/servicios.unileon.es\/hospital-veterinario\/files\/2014\/10\/Lej\u00eda-ficha-de-seguridad.pdf\">ficha de seguridad<\/a>): no usar en superficies\u00a0met\u00e1licas; no mezclar con otros detergentes\/desinfectantes; evitar el contacto con la piel,\u00a0usando guantes y lavando con\u00a0agua abundante en caso de contacto.<\/p>\n","protected":false},"excerpt":{"rendered":"<p>Limpieza de consultorios, laboratorios, quir\u00f3fanos y zonas de hospitalizaci\u00f3n de peque\u00f1os animales Diariamente, antes de las 9.15 de la ma\u00f1ana deber\u00e1n haberse limpiado las mesetas y mesas de exploraci\u00f3n de los distintos consultorios y laboratorio, as\u00ed como de los quir\u00f3fanos &hellip; <a href=\"https:\/\/servicios.unileon.es\/hospital-veterinario\/limpieza-y-desinfeccion-personal-laboral\/\">Sigue leyendo <span class=\"meta-nav\">&rarr;<\/span><\/a><\/p>\n","protected":false},"author":528,"featured_media":0,"parent":0,"menu_order":0,"comment_status":"closed","ping_status":"closed","template":"","meta":{"footnotes":""},"class_list":["post-650","page","type-page","status-publish","hentry"],"_links":{"self":[{"href":"https:\/\/servicios.unileon.es\/hospital-veterinario\/wp-json\/wp\/v2\/pages\/650","targetHints":{"allow":["GET"]}}],"collection":[{"href":"https:\/\/servicios.unileon.es\/hospital-veterinario\/wp-json\/wp\/v2\/pages"}],"about":[{"href":"https:\/\/servicios.unileon.es\/hospital-veterinario\/wp-json\/wp\/v2\/types\/page"}],"author":[{"embeddable":true,"href":"https:\/\/servicios.unileon.es\/hospital-veterinario\/wp-json\/wp\/v2\/users\/528"}],"replies":[{"embeddable":true,"href":"https:\/\/servicios.unileon.es\/hospital-veterinario\/wp-json\/wp\/v2\/comments?post=650"}],"version-history":[{"count":22,"href":"https:\/\/servicios.unileon.es\/hospital-veterinario\/wp-json\/wp\/v2\/pages\/650\/revisions"}],"predecessor-version":[{"id":2002,"href":"https:\/\/servicios.unileon.es\/hospital-veterinario\/wp-json\/wp\/v2\/pages\/650\/revisions\/2002"}],"wp:attachment":[{"href":"https:\/\/servicios.unileon.es\/hospital-veterinario\/wp-json\/wp\/v2\/media?parent=650"}],"curies":[{"name":"wp","href":"https:\/\/api.w.org\/{rel}","templated":true}]}}