{"id":551,"date":"2014-04-10T09:21:26","date_gmt":"2014-04-10T07:21:26","guid":{"rendered":"http:\/\/servicios.unileon.es\/hospital-veterinario\/?page_id=551"},"modified":"2019-12-16T13:05:55","modified_gmt":"2019-12-16T11:05:55","slug":"nefrourologia","status":"publish","type":"page","link":"https:\/\/servicios.unileon.es\/hospital-veterinario\/nefrourologia\/","title":{"rendered":"Servicio de nefrourolog\u00eda"},"content":{"rendered":"<p>El servicio se ocupa del diagn\u00f3stico y tratamiento de los trastornos de las v\u00edas urinarias de perros y gatos. Atiende tanto casos que vienen al Hospital de manera voluntaria como los remitidos por otros compa\u00f1eros veterinarios.<\/p>\n<p>El servicio dispone del equipamiento necesario para la atenci\u00f3n adecuada a las enfermedades de su \u00e1mbito y mantiene una estrecha relaci\u00f3n con el resto de los servicios del Hospital (para estudios radiol\u00f3gicos, ecogr\u00e1ficos, de bioqu\u00edmica sangu\u00ednea, urian\u00e1lisis, \u2026) y con el Laboratorio de Investigaci\u00f3n en Urolitiasis (para la determinaci\u00f3n de la composici\u00f3n qu\u00edmica de los urolitos), con el fin de conseguir una atenci\u00f3n integral de los pacientes.<\/p>\n<p>&nbsp;<\/p>\n","protected":false},"excerpt":{"rendered":"<p>El servicio se ocupa del diagn\u00f3stico y tratamiento de los trastornos de las v\u00edas urinarias de perros y gatos. Atiende tanto casos que vienen al Hospital de manera voluntaria como los remitidos por otros compa\u00f1eros veterinarios. El servicio dispone del &hellip; <a href=\"https:\/\/servicios.unileon.es\/hospital-veterinario\/nefrourologia\/\">Sigue leyendo <span class=\"meta-nav\">&rarr;<\/span><\/a><\/p>\n","protected":false},"author":528,"featured_media":0,"parent":0,"menu_order":0,"comment_status":"closed","ping_status":"closed","template":"","meta":{"footnotes":""},"class_list":["post-551","page","type-page","status-publish","hentry"],"_links":{"self":[{"href":"https:\/\/servicios.unileon.es\/hospital-veterinario\/wp-json\/wp\/v2\/pages\/551","targetHints":{"allow":["GET"]}}],"collection":[{"href":"https:\/\/servicios.unileon.es\/hospital-veterinario\/wp-json\/wp\/v2\/pages"}],"about":[{"href":"https:\/\/servicios.unileon.es\/hospital-veterinario\/wp-json\/wp\/v2\/types\/page"}],"author":[{"embeddable":true,"href":"https:\/\/servicios.unileon.es\/hospital-veterinario\/wp-json\/wp\/v2\/users\/528"}],"replies":[{"embeddable":true,"href":"https:\/\/servicios.unileon.es\/hospital-veterinario\/wp-json\/wp\/v2\/comments?post=551"}],"version-history":[{"count":2,"href":"https:\/\/servicios.unileon.es\/hospital-veterinario\/wp-json\/wp\/v2\/pages\/551\/revisions"}],"predecessor-version":[{"id":1564,"href":"https:\/\/servicios.unileon.es\/hospital-veterinario\/wp-json\/wp\/v2\/pages\/551\/revisions\/1564"}],"wp:attachment":[{"href":"https:\/\/servicios.unileon.es\/hospital-veterinario\/wp-json\/wp\/v2\/media?parent=551"}],"curies":[{"name":"wp","href":"https:\/\/api.w.org\/{rel}","templated":true}]}}