{"id":534,"date":"2014-04-08T17:25:56","date_gmt":"2014-04-08T15:25:56","guid":{"rendered":"http:\/\/servicios.unileon.es\/hospital-veterinario\/?page_id=534"},"modified":"2019-12-16T13:02:24","modified_gmt":"2019-12-16T11:02:24","slug":"cardiorrespiratorio","status":"publish","type":"page","link":"https:\/\/servicios.unileon.es\/hospital-veterinario\/cardiorrespiratorio\/","title":{"rendered":"Servicio de cardiorrespiratorio"},"content":{"rendered":"<p>En este servicio se atienden los problemas cardiovasculares y respiratorios. Est\u00e1 abierto tanto al p\u00fablico en general como a casos referidos por otros veterinarios.<\/p>\n<p>El servicio cuenta con un completo equipamiento para el diagn\u00f3stico y tratamiento de las enfermedades y mantiene una estrecha relaci\u00f3n con los otros servicios cl\u00ednicos del Hospital para una atenci\u00f3n integrada.<\/p>\n<p>Las principales actividades que realiza son:<\/p>\n<ul>\n<li>Evaluaciones cardiopulmonares prequir\u00fargicas.<\/li>\n<li>Estudios ecocardiogr\u00e1ficos (modo bidimensional, tiempo-movimiento y Doppler).<\/li>\n<li>Electrocardiograf\u00eda.<\/li>\n<li>Medida de la presi\u00f3n arterial (oscilometr\u00eda y Doppler).<\/li>\n<\/ul>\n<p>En colaboraci\u00f3n con otros servicios se realizan:<\/p>\n<ul>\n<li>Radiograf\u00eda tor\u00e1cica digital.<\/li>\n<li>Evaluaci\u00f3n endosc\u00f3pica de las v\u00edas a\u00e9reas (laringoscopia, traqueobroncoscopia) y lavados traqueales y broncoalveolares.<\/li>\n<li>Biopsias endosc\u00f3picas de v\u00edas respiratorias y biopsias ecoguiadas de masas tor\u00e1cicas.<\/li>\n<\/ul>\n<p>Todo ello con el fin de llevar a cabo:<\/p>\n<ul>\n<li>El diagn\u00f3stico y tratamiento de los perros y gatos con afecciones cardiacas cong\u00e9nitas y adquiridas.<\/li>\n<li>El diagn\u00f3stico y tratamiento de los perros y gatos con afecciones de las v\u00edas a\u00e9reas y del pulm\u00f3n.<\/li>\n<\/ul>\n<p>&nbsp;<\/p>\n","protected":false},"excerpt":{"rendered":"<p>En este servicio se atienden los problemas cardiovasculares y respiratorios. Est\u00e1 abierto tanto al p\u00fablico en general como a casos referidos por otros veterinarios. El servicio cuenta con un completo equipamiento para el diagn\u00f3stico y tratamiento de las enfermedades y &hellip; <a href=\"https:\/\/servicios.unileon.es\/hospital-veterinario\/cardiorrespiratorio\/\">Sigue leyendo <span class=\"meta-nav\">&rarr;<\/span><\/a><\/p>\n","protected":false},"author":528,"featured_media":0,"parent":0,"menu_order":0,"comment_status":"closed","ping_status":"closed","template":"","meta":{"footnotes":""},"class_list":["post-534","page","type-page","status-publish","hentry"],"_links":{"self":[{"href":"https:\/\/servicios.unileon.es\/hospital-veterinario\/wp-json\/wp\/v2\/pages\/534","targetHints":{"allow":["GET"]}}],"collection":[{"href":"https:\/\/servicios.unileon.es\/hospital-veterinario\/wp-json\/wp\/v2\/pages"}],"about":[{"href":"https:\/\/servicios.unileon.es\/hospital-veterinario\/wp-json\/wp\/v2\/types\/page"}],"author":[{"embeddable":true,"href":"https:\/\/servicios.unileon.es\/hospital-veterinario\/wp-json\/wp\/v2\/users\/528"}],"replies":[{"embeddable":true,"href":"https:\/\/servicios.unileon.es\/hospital-veterinario\/wp-json\/wp\/v2\/comments?post=534"}],"version-history":[{"count":5,"href":"https:\/\/servicios.unileon.es\/hospital-veterinario\/wp-json\/wp\/v2\/pages\/534\/revisions"}],"predecessor-version":[{"id":1560,"href":"https:\/\/servicios.unileon.es\/hospital-veterinario\/wp-json\/wp\/v2\/pages\/534\/revisions\/1560"}],"wp:attachment":[{"href":"https:\/\/servicios.unileon.es\/hospital-veterinario\/wp-json\/wp\/v2\/media?parent=534"}],"curies":[{"name":"wp","href":"https:\/\/api.w.org\/{rel}","templated":true}]}}