{"id":527,"date":"2014-04-08T09:03:04","date_gmt":"2014-04-08T07:03:04","guid":{"rendered":"http:\/\/servicios.unileon.es\/hospital-veterinario\/?page_id=527"},"modified":"2015-05-29T18:06:58","modified_gmt":"2015-05-29T16:06:58","slug":"alumnos-internos","status":"publish","type":"page","link":"https:\/\/servicios.unileon.es\/hospital-veterinario\/alumnos-internos\/","title":{"rendered":"Convocatoria de alumnos internos"},"content":{"rendered":"<h3>Requisitos<\/h3>\n<p>Ser estudiante de 5\u00ba o 4\u00ba de Grado de Veterinaria en el curso acad\u00e9mico 2015-16.<\/p>\n<h3>Obligaciones<\/h3>\n<ul>\n<li>De 21 de septiembre de 2015 al 17 de febrero de 2016 (<a href=\"http:\/\/www.unileon.es\/modelos\/archivo\/norregint\/2015127142753100_n_calendario_escolar_2015-16.pdf\" target=\"_blank\">primer cuatrimestre<\/a>): cumplimiento de los horarios establecidos en noches y guardias de 24 horas; cumplimiento de horarios en tarde compatibles con el horario docente individual.\n<ul>\n<li>En dependencia del n\u00famero de solicitudes variar\u00e1 el n\u00famero de noches y guardias de 24 horas; a modo de ejemplo, con 25 alumnos internos se calculan unas 7\u00a0noches y 4 guardias de 24 horas (a modo de ejemplo, <a href=\"http:\/\/servicios.unileon.es\/hospital-veterinario\/files\/2014\/09\/Alumnos-internos-Calendario.pdf\" target=\"_blank\">ver calendario del curso 2014-15<\/a>).<\/li>\n<\/ul>\n<\/li>\n<li>Compromiso formal de cumplir en su totalidad el periodo establecido.<\/li>\n<li>Realizaci\u00f3n de los protocolos cl\u00ednicos establecidos asignados a la responsabilidad propia del alumno interno.<\/li>\n<li>Dependencia org\u00e1nica y funcional de los servicios del hospital: en dependencia de los gustos personales del alumno, se le vincular\u00e1 a un servicio del hospital, lo que le dar\u00e1 derecho a una mayor participaci\u00f3n en dicho servicio, asign\u00e1ndole como tutor a un miembro de ese servicio; la oferta y tutores disponibles son:\n<ul>\n<ul>\n<li>Cirug\u00eda tejidos blandos (Prof.\u00aa Ser\u00e1ntes G\u00f3mez)<\/li>\n<li>Traumatolog\u00eda y neurocirug\u00eda (Prof. Rodr\u00edguez-Altonaga Mart\u00ednez)<\/li>\n<li>Cardiolog\u00eda (Prof.\u00aa D\u00edez Prieto)<\/li>\n<li>Gastroenterolog\u00eda (Profs. Alonso D\u00edez y Gonz\u00e1lez Monta\u00f1a)<\/li>\n<li>Hematolog\u00eda (Prof.\u00aa Cano R\u00e1bano)<\/li>\n<li>Oftalmolog\u00eda (Profs. D\u00edez Prieto y Garc\u00eda Rodr\u00edguez)<\/li>\n<li>Urinario (Prof. P\u00e9rez Garc\u00eda)<\/li>\n<li>Dermatolog\u00eda y neurolog\u00eda (Rejas L\u00f3pez)<\/li>\n<li>Neumolog\u00eda (Prof.\u00aa R\u00edos Granja)<\/li>\n<li>Reproducci\u00f3n (Profs. Anel Rodr\u00edguez y Dom\u00ednguez Fern\u00e1ndez de Tejerina)<\/li>\n<li>Enfermedades infecciosas y parasitarias (Profs. Carvajal Urue\u00f1a, Casta\u00f1\u00f3n Ord\u00f3\u00f1ez, D\u00edez Ba\u00f1os y Fregeneda Grandes)<\/li>\n<li>Medicina y cirug\u00eda equina (Prof. S\u00e1nchez Garc\u00eda)<\/li>\n<\/ul>\n<\/ul>\n<\/li>\n<\/ul>\n<h3>Derechos<\/h3>\n<ul>\n<li>Incorporaci\u00f3n a la organizaci\u00f3n del hospital, en calidad de alumno interno.<\/li>\n<li>Participaci\u00f3n preferente en actividades relacionadas con el servicio elegido, de acuerdo con la organizaci\u00f3n programada por el tutor.<\/li>\n<li>Participaci\u00f3n preferente en las actividades del hospital de julio a septiembre de 2015.<\/li>\n<li>Participaci\u00f3n preferente en siguientes convocatorias.<\/li>\n<li>El hospital certificar\u00e1 las horas realizadas para el curr\u00edculo del alumno as\u00ed como\u00a0para su posible convalidaci\u00f3n como pr\u00e1cticas de asignaturas como el rotatorio cl\u00ednico, estancias, trabajo de fin de grado, etc. (la convalidaci\u00f3n depender\u00e1 del profesor responsable de las asignaturas correspondientes).<\/li>\n<li>Los turnos se podr\u00e1n intercambiar con los compa\u00f1eros, pero el incumplimiento de los mismos ser\u00e1 motivo autom\u00e1tico de expulsi\u00f3n como alumno interno.<\/li>\n<\/ul>\n<h3>Presentaci\u00f3n de solicitudes<\/h3>\n<p>La solicitud se puede remitir como correo electr\u00f3nico a la direcci\u00f3n del Hospital [ulehvdir(arroba)unileon.es], siempre y cuando se env\u00ede desde el correo institucional (unileon.es) del alumno. Alternativamente, puede presentarse en papel en la recepci\u00f3n del Hospital, de lunes a viernes, de 10 a 14 horas.<\/p>\n<p style=\"text-align: center;\"><strong>Fecha l\u00edmite: 8\u00a0de mayo de 2015<\/strong><\/p>\n<p><span style=\"line-height: 24px;\">A mayores, deber\u00e1 rellenarse y presentarse por cuadruplicado el <a href=\"http:\/\/servicios.unileon.es\/hospital-veterinario\/files\/2015\/05\/COIE-alumnos-internos-2015-16.doc\">documento anexo<\/a>, con una copia del DNI, debiendo adjuntar el curr\u00edculo personal en\u00a0<a href=\"http:\/\/unileon.gestiempleo.com\/\" target=\"_blank\">http:\/\/unileon.gestiempleo.com\/<\/a>.<\/span><\/p>\n<h3>Modelo de solicitud<\/h3>\n<h5>D.\/D\u00aa. ________________________________, con DNI __________ alumno de _____curso de Grado en Veterinaria solicita incorporarse como alumno interno en el periodo 21 de septiembre de 2015 a 17 de febrero de 2016 en el servicio de ___________ comprometi\u00e9ndose a cumplir el horario asignado y las normas de comportamiento del Hospital publicadas en\u00a0<a title=\"Normas de comportamiento\" href=\"http:\/\/servicios.unileon.es\/hospital-veterinario\/normas\/\" target=\"_blank\">http:\/\/servicios.unileon.es\/hospital-veterinario\/normas\/<\/a>.<\/h5>\n<h5>Fecha y firma (en el caso de presentaci\u00f3n en papel)<\/h5>\n","protected":false},"excerpt":{"rendered":"<p>Requisitos Ser estudiante de 5\u00ba o 4\u00ba de Grado de Veterinaria en el curso acad\u00e9mico 2015-16. Obligaciones De 21 de septiembre de 2015 al 17 de febrero de 2016 (primer cuatrimestre): cumplimiento de los horarios establecidos en noches y guardias &hellip; <a href=\"https:\/\/servicios.unileon.es\/hospital-veterinario\/alumnos-internos\/\">Sigue leyendo <span class=\"meta-nav\">&rarr;<\/span><\/a><\/p>\n","protected":false},"author":528,"featured_media":0,"parent":0,"menu_order":0,"comment_status":"closed","ping_status":"closed","template":"","meta":{"footnotes":""},"class_list":["post-527","page","type-page","status-publish","hentry"],"_links":{"self":[{"href":"https:\/\/servicios.unileon.es\/hospital-veterinario\/wp-json\/wp\/v2\/pages\/527","targetHints":{"allow":["GET"]}}],"collection":[{"href":"https:\/\/servicios.unileon.es\/hospital-veterinario\/wp-json\/wp\/v2\/pages"}],"about":[{"href":"https:\/\/servicios.unileon.es\/hospital-veterinario\/wp-json\/wp\/v2\/types\/page"}],"author":[{"embeddable":true,"href":"https:\/\/servicios.unileon.es\/hospital-veterinario\/wp-json\/wp\/v2\/users\/528"}],"replies":[{"embeddable":true,"href":"https:\/\/servicios.unileon.es\/hospital-veterinario\/wp-json\/wp\/v2\/comments?post=527"}],"version-history":[{"count":26,"href":"https:\/\/servicios.unileon.es\/hospital-veterinario\/wp-json\/wp\/v2\/pages\/527\/revisions"}],"predecessor-version":[{"id":811,"href":"https:\/\/servicios.unileon.es\/hospital-veterinario\/wp-json\/wp\/v2\/pages\/527\/revisions\/811"}],"wp:attachment":[{"href":"https:\/\/servicios.unileon.es\/hospital-veterinario\/wp-json\/wp\/v2\/media?parent=527"}],"curies":[{"name":"wp","href":"https:\/\/api.w.org\/{rel}","templated":true}]}}