{"id":511,"date":"2014-03-16T22:40:15","date_gmt":"2014-03-16T20:40:15","guid":{"rendered":"http:\/\/servicios.unileon.es\/hospital-veterinario\/?page_id=511"},"modified":"2019-12-16T13:17:03","modified_gmt":"2019-12-16T11:17:03","slug":"traumatologia","status":"publish","type":"page","link":"https:\/\/servicios.unileon.es\/hospital-veterinario\/traumatologia\/","title":{"rendered":"Servicio de traumatolog\u00eda, ortopedia y neurocirug\u00eda"},"content":{"rendered":"<p>El servicio se encarga del estudio y tratamiento de las lesiones cong\u00e9nitas o adquiridas\u00a0neurol\u00f3gicas y del aparato locomotor (m\u00fasculos, huesos, articulaciones, etc.), desde animales j\u00f3venes hasta geri\u00e1tricos, siendo las m\u00e1s frecuentes:<\/p>\n<ul style=\"list-style-type: square;\">\n<li>Traumatolog\u00eda\n<ul>\n<li>Fracturas \u00f3seas<\/li>\n<li>Luxaciones traum\u00e1ticas<\/li>\n<li>Lesiones traum\u00e1ticas m\u00fasculo-tendinosas<\/li>\n<li>Lesiones ligamentosas<\/li>\n<\/ul>\n<\/li>\n<li>Neurocirug\u00eda\n<ul>\n<li>Hernias discales<\/li>\n<li>Inestabilidad atlanto-axial<\/li>\n<li>Sindrome de Wobbler<\/li>\n<li>Fracturas-luxaciones vertebrales<\/li>\n<\/ul>\n<\/li>\n<li>Ortopedia\n<ul>\n<li>Enfermedades asociadas al crecimiento (displasias de cadera y codo, osteocondritis disecante, etc.)<\/li>\n<li>Luxaciones de rotula<\/li>\n<li>Rotura de ligamento cruzado anterior<\/li>\n<li>Desviaciones angulares<\/li>\n<\/ul>\n<\/li>\n<\/ul>\n<p style=\"text-align: center;\"><img loading=\"lazy\" decoding=\"async\" class=\"aligncenter size-full wp-image-517\" src=\"http:\/\/servicios.unileon.es\/hospital-veterinario\/files\/2014\/03\/Servicios-trauma-2.jpg\" alt=\"Servicios trauma 2\" width=\"545\" height=\"429\" srcset=\"https:\/\/servicios.unileon.es\/hospital-veterinario\/files\/2014\/03\/Servicios-trauma-2.jpg 545w, https:\/\/servicios.unileon.es\/hospital-veterinario\/files\/2014\/03\/Servicios-trauma-2-300x236.jpg 300w\" sizes=\"auto, (max-width: 545px) 100vw, 545px\" \/><\/p>\n<p>Para la resoluci\u00f3n de dichas lesiones se cuentan con unas instalaciones completamente equipadas, incluyendo <a title=\"Servicios de apoyo diagn\u00f3stico\" href=\"http:\/\/servicios.unileon.es\/hospital-veterinario\/apoyo-diagnostico\/\">radiolog\u00eda digital y resonancia magn\u00e9tica de \u00faltima generaci\u00f3n<\/a>, y un personal especializado.<\/p>\n<p>Tratamientos quir\u00fargicos, material y t\u00e9cnicas quir\u00fargicas que m\u00e1s frecuentemente se ofrecen:<\/p>\n<ul>\n<li>Utilizaci\u00f3n de material de osteos\u00edntesis avanzado (placas de osteos\u00edntesis bloqueadas, clavos cerrojados, fijadores externos lineares y circulares (ilizarov), etc.).<\/li>\n<li>En la rotura de ligamento cruzado anterior se ofrecen t\u00e9cnicas como: TTA, TPLO, CCWO (Cranial Closing Wedge Osteotomy), t\u00e9cnicas extracapsulares como la Tightrope, etc.<\/li>\n<li>Para la displasia de cadera se realizan t\u00e9cnicas de ODP, OTP, sinfisiodesis p\u00fabica y pr\u00f3tesis de cadera<\/li>\n<li>Disponibilidad de arco quir\u00fargico (o fluoroscopio) que permite la realizaci\u00f3n de t\u00e9cnicas MIPO (minimally invasive plate osteosynthesis) en la reducci\u00f3n de fracturas utilizando placas bloqueadas.<\/li>\n<li>Resoluci\u00f3n de desviaciones angulares: osteotom\u00edas correctivas con placa, ilizarov, etc..<\/li>\n<li>Utilizaci\u00f3n de la artroscopia como t\u00e9cnica quir\u00fargica en la resoluci\u00f3n de lesiones articulares. Dicha t\u00e9cnica es m\u00ednimamente invasiva, lo que permite una r\u00e1pida recuperaci\u00f3n por parte del paciente.<\/li>\n<li>De igual forma, junto al procedimiento quir\u00fargico, se combinan en caso necesario otros procedimientos, para reforzar el resultado final del tratamiento, como son la aplicaci\u00f3n intraquir\u00fargica de plasma rico en factores de crecimiento (PRFC) y c\u00e9lulas madre en el caso de fracturas complejas.<\/li>\n<\/ul>\n<p style=\"text-align: center;\"><a href=\"http:\/\/servicios.unileon.es\/hospital-veterinario\/files\/2014\/05\/EPI.pdf\" target=\"_blank\" rel=\"noopener noreferrer\">Tratamiento de tenopat\u00edas y desmopat\u00edas mediante Electrolisis Percut\u00e1nea Intratisular<\/a><\/p>\n<p><iframe loading=\"lazy\" src=\"\/\/www.youtube.com\/embed\/0uaOkocdcMI?rel=0\" width=\"560\" height=\"315\" frameborder=\"0\" allowfullscreen=\"allowfullscreen\"><\/iframe><\/p>\n<p>&nbsp;<\/p>\n<p style=\"text-align: center;\"><img loading=\"lazy\" decoding=\"async\" class=\"size-full wp-image-516 aligncenter\" src=\"http:\/\/servicios.unileon.es\/hospital-veterinario\/files\/2014\/03\/Servicios-trauma-1.jpg\" alt=\"Servicios trauma 1\" width=\"351\" height=\"545\" srcset=\"https:\/\/servicios.unileon.es\/hospital-veterinario\/files\/2014\/03\/Servicios-trauma-1.jpg 351w, https:\/\/servicios.unileon.es\/hospital-veterinario\/files\/2014\/03\/Servicios-trauma-1-193x300.jpg 193w\" sizes=\"auto, (max-width: 351px) 100vw, 351px\" \/><\/p>\n","protected":false},"excerpt":{"rendered":"<p>El servicio se encarga del estudio y tratamiento de las lesiones cong\u00e9nitas o adquiridas\u00a0neurol\u00f3gicas y del aparato locomotor (m\u00fasculos, huesos, articulaciones, etc.), desde animales j\u00f3venes hasta geri\u00e1tricos, siendo las m\u00e1s frecuentes: Traumatolog\u00eda Fracturas \u00f3seas Luxaciones traum\u00e1ticas Lesiones traum\u00e1ticas m\u00fasculo-tendinosas Lesiones &hellip; <a href=\"https:\/\/servicios.unileon.es\/hospital-veterinario\/traumatologia\/\">Sigue leyendo <span class=\"meta-nav\">&rarr;<\/span><\/a><\/p>\n","protected":false},"author":528,"featured_media":0,"parent":0,"menu_order":0,"comment_status":"closed","ping_status":"closed","template":"","meta":{"footnotes":""},"class_list":["post-511","page","type-page","status-publish","hentry"],"_links":{"self":[{"href":"https:\/\/servicios.unileon.es\/hospital-veterinario\/wp-json\/wp\/v2\/pages\/511","targetHints":{"allow":["GET"]}}],"collection":[{"href":"https:\/\/servicios.unileon.es\/hospital-veterinario\/wp-json\/wp\/v2\/pages"}],"about":[{"href":"https:\/\/servicios.unileon.es\/hospital-veterinario\/wp-json\/wp\/v2\/types\/page"}],"author":[{"embeddable":true,"href":"https:\/\/servicios.unileon.es\/hospital-veterinario\/wp-json\/wp\/v2\/users\/528"}],"replies":[{"embeddable":true,"href":"https:\/\/servicios.unileon.es\/hospital-veterinario\/wp-json\/wp\/v2\/comments?post=511"}],"version-history":[{"count":8,"href":"https:\/\/servicios.unileon.es\/hospital-veterinario\/wp-json\/wp\/v2\/pages\/511\/revisions"}],"predecessor-version":[{"id":1568,"href":"https:\/\/servicios.unileon.es\/hospital-veterinario\/wp-json\/wp\/v2\/pages\/511\/revisions\/1568"}],"wp:attachment":[{"href":"https:\/\/servicios.unileon.es\/hospital-veterinario\/wp-json\/wp\/v2\/media?parent=511"}],"curies":[{"name":"wp","href":"https:\/\/api.w.org\/{rel}","templated":true}]}}