{"id":5,"date":"2013-07-15T07:24:04","date_gmt":"2013-07-15T07:24:04","guid":{"rendered":"http:\/\/servicios.unileon.es\/hospital-veterinario\/?page_id=5"},"modified":"2023-09-21T13:47:06","modified_gmt":"2023-09-21T11:47:06","slug":"informacion-de-contacto","status":"publish","type":"page","link":"https:\/\/servicios.unileon.es\/hospital-veterinario\/informacion-de-contacto\/","title":{"rendered":"Informaci\u00f3n de contacto"},"content":{"rendered":"<p style=\"text-align: center;\"><img loading=\"lazy\" decoding=\"async\" class=\"aligncenter wp-image-790\" src=\"http:\/\/servicios.unileon.es\/hospital-veterinario\/files\/2015\/05\/Cartel.jpg\" alt=\"Cartel\" width=\"400\" height=\"65\" srcset=\"https:\/\/servicios.unileon.es\/hospital-veterinario\/files\/2015\/05\/Cartel.jpg 538w, https:\/\/servicios.unileon.es\/hospital-veterinario\/files\/2015\/05\/Cartel-300x49.jpg 300w\" sizes=\"auto, (max-width: 400px) 100vw, 400px\" \/><\/p>\n<ul>\n<li><span style=\"font-family: Georgia, 'Bitstream Charter', serif; font-size: 1.2em; line-height: 1.5em;\">Cita previa y urgencias: <\/span><strong style=\"font-size: 1.2em;\">987 293 063\/630 502 382<\/strong><\/li>\n<li><span style=\"font-family: Georgia, 'Bitstream Charter', serif; font-size: 1.2em; line-height: 1.5em;\">Tel\u00e9fono cita previa \u00c1rea de Grandes Animales: <\/span><strong style=\"font-size: 1.2em;\"><strong>661 805 372<\/strong><\/strong><\/li>\n<li><span style=\"font-family: Georgia, 'Bitstream Charter', serif; font-size: 1.2em; line-height: 1.5em;\">Correo electr\u00f3nico: <\/span><strong style=\"font-size: 1.2em;\">ulehvadm<\/strong><span style=\"font-size: 1.2em;\">@<\/span><strong style=\"font-size: 1.2em;\">unileon.es<\/strong><\/li>\n<\/ul>\n","protected":false},"excerpt":{"rendered":"<p>Cita previa y urgencias: 987 293 063\/630 502 382 Tel\u00e9fono cita previa \u00c1rea de Grandes Animales: 661 805 372 Correo electr\u00f3nico: ulehvadm@unileon.es<\/p>\n","protected":false},"author":1,"featured_media":0,"parent":0,"menu_order":0,"comment_status":"closed","ping_status":"closed","template":"","meta":{"footnotes":""},"class_list":["post-5","page","type-page","status-publish","hentry"],"_links":{"self":[{"href":"https:\/\/servicios.unileon.es\/hospital-veterinario\/wp-json\/wp\/v2\/pages\/5","targetHints":{"allow":["GET"]}}],"collection":[{"href":"https:\/\/servicios.unileon.es\/hospital-veterinario\/wp-json\/wp\/v2\/pages"}],"about":[{"href":"https:\/\/servicios.unileon.es\/hospital-veterinario\/wp-json\/wp\/v2\/types\/page"}],"author":[{"embeddable":true,"href":"https:\/\/servicios.unileon.es\/hospital-veterinario\/wp-json\/wp\/v2\/users\/1"}],"replies":[{"embeddable":true,"href":"https:\/\/servicios.unileon.es\/hospital-veterinario\/wp-json\/wp\/v2\/comments?post=5"}],"version-history":[{"count":42,"href":"https:\/\/servicios.unileon.es\/hospital-veterinario\/wp-json\/wp\/v2\/pages\/5\/revisions"}],"predecessor-version":[{"id":1926,"href":"https:\/\/servicios.unileon.es\/hospital-veterinario\/wp-json\/wp\/v2\/pages\/5\/revisions\/1926"}],"wp:attachment":[{"href":"https:\/\/servicios.unileon.es\/hospital-veterinario\/wp-json\/wp\/v2\/media?parent=5"}],"curies":[{"name":"wp","href":"https:\/\/api.w.org\/{rel}","templated":true}]}}