{"id":491,"date":"2014-03-16T18:08:24","date_gmt":"2014-03-16T16:08:24","guid":{"rendered":"http:\/\/servicios.unileon.es\/hospital-veterinario\/?page_id=491"},"modified":"2020-01-22T14:27:03","modified_gmt":"2020-01-22T12:27:03","slug":"apoyo-diagnostico","status":"publish","type":"page","link":"https:\/\/servicios.unileon.es\/hospital-veterinario\/apoyo-diagnostico\/","title":{"rendered":"Servicios de apoyo diagn\u00f3stico"},"content":{"rendered":"<p>El Hospital cuenta con distintos servicios de apoyo al diagn\u00f3stico cl\u00ednico.<\/p>\n<h3>An\u00e1lisis de sangre y orina<\/h3>\n<p>En aproximadamente un cuarto de hora se puede disponer de resultados de an\u00e1lisis hematol\u00f3gicos, de bioqu\u00edmica cl\u00ednica que valoran la funci\u00f3n hep\u00e1tica, renal, etc., y de orina:<\/p>\n<ul>\n<li>Hematolog\u00eda\n<ul>\n<li>Recuento de eritrocitos<\/li>\n<li>Hematocrito<\/li>\n<li>Concentraci\u00f3n de hemoglobina<\/li>\n<li>Recuento total y diferencial de leucocitos<\/li>\n<li>Recuento plaquetario<\/li>\n<\/ul>\n<\/li>\n<\/ul>\n<ul>\n<li>Bioqu\u00edmica cl\u00ednica\n<ul>\n<li>Prote\u00ednas totales<\/li>\n<li>Alb\u00famina<\/li>\n<li>Globulinas<\/li>\n<li>Creatinina<\/li>\n<li>Nitr\u00f3geno ureico<\/li>\n<li>Glucosa<\/li>\n<li>Bilirrubina total<\/li>\n<li>Fosfatasa alcalina<\/li>\n<li>Amilasa<\/li>\n<li>Alanino aminotransferasa<\/li>\n<li>Creatina cinasa<\/li>\n<li>Calcio<\/li>\n<li>F\u00f3sforo<\/li>\n<li>Sodio<\/li>\n<li>Potasio<\/li>\n<li>An\u00e1lisis de gases<\/li>\n<\/ul>\n<\/li>\n<\/ul>\n<ul>\n<li>An\u00e1lisis de orina (sedimento, densidad, tira)<\/li>\n<\/ul>\n<p style=\"text-align: center;\"><img loading=\"lazy\" decoding=\"async\" class=\"aligncenter wp-image-500\" src=\"http:\/\/servicios.unileon.es\/hospital-veterinario\/files\/2014\/03\/Servicios-de-apoyo-2.jpg\" alt=\"Servicios de apoyo 2\" width=\"487\" height=\"392\" srcset=\"https:\/\/servicios.unileon.es\/hospital-veterinario\/files\/2014\/03\/Servicios-de-apoyo-2.jpg 761w, https:\/\/servicios.unileon.es\/hospital-veterinario\/files\/2014\/03\/Servicios-de-apoyo-2-300x241.jpg 300w\" sizes=\"auto, (max-width: 487px) 100vw, 487px\" \/><\/p>\n<h3>Diagn\u00f3stico por imagen<\/h3>\n<p>El Hospital dispone de modernos medios complementarios de diagn\u00f3stico:<\/p>\n<ul>\n<li>Radiograf\u00eda digital<\/li>\n<li>Ecograf\u00eda<\/li>\n<li>Endoscopia<\/li>\n<li>Resonancia magn\u00e9tica de \u00faltima generaci\u00f3n<\/li>\n<li>TAC (Tomograf\u00eda axial computarizada)<\/li>\n<\/ul>\n<p style=\"text-align: center;\"><img loading=\"lazy\" decoding=\"async\" class=\"aligncenter wp-image-499\" src=\"http:\/\/servicios.unileon.es\/hospital-veterinario\/files\/2014\/03\/Servicios-RM.jpg\" alt=\"Servicios RM\" width=\"606\" height=\"316\" srcset=\"https:\/\/servicios.unileon.es\/hospital-veterinario\/files\/2014\/03\/Servicios-RM.jpg 961w, https:\/\/servicios.unileon.es\/hospital-veterinario\/files\/2014\/03\/Servicios-RM-300x156.jpg 300w, https:\/\/servicios.unileon.es\/hospital-veterinario\/files\/2014\/03\/Servicios-RM-900x470.jpg 900w\" sizes=\"auto, (max-width: 606px) 100vw, 606px\" \/><\/p>\n<h3>Enfermedades infecciosas y parasitarias<\/h3>\n<p>Los servicios de enfermedades infecciosas y parasitarias llevan a cabo diversos procedimientos diagn\u00f3sticos como:<\/p>\n<ul>\n<li>Test de diagn\u00f3stico r\u00e1pido de parvovirosis, giardiosis y leucemia e inmunodeficiencia felinas<\/li>\n<li>Microscop\u00eda<\/li>\n<li>Cultivos<\/li>\n<li>Antibiogramas<\/li>\n<\/ul>\n<p style=\"text-align: center;\"><img loading=\"lazy\" decoding=\"async\" class=\"aligncenter wp-image-498\" src=\"http:\/\/servicios.unileon.es\/hospital-veterinario\/files\/2014\/03\/Servicios-de-apoyo-1.jpg\" alt=\"Servicios de apoyo 1\" width=\"417\" height=\"411\" srcset=\"https:\/\/servicios.unileon.es\/hospital-veterinario\/files\/2014\/03\/Servicios-de-apoyo-1.jpg 579w, https:\/\/servicios.unileon.es\/hospital-veterinario\/files\/2014\/03\/Servicios-de-apoyo-1-300x295.jpg 300w\" sizes=\"auto, (max-width: 417px) 100vw, 417px\" \/><\/p>\n","protected":false},"excerpt":{"rendered":"<p>El Hospital cuenta con distintos servicios de apoyo al diagn\u00f3stico cl\u00ednico. An\u00e1lisis de sangre y orina En aproximadamente un cuarto de hora se puede disponer de resultados de an\u00e1lisis hematol\u00f3gicos, de bioqu\u00edmica cl\u00ednica que valoran la funci\u00f3n hep\u00e1tica, renal, etc., &hellip; <a href=\"https:\/\/servicios.unileon.es\/hospital-veterinario\/apoyo-diagnostico\/\">Sigue leyendo <span class=\"meta-nav\">&rarr;<\/span><\/a><\/p>\n","protected":false},"author":528,"featured_media":0,"parent":0,"menu_order":0,"comment_status":"closed","ping_status":"closed","template":"","meta":{"footnotes":""},"class_list":["post-491","page","type-page","status-publish","hentry"],"_links":{"self":[{"href":"https:\/\/servicios.unileon.es\/hospital-veterinario\/wp-json\/wp\/v2\/pages\/491","targetHints":{"allow":["GET"]}}],"collection":[{"href":"https:\/\/servicios.unileon.es\/hospital-veterinario\/wp-json\/wp\/v2\/pages"}],"about":[{"href":"https:\/\/servicios.unileon.es\/hospital-veterinario\/wp-json\/wp\/v2\/types\/page"}],"author":[{"embeddable":true,"href":"https:\/\/servicios.unileon.es\/hospital-veterinario\/wp-json\/wp\/v2\/users\/528"}],"replies":[{"embeddable":true,"href":"https:\/\/servicios.unileon.es\/hospital-veterinario\/wp-json\/wp\/v2\/comments?post=491"}],"version-history":[{"count":14,"href":"https:\/\/servicios.unileon.es\/hospital-veterinario\/wp-json\/wp\/v2\/pages\/491\/revisions"}],"predecessor-version":[{"id":1575,"href":"https:\/\/servicios.unileon.es\/hospital-veterinario\/wp-json\/wp\/v2\/pages\/491\/revisions\/1575"}],"wp:attachment":[{"href":"https:\/\/servicios.unileon.es\/hospital-veterinario\/wp-json\/wp\/v2\/media?parent=491"}],"curies":[{"name":"wp","href":"https:\/\/api.w.org\/{rel}","templated":true}]}}