{"id":479,"date":"2014-03-16T12:13:31","date_gmt":"2014-03-16T10:13:31","guid":{"rendered":"http:\/\/servicios.unileon.es\/hospital-veterinario\/?page_id=479"},"modified":"2024-01-30T15:08:58","modified_gmt":"2024-01-30T13:08:58","slug":"protocolos-de-actuacion","status":"publish","type":"page","link":"https:\/\/servicios.unileon.es\/hospital-veterinario\/protocolos-de-actuacion\/","title":{"rendered":"Protocolos de actuaci\u00f3n"},"content":{"rendered":"<p>El Hospital est\u00e1 estableciendo protocolos de actuaci\u00f3n que sirvan para mejorar y unificar los servicios que ofrece, optimizar el trabajo y transmitir a los alumnos su importancia.<\/p>\n<ul>\n<li>Examen f\u00edsico general\n<ul>\n<li><a href=\"http:\/\/servicios.unileon.es\/hospital-veterinario\/files\/2014\/07\/Examen-f\u00edsico-general.pdf\">Peque\u00f1os animales<\/a><\/li>\n<li><a href=\"http:\/\/servicios.unileon.es\/hospital-veterinario\/files\/2014\/04\/Examen-f\u00edsico-general-EQ.pdf\">Equinos<\/a><\/li>\n<\/ul>\n<\/li>\n<li><a href=\"http:\/\/servicios.unileon.es\/hospital-veterinario\/files\/2014\/12\/\u00c9quidos-cirug\u00eda.pdf\">Preparaci\u00f3n intervenciones quir\u00fargicas (medicaci\u00f3n y cuidados) en equinos<\/a><\/li>\n<li><a href=\"http:\/\/servicios.unileon.es\/hospital-veterinario\/files\/2014\/10\/Recepci\u00f3n-de-pacientes.pdf\">Recepci\u00f3n de pacientes<\/a><\/li>\n<li><a href=\"https:\/\/veterinaria.unileon.es\/wp-content\/uploads\/Protocolo%20Bioseguridad_HVULE.pdf\" target=\"_blank\" rel=\"noopener\">Protocolo de Bioseguridad<\/a><\/li>\n<li><a href=\"http:\/\/servicios.unileon.es\/hospital-veterinario\/files\/2014\/05\/Medicamentos.pdf\">Prescripci\u00f3n y control de medicamentos<\/a><\/li>\n<li><a href=\"http:\/\/servicios.unileon.es\/hospital-veterinario\/files\/2014\/11\/Anestesia-trauma.pdf\" target=\"_blank\" rel=\"noopener\">Traumatolog\u00eda: anestesia<\/a><\/li>\n<li><a href=\"http:\/\/servicios.unileon.es\/hospital-veterinario\/files\/2014\/11\/Eutanasia.pdf\">Eutanasia<\/a><\/li>\n<li><a href=\"http:\/\/servicios.unileon.es\/hospital-veterinario\/files\/2014\/11\/Formol.pdf\">Uso de formol<\/a><\/li>\n<li><a href=\"http:\/\/servicios.unileon.es\/hospital-veterinario\/files\/2015\/07\/Normas-de-funcionamiento-en-radiodiagn\u00f3stico.pdf\">Normas de funcionamiento en radiodiagn\u00f3stico<\/a><\/li>\n<\/ul>\n","protected":false},"excerpt":{"rendered":"<p>El Hospital est\u00e1 estableciendo protocolos de actuaci\u00f3n que sirvan para mejorar y unificar los servicios que ofrece, optimizar el trabajo y transmitir a los alumnos su importancia. Examen f\u00edsico general Peque\u00f1os animales Equinos Preparaci\u00f3n intervenciones quir\u00fargicas (medicaci\u00f3n y cuidados) en &hellip; <a href=\"https:\/\/servicios.unileon.es\/hospital-veterinario\/protocolos-de-actuacion\/\">Sigue leyendo <span class=\"meta-nav\">&rarr;<\/span><\/a><\/p>\n","protected":false},"author":528,"featured_media":0,"parent":0,"menu_order":0,"comment_status":"closed","ping_status":"closed","template":"","meta":{"footnotes":""},"class_list":["post-479","page","type-page","status-publish","hentry"],"_links":{"self":[{"href":"https:\/\/servicios.unileon.es\/hospital-veterinario\/wp-json\/wp\/v2\/pages\/479","targetHints":{"allow":["GET"]}}],"collection":[{"href":"https:\/\/servicios.unileon.es\/hospital-veterinario\/wp-json\/wp\/v2\/pages"}],"about":[{"href":"https:\/\/servicios.unileon.es\/hospital-veterinario\/wp-json\/wp\/v2\/types\/page"}],"author":[{"embeddable":true,"href":"https:\/\/servicios.unileon.es\/hospital-veterinario\/wp-json\/wp\/v2\/users\/528"}],"replies":[{"embeddable":true,"href":"https:\/\/servicios.unileon.es\/hospital-veterinario\/wp-json\/wp\/v2\/comments?post=479"}],"version-history":[{"count":17,"href":"https:\/\/servicios.unileon.es\/hospital-veterinario\/wp-json\/wp\/v2\/pages\/479\/revisions"}],"predecessor-version":[{"id":1998,"href":"https:\/\/servicios.unileon.es\/hospital-veterinario\/wp-json\/wp\/v2\/pages\/479\/revisions\/1998"}],"wp:attachment":[{"href":"https:\/\/servicios.unileon.es\/hospital-veterinario\/wp-json\/wp\/v2\/media?parent=479"}],"curies":[{"name":"wp","href":"https:\/\/api.w.org\/{rel}","templated":true}]}}