{"id":433,"date":"2014-02-19T14:00:34","date_gmt":"2014-02-19T12:00:34","guid":{"rendered":"http:\/\/servicios.unileon.es\/hospital-veterinario\/?page_id=433"},"modified":"2018-11-12T12:27:26","modified_gmt":"2018-11-12T10:27:26","slug":"dermatologia","status":"publish","type":"page","link":"https:\/\/servicios.unileon.es\/hospital-veterinario\/dermatologia\/","title":{"rendered":"Servicio de dermatolog\u00eda"},"content":{"rendered":"<p>Las dermatopat\u00edas (enfermedades de la piel) incluyen un gran n\u00famero de enfermedades muy frecuentes tanto en perros como en gatos, las cuales a veces son reflejo de enfermedades a otros niveles del organismo (endocrinopat\u00edas, enteropat\u00edas, etc.)<\/p>\n<p>El Hospital cuenta con un servicio de diagn\u00f3stico de enfermedades de la piel, entre las que se incluyen las descritas en la web <a href=\"http:\/\/dermatologiaveterinaria.unileon.es\/dermatopatias\/dermatopatias.htm\" target=\"_blank\" rel=\"noopener\">Dermatolog\u00eda Cl\u00ednica Veterinaria<\/a>:<\/p>\n<ul>\n<li>Ti\u00f1as<\/li>\n<li>Sarnas<\/li>\n<li>Otros ectopar\u00e1sitos<\/li>\n<li>Piodermas<\/li>\n<li>Dermatitis al\u00e9rgicas<\/li>\n<li>Dermatitis autoinmunes<\/li>\n<li>Trastornos queratoseborreicos<\/li>\n<li>Tumores cut\u00e1neos<\/li>\n<\/ul>\n<p><img loading=\"lazy\" decoding=\"async\" class=\"aligncenter size-large wp-image-440\" src=\"http:\/\/servicios.unileon.es\/hospital-veterinario\/files\/2014\/02\/Servicio-Dermatolog\u00eda2-1024x676.jpg\" alt=\"Servicio Dermatolog\u00eda\" width=\"640\" height=\"422\" srcset=\"https:\/\/servicios.unileon.es\/hospital-veterinario\/files\/2014\/02\/Servicio-Dermatolog\u00eda2-1024x676.jpg 1024w, https:\/\/servicios.unileon.es\/hospital-veterinario\/files\/2014\/02\/Servicio-Dermatolog\u00eda2-300x198.jpg 300w, https:\/\/servicios.unileon.es\/hospital-veterinario\/files\/2014\/02\/Servicio-Dermatolog\u00eda2-900x594.jpg 900w, https:\/\/servicios.unileon.es\/hospital-veterinario\/files\/2014\/02\/Servicio-Dermatolog\u00eda2.jpg 1404w\" sizes=\"auto, (max-width: 640px) 100vw, 640px\" \/><\/p>\n<p>Para ello el Hospital dispone de medios para realizar pruebas complementarias con <strong>resultados inmediatos<\/strong>, como raspados cut\u00e1neos, el estudio de pelos por microscop\u00eda de fluorescencia, citolog\u00edas de muestra superficiales y de tumores, tricograf\u00edas, etc. Otras pruebas, con resultados que demoran <strong>varios d\u00edas<\/strong>, como cultivos bacteriol\u00f3gicos y micol\u00f3gicos, determinaci\u00f3n de sensibilidad de los microorganismos pat\u00f3genos, determinaci\u00f3n de IgE espec\u00edfica de al\u00e9rgenos (dermatitis at\u00f3pica canina), biopsias de piel, etc., se realizan por los servicios propios del Hospital o bien se derivan a laboratorios externos.<\/p>\n<p>En el caso de que el origen de la dermatopat\u00eda derive de enfermedades no cut\u00e1neas (endocrinopat\u00edas, trastornos del comportamiento, etc.) el paciente se remite al servicio correspondiente.<\/p>\n<p>&nbsp;<\/p>\n<p style=\"text-align: center;\"><img loading=\"lazy\" decoding=\"async\" class=\"aligncenter wp-image-501\" src=\"http:\/\/servicios.unileon.es\/hospital-veterinario\/files\/2014\/03\/Servicio-dermatolog\u00eda-2.jpg\" alt=\"Servicio dermatolog\u00eda 2\" width=\"617\" height=\"405\" srcset=\"https:\/\/servicios.unileon.es\/hospital-veterinario\/files\/2014\/03\/Servicio-dermatolog\u00eda-2.jpg 882w, https:\/\/servicios.unileon.es\/hospital-veterinario\/files\/2014\/03\/Servicio-dermatolog\u00eda-2-300x196.jpg 300w\" sizes=\"auto, (max-width: 617px) 100vw, 617px\" \/><\/p>\n","protected":false},"excerpt":{"rendered":"<p>Las dermatopat\u00edas (enfermedades de la piel) incluyen un gran n\u00famero de enfermedades muy frecuentes tanto en perros como en gatos, las cuales a veces son reflejo de enfermedades a otros niveles del organismo (endocrinopat\u00edas, enteropat\u00edas, etc.) El Hospital cuenta con &hellip; <a href=\"https:\/\/servicios.unileon.es\/hospital-veterinario\/dermatologia\/\">Sigue leyendo <span class=\"meta-nav\">&rarr;<\/span><\/a><\/p>\n","protected":false},"author":528,"featured_media":0,"parent":0,"menu_order":0,"comment_status":"closed","ping_status":"closed","template":"","meta":{"footnotes":""},"class_list":["post-433","page","type-page","status-publish","hentry"],"_links":{"self":[{"href":"https:\/\/servicios.unileon.es\/hospital-veterinario\/wp-json\/wp\/v2\/pages\/433","targetHints":{"allow":["GET"]}}],"collection":[{"href":"https:\/\/servicios.unileon.es\/hospital-veterinario\/wp-json\/wp\/v2\/pages"}],"about":[{"href":"https:\/\/servicios.unileon.es\/hospital-veterinario\/wp-json\/wp\/v2\/types\/page"}],"author":[{"embeddable":true,"href":"https:\/\/servicios.unileon.es\/hospital-veterinario\/wp-json\/wp\/v2\/users\/528"}],"replies":[{"embeddable":true,"href":"https:\/\/servicios.unileon.es\/hospital-veterinario\/wp-json\/wp\/v2\/comments?post=433"}],"version-history":[{"count":13,"href":"https:\/\/servicios.unileon.es\/hospital-veterinario\/wp-json\/wp\/v2\/pages\/433\/revisions"}],"predecessor-version":[{"id":1406,"href":"https:\/\/servicios.unileon.es\/hospital-veterinario\/wp-json\/wp\/v2\/pages\/433\/revisions\/1406"}],"wp:attachment":[{"href":"https:\/\/servicios.unileon.es\/hospital-veterinario\/wp-json\/wp\/v2\/media?parent=433"}],"curies":[{"name":"wp","href":"https:\/\/api.w.org\/{rel}","templated":true}]}}