{"id":245,"date":"2013-10-11T14:04:17","date_gmt":"2013-10-11T12:04:17","guid":{"rendered":"http:\/\/servicios.unileon.es\/hospital-veterinario\/?page_id=245"},"modified":"2015-01-21T12:25:44","modified_gmt":"2015-01-21T10:25:44","slug":"donaciones","status":"publish","type":"page","link":"https:\/\/servicios.unileon.es\/hospital-veterinario\/donaciones\/","title":{"rendered":"Donaciones"},"content":{"rendered":"<p>Distintas empresas farmac\u00e9uticas y de alimentaci\u00f3n animal han donado muestras de sus http:\/\/www.calier.es\/#\/productsproductos para su administraci\u00f3n a los pacientes del Hospital, incluyendo a los animales de la protectora.<\/p>\n<p>Desde aqu\u00ed, nuestro agradecimiento.<\/p>\n<p style=\"text-align: center;\"><a href=\"http:\/\/www.scoop.it\/t\/donaciones\" target=\"_blank\">Ver productos donados<\/a><\/p>\n<table style=\"text-align: left; width: 100%;\" border=\"1\" cellspacing=\"2\" cellpadding=\"2\">\n<tbody>\n<tr>\n<td><strong>Especialidades<\/strong><\/td>\n<td><strong>Casas comerciales<\/strong><\/td>\n<\/tr>\n<tr>\n<td style=\"vertical-align: top;\">\n<ul>\n<li><a style=\"color: #ff4b33;\" href=\"http:\/\/www.scoop.it\/t\/donaciones\/?tag=Anestesia-sedaci%C3%B3n\" target=\"_blank\">Anestesia-sedaci\u00f3n<\/a><\/li>\n<li><a href=\"http:\/\/www.scoop.it\/t\/donaciones\/?tag=Antibi%C3%B3tico\" target=\"_blank\">Antibi\u00f3ticos<\/a><\/li>\n<li><a href=\"http:\/\/www.scoop.it\/t\/donaciones\/?tag=Antihistam%C3%ADnico\" target=\"_blank\">Antihistam\u00ednicos<\/a><\/li>\n<li><a href=\"http:\/\/www.scoop.it\/t\/donaciones\/?tag=Antiparasitario\" target=\"_blank\">Antiparasitarios<\/a><\/li>\n<li><a href=\"http:\/\/www.scoop.it\/t\/donaciones\/?tag=Pienso\" target=\"_blank\">Alimentos-piensos<\/a><\/li>\n<li><a href=\"http:\/\/www.scoop.it\/t\/donaciones\/?tag=Cardiovascular\" target=\"_blank\">Cardiovascular<\/a><\/li>\n<li><a href=\"http:\/\/www.scoop.it\/t\/donaciones\/?tag=Dermatol%C3%B3gico\" target=\"_blank\">Dermatol\u00f3gicos<\/a><\/li>\n<li><a href=\"http:\/\/www.scoop.it\/t\/donaciones\/?tag=Desinfecci%C3%B3n\" target=\"_blank\">Desinfecci\u00f3n<\/a><\/li>\n<li><a href=\"http:\/\/www.scoop.it\/t\/donaciones\/?tag=Diagn%C3%B3stico\" target=\"_blank\">Diagn\u00f3stico<\/a><\/li>\n<li><a href=\"http:\/\/www.scoop.it\/t\/donaciones\/?tag=Digestivo\" target=\"_blank\">Digestivo<\/a>\n<ul>\n<li><a href=\"http:\/\/www.scoop.it\/t\/donaciones\/?tag=Estomatol%C3%B3gico\" target=\"_blank\">Estomatol\u00f3gicos<\/a><\/li>\n<\/ul>\n<\/li>\n<li><a href=\"http:\/\/www.scoop.it\/t\/donaciones\/?tag=Hormona\" target=\"_blank\">Hormonas<\/a><\/li>\n<li><a href=\"http:\/\/www.scoop.it\/t\/donaciones\/?tag=Locomotor\" target=\"_blank\">Locomotor<\/a><\/li>\n<li><a href=\"http:\/\/www.scoop.it\/t\/donaciones\/?tag=Metabolismo\" target=\"_blank\">Metabolismo<\/a><\/li>\n<li><a href=\"http:\/\/www.scoop.it\/t\/donaciones\/?tag=Oftalmol%C3%B3gico\" target=\"_blank\">Oftalmol\u00f3gicos<\/a><\/li>\n<li><a href=\"http:\/\/www.scoop.it\/t\/donaciones\/?tag=Otol%C3%B3gico\" target=\"_blank\">Otol\u00f3gicos<\/a><\/li>\n<li><a href=\"http:\/\/www.scoop.it\/t\/donaciones\/?tag=Reproductor\" target=\"_blank\">Reproductor<\/a><\/li>\n<li><a href=\"http:\/\/www.scoop.it\/t\/donaciones\/?tag=Respiratorio\" target=\"_blank\">Respiratorio<\/a><\/li>\n<li><a href=\"http:\/\/www.scoop.it\/t\/donaciones\/?tag=Nefrourolog%C3%ADa\" target=\"_blank\">Urinario<\/a><\/li>\n<li><a href=\"http:\/\/www.scoop.it\/t\/donaciones\/?tag=Vacuna\" target=\"_blank\">Vacunas<\/a><\/li>\n<\/ul>\n<\/td>\n<td style=\"vertical-align: top;\">\n<ul>\n<li><a href=\"http:\/\/www.scoop.it\/t\/donaciones\/?tag=Calier\" target=\"_blank\">Calier<\/a><\/li>\n<li><a href=\"http:\/\/www.scoop.it\/t\/donaciones\/?tag=Disop\" target=\"_blank\">Disop<\/a><\/li>\n<li><a href=\"http:\/\/www.scoop.it\/t\/donaciones\/?tag=Esteve\" target=\"_blank\">Esteve<\/a><\/li>\n<li><a href=\"http:\/\/www.scoop.it\/t\/donaciones\/?tag=Fatro\" target=\"_blank\">Fatro<\/a><\/li>\n<li><a href=\"http:\/\/www.scoop.it\/t\/donaciones\/?tag=HiFarmaX\" target=\"_blank\">HiFarmaX<\/a><\/li>\n<li><a href=\"http:\/\/www.scoop.it\/t\/donaciones\/?tag=Hill%27s\" target=\"_blank\">Hill&#8217;s<\/a><\/li>\n<li><a href=\"http:\/\/www.scoop.it\/t\/donaciones\/?tag=Royal%20canin\" target=\"_blank\">Royal Canin<\/a><\/li>\n<li><a href=\"http:\/\/www.scoop.it\/t\/donaciones\/?tag=Syva\" target=\"_blank\">Syva<\/a><\/li>\n<li><a href=\"http:\/\/www.scoop.it\/t\/donaciones\/?tag=Virbac\" target=\"_blank\">Virbac<\/a><\/li>\n<\/ul>\n<\/td>\n<\/tr>\n<\/tbody>\n<\/table>\n","protected":false},"excerpt":{"rendered":"<p>Distintas empresas farmac\u00e9uticas y de alimentaci\u00f3n animal han donado muestras de sus http:\/\/www.calier.es\/#\/productsproductos para su administraci\u00f3n a los pacientes del Hospital, incluyendo a los animales de la protectora. Desde aqu\u00ed, nuestro agradecimiento. Ver productos donados Especialidades Casas comerciales Anestesia-sedaci\u00f3n Antibi\u00f3ticos &hellip; <a href=\"https:\/\/servicios.unileon.es\/hospital-veterinario\/donaciones\/\">Sigue leyendo <span class=\"meta-nav\">&rarr;<\/span><\/a><\/p>\n","protected":false},"author":508,"featured_media":0,"parent":0,"menu_order":0,"comment_status":"closed","ping_status":"closed","template":"","meta":{"footnotes":""},"class_list":["post-245","page","type-page","status-publish","hentry"],"_links":{"self":[{"href":"https:\/\/servicios.unileon.es\/hospital-veterinario\/wp-json\/wp\/v2\/pages\/245","targetHints":{"allow":["GET"]}}],"collection":[{"href":"https:\/\/servicios.unileon.es\/hospital-veterinario\/wp-json\/wp\/v2\/pages"}],"about":[{"href":"https:\/\/servicios.unileon.es\/hospital-veterinario\/wp-json\/wp\/v2\/types\/page"}],"author":[{"embeddable":true,"href":"https:\/\/servicios.unileon.es\/hospital-veterinario\/wp-json\/wp\/v2\/users\/508"}],"replies":[{"embeddable":true,"href":"https:\/\/servicios.unileon.es\/hospital-veterinario\/wp-json\/wp\/v2\/comments?post=245"}],"version-history":[{"count":26,"href":"https:\/\/servicios.unileon.es\/hospital-veterinario\/wp-json\/wp\/v2\/pages\/245\/revisions"}],"predecessor-version":[{"id":731,"href":"https:\/\/servicios.unileon.es\/hospital-veterinario\/wp-json\/wp\/v2\/pages\/245\/revisions\/731"}],"wp:attachment":[{"href":"https:\/\/servicios.unileon.es\/hospital-veterinario\/wp-json\/wp\/v2\/media?parent=245"}],"curies":[{"name":"wp","href":"https:\/\/api.w.org\/{rel}","templated":true}]}}